{"id":90,"date":"2025-07-21T20:56:55","date_gmt":"2025-07-21T20:56:55","guid":{"rendered":"https:\/\/preview.lecmo.shop\/?post_type=product&#038;p=90"},"modified":"2026-02-10T13:36:57","modified_gmt":"2026-02-10T09:36:57","slug":"nemro-perfume","status":"publish","type":"product","link":"https:\/\/lecmo.com\/pt\/produto\/nemro-perfume\/","title":{"rendered":"Nemro"},"content":{"rendered":"<div data-elementor-type=\"wp-post\" data-elementor-id=\"90\" class=\"elementor elementor-90\">\n\t\t\t\t<div class=\"wd-negative-gap elementor-element elementor-element-a62900c e-flex e-con-boxed e-con e-parent\" data-id=\"a62900c\" data-element_type=\"container\" data-e-type=\"container\">\n\t\t\t\t\t<div class=\"e-con-inner\">\n\t\t\t\t<div class=\"elementor-element elementor-element-ecac976 color-scheme-inherit text-left elementor-widget elementor-widget-text-editor\" data-id=\"ecac976\" data-element_type=\"widget\" data-e-type=\"widget\" data-widget_type=\"text-editor.default\">\n\t\t\t\t\t\t\t\t\t<p><strong>Nemro \u2013 Eau de Parfum (55ml)<\/strong><\/p><p class=\"translation-block\">Nemro Eau de Parfum \u00e9 <strong>mais do que uma fragr\u00e2ncia<\/strong> \u2014 \u00e9 uma <strong>marca de distin\u00e7\u00e3o<\/strong> .<br> Criada para mulheres que <strong>cativam sem esfor\u00e7o, Nemro oferece alta proje\u00e7\u00e3o<\/strong> e <strong>um fasc\u00ednio duradouro, deixando um rastro marcante e inesquec\u00edvel<\/strong> por onde voc\u00ea passar.<\/p><p class=\"translation-block\">Uma <strong>fus\u00e3o luxuosa<\/strong> de <strong>\u00e2mbar<\/strong> , <strong>oud<\/strong> e <strong>madeiras preciosas<\/strong> cria uma fragr\u00e2ncia que incorpora <strong>for\u00e7a atemporal<\/strong> e <strong>feminilidade pura.<\/strong><br> Apresentado em uma <strong>exclusiva bolsa de couro verde<\/strong> , cada conjunto inclui uma <strong>pe\u00e7a Dkhoun<\/strong> , oferecendo uma <strong>jornada olfativa completa<\/strong> onde <strong>a sofistica\u00e7\u00e3o ocidental<\/strong> encontra a <strong>alma do Oriente.<\/strong><\/p>\t\t\t\t\t\t\t\t<\/div>\n\t\t\t\t\t<\/div>\n\t\t\t\t<\/div>\n\t\t<div class=\"wd-negative-gap elementor-element elementor-element-a97b6a3 wd-section-stretch e-flex e-con-boxed e-con e-parent\" data-id=\"a97b6a3\" data-element_type=\"container\" data-e-type=\"container\" data-settings=\"{&quot;background_background&quot;:&quot;classic&quot;}\">\n\t\t\t\t\t<div class=\"e-con-inner\">\n\t\t\t\t<div class=\"elementor-element elementor-element-56940d0 elementor-widget elementor-widget-heading\" data-id=\"56940d0\" data-element_type=\"widget\" data-e-type=\"widget\" data-widget_type=\"heading.default\">\n\t\t\t\t\t<h2 class=\"elementor-heading-title elementor-size-default\">Nemro<\/h2>\t\t\t\t<\/div>\n\t\t\t\t<div class=\"elementor-element elementor-element-03ef4fa elementor-widget__width-initial elementor-widget-mobile__width-inherit color-scheme-inherit text-left elementor-widget elementor-widget-text-editor\" data-id=\"03ef4fa\" data-element_type=\"widget\" data-e-type=\"widget\" data-widget_type=\"text-editor.default\">\n\t\t\t\t\t\t\t\t\t<p data-start=\"169\" data-end=\"466\">Este conjunto \u00e9 apresentado na ic\u00f4nica bolsa de couro verde da Lecmo, onde a eleg\u00e2ncia encontra detalhes refinados. Do exterior em couro estruturado ao perfume exclusivo e ao incenso sofisticado em seu interior, cada elemento reflete a identidade da marca e proporciona uma experi\u00eancia premium desde o primeiro momento.<\/p><p style=\"text-align: center;\" data-start=\"468\" data-end=\"521\">Perfeito para uso pessoal ou como uma op\u00e7\u00e3o de presente refinada.<\/p>\t\t\t\t\t\t\t\t<\/div>\n\t\t\t\t<div class=\"elementor-element elementor-element-89b7c36 elementor-widget elementor-widget-button\" data-id=\"89b7c36\" data-element_type=\"widget\" data-e-type=\"widget\" data-widget_type=\"button.default\">\n\t\t\t\t\t\t\t\t\t\t<a class=\"elementor-button elementor-button-link elementor-size-sm\" href=\"https:\/\/lecmo.com\/pt\/checkout\/?add-to-cart=90&#038;quantity=1\">\n\t\t\t\t\t\t<span class=\"elementor-button-content-wrapper\">\n\t\t\t\t\t\t\t\t\t<span class=\"elementor-button-text\">COMPRAR AGORA<\/span>\n\t\t\t\t\t<\/span>\n\t\t\t\t\t<\/a>\n\t\t\t\t\t\t\t\t<\/div>\n\t\t\t\t\t<\/div>\n\t\t\t\t<\/div>\n\t\t<div class=\"wd-negative-gap elementor-element elementor-element-b3af78d e-flex e-con-boxed e-con e-parent\" data-id=\"b3af78d\" data-element_type=\"container\" data-e-type=\"container\">\n\t\t\t\t\t<div class=\"e-con-inner\">\n\t\t<div class=\"elementor-element elementor-element-cd57145 e-con-full e-flex e-con e-child\" data-id=\"cd57145\" data-element_type=\"container\" data-e-type=\"container\">\n\t\t\t\t<div class=\"elementor-element elementor-element-0d04cae elementor-widget elementor-widget-heading\" data-id=\"0d04cae\" data-element_type=\"widget\" data-e-type=\"widget\" data-widget_type=\"heading.default\">\n\t\t\t\t\t<h3 class=\"elementor-heading-title elementor-size-default\">Detalhes do Nemro:<\/h3>\t\t\t\t<\/div>\n\t\t\t\t<div class=\"elementor-element elementor-element-a9f910d color-scheme-inherit text-left elementor-widget elementor-widget-text-editor\" data-id=\"a9f910d\" data-element_type=\"widget\" data-e-type=\"widget\" data-widget_type=\"text-editor.default\">\n\t\t\t\t\t\t\t\t\t<p data-start=\"87\" data-end=\"190\">\u2022&nbsp;&nbsp;<strong data-start=\"92\" data-end=\"122\">Uma Declara\u00e7\u00e3o de Distin\u00e7\u00e3o<\/strong> \u2013 Criado para mulheres que irradiam eleg\u00e2ncia sem esfor\u00e7o.<\/p>\n<p data-start=\"192\" data-end=\"302\">\u2022&nbsp;&nbsp;<strong data-start=\"197\" data-end=\"220\">Caloroso Oriente Profundidade<\/strong> \u2013 Uma mistura refinada de \u00e2mbar e oud que proporciona uma sensa\u00e7\u00e3o rica, sensual e inesquec\u00edvel.<\/p>\n<p data-start=\"304\" data-end=\"416\"><span style=\"font-size: 16px; background-color: transparent;\">\u2022 <\/span><strong data-start=\"423\" data-end=\"446\" style=\"font-size: 16px; background-color: transparent;\">Acabamento amadeirado suave<\/strong><span style=\"font-size: 16px; background-color: transparent;\"> \u2013 Uma base sofisticada que permanece na pele de forma encantadora.<\/span><\/p>\n<p data-start=\"511\" data-end=\"604\">\u2022 <strong data-start=\"516\" data-end=\"544\">Proje\u00e7\u00e3o e fixa\u00e7\u00e3o elevadas<\/strong> \u2013 Projetado para deixar uma impress\u00e3o duradoura onde quer que voc\u00ea v\u00e1.<\/p>\n<p data-start=\"606\" data-end=\"709\">\u2022 <strong data-start=\"611\" data-end=\"635\">Apresenta\u00e7\u00e3o elegante<\/strong> \u2013 Acondicionada em uma bolsa de couro cor pistache que reflete luxo refinado.<\/p>\n<p data-start=\"711\" data-end=\"807\">\u2022&nbsp;&nbsp;<strong data-start=\"716\" data-end=\"738\">Feito para o Poder Dela<\/strong> \u2013 Perfeito para mulheres que lideram com confian\u00e7a e carisma natural.<\/p>\t\t\t\t\t\t\t\t<\/div>\n\t\t\t\t<\/div>\n\t\t<div class=\"elementor-element elementor-element-2e3d851 e-con-full e-flex e-con e-child\" data-id=\"2e3d851\" data-element_type=\"container\" data-e-type=\"container\">\n\t\t\t\t<div class=\"elementor-element elementor-element-b8760e7 elementor-widget elementor-widget-image\" data-id=\"b8760e7\" data-element_type=\"widget\" data-e-type=\"widget\" data-widget_type=\"image.default\">\n\t\t\t\t\t\t\t\t\t\t\t\t\t\t\t<img loading=\"lazy\" decoding=\"async\" width=\"774\" height=\"773\" src=\"https:\/\/lecmo.com\/wp-content\/uploads\/Screenshot-2026-01-12-at-4.16.01-PM.png\" class=\"attachment-large size-large wp-image-4232\" alt=\"lecmo perfumes - The Tale of the Lady and the Wolf\" srcset=\"https:\/\/lecmo.com\/wp-content\/uploads\/Screenshot-2026-01-12-at-4.16.01-PM.png 774w, https:\/\/lecmo.com\/wp-content\/uploads\/Screenshot-2026-01-12-at-4.16.01-PM-768x767.png 768w, https:\/\/lecmo.com\/wp-content\/uploads\/Screenshot-2026-01-12-at-4.16.01-PM-12x12.png 12w, https:\/\/lecmo.com\/wp-content\/uploads\/Screenshot-2026-01-12-at-4.16.01-PM-150x150.png 150w\" sizes=\"auto, (max-width: 774px) 100vw, 774px\">\t\t\t\t\t\t\t\t\t\t\t\t\t\t\t<\/div>\n\t\t\t\t<\/div>\n\t\t\t\t\t<\/div>\n\t\t\t\t<\/div>\n\t\t<div class=\"wd-negative-gap elementor-element elementor-element-06473c9 e-flex e-con-boxed e-con e-parent\" data-id=\"06473c9\" data-element_type=\"container\" data-e-type=\"container\">\n\t\t\t\t\t<div class=\"e-con-inner\">\n\t\t<div class=\"elementor-element elementor-element-a05a3ca e-con-full e-flex e-con e-child\" data-id=\"a05a3ca\" data-element_type=\"container\" data-e-type=\"container\">\n\t\t\t\t<div class=\"elementor-element elementor-element-c0b93cc elementor-widget elementor-widget-image\" data-id=\"c0b93cc\" data-element_type=\"widget\" data-e-type=\"widget\" data-widget_type=\"image.default\">\n\t\t\t\t\t\t\t\t\t\t\t\t\t\t\t<img loading=\"lazy\" decoding=\"async\" width=\"1376\" height=\"768\" src=\"https:\/\/lecmo.com\/wp-content\/uploads\/19.png\" class=\"attachment-full size-full wp-image-4231\" alt=\"lecmo perfumes - The Tale of the Lady and the Wolf\" srcset=\"https:\/\/lecmo.com\/wp-content\/uploads\/19.png 1376w, https:\/\/lecmo.com\/wp-content\/uploads\/19-800x447.png 800w, https:\/\/lecmo.com\/wp-content\/uploads\/19-768x429.png 768w, https:\/\/lecmo.com\/wp-content\/uploads\/19-18x10.png 18w, https:\/\/lecmo.com\/wp-content\/uploads\/19-150x84.png 150w\" sizes=\"auto, (max-width: 1376px) 100vw, 1376px\">\t\t\t\t\t\t\t\t\t\t\t\t\t\t\t<\/div>\n\t\t\t\t<\/div>\n\t\t<div class=\"elementor-element elementor-element-a672478 e-con-full e-flex e-con e-child\" data-id=\"a672478\" data-element_type=\"container\" data-e-type=\"container\">\n\t\t\t\t<div class=\"elementor-element elementor-element-a993db9 elementor-widget elementor-widget-heading\" data-id=\"a993db9\" data-element_type=\"widget\" data-e-type=\"widget\" data-widget_type=\"heading.default\">\n\t\t\t\t\t<h3 class=\"elementor-heading-title elementor-size-default\">Notas principais:<\/h3>\t\t\t\t<\/div>\n\t\t\t\t<div class=\"elementor-element elementor-element-6a9df6c color-scheme-inherit text-left elementor-widget elementor-widget-text-editor\" data-id=\"6a9df6c\" data-element_type=\"widget\" data-e-type=\"widget\" data-widget_type=\"text-editor.default\">\n\t\t\t\t\t\t\t\t\t<ul><li><strong>Principal:<\/strong> \u00c2mbar<\/li><li><strong>M\u00e9dio:<\/strong> Oud<\/li><li><strong>Base:<\/strong> Notas amadeiradas<\/li><\/ul>\t\t\t\t\t\t\t\t<\/div>\n\t\t\t\t<\/div>\n\t\t\t\t\t<\/div>\n\t\t\t\t<\/div>\n\t\t\t\t<\/div>","protected":false},"excerpt":{"rendered":"<p>Nemro Eau de Parfum \u00e9 mais do que uma fragr\u00e2ncia \u2014 \u00e9 uma marca de distin\u00e7\u00e3o.<br \/>\nFeito para mulheres que cativam sem esfor\u00e7o, Nemro proporciona alta proje\u00e7\u00e3o e charme duradouro, deixando um rastro ousado e inesquec\u00edvel onde quer que voc\u00ea v\u00e1.<\/p>","protected":false},"featured_media":2302,"comment_status":"open","ping_status":"closed","template":"","meta":[],"product_brand":[31],"product_cat":[19],"product_tag":[],"class_list":{"0":"post-90","1":"product","2":"type-product","3":"status-publish","4":"has-post-thumbnail","6":"product_brand-lecmo","7":"product_cat-lady-bag-perfume-set","9":"first","10":"instock","11":"shipping-taxable","12":"purchasable","13":"product-type-simple"},"_links":{"self":[{"href":"https:\/\/lecmo.com\/pt\/wp-json\/wp\/v2\/product\/90","targetHints":{"allow":["GET"]}}],"collection":[{"href":"https:\/\/lecmo.com\/pt\/wp-json\/wp\/v2\/product"}],"about":[{"href":"https:\/\/lecmo.com\/pt\/wp-json\/wp\/v2\/types\/product"}],"replies":[{"embeddable":true,"href":"https:\/\/lecmo.com\/pt\/wp-json\/wp\/v2\/comments?post=90"}],"version-history":[{"count":0,"href":"https:\/\/lecmo.com\/pt\/wp-json\/wp\/v2\/product\/90\/revisions"}],"wp:featuredmedia":[{"embeddable":true,"href":"https:\/\/lecmo.com\/pt\/wp-json\/wp\/v2\/media\/2302"}],"wp:attachment":[{"href":"https:\/\/lecmo.com\/pt\/wp-json\/wp\/v2\/media?parent=90"}],"wp:term":[{"taxonomy":"product_brand","embeddable":true,"href":"https:\/\/lecmo.com\/pt\/wp-json\/wp\/v2\/product_brand?post=90"},{"taxonomy":"product_cat","embeddable":true,"href":"https:\/\/lecmo.com\/pt\/wp-json\/wp\/v2\/product_cat?post=90"},{"taxonomy":"product_tag","embeddable":true,"href":"https:\/\/lecmo.com\/pt\/wp-json\/wp\/v2\/product_tag?post=90"}],"curies":[{"name":"wp","href":"https:\/\/api.w.org\/{rel}","templated":true}]}}