{"id":891,"date":"2025-08-07T12:47:59","date_gmt":"2025-08-07T12:47:59","guid":{"rendered":"https:\/\/preview.lecmo.shop\/?post_type=product&#038;p=891"},"modified":"2026-04-22T10:52:32","modified_gmt":"2026-04-22T06:52:32","slug":"the-blue-perfume-collection","status":"publish","type":"product","link":"https:\/\/lecmo.com\/pt\/produto\/the-blue-perfume-collection\/","title":{"rendered":"The Blue Collection"},"content":{"rendered":"<div data-elementor-type=\"wp-post\" data-elementor-id=\"891\" class=\"elementor elementor-891\">\n\t\t\t\t<div class=\"wd-negative-gap elementor-element elementor-element-1965cb8 e-flex e-con-boxed e-con e-parent\" data-id=\"1965cb8\" data-element_type=\"container\" data-e-type=\"container\">\n\t\t\t\t\t<div class=\"e-con-inner\">\n\t\t\t\t<div class=\"elementor-element elementor-element-7a83927 color-scheme-inherit text-left elementor-widget elementor-widget-text-editor\" data-id=\"7a83927\" data-element_type=\"widget\" data-e-type=\"widget\" data-widget_type=\"text-editor.default\">\n\t\t\t\t\t\t\t\t\t<p class=\"translation-block\">A <strong>Cole\u00e7\u00e3o Lecmo Blue<\/strong> \u00e9 apresentada como um verdadeiro s\u00edmbolo de estilo e luxo, criada para oferecer mais do que apenas perfumes \u2014 uma experi\u00eancia pessoal completa. Este conjunto especial \u00e9 cuidadosamente elaborado com eleg\u00e2ncia.<\/p><p class=\"translation-block\">\u00c9 apresentado dentro de uma <strong>linda bolsa de couro azul-real<\/strong> , que cont\u00e9m uma <strong>caixa de perfume luxuosa<\/strong> , perfeitamente embrulhada e decorada com elegantes flores artificiais.<\/p><p>A cole\u00e7\u00e3o abrange:<\/p><ul><li><strong>2 Perfumes de Assinatura (50ml)<\/strong><\/li><li><strong>3 Perfumes de Entrada (25ml)<\/strong><\/li><li><strong>4 Pe\u00e7as de Dkhoun<\/strong><\/li><\/ul><p>As fragr\u00e2ncias da cole\u00e7\u00e3o combinam *notas frutadas frescas, florais suaves, madeiras quentes e toques orientais, contribuindo para uma experi\u00eancia inesquec\u00edvel. A Cole\u00e7\u00e3o Lecmo Blue \u00e9 considerada o **Produto Her\u00f3i* da Lecmo, proporcionando uma maneira ideal de *desfrutar do luxo pessoal* e *descobrir o mundo Lecmo* de uma maneira rica e \u00fanica.<\/p>\t\t\t\t\t\t\t\t<\/div>\n\t\t\t\t\t<\/div>\n\t\t\t\t<\/div>\n\t\t<div class=\"wd-negative-gap elementor-element elementor-element-f62d09e wd-section-stretch e-flex e-con-boxed e-con e-parent\" data-id=\"f62d09e\" data-element_type=\"container\" data-e-type=\"container\" data-settings=\"{&quot;background_background&quot;:&quot;classic&quot;}\">\n\t\t\t\t\t<div class=\"e-con-inner\">\n\t\t\t\t<div class=\"elementor-element elementor-element-f7aec0f elementor-widget elementor-widget-heading\" data-id=\"f7aec0f\" data-element_type=\"widget\" data-e-type=\"widget\" data-widget_type=\"heading.default\">\n\t\t\t\t\t<h2 class=\"elementor-heading-title elementor-size-default\">COLE\u00c7\u00c3O LECMO BLUE<\/h2>\t\t\t\t<\/div>\n\t\t\t\t<div class=\"elementor-element elementor-element-4f82bc9 elementor-widget__width-initial elementor-widget-mobile__width-inherit color-scheme-inherit text-left elementor-widget elementor-widget-text-editor\" data-id=\"4f82bc9\" data-element_type=\"widget\" data-e-type=\"widget\" data-widget_type=\"text-editor.default\">\n\t\t\t\t\t\t\t\t\t<p class=\"translation-block\">A <strong>Cole\u00e7\u00e3o Lecmo Blue<\/strong> \u00e9 apresentada como um verdadeiro s\u00edmbolo de estilo e luxo, criada para oferecer mais do que apenas perfumes \u2014 uma experi\u00eancia pessoal completa. Este conjunto especial \u00e9 cuidadosamente elaborado com eleg\u00e2ncia.<\/p>\t\t\t\t\t\t\t\t<\/div>\n\t\t\t\t<div class=\"elementor-element elementor-element-a44dd83 elementor-widget elementor-widget-button\" data-id=\"a44dd83\" data-element_type=\"widget\" data-e-type=\"widget\" data-widget_type=\"button.default\">\n\t\t\t\t\t\t\t\t\t\t<a class=\"elementor-button elementor-button-link elementor-size-sm\" href=\"https:\/\/lecmo.com\/pt\/checkout\/?add-to-cart=891&#038;quantity=1\">\n\t\t\t\t\t\t<span class=\"elementor-button-content-wrapper\">\n\t\t\t\t\t\t\t\t\t<span class=\"elementor-button-text\">COMPRAR AGORA<\/span>\n\t\t\t\t\t<\/span>\n\t\t\t\t\t<\/a>\n\t\t\t\t\t\t\t\t<\/div>\n\t\t\t\t\t<\/div>\n\t\t\t\t<\/div>\n\t\t<div class=\"wd-negative-gap elementor-element elementor-element-cb4448d e-flex e-con-boxed e-con e-parent\" data-id=\"cb4448d\" data-element_type=\"container\" data-e-type=\"container\">\n\t\t\t\t\t<div class=\"e-con-inner\">\n\t\t<div class=\"elementor-element elementor-element-edb3424 e-con-full e-flex e-con e-child\" data-id=\"edb3424\" data-element_type=\"container\" data-e-type=\"container\">\n\t\t\t\t<div class=\"elementor-element elementor-element-68ed689 elementor-widget elementor-widget-heading\" data-id=\"68ed689\" data-element_type=\"widget\" data-e-type=\"widget\" data-widget_type=\"heading.default\">\n\t\t\t\t\t<h3 class=\"elementor-heading-title elementor-size-default\">Por que LECMO BLUE COLLECTION?<\/h3>\t\t\t\t<\/div>\n\t\t\t\t<div class=\"elementor-element elementor-element-699bbfd color-scheme-inherit text-left elementor-widget elementor-widget-text-editor\" data-id=\"699bbfd\" data-element_type=\"widget\" data-e-type=\"widget\" data-widget_type=\"text-editor.default\">\n\t\t\t\t\t\t\t\t\t<p class=\"translation-block\">A <strong>Cole\u00e7\u00e3o Lecmo Blue<\/strong> foi meticulosamente concebida para criar uma experi\u00eancia sensorial luxuosa e completa atrav\u00e9s de diversos elementos-chave:<\/p><p class=\"translation-block\"><strong>Conceito geral de luxo e experi\u00eancia<\/strong> : A cole\u00e7\u00e3o \u00e9 apresentada como um <strong>verdadeiro s\u00edmbolo de estilo e luxo<\/strong> , sendo mais do que apenas perfumes; \u00e9 uma <strong>experi\u00eancia pessoal completa, criada com cuidado e eleg\u00e2ncia<\/strong> . \u00c9 considerado o <strong>produto principal<\/strong> da LECMO, com o objetivo de proporcionar uma maneira rica e \u00fanica de <strong>desfrutar do luxo pessoal<\/strong> e <strong>descobrir o universo LECMO<\/strong> .<\/p><p class=\"translation-block\"><strong>Apresenta\u00e7\u00e3o requintada:<\/strong> A jornada sensorial come\u00e7a antes mesmo de abrir a embalagem, com a cole\u00e7\u00e3o acondicionada em uma <strong>bel\u00edssima bolsa de couro azul-real<\/strong> . Dentro desta bolsa, encontra-se um <strong>luxuoso estojo de perfume, perfeitamente embalado e decorado com elegantes flores artificiais<\/strong> , acrescentando uma camada visual e t\u00e1til de luxo e expectativa.<\/p>\t\t\t\t\t\t\t\t<\/div>\n\t\t\t\t<\/div>\n\t\t<div class=\"elementor-element elementor-element-e0b77fc e-con-full e-flex e-con e-child\" data-id=\"e0b77fc\" data-element_type=\"container\" data-e-type=\"container\">\n\t\t\t\t<div class=\"elementor-element elementor-element-6f8e39c elementor-widget elementor-widget-image\" data-id=\"6f8e39c\" data-element_type=\"widget\" data-e-type=\"widget\" data-widget_type=\"image.default\">\n\t\t\t\t\t\t\t\t\t\t\t\t\t\t\t<img loading=\"lazy\" decoding=\"async\" width=\"1366\" height=\"768\" src=\"https:\/\/lecmo.com\/wp-content\/uploads\/LECMO-BLUE-BANNER-3.webp\" class=\"attachment-large size-large wp-image-1754\" alt=\"\u0627\u0644\u0639\u0637\u0631 \u0627\u0644\u0627\u0632\u0631\u0642\" srcset=\"https:\/\/lecmo.com\/wp-content\/uploads\/LECMO-BLUE-BANNER-3.webp 1366w, https:\/\/lecmo.com\/wp-content\/uploads\/LECMO-BLUE-BANNER-3-150x84.webp 150w, https:\/\/lecmo.com\/wp-content\/uploads\/LECMO-BLUE-BANNER-3-800x450.webp 800w, https:\/\/lecmo.com\/wp-content\/uploads\/LECMO-BLUE-BANNER-3-768x432.webp 768w\" sizes=\"auto, (max-width: 1366px) 100vw, 1366px\" \/>\t\t\t\t\t\t\t\t\t\t\t\t\t\t\t<\/div>\n\t\t\t\t<\/div>\n\t\t\t\t\t<\/div>\n\t\t\t\t<\/div>\n\t\t<div class=\"wd-negative-gap elementor-element elementor-element-0839ee5 e-flex e-con-boxed e-con e-parent\" data-id=\"0839ee5\" data-element_type=\"container\" data-e-type=\"container\">\n\t\t\t\t\t<div class=\"e-con-inner\">\n\t\t<div class=\"elementor-element elementor-element-fcdea77 e-con-full e-flex e-con e-child\" data-id=\"fcdea77\" data-element_type=\"container\" data-e-type=\"container\">\n\t\t\t\t<div class=\"elementor-element elementor-element-ccb5107 elementor-widget elementor-widget-image\" data-id=\"ccb5107\" data-element_type=\"widget\" data-e-type=\"widget\" data-widget_type=\"image.default\">\n\t\t\t\t\t\t\t\t\t\t\t\t\t\t\t<img loading=\"lazy\" decoding=\"async\" width=\"1366\" height=\"768\" src=\"https:\/\/lecmo.com\/wp-content\/uploads\/LECMO-BLUE-BANNER-2.webp\" class=\"attachment-large size-large wp-image-1755\" alt=\"lecmo perfumes - The Tale of the Lady and the Wolf\" srcset=\"https:\/\/lecmo.com\/wp-content\/uploads\/LECMO-BLUE-BANNER-2.webp 1366w, https:\/\/lecmo.com\/wp-content\/uploads\/LECMO-BLUE-BANNER-2-150x84.webp 150w, https:\/\/lecmo.com\/wp-content\/uploads\/LECMO-BLUE-BANNER-2-800x450.webp 800w, https:\/\/lecmo.com\/wp-content\/uploads\/LECMO-BLUE-BANNER-2-768x432.webp 768w\" sizes=\"auto, (max-width: 1366px) 100vw, 1366px\">\t\t\t\t\t\t\t\t\t\t\t\t\t\t\t<\/div>\n\t\t\t\t<\/div>\n\t\t<div class=\"elementor-element elementor-element-94eb354 e-con-full e-flex e-con e-child\" data-id=\"94eb354\" data-element_type=\"container\" data-e-type=\"container\">\n\t\t\t\t<div class=\"elementor-element elementor-element-5d201d5 elementor-widget elementor-widget-heading\" data-id=\"5d201d5\" data-element_type=\"widget\" data-e-type=\"widget\" data-widget_type=\"heading.default\">\n\t\t\t\t\t<h3 class=\"elementor-heading-title elementor-size-default\">NOTAS PRINCIPAIS<\/h3>\t\t\t\t<\/div>\n\t\t\t\t<div class=\"elementor-element elementor-element-0291799 color-scheme-inherit text-left elementor-widget elementor-widget-text-editor\" data-id=\"0291799\" data-element_type=\"widget\" data-e-type=\"widget\" data-widget_type=\"text-editor.default\">\n\t\t\t\t\t\t\t\t\t<h3 data-start=\"407\" data-end=\"431\">LECMO BLUE \u2013 Oud<\/h3><p data-start=\"432\" data-end=\"508\"><strong data-start=\"432\" data-end=\"446\">Pontos principais:<\/strong> Abacaxi, Oud, \u00cdris, Pimenta Rosa, Patchouli, Baunilha, Alm\u00edscar<\/p><hr data-start=\"510\" data-end=\"513\" \/><h3 data-start=\"515\" data-end=\"549\">LECMO BLUE \u2013 Eau de Parfum<\/h3><p data-start=\"550\" data-end=\"617\"><strong data-start=\"550\" data-end=\"564\">Pontos principais:<\/strong> Mandarina, Jasmim, L\u00edrio-do-vale, Alm\u00edscar, S\u00e2ndalo, \u00c2mbar<\/p><hr data-start=\"510\" data-end=\"513\" \/><h3 data-start=\"95\" data-end=\"123\">LECMO AZUL \u2013 Em p\u00f3<\/h3><p data-start=\"124\" data-end=\"206\"><strong data-start=\"124\" data-end=\"138\">Pontos principais:<\/strong> Laranja amarga, jasmim, tuberosa, baunilha, s\u00e2ndalo, fava tonka<\/p><hr data-start=\"208\" data-end=\"211\" \/><h3 data-start=\"213\" data-end=\"238\">LECMO AZUL \u2013 Misk<\/h3><p data-start=\"239\" data-end=\"312\"><strong data-start=\"239\" data-end=\"253\">Pontos principais:<\/strong> Magn\u00f3lia, Violeta, Alm\u00edscar, \u00c2mbar Doce, Baunilha, S\u00e2ndalo<\/p><hr data-start=\"510\" data-end=\"513\" \/><h3 data-start=\"319\" data-end=\"347\">LECMO AZUL \u2013 Couro<\/h3><p data-start=\"348\" data-end=\"400\"><strong data-start=\"348\" data-end=\"362\">Pontos principais:<\/strong> Couro, Especiarias, \u00c2mbar, Notas Amadeiradas<\/p><p data-start=\"550\" data-end=\"617\">\u00a0<\/p>\t\t\t\t\t\t\t\t<\/div>\n\t\t\t\t<\/div>\n\t\t\t\t\t<\/div>\n\t\t\t\t<\/div>\n\t\t\t\t<\/div>","protected":false},"excerpt":{"rendered":"<p>O<strong>\u00a0Cole\u00e7\u00e3o Azul<\/strong> \u00e9 apresentado como um verdadeiro s\u00edmbolo de estilo e luxo, projetado para oferecer mais do que apenas perfumes, mas uma experi\u00eancia pessoal completa. Este conjunto especial \u00e9 cuidadosamente elaborado com eleg\u00e2ncia.<\/p>\n<p class=\"translation-block\">\u00c9 apresentada em uma <strong>linda bolsa de couro azul-real<\/strong>, que cont\u00e9m uma <strong>caixa de perfume luxuosa<\/strong>, perfeitamente embrulhada e decorada com elegantes flores artificiais.<\/p>\n<p>A cole\u00e7\u00e3o abrange:<\/p>\n<ul>\n<li>2 Perfumes de Assinatura (50ml)<\/li>\n<li>3 Perfumes de Entrada (25ml)<\/li>\n<li>4 Pe\u00e7as de Dkhoun<\/li>\n<\/ul>","protected":false},"featured_media":2568,"comment_status":"open","ping_status":"closed","template":"","meta":[],"product_brand":[31],"product_cat":[18],"product_tag":[],"class_list":{"0":"post-891","1":"product","2":"type-product","3":"status-publish","4":"has-post-thumbnail","6":"product_brand-lecmo","7":"product_cat-perfume-gift-sets","9":"first","10":"instock","11":"shipping-taxable","12":"purchasable","13":"product-type-simple"},"_links":{"self":[{"href":"https:\/\/lecmo.com\/pt\/wp-json\/wp\/v2\/product\/891","targetHints":{"allow":["GET"]}}],"collection":[{"href":"https:\/\/lecmo.com\/pt\/wp-json\/wp\/v2\/product"}],"about":[{"href":"https:\/\/lecmo.com\/pt\/wp-json\/wp\/v2\/types\/product"}],"replies":[{"embeddable":true,"href":"https:\/\/lecmo.com\/pt\/wp-json\/wp\/v2\/comments?post=891"}],"version-history":[{"count":1,"href":"https:\/\/lecmo.com\/pt\/wp-json\/wp\/v2\/product\/891\/revisions"}],"predecessor-version":[{"id":5368,"href":"https:\/\/lecmo.com\/pt\/wp-json\/wp\/v2\/product\/891\/revisions\/5368"}],"wp:featuredmedia":[{"embeddable":true,"href":"https:\/\/lecmo.com\/pt\/wp-json\/wp\/v2\/media\/2568"}],"wp:attachment":[{"href":"https:\/\/lecmo.com\/pt\/wp-json\/wp\/v2\/media?parent=891"}],"wp:term":[{"taxonomy":"product_brand","embeddable":true,"href":"https:\/\/lecmo.com\/pt\/wp-json\/wp\/v2\/product_brand?post=891"},{"taxonomy":"product_cat","embeddable":true,"href":"https:\/\/lecmo.com\/pt\/wp-json\/wp\/v2\/product_cat?post=891"},{"taxonomy":"product_tag","embeddable":true,"href":"https:\/\/lecmo.com\/pt\/wp-json\/wp\/v2\/product_tag?post=891"}],"curies":[{"name":"wp","href":"https:\/\/api.w.org\/{rel}","templated":true}]}}