{"id":867,"date":"2025-08-07T12:29:16","date_gmt":"2025-08-07T12:29:16","guid":{"rendered":"https:\/\/preview.lecmo.shop\/?post_type=product&#038;p=867"},"modified":"2026-02-11T14:30:48","modified_gmt":"2026-02-11T10:30:48","slug":"the-pink","status":"publish","type":"product","link":"https:\/\/lecmo.com\/pt\/produto\/the-pink\/","title":{"rendered":"O Perfume Rosa"},"content":{"rendered":"<div data-elementor-type=\"wp-post\" data-elementor-id=\"867\" class=\"elementor elementor-867\">\n\t\t\t\t<div class=\"wd-negative-gap elementor-element elementor-element-c561b37 e-flex e-con-boxed e-con e-parent\" data-id=\"c561b37\" data-element_type=\"container\" data-e-type=\"container\">\n\t\t\t\t\t<div class=\"e-con-inner\">\n\t\t\t\t<div class=\"elementor-element elementor-element-5b79b07 color-scheme-inherit text-left elementor-widget elementor-widget-text-editor\" data-id=\"5b79b07\" data-element_type=\"widget\" data-e-type=\"widget\" data-widget_type=\"text-editor.default\">\n\t\t\t\t\t\t\t\t\t<p><strong>The Pink \u2013 Eau de Parfum<\/strong><\/p><p>Entre em um mundo de eleg\u00e2ncia com <strong>The Pink<\/strong>. Uma fragr\u00e2ncia que sussurra romance e irradia charme, misturando florais suaves com o calor do alm\u00edscar e do \u00e2mbar.<br \/>N\u00e3o \u00e9 apenas um perfume \u2013 \u00e9 um acess\u00f3rio de amor, carregado em um <strong>bolsa de couro rosa luxuosa<\/strong>.<\/p><p class=\"translation-block\">\u2728 No interior, voc\u00ea tamb\u00e9m encontrar\u00e1 um <strong>tesouro de 25ml<\/strong> e uma <strong>pe\u00e7a Dkhoun, criando a harmonia perfeita entre o luxo moderno e a tradi\u00e7\u00e3o oriental.<\/strong><\/p>\t\t\t\t\t\t\t\t<\/div>\n\t\t\t\t\t<\/div>\n\t\t\t\t<\/div>\n\t\t<div class=\"wd-negative-gap elementor-element elementor-element-eaa3c37 wd-section-stretch e-flex e-con-boxed e-con e-parent\" data-id=\"eaa3c37\" data-element_type=\"container\" data-e-type=\"container\" data-settings=\"{&quot;background_background&quot;:&quot;classic&quot;}\">\n\t\t\t\t\t<div class=\"e-con-inner\">\n\t\t\t\t<div class=\"elementor-element elementor-element-bed704b elementor-widget elementor-widget-heading\" data-id=\"bed704b\" data-element_type=\"widget\" data-e-type=\"widget\" data-widget_type=\"heading.default\">\n\t\t\t\t\t<h2 class=\"elementor-heading-title elementor-size-default\">The Pink<\/h2>\t\t\t\t<\/div>\n\t\t\t\t<div class=\"elementor-element elementor-element-2ff0d6f elementor-widget__width-initial elementor-widget-mobile__width-inherit color-scheme-inherit text-left elementor-widget elementor-widget-text-editor\" data-id=\"2ff0d6f\" data-element_type=\"widget\" data-e-type=\"widget\" data-widget_type=\"text-editor.default\">\n\t\t\t\t\t\t\t\t\t<p data-start=\"967\" data-end=\"1265\">Este conjunto \u00e9 apresentado na ic\u00f4nica bolsa de couro rosa da Lecmo, onde a eleg\u00e2ncia encontra os detalhes refinados. Do elegante exterior em couro aos dois perfumes exclusivos e ao incenso sofisticado em seu interior, cada elemento reflete a identidade da marca e proporciona uma experi\u00eancia premium desde o primeiro momento.<\/p><p style=\"text-align: center;\" data-start=\"1267\" data-end=\"1320\">Perfeito para uso pessoal ou como uma op\u00e7\u00e3o de presente refinada.<\/p>\t\t\t\t\t\t\t\t<\/div>\n\t\t\t\t<div class=\"elementor-element elementor-element-3d72d35 elementor-widget elementor-widget-button\" data-id=\"3d72d35\" data-element_type=\"widget\" data-e-type=\"widget\" data-widget_type=\"button.default\">\n\t\t\t\t\t\t\t\t\t\t<a class=\"elementor-button elementor-button-link elementor-size-sm\" href=\"https:\/\/lecmo.com\/pt\/checkout\/?add-to-cart=867&#038;quantity=1\">\n\t\t\t\t\t\t<span class=\"elementor-button-content-wrapper\">\n\t\t\t\t\t\t\t\t\t<span class=\"elementor-button-text\">COMPRAR AGORA<\/span>\n\t\t\t\t\t<\/span>\n\t\t\t\t\t<\/a>\n\t\t\t\t\t\t\t\t<\/div>\n\t\t\t\t\t<\/div>\n\t\t\t\t<\/div>\n\t\t<div class=\"wd-negative-gap elementor-element elementor-element-8da7df1 e-flex e-con-boxed e-con e-parent\" data-id=\"8da7df1\" data-element_type=\"container\" data-e-type=\"container\">\n\t\t\t\t\t<div class=\"e-con-inner\">\n\t\t<div class=\"elementor-element elementor-element-441103e e-con-full e-flex e-con e-child\" data-id=\"441103e\" data-element_type=\"container\" data-e-type=\"container\">\n\t\t\t\t<div class=\"elementor-element elementor-element-86511e9 elementor-widget elementor-widget-heading\" data-id=\"86511e9\" data-element_type=\"widget\" data-e-type=\"widget\" data-widget_type=\"heading.default\">\n\t\t\t\t\t<h3 class=\"elementor-heading-title elementor-size-default\">Por que o rosa?<\/h3>\t\t\t\t<\/div>\n\t\t\t\t<div class=\"elementor-element elementor-element-cc23bc1 color-scheme-inherit text-left elementor-widget elementor-widget-text-editor\" data-id=\"cc23bc1\" data-element_type=\"widget\" data-e-type=\"widget\" data-widget_type=\"text-editor.default\">\n\t\t\t\t\t\t\t\t\t<p>\u2022 Bolsa de apresenta\u00e7\u00e3o de luxo em couro rosa<br data-start=\"833\" data-end=\"836\" \/>\u2022 Dois frascos de fragr\u00e2ncia exclusivos para uso pessoal e em viagens.<br data-start=\"898\" data-end=\"901\" \/>\u2022 Complementado com um incenso refinado<br data-start=\"944\" data-end=\"947\" \/>\u2022 Criado para a feminilidade moderna e o gosto refinado<br data-start=\"996\" data-end=\"999\" \/>\u2022 Ideal para se presentear ou para oferecer uma lembran\u00e7a inesquec\u00edvel<br data-start=\"1055\" data-end=\"1058\" \/>\u2022 Um ritual de fragr\u00e2ncia completo em um elegante conjunto<\/p>\t\t\t\t\t\t\t\t<\/div>\n\t\t\t\t<\/div>\n\t\t<div class=\"elementor-element elementor-element-0459749 e-con-full e-grid e-con e-child\" data-id=\"0459749\" data-element_type=\"container\" data-e-type=\"container\">\n\t\t\t\t<div class=\"elementor-element elementor-element-ffc3de6 elementor-widget elementor-widget-image\" data-id=\"ffc3de6\" data-element_type=\"widget\" data-e-type=\"widget\" data-widget_type=\"image.default\">\n\t\t\t\t\t\t\t\t\t\t\t\t\t\t\t<img loading=\"lazy\" decoding=\"async\" width=\"1493\" height=\"2000\" src=\"https:\/\/lecmo.com\/wp-content\/uploads\/\u0639\u0631\u0648\u0636_\u0639\u0637\u0631_\u0635\u063a\u064a\u0631_2-1493x2000.webp\" class=\"attachment-medium size-medium wp-image-4210\" alt=\"lecmo perfumes - The Tale of the Lady and the Wolf\" srcset=\"\" sizes=\"auto, (max-width: 1493px) 100vw, 1493px\" data-srcset=\"\">\t\t\t\t\t\t\t\t\t\t\t\t\t\t\t<\/div>\n\t\t\t\t<div class=\"elementor-element elementor-element-1c66c99 elementor-widget elementor-widget-image\" data-id=\"1c66c99\" data-element_type=\"widget\" data-e-type=\"widget\" data-widget_type=\"image.default\">\n\t\t\t\t\t\t\t\t\t\t\t\t\t\t\t<img loading=\"lazy\" decoding=\"async\" width=\"1025\" height=\"1024\" src=\"https:\/\/lecmo.com\/wp-content\/uploads\/Screen-Shot-2026-01-13-at-4.04.21-PM.png\" class=\"attachment-medium size-medium wp-image-4208\" alt=\"lecmo perfumes - The Tale of the Lady and the Wolf\" srcset=\"https:\/\/lecmo.com\/wp-content\/uploads\/Screen-Shot-2026-01-13-at-4.04.21-PM.png 1025w, https:\/\/lecmo.com\/wp-content\/uploads\/Screen-Shot-2026-01-13-at-4.04.21-PM-800x800.png 800w, https:\/\/lecmo.com\/wp-content\/uploads\/Screen-Shot-2026-01-13-at-4.04.21-PM-768x767.png 768w, https:\/\/lecmo.com\/wp-content\/uploads\/Screen-Shot-2026-01-13-at-4.04.21-PM-12x12.png 12w, https:\/\/lecmo.com\/wp-content\/uploads\/Screen-Shot-2026-01-13-at-4.04.21-PM-150x150.png 150w\" sizes=\"auto, (max-width: 1025px) 100vw, 1025px\">\t\t\t\t\t\t\t\t\t\t\t\t\t\t\t<\/div>\n\t\t\t\t<div class=\"elementor-element elementor-element-770a54d elementor-widget elementor-widget-image\" data-id=\"770a54d\" data-element_type=\"widget\" data-e-type=\"widget\" data-widget_type=\"image.default\">\n\t\t\t\t\t\t\t\t\t\t\t\t\t\t\t<img loading=\"lazy\" decoding=\"async\" width=\"986\" height=\"991\" src=\"https:\/\/lecmo.com\/wp-content\/uploads\/Screen-Shot-2026-01-14-at-10.44.15-AM.webp\" class=\"attachment-medium size-medium wp-image-4212\" alt=\"lecmo perfumes - The Tale of the Lady and the Wolf\" srcset=\"https:\/\/lecmo.com\/wp-content\/uploads\/Screen-Shot-2026-01-14-at-10.44.15-AM.webp 986w, https:\/\/lecmo.com\/wp-content\/uploads\/Screen-Shot-2026-01-14-at-10.44.15-AM-796x800.webp 796w, https:\/\/lecmo.com\/wp-content\/uploads\/Screen-Shot-2026-01-14-at-10.44.15-AM-768x772.webp 768w, https:\/\/lecmo.com\/wp-content\/uploads\/Screen-Shot-2026-01-14-at-10.44.15-AM-12x12.webp 12w, https:\/\/lecmo.com\/wp-content\/uploads\/Screen-Shot-2026-01-14-at-10.44.15-AM-150x151.webp 150w\" sizes=\"auto, (max-width: 986px) 100vw, 986px\">\t\t\t\t\t\t\t\t\t\t\t\t\t\t\t<\/div>\n\t\t\t\t<\/div>\n\t\t\t\t\t<\/div>\n\t\t\t\t<\/div>\n\t\t<div class=\"wd-negative-gap elementor-element elementor-element-4c971ff e-flex e-con-boxed e-con e-parent\" data-id=\"4c971ff\" data-element_type=\"container\" data-e-type=\"container\">\n\t\t\t\t\t<div class=\"e-con-inner\">\n\t\t<div class=\"elementor-element elementor-element-7e9bc8f e-con-full e-flex e-con e-child\" data-id=\"7e9bc8f\" data-element_type=\"container\" data-e-type=\"container\">\n\t\t\t\t<div class=\"elementor-element elementor-element-47ffbee elementor-widget elementor-widget-image\" data-id=\"47ffbee\" data-element_type=\"widget\" data-e-type=\"widget\" data-widget_type=\"image.default\">\n\t\t\t\t\t\t\t\t\t\t\t\t\t\t\t<img loading=\"lazy\" decoding=\"async\" width=\"2000\" height=\"1116\" src=\"https:\/\/lecmo.com\/wp-content\/uploads\/\u0627\u0644\u0633\u064a\u062f\u0629-\u062a\u0645\u0633\u0643-\u0628\u0627\u0644\u0634\u0646\u0637\u0629-\u0641\u064a-\u0643\u0627\u0641\u064a\u0647-\u0628\u0627\u0631\u064a\u0633-\u0639\u0627\u0644\u064a\u0629-\u0627\u0644\u062c\u0648\u062f\u0629-2000x1116.webp\" class=\"attachment-medium size-medium wp-image-4224\" alt=\"lecmo perfumes - The Tale of the Lady and the Wolf\" srcset=\"\" sizes=\"auto, (max-width: 2000px) 100vw, 2000px\" data-srcset=\"\">\t\t\t\t\t\t\t\t\t\t\t\t\t\t\t<\/div>\n\t\t\t\t<\/div>\n\t\t<div class=\"elementor-element elementor-element-69a37aa e-con-full e-flex e-con e-child\" data-id=\"69a37aa\" data-element_type=\"container\" data-e-type=\"container\">\n\t\t\t\t<div class=\"elementor-element elementor-element-81f5c35 elementor-widget elementor-widget-heading\" data-id=\"81f5c35\" data-element_type=\"widget\" data-e-type=\"widget\" data-widget_type=\"heading.default\">\n\t\t\t\t\t<h3 class=\"elementor-heading-title elementor-size-default\">Notas principais<\/h3>\t\t\t\t<\/div>\n\t\t\t\t<div class=\"elementor-element elementor-element-80d648d color-scheme-inherit text-left elementor-widget elementor-widget-text-editor\" data-id=\"80d648d\" data-element_type=\"widget\" data-e-type=\"widget\" data-widget_type=\"text-editor.default\">\n\t\t\t\t\t\t\t\t\t<ul><li><strong>Cor da bolsa:<\/strong> Couro Rosa<\/li><li><strong>Tamanhos:<\/strong> 100ml + 25ml dentro da bolsa<\/li><li><strong>Notas de topo:<\/strong> Bergamota, Jasmim, Violeta, Ylang<\/li><li><strong>Notas m\u00e9dias:<\/strong> Heliotr\u00f3pio, Orris Musk<\/li><li><strong>Notas de base:<\/strong> \u00c2mbar, Alm\u00edscar, Tonka, Baunilha, Madeiras<\/li><\/ul>\t\t\t\t\t\t\t\t<\/div>\n\t\t\t\t<\/div>\n\t\t\t\t\t<\/div>\n\t\t\t\t<\/div>\n\t\t\t\t<\/div>","protected":false},"excerpt":{"rendered":"<p data-start=\"94\" data-end=\"343\">O Pink \u00e9 envolto em um delicado design rosa, revelando um buqu\u00ea radiante desde a primeira nota.<br data-start=\"194\" data-end=\"197\" \/>Criada como uma ode ao amor e \u00e0 eleg\u00e2ncia, esta fragr\u00e2ncia \u00e9 suave, mas inesquec\u00edvel \u2014 feita para aqueles que levam beleza e paix\u00e3o aonde quer que v\u00e3o.<\/p>","protected":false},"featured_media":3025,"comment_status":"open","ping_status":"closed","template":"","meta":[],"product_brand":[31],"product_cat":[19],"product_tag":[],"class_list":{"0":"post-867","1":"product","2":"type-product","3":"status-publish","4":"has-post-thumbnail","6":"product_brand-lecmo","7":"product_cat-lady-bag-perfume-set","9":"first","10":"instock","11":"shipping-taxable","12":"purchasable","13":"product-type-simple"},"_links":{"self":[{"href":"https:\/\/lecmo.com\/pt\/wp-json\/wp\/v2\/product\/867","targetHints":{"allow":["GET"]}}],"collection":[{"href":"https:\/\/lecmo.com\/pt\/wp-json\/wp\/v2\/product"}],"about":[{"href":"https:\/\/lecmo.com\/pt\/wp-json\/wp\/v2\/types\/product"}],"replies":[{"embeddable":true,"href":"https:\/\/lecmo.com\/pt\/wp-json\/wp\/v2\/comments?post=867"}],"version-history":[{"count":0,"href":"https:\/\/lecmo.com\/pt\/wp-json\/wp\/v2\/product\/867\/revisions"}],"wp:featuredmedia":[{"embeddable":true,"href":"https:\/\/lecmo.com\/pt\/wp-json\/wp\/v2\/media\/3025"}],"wp:attachment":[{"href":"https:\/\/lecmo.com\/pt\/wp-json\/wp\/v2\/media?parent=867"}],"wp:term":[{"taxonomy":"product_brand","embeddable":true,"href":"https:\/\/lecmo.com\/pt\/wp-json\/wp\/v2\/product_brand?post=867"},{"taxonomy":"product_cat","embeddable":true,"href":"https:\/\/lecmo.com\/pt\/wp-json\/wp\/v2\/product_cat?post=867"},{"taxonomy":"product_tag","embeddable":true,"href":"https:\/\/lecmo.com\/pt\/wp-json\/wp\/v2\/product_tag?post=867"}],"curies":[{"name":"wp","href":"https:\/\/api.w.org\/{rel}","templated":true}]}}