{"id":854,"date":"2025-08-07T12:18:58","date_gmt":"2025-08-07T12:18:58","guid":{"rendered":"https:\/\/preview.lecmo.shop\/?post_type=product&#038;p=854"},"modified":"2026-02-11T11:52:31","modified_gmt":"2026-02-11T07:52:31","slug":"the-blue-oud","status":"publish","type":"product","link":"https:\/\/lecmo.com\/pt\/produto\/the-blue-oud\/","title":{"rendered":"The Blue Oud"},"content":{"rendered":"<div data-elementor-type=\"wp-post\" data-elementor-id=\"854\" class=\"elementor elementor-854\">\n\t\t\t\t<div class=\"wd-negative-gap elementor-element elementor-element-6528ca0 e-flex e-con-boxed e-con e-parent\" data-id=\"6528ca0\" data-element_type=\"container\" data-e-type=\"container\">\n\t\t\t\t\t<div class=\"e-con-inner\">\n\t\t\t\t<div class=\"elementor-element elementor-element-9896172 color-scheme-inherit text-left elementor-widget elementor-widget-text-editor\" data-id=\"9896172\" data-element_type=\"widget\" data-e-type=\"widget\" data-widget_type=\"text-editor.default\">\n\t\t\t\t\t\t\t\t\t<p><strong>The Blue Oud \u2013 Eau de Parfum Unissex \u2013 100ml<\/strong><\/p><p class=\"translation-block\"><strong>Fam\u00edlia Olfativa:<\/strong> Oriental<\/p><p>Blue Oud combina tradi\u00e7\u00e3o com modernidade, onde o oud encontra o brilho frutado e delicadas notas florais para uma experi\u00eancia oriental inesquec\u00edvel.<br \/>\u2728 <strong>Cada caixa vem com uma pe\u00e7a Dkhoun para uma jornada olfativa completa.<\/strong><\/p>\t\t\t\t\t\t\t\t<\/div>\n\t\t\t\t\t<\/div>\n\t\t\t\t<\/div>\n\t\t<div class=\"wd-negative-gap elementor-element elementor-element-486ff24 wd-section-stretch e-flex e-con-boxed e-con e-parent\" data-id=\"486ff24\" data-element_type=\"container\" data-e-type=\"container\" data-settings=\"{&quot;background_background&quot;:&quot;classic&quot;}\">\n\t\t\t\t\t<div class=\"e-con-inner\">\n\t\t\t\t<div class=\"elementor-element elementor-element-560e627 elementor-widget elementor-widget-heading\" data-id=\"560e627\" data-element_type=\"widget\" data-e-type=\"widget\" data-widget_type=\"heading.default\">\n\t\t\t\t\t<h2 class=\"elementor-heading-title elementor-size-default\">The Blue Oud<\/h2>\t\t\t\t<\/div>\n\t\t\t\t<div class=\"elementor-element elementor-element-545dfc9 elementor-widget__width-initial elementor-widget-mobile__width-inherit text-center color-scheme-inherit elementor-widget elementor-widget-text-editor\" data-id=\"545dfc9\" data-element_type=\"widget\" data-e-type=\"widget\" data-widget_type=\"text-editor.default\">\n\t\t\t\t\t\t\t\t\t<p data-start=\"362\" data-end=\"590\">O Blue Oud abre com uma frescura refinada que transmite calma e seguran\u00e7a, criando uma introdu\u00e7\u00e3o equilibrada. \u00c0 medida que se desenvolve, o oud revela o seu car\u00e1cter mais profundo e rico, harmonizado com acordes elegantes que conferem profundidade sem excessos.<\/p><p data-start=\"592\" data-end=\"747\">A base se instala em um rastro quente e duradouro \u2014 amadeirado, suave e silenciosamente poderoso \u2014 deixando uma impress\u00e3o que o envolve muito tempo depois de voc\u00ea sair da sala.<\/p><p data-start=\"749\" data-end=\"803\">Perfeito para uso pessoal ou como uma op\u00e7\u00e3o de presente refinada.<\/p>\t\t\t\t\t\t\t\t<\/div>\n\t\t\t\t<div class=\"elementor-element elementor-element-06d4bc0 elementor-widget elementor-widget-button\" data-id=\"06d4bc0\" data-element_type=\"widget\" data-e-type=\"widget\" data-widget_type=\"button.default\">\n\t\t\t\t\t\t\t\t\t\t<a class=\"elementor-button elementor-button-link elementor-size-sm\" href=\"https:\/\/lecmo.com\/pt\/checkout\/?add-to-cart=854&#038;quantity=1\">\n\t\t\t\t\t\t<span class=\"elementor-button-content-wrapper\">\n\t\t\t\t\t\t\t\t\t<span class=\"elementor-button-text\">COMPRAR AGORA<\/span>\n\t\t\t\t\t<\/span>\n\t\t\t\t\t<\/a>\n\t\t\t\t\t\t\t\t<\/div>\n\t\t\t\t\t<\/div>\n\t\t\t\t<\/div>\n\t\t<div class=\"wd-negative-gap elementor-element elementor-element-c6b8db0 e-flex e-con-boxed e-con e-parent\" data-id=\"c6b8db0\" data-element_type=\"container\" data-e-type=\"container\">\n\t\t\t\t\t<div class=\"e-con-inner\">\n\t\t<div class=\"elementor-element elementor-element-8f0062b e-con-full e-flex e-con e-child\" data-id=\"8f0062b\" data-element_type=\"container\" data-e-type=\"container\">\n\t\t\t\t<div class=\"elementor-element elementor-element-c10c231 elementor-widget elementor-widget-heading\" data-id=\"c10c231\" data-element_type=\"widget\" data-e-type=\"widget\" data-widget_type=\"heading.default\">\n\t\t\t\t\t<h3 class=\"elementor-heading-title elementor-size-default\">Por que o Oud Azul?<\/h3>\t\t\t\t<\/div>\n\t\t\t\t<div class=\"elementor-element elementor-element-341488f color-scheme-inherit text-left elementor-widget elementor-widget-text-editor\" data-id=\"341488f\" data-element_type=\"widget\" data-e-type=\"widget\" data-widget_type=\"text-editor.default\">\n\t\t\t\t\t\t\t\t\t<p data-start=\"1342\" data-end=\"1384\">\u00a0Oud com um <strong data-start=\"1355\" data-end=\"1384\">car\u00e1ter moderno e refinado<\/strong><\/p><ul data-start=\"1340\" data-end=\"1538\"><li data-start=\"1385\" data-end=\"1433\"><p data-start=\"1387\" data-end=\"1433\">\u00a0Profundo, calmo e confiantemente masculino-unissex<\/p><\/li><li data-start=\"1434\" data-end=\"1490\"><p data-start=\"1436\" data-end=\"1490\">\u00a0Ideal para noites, momentos especiais e para usar como sua marca registrada.<\/p><\/li><li data-start=\"1491\" data-end=\"1538\"><p data-start=\"1493\" data-end=\"1538\">\u00a0Longa dura\u00e7\u00e3o com um rastro suave e luxuoso<\/p><\/li><\/ul><p data-start=\"1540\" data-end=\"1584\"><strong data-start=\"1540\" data-end=\"1584\">\u00a0<\/strong><\/p>\t\t\t\t\t\t\t\t<\/div>\n\t\t\t\t<\/div>\n\t\t<div class=\"elementor-element elementor-element-53cfc94 e-con-full e-flex e-con e-child\" data-id=\"53cfc94\" data-element_type=\"container\" data-e-type=\"container\">\n\t\t\t\t<div class=\"elementor-element elementor-element-ec892d1 elementor-widget elementor-widget-image\" data-id=\"ec892d1\" data-element_type=\"widget\" data-e-type=\"widget\" data-widget_type=\"image.default\">\n\t\t\t\t\t\t\t\t\t\t\t\t\t\t\t<img loading=\"lazy\" decoding=\"async\" width=\"625\" height=\"775\" src=\"https:\/\/lecmo.com\/wp-content\/uploads\/Screenshot-2026-01-12-at-4.25.59-PM.png\" class=\"attachment-large size-large wp-image-4285\" alt=\"the blue perfume by lecmo\" srcset=\"https:\/\/lecmo.com\/wp-content\/uploads\/Screenshot-2026-01-12-at-4.25.59-PM.png 625w, https:\/\/lecmo.com\/wp-content\/uploads\/Screenshot-2026-01-12-at-4.25.59-PM-10x12.png 10w, https:\/\/lecmo.com\/wp-content\/uploads\/Screenshot-2026-01-12-at-4.25.59-PM-150x186.png 150w\" sizes=\"auto, (max-width: 625px) 100vw, 625px\" \/>\t\t\t\t\t\t\t\t\t\t\t\t\t\t\t<\/div>\n\t\t\t\t<\/div>\n\t\t\t\t\t<\/div>\n\t\t\t\t<\/div>\n\t\t<div class=\"wd-negative-gap elementor-element elementor-element-d8f11cd e-flex e-con-boxed e-con e-parent\" data-id=\"d8f11cd\" data-element_type=\"container\" data-e-type=\"container\">\n\t\t\t\t\t<div class=\"e-con-inner\">\n\t\t<div class=\"elementor-element elementor-element-a99b485 e-con-full e-flex e-con e-child\" data-id=\"a99b485\" data-element_type=\"container\" data-e-type=\"container\">\n\t\t\t\t<div class=\"elementor-element elementor-element-fa92ff1 elementor-widget elementor-widget-image\" data-id=\"fa92ff1\" data-element_type=\"widget\" data-e-type=\"widget\" data-widget_type=\"image.default\">\n\t\t\t\t\t\t\t\t\t\t\t\t\t\t\t<img loading=\"lazy\" decoding=\"async\" width=\"1021\" height=\"1024\" src=\"https:\/\/lecmo.com\/wp-content\/uploads\/Screen-Shot-2026-01-13-at-3.00.33-PM.png\" class=\"attachment-large size-large wp-image-4315\" alt=\"the blue perfume\" srcset=\"https:\/\/lecmo.com\/wp-content\/uploads\/Screen-Shot-2026-01-13-at-3.00.33-PM.png 1021w, https:\/\/lecmo.com\/wp-content\/uploads\/Screen-Shot-2026-01-13-at-3.00.33-PM-798x800.png 798w, https:\/\/lecmo.com\/wp-content\/uploads\/Screen-Shot-2026-01-13-at-3.00.33-PM-768x770.png 768w, https:\/\/lecmo.com\/wp-content\/uploads\/Screen-Shot-2026-01-13-at-3.00.33-PM-12x12.png 12w, https:\/\/lecmo.com\/wp-content\/uploads\/Screen-Shot-2026-01-13-at-3.00.33-PM-150x150.png 150w\" sizes=\"auto, (max-width: 1021px) 100vw, 1021px\" \/>\t\t\t\t\t\t\t\t\t\t\t\t\t\t\t<\/div>\n\t\t\t\t<\/div>\n\t\t<div class=\"elementor-element elementor-element-305790c e-con-full e-flex e-con e-child\" data-id=\"305790c\" data-element_type=\"container\" data-e-type=\"container\">\n\t\t\t\t<div class=\"elementor-element elementor-element-f98c4a6 elementor-widget elementor-widget-heading\" data-id=\"f98c4a6\" data-element_type=\"widget\" data-e-type=\"widget\" data-widget_type=\"heading.default\">\n\t\t\t\t\t<h3 class=\"elementor-heading-title elementor-size-default\">Notas principais<\/h3>\t\t\t\t<\/div>\n\t\t\t\t<div class=\"elementor-element elementor-element-52b4653 color-scheme-inherit text-left elementor-widget elementor-widget-text-editor\" data-id=\"52b4653\" data-element_type=\"widget\" data-e-type=\"widget\" data-widget_type=\"text-editor.default\">\n\t\t\t\t\t\t\t\t\t<ul><li><strong>Notas de topo:<\/strong> Jacinto, Abacaxi, Oud<\/li><li><strong>Notas de cora\u00e7\u00e3o:<\/strong> \u00cdris, Jasmim, Pimenta Rosa<\/li><li><strong>Notas de base:<\/strong> Vetiver, Alm\u00edscar, Patchouli, Baunilha, Oud<\/li><\/ul>\t\t\t\t\t\t\t\t<\/div>\n\t\t\t\t<\/div>\n\t\t\t\t\t<\/div>\n\t\t\t\t<\/div>\n\t\t\t\t<\/div>","protected":false},"excerpt":{"rendered":"<p data-start=\"36\" data-end=\"256\">O Oud Azul \u2014 Profundidade. Distin\u00e7\u00e3o.<br \/>\nUma presen\u00e7a que voc\u00ea n\u00e3o explica \u2014 ela te envolve.<\/p>","protected":false},"featured_media":1933,"comment_status":"open","ping_status":"closed","template":"","meta":[],"product_brand":[31],"product_cat":[125,16],"product_tag":[119,116,117,120,118],"class_list":{"0":"post-854","1":"product","2":"type-product","3":"status-publish","4":"has-post-thumbnail","6":"product_brand-lecmo","7":"product_cat-mens-fragrances","8":"product_cat-single-perfume","9":"product_tag-dokhun","10":"product_tag-lecmo-perfume","11":"product_tag-men-perfumes","12":"product_tag-perfume-gifts","13":"product_tag-women-perfumes","15":"first","16":"instock","17":"shipping-taxable","18":"purchasable","19":"product-type-simple"},"_links":{"self":[{"href":"https:\/\/lecmo.com\/pt\/wp-json\/wp\/v2\/product\/854","targetHints":{"allow":["GET"]}}],"collection":[{"href":"https:\/\/lecmo.com\/pt\/wp-json\/wp\/v2\/product"}],"about":[{"href":"https:\/\/lecmo.com\/pt\/wp-json\/wp\/v2\/types\/product"}],"replies":[{"embeddable":true,"href":"https:\/\/lecmo.com\/pt\/wp-json\/wp\/v2\/comments?post=854"}],"version-history":[{"count":0,"href":"https:\/\/lecmo.com\/pt\/wp-json\/wp\/v2\/product\/854\/revisions"}],"wp:featuredmedia":[{"embeddable":true,"href":"https:\/\/lecmo.com\/pt\/wp-json\/wp\/v2\/media\/1933"}],"wp:attachment":[{"href":"https:\/\/lecmo.com\/pt\/wp-json\/wp\/v2\/media?parent=854"}],"wp:term":[{"taxonomy":"product_brand","embeddable":true,"href":"https:\/\/lecmo.com\/pt\/wp-json\/wp\/v2\/product_brand?post=854"},{"taxonomy":"product_cat","embeddable":true,"href":"https:\/\/lecmo.com\/pt\/wp-json\/wp\/v2\/product_cat?post=854"},{"taxonomy":"product_tag","embeddable":true,"href":"https:\/\/lecmo.com\/pt\/wp-json\/wp\/v2\/product_tag?post=854"}],"curies":[{"name":"wp","href":"https:\/\/api.w.org\/{rel}","templated":true}]}}