{"id":4600,"date":"2026-02-08T17:01:38","date_gmt":"2026-02-08T13:01:38","guid":{"rendered":"https:\/\/lecmo.com\/?post_type=product&#038;p=4600"},"modified":"2026-03-02T11:55:35","modified_gmt":"2026-03-02T07:55:35","slug":"the-purple","status":"publish","type":"product","link":"https:\/\/lecmo.com\/pt\/produto\/the-purple\/","title":{"rendered":"A COLE\u00c7\u00c3O ROXA"},"content":{"rendered":"<div data-elementor-type=\"wp-post\" data-elementor-id=\"4600\" class=\"elementor elementor-4600\">\n\t\t\t\t<div class=\"wd-negative-gap elementor-element elementor-element-8def476 e-flex e-con-boxed e-con e-parent\" data-id=\"8def476\" data-element_type=\"container\" data-e-type=\"container\">\n\t\t\t\t\t<div class=\"e-con-inner\">\n\t\t\t\t<div class=\"elementor-element elementor-element-7674211f color-scheme-inherit text-left elementor-widget elementor-widget-text-editor\" data-id=\"7674211f\" data-element_type=\"widget\" data-e-type=\"widget\" data-widget_type=\"text-editor.default\">\n\t\t\t\t\t\t\t\t\t<p data-start=\"231\" data-end=\"492\">A Cole\u00e7\u00e3o Roxa \u00e9 um conjunto de perfumes refinados, concebido como uma jornada olfativa completa.<br data-start=\"319\" data-end=\"322\" \/>Inclui <strong data-start=\"334\" data-end=\"362\">dois frascos de 100 ml de Eau de Parfum<\/strong> e <strong data-start=\"367\" data-end=\"391\">tr\u00eas perfumes de 25 mL<\/strong>, acompanhado por <strong data-start=\"408\" data-end=\"448\">quatro pe\u00e7as premium de Dkhoun (incenso)<\/strong>, cuidadosamente selecionada para elevar cada momento.<\/p><p data-start=\"494\" data-end=\"642\">Uma cole\u00e7\u00e3o unissex equilibrada que combina eleg\u00e2ncia, profundidade e versatilidade \u2014 criada para quem aprecia presen\u00e7a, detalhes e presentes atemporais.<\/p>\t\t\t\t\t\t\t\t<\/div>\n\t\t\t\t\t<\/div>\n\t\t\t\t<\/div>\n\t\t<div class=\"wd-negative-gap elementor-element elementor-element-63bc2aa e-flex e-con-boxed e-con e-parent\" data-id=\"63bc2aa\" data-element_type=\"container\" data-e-type=\"container\">\n\t\t\t\t\t<div class=\"e-con-inner\">\n\t\t\t\t<div class=\"elementor-element elementor-element-9c761b4 elementor-widget elementor-widget-spacer\" data-id=\"9c761b4\" data-element_type=\"widget\" data-e-type=\"widget\" data-widget_type=\"spacer.default\">\n\t\t\t\t\t\t\t<div class=\"elementor-spacer\">\n\t\t\t<div class=\"elementor-spacer-inner\"><\/div>\n\t\t<\/div>\n\t\t\t\t\t\t<\/div>\n\t\t\t\t\t<\/div>\n\t\t\t\t<\/div>\n\t\t<div class=\"wd-negative-gap elementor-element elementor-element-2db36b7 e-flex e-con-boxed e-con e-parent\" data-id=\"2db36b7\" data-element_type=\"container\" data-e-type=\"container\">\n\t\t\t\t\t<div class=\"e-con-inner\">\n\t\t<div class=\"elementor-element elementor-element-afa5b77 e-con-full e-flex e-con e-child\" data-id=\"afa5b77\" data-element_type=\"container\" data-e-type=\"container\">\n\t\t\t\t<div class=\"elementor-element elementor-element-34ff6cf elementor-widget elementor-widget-image\" data-id=\"34ff6cf\" data-element_type=\"widget\" data-e-type=\"widget\" data-widget_type=\"image.default\">\n\t\t\t\t\t\t\t\t\t\t\t\t\t\t\t<img loading=\"lazy\" decoding=\"async\" width=\"1248\" height=\"832\" src=\"https:\/\/lecmo.com\/wp-content\/uploads\/WhatsApp-Image-2026-02-15-at-12.03.13-PM-1.jpeg\" class=\"attachment-large size-large wp-image-4745\" alt=\"THE PURPLE\" srcset=\"https:\/\/lecmo.com\/wp-content\/uploads\/WhatsApp-Image-2026-02-15-at-12.03.13-PM-1.jpeg 1248w, https:\/\/lecmo.com\/wp-content\/uploads\/WhatsApp-Image-2026-02-15-at-12.03.13-PM-1-800x533.jpeg 800w, https:\/\/lecmo.com\/wp-content\/uploads\/WhatsApp-Image-2026-02-15-at-12.03.13-PM-1-768x512.jpeg 768w, https:\/\/lecmo.com\/wp-content\/uploads\/WhatsApp-Image-2026-02-15-at-12.03.13-PM-1-18x12.jpeg 18w, https:\/\/lecmo.com\/wp-content\/uploads\/WhatsApp-Image-2026-02-15-at-12.03.13-PM-1-150x100.jpeg 150w\" sizes=\"auto, (max-width: 1248px) 100vw, 1248px\" \/>\t\t\t\t\t\t\t\t\t\t\t\t\t\t\t<\/div>\n\t\t\t\t<\/div>\n\t\t<div class=\"elementor-element elementor-element-8baac81 e-con-full e-flex e-con e-child\" data-id=\"8baac81\" data-element_type=\"container\" data-e-type=\"container\">\n\t\t\t\t<div class=\"elementor-element elementor-element-9d5dbc4 color-scheme-inherit text-left elementor-widget elementor-widget-text-editor\" data-id=\"9d5dbc4\" data-element_type=\"widget\" data-e-type=\"widget\" data-widget_type=\"text-editor.default\">\n\t\t\t\t\t\t\t\t\t<h1 data-start=\"747\" data-end=\"769\">\u00a0POR QUE O ROXO?<\/h1><p data-start=\"771\" data-end=\"1195\">\u2022 Uma jornada olfativa completa \u2014 Fresco, Oriental, Almiscarado, Atalcado e Couro em uma \u00fanica cole\u00e7\u00e3o<br data-start=\"862\" data-end=\"865\" \/>\u2022 Projetado tanto para luxo pessoal quanto para presentes sofisticados<br data-start=\"979\" data-end=\"982\" \/>\u2022 Sofistica\u00e7\u00e3o unissex \u2014 equil\u00edbrio perfeito entre presen\u00e7a e eleg\u00e2ncia, sem exageros.<br data-start=\"1040\" data-end=\"1043\" \/>\u2022 Apresentado em um ic\u00f4nico estojo de couro roxo que \u00e9 t\u00e3o luxuoso ao toque quanto \u00e0 vista.<br data-start=\"1123\" data-end=\"1126\" \/>\u2022 Cada caixa reflete o \u201cLuxo Inteligente\u201d \u2014 refinado, moderno, inesquec\u00edvel.<\/p><h4><b>O roxo n\u00e3o \u00e9 apenas uma cole\u00e7\u00e3o.<br \/><\/b><b>\u00c9 um conjunto de declara\u00e7\u00f5es.<\/b><\/h4>\t\t\t\t\t\t\t\t<\/div>\n\t\t\t\t<\/div>\n\t\t\t\t\t<\/div>\n\t\t\t\t<\/div>\n\t\t<div class=\"wd-negative-gap elementor-element elementor-element-03b5f83 e-flex e-con-boxed e-con e-parent\" data-id=\"03b5f83\" data-element_type=\"container\" data-e-type=\"container\">\n\t\t\t\t\t<div class=\"e-con-inner\">\n\t\t<div class=\"elementor-element elementor-element-d4873cd e-con-full e-flex e-con e-child\" data-id=\"d4873cd\" data-element_type=\"container\" data-e-type=\"container\">\n\t\t\t\t<div class=\"elementor-element elementor-element-1046bc0 color-scheme-inherit text-left elementor-widget elementor-widget-text-editor\" data-id=\"1046bc0\" data-element_type=\"widget\" data-e-type=\"widget\" data-widget_type=\"text-editor.default\">\n\t\t\t\t\t\t\t\t\t<h1 data-start=\"1263\" data-end=\"1298\">NOTAS PRINCIPAIS (RESUMO DA COLE\u00c7\u00c3O)<\/h1><h3 data-start=\"1300\" data-end=\"1331\">O ROXO <br \/>EDP (100 ml)<\/h3><p><strong>Principal<\/strong> Alde\u00eddos \u2022 Bergamota da Cal\u00e1bria \u2022 Lima<br \/><span style=\"color: #010e30; font-family: CenturyGothic; font-size: 10pt; background-color: transparent;\"><strong>Meio<\/strong>:\u00a0<\/span>Jasmim eg\u00edpcio \u2022 Rosa \u2022 Ervilha-de-cheiro<br \/><span style=\"background-color: transparent; color: #010e30; font-family: CenturyGothic; font-size: 10pt;\"><b>Base<\/b>:\u00a0<\/span><span style=\"font-size: 13px; background-color: transparent;\">Ambrox \u2022 S\u00e2ndalo \u2022 Alm\u00edscar \u2022 Patchouli<\/span><\/p><h3 data-start=\"1452\" data-end=\"1464\"><span style=\"font-family: Alexandria, Arial, Helvetica, sans-serif; font-size: 22px; font-style: normal; font-variant-ligatures: normal; font-variant-caps: normal; font-weight: 400; background-color: transparent;\">O ROXO<br \/><\/span>Oriental\u00a0<span style=\"font-family: Alexandria, Arial, Helvetica, sans-serif; font-size: 22px; font-style: normal; font-variant-ligatures: normal; font-variant-caps: normal; font-weight: 400; background-color: transparent;\">( 100 ml)<\/span><\/h3><p data-start=\"1465\" data-end=\"1547\"><strong>Principal<\/strong> Rosa b\u00falgara \u2022 Coentro<br data-start=\"1491\" data-end=\"1494\" \/><strong>Meio<\/strong> : Bagas de zimbro \u2022 Cedro<br data-start=\"1517\" data-end=\"1520\" \/><strong>Base<\/strong> : Vetiver \u2022 Alm\u00edscar \u2022 Agarwood<\/p><h3 data-start=\"1549\" data-end=\"1557\"><span style=\"background-color: transparent; font-family: Alexandria, Arial, Helvetica, sans-serif; font-size: 22px; font-style: normal; font-variant-ligatures: normal; font-variant-caps: normal; font-weight: 400;\">O ROXO\u00a0<br \/><\/span><span style=\"font-family: Alexandria, Arial, Helvetica, sans-serif; font-size: 18px; font-style: normal; font-weight: 400; background-color: transparent;\">Misk\u00a0<\/span><span style=\"font-family: Alexandria, Arial, Helvetica, sans-serif; font-style: normal; font-variant-ligatures: normal; font-variant-caps: normal; font-weight: 400; background-color: transparent; font-size: 22px;\">( 25 ml)<\/span><\/h3><p data-start=\"1558\" data-end=\"1644\"><strong>Principal<\/strong> Musgo de carvalho \u2022 Bergamota<br data-start=\"1576\" data-end=\"1579\" \/><strong>Meio<\/strong> Rosa \u2022 \u00c2mbar \u2022 L\u00edrio<br data-start=\"1598\" data-end=\"1601\" \/><strong>Base<\/strong> Patchouli \u2022 Cedro \u2022 S\u00e2ndalo \u2022 Alm\u00edscar<\/p><h3 data-start=\"1646\" data-end=\"1657\"><span style=\"background-color: transparent; font-family: Alexandria, Arial, Helvetica, sans-serif; font-size: 22px; font-style: normal; font-variant-ligatures: normal; font-variant-caps: normal; font-weight: 400;\">O ROXO<br \/><\/span><span style=\"font-family: Alexandria, Arial, Helvetica, sans-serif; font-size: 18px; font-style: normal; font-weight: 400; background-color: transparent;\">Em p\u00f3\u00a0<\/span><span style=\"font-family: Alexandria, Arial, Helvetica, sans-serif; font-style: normal; font-variant-ligatures: normal; font-variant-caps: normal; font-weight: 400; background-color: transparent; font-size: 22px;\">( 25 ml)<\/span><\/h3><p data-start=\"1658\" data-end=\"1790\"><strong>Principal<\/strong> Laranja amarga \u2022 Bergamota \u2022 Ylang-ylang \u2022 Jasmim<br data-start=\"1700\" data-end=\"1703\" \/>\u00a0<strong>Meio<\/strong> Tuberosa \u2022 Flor de Laranjeira \u2022 Heliotr\u00f3pio<br data-start=\"1741\" data-end=\"1744\" \/>\u00a0<strong>Base<\/strong> Baunilha \u2022 Madeira de Caxemira \u2022 Fava Tonka \u2022 S\u00e2ndalo<\/p><h3 style=\"margin-bottom: 20px; font-style: normal; font-variant-ligatures: normal; font-variant-caps: normal; font-weight: 400; font-family: Alexandria, Arial, Helvetica, sans-serif; color: #242424; text-transform: none;\" data-start=\"1452\" data-end=\"1464\"><span style=\"font-style: normal; font-variant-ligatures: normal; font-variant-caps: normal; font-weight: 400; font-family: Alexandria, Arial, Helvetica, sans-serif; font-size: 22px; background-color: transparent;\">O ROXO<br \/><\/span><span style=\"font-family: Alexandria, Arial, Helvetica, sans-serif; font-style: normal; font-weight: 400; background-color: transparent; font-size: 22px;\">Couro\u00a0<\/span><span style=\"font-family: Alexandria, Arial, Helvetica, sans-serif; font-style: normal; font-variant-ligatures: normal; font-variant-caps: normal; font-weight: 400; background-color: transparent; font-size: 22px;\">( 25 ml)<\/span><\/h3><p data-start=\"1804\" data-end=\"1894\"><strong>Principal<\/strong>\u00a0Couro \u2022 Cipriol \u2022 Notas doces<br data-start=\"1835\" data-end=\"1838\" \/><b>Meio<\/b> : Bagas de zimbro \u2022 L\u00e1dano<br data-start=\"1864\" data-end=\"1867\" \/><strong>Base<\/strong> \u00c2mbar \u2022 Fava Tonka \u2022 Patchouli<\/p>\t\t\t\t\t\t\t\t<\/div>\n\t\t\t\t<\/div>\n\t\t<div class=\"elementor-element elementor-element-8f88d8b e-con-full e-flex e-con e-child\" data-id=\"8f88d8b\" data-element_type=\"container\" data-e-type=\"container\">\n\t\t\t\t<div class=\"elementor-element elementor-element-0470f35 elementor-widget elementor-widget-image\" data-id=\"0470f35\" data-element_type=\"widget\" data-e-type=\"widget\" data-widget_type=\"image.default\">\n\t\t\t\t\t\t\t\t\t\t\t\t\t\t\t<img loading=\"lazy\" decoding=\"async\" width=\"1536\" height=\"1024\" src=\"https:\/\/lecmo.com\/wp-content\/uploads\/ChatGPT-Image-Feb-15-2026-at-07_18_58-PM.webp\" class=\"attachment-large size-large wp-image-4752\" alt=\"THE PURPLE key note purple\" srcset=\"https:\/\/lecmo.com\/wp-content\/uploads\/ChatGPT-Image-Feb-15-2026-at-07_18_58-PM.webp 1536w, https:\/\/lecmo.com\/wp-content\/uploads\/ChatGPT-Image-Feb-15-2026-at-07_18_58-PM-800x533.webp 800w, https:\/\/lecmo.com\/wp-content\/uploads\/ChatGPT-Image-Feb-15-2026-at-07_18_58-PM-768x512.webp 768w, https:\/\/lecmo.com\/wp-content\/uploads\/ChatGPT-Image-Feb-15-2026-at-07_18_58-PM-18x12.webp 18w, https:\/\/lecmo.com\/wp-content\/uploads\/ChatGPT-Image-Feb-15-2026-at-07_18_58-PM-150x100.webp 150w\" sizes=\"auto, (max-width: 1536px) 100vw, 1536px\" \/>\t\t\t\t\t\t\t\t\t\t\t\t\t\t\t<\/div>\n\t\t\t\t<\/div>\n\t\t\t\t\t<\/div>\n\t\t\t\t<\/div>\n\t\t\t\t<\/div>","protected":false},"excerpt":{"rendered":"<p data-start=\"115\" data-end=\"190\"><strong data-start=\"115\" data-end=\"190\">A COLE\u00c7\u00c3O ROXA \u2014 Onde o perfume de luxo se torna um presente digno de ser celebrado.<br \/>\n<\/strong>Vibrante \u00e0 primeira vista. Inesquec\u00edvel no cora\u00e7\u00e3o.<\/p>","protected":false},"featured_media":4736,"comment_status":"open","ping_status":"closed","template":"","meta":[],"product_brand":[31],"product_cat":[18],"product_tag":[],"class_list":{"0":"post-4600","1":"product","2":"type-product","3":"status-publish","4":"has-post-thumbnail","6":"product_brand-lecmo","7":"product_cat-perfume-gift-sets","9":"first","10":"instock","11":"shipping-taxable","12":"purchasable","13":"product-type-simple"},"_links":{"self":[{"href":"https:\/\/lecmo.com\/pt\/wp-json\/wp\/v2\/product\/4600","targetHints":{"allow":["GET"]}}],"collection":[{"href":"https:\/\/lecmo.com\/pt\/wp-json\/wp\/v2\/product"}],"about":[{"href":"https:\/\/lecmo.com\/pt\/wp-json\/wp\/v2\/types\/product"}],"replies":[{"embeddable":true,"href":"https:\/\/lecmo.com\/pt\/wp-json\/wp\/v2\/comments?post=4600"}],"version-history":[{"count":0,"href":"https:\/\/lecmo.com\/pt\/wp-json\/wp\/v2\/product\/4600\/revisions"}],"wp:featuredmedia":[{"embeddable":true,"href":"https:\/\/lecmo.com\/pt\/wp-json\/wp\/v2\/media\/4736"}],"wp:attachment":[{"href":"https:\/\/lecmo.com\/pt\/wp-json\/wp\/v2\/media?parent=4600"}],"wp:term":[{"taxonomy":"product_brand","embeddable":true,"href":"https:\/\/lecmo.com\/pt\/wp-json\/wp\/v2\/product_brand?post=4600"},{"taxonomy":"product_cat","embeddable":true,"href":"https:\/\/lecmo.com\/pt\/wp-json\/wp\/v2\/product_cat?post=4600"},{"taxonomy":"product_tag","embeddable":true,"href":"https:\/\/lecmo.com\/pt\/wp-json\/wp\/v2\/product_tag?post=4600"}],"curies":[{"name":"wp","href":"https:\/\/api.w.org\/{rel}","templated":true}]}}