{"id":3,"date":"2025-07-21T20:31:55","date_gmt":"2025-07-21T20:31:55","guid":{"rendered":"https:\/\/preview.lecmo.shop\/?page_id=3"},"modified":"2025-09-21T01:41:15","modified_gmt":"2025-09-20T21:41:15","slug":"privacy-policy","status":"publish","type":"page","link":"https:\/\/lecmo.com\/pt\/privacy-policy\/","title":{"rendered":"pol\u00edtica de Privacidade"},"content":{"rendered":"<div data-elementor-type=\"wp-page\" data-elementor-id=\"3\" class=\"elementor elementor-3\">\n\t\t\t\t<div class=\"wd-negative-gap elementor-element elementor-element-176bb095 wd-section-stretch e-flex e-con-boxed e-con e-parent\" data-id=\"176bb095\" data-element_type=\"container\" data-e-type=\"container\">\n\t\t\t\t\t<div class=\"e-con-inner\">\n\t\t\t\t<div class=\"elementor-element elementor-element-49433469 color-scheme-inherit text-left elementor-widget elementor-widget-text-editor\" data-id=\"49433469\" data-element_type=\"widget\" data-e-type=\"widget\" data-widget_type=\"text-editor.default\">\n\t\t\t\t\t\t\t\t\t<h2 data-start=\"126\" data-end=\"171\"><strong data-start=\"129\" data-end=\"169\">Pol\u00edtica de Privacidade \u2013 Loja de Perfumes LECMO<\/strong><\/h2><p data-start=\"173\" data-end=\"208\"><strong data-start=\"173\" data-end=\"190\">\u00daltima atualiza\u00e7\u00e3o:<\/strong> 11 de agosto de 2025<\/p><p data-start=\"210\" data-end=\"420\">No <strong data-start=\"213\" data-end=\"222\">LECMO<\/strong>, respeitamos a privacidade dos nossos clientes e estamos comprometidos em proteger seus dados pessoais. Esta pol\u00edtica explica como coletamos, usamos e protegemos as informa\u00e7\u00f5es que voc\u00ea fornece ao utilizar nosso site.<\/p><hr data-start=\"422\" data-end=\"425\" \/><h3 data-start=\"427\" data-end=\"462\"><strong data-start=\"431\" data-end=\"460\"><br \/>1. Informa\u00e7\u00f5es que coletamos<\/strong><\/h3><p data-start=\"463\" data-end=\"547\">Podemos coletar as seguintes informa\u00e7\u00f5es quando voc\u00ea faz compras ou se registra em nosso site:<\/p><ul data-start=\"548\" data-end=\"782\"><li data-start=\"548\" data-end=\"562\"><p data-start=\"550\" data-end=\"562\">Nome completo.<\/p><\/li><li data-start=\"563\" data-end=\"581\"><p data-start=\"565\" data-end=\"581\">Endere\u00e7o de email.<\/p><\/li><li data-start=\"582\" data-end=\"599\"><p data-start=\"584\" data-end=\"599\">N\u00famero de telefone.<\/p><\/li><li data-start=\"600\" data-end=\"621\"><p data-start=\"602\" data-end=\"621\">Endere\u00e7o para envio.<\/p><\/li><li data-start=\"622\" data-end=\"782\"><p data-start=\"624\" data-end=\"782\">Detalhes de pagamento (n\u00e3o armazenamos informa\u00e7\u00f5es de cart\u00e3o de cr\u00e9dito\/d\u00e9bito diretamente; todas as transa\u00e7\u00f5es s\u00e3o processadas com seguran\u00e7a por meio de provedores de servi\u00e7os de pagamento confi\u00e1veis).<\/p><\/li><\/ul><hr data-start=\"784\" data-end=\"787\" \/><h3 data-start=\"789\" data-end=\"829\"><strong data-start=\"793\" data-end=\"827\"><br \/>2. Como usamos suas informa\u00e7\u00f5es<\/strong><\/h3><p data-start=\"830\" data-end=\"867\">Seus dados pessoais podem ser usados para:<\/p><ul data-start=\"868\" data-end=\"1104\"><li data-start=\"868\" data-end=\"910\"><p data-start=\"870\" data-end=\"910\">Processando e entregando seus pedidos.<\/p><\/li><li data-start=\"911\" data-end=\"968\"><p data-start=\"913\" data-end=\"968\">Comunicar-se com voc\u00ea sobre pedidos ou d\u00favidas.<\/p><\/li><li data-start=\"969\" data-end=\"1049\"><p data-start=\"971\" data-end=\"1049\">Envio de ofertas promocionais e atualiza\u00e7\u00f5es (se voc\u00ea concordou em receb\u00ea-las).<\/p><\/li><li data-start=\"1050\" data-end=\"1104\"><p data-start=\"1052\" data-end=\"1104\">Melhorando sua experi\u00eancia de compra em nosso site.<\/p><\/li><\/ul><hr data-start=\"1106\" data-end=\"1109\" \/><h3 data-start=\"1111\" data-end=\"1139\"><strong data-start=\"1115\" data-end=\"1137\"><br \/>3. Prote\u00e7\u00e3o de dados<\/strong><\/h3><p data-start=\"1140\" data-end=\"1232\">Implementamos medidas de seguran\u00e7a padr\u00e3o do setor para proteger seus dados pessoais, incluindo:<\/p><ul data-start=\"1233\" data-end=\"1332\"><li data-start=\"1233\" data-end=\"1278\"><p data-start=\"1235\" data-end=\"1278\"><strong data-start=\"1235\" data-end=\"1253\">Criptografia SSL<\/strong> para transmiss\u00e3o de dados.<\/p><\/li><li data-start=\"1279\" data-end=\"1332\"><p data-start=\"1281\" data-end=\"1332\">Bancos de dados protegidos para evitar acesso n\u00e3o autorizado.<\/p><\/li><\/ul><hr data-start=\"1334\" data-end=\"1337\" \/><h3 data-start=\"1339\" data-end=\"1390\"><strong data-start=\"1343\" data-end=\"1388\"><br \/>4. Compartilhamento de informa\u00e7\u00f5es com terceiros<\/strong><\/h3><ul data-start=\"1391\" data-end=\"1613\"><li data-start=\"1391\" data-end=\"1494\"><p data-start=\"1393\" data-end=\"1494\">N\u00e3o vendemos, alugamos ou compartilhamos suas informa\u00e7\u00f5es pessoais com terceiros para fins de marketing.<\/p><\/li><li data-start=\"1495\" data-end=\"1613\"><p data-start=\"1497\" data-end=\"1613\">Podemos compartilhar detalhes necess\u00e1rios com empresas de transporte e provedores de servi\u00e7os de pagamento apenas para atender ao seu pedido.<\/p><\/li><\/ul><hr data-start=\"1615\" data-end=\"1618\" \/><h3 data-start=\"1620\" data-end=\"1640\"><strong data-start=\"1624\" data-end=\"1638\"><br \/>5. Biscoitos<\/strong><\/h3><p data-start=\"1641\" data-end=\"1707\">Nosso site usa cookies para melhorar sua experi\u00eancia de navega\u00e7\u00e3o por:<\/p><ul data-start=\"1708\" data-end=\"1900\"><li data-start=\"1708\" data-end=\"1741\"><p data-start=\"1710\" data-end=\"1741\">Lembrando suas prefer\u00eancias.<\/p><\/li><li data-start=\"1742\" data-end=\"1900\"><p data-start=\"1744\" data-end=\"1900\">Analisando o tr\u00e1fego do site para melhorar o desempenho.<br data-start=\"1790\" data-end=\"1793\" \/>Voc\u00ea pode desabilitar os cookies nas configura\u00e7\u00f5es do seu navegador; no entanto, alguns recursos do site podem n\u00e3o funcionar corretamente.<\/p><\/li><\/ul><hr data-start=\"1902\" data-end=\"1905\" \/><h3 data-start=\"1907\" data-end=\"1931\"><strong data-start=\"1911\" data-end=\"1929\"><br \/>6. Seus direitos<\/strong><\/h3><ul data-start=\"1932\" data-end=\"2120\"><li data-start=\"1932\" data-end=\"2015\"><p data-start=\"1934\" data-end=\"2015\">Voc\u00ea tem o direito de acessar, atualizar ou excluir seus dados pessoais a qualquer momento.<\/p><\/li><li data-start=\"2016\" data-end=\"2120\"><p data-start=\"2018\" data-end=\"2120\">Voc\u00ea pode cancelar a assinatura de e-mails promocionais clicando no link \u201ccancelar assinatura\u201d em qualquer um dos nossos e-mails.<\/p><\/li><\/ul><hr data-start=\"2122\" data-end=\"2125\" \/><h3 data-start=\"2127\" data-end=\"2170\"><strong data-start=\"2131\" data-end=\"2168\"><br \/>7. Altera\u00e7\u00f5es a esta Pol\u00edtica de Privacidade<\/strong><\/h3><p data-start=\"2171\" data-end=\"2289\">Podemos atualizar esta pol\u00edtica periodicamente. Quaisquer altera\u00e7\u00f5es ser\u00e3o publicadas nesta p\u00e1gina com a data de revis\u00e3o atualizada.<\/p><hr data-start=\"2291\" data-end=\"2294\" \/><h3 data-start=\"2296\" data-end=\"2319\"><strong data-start=\"2300\" data-end=\"2317\"><br \/>8. Contate-nos<\/strong><\/h3><p data-start=\"2320\" data-end=\"2455\">Caso tenha alguma d\u00favida sobre nossa Pol\u00edtica de Privacidade, entre em contato conosco em:<br data-start=\"2393\" data-end=\"2396\" \/><a href=\"mailto:sales@lecmo.com\">sales@lecmo.com<\/a><br data-start=\"2424\" data-end=\"2427\" \/><a href=\"tel:+971508877701\">+971508877701<\/a><\/p><p><!-- \/wp:paragraph --><\/p>\t\t\t\t\t\t\t\t<\/div>\n\t\t\t\t\t<\/div>\n\t\t\t\t<\/div>\n\t\t\t\t<\/div>","protected":false},"excerpt":{"rendered":"<p>Pol\u00edtica de Privacidade \u2013 Loja de Perfumes LECMO \u00daltima atualiza\u00e7\u00e3o: 11 de agosto de 2025 Na LECMO, respeitamos a privacidade dos nossos clientes e estamos<\/p>","protected":false},"author":1,"featured_media":0,"parent":0,"menu_order":0,"comment_status":"closed","ping_status":"open","template":"","meta":{"footnotes":""},"class_list":["post-3","page","type-page","status-publish","hentry"],"_links":{"self":[{"href":"https:\/\/lecmo.com\/pt\/wp-json\/wp\/v2\/pages\/3","targetHints":{"allow":["GET"]}}],"collection":[{"href":"https:\/\/lecmo.com\/pt\/wp-json\/wp\/v2\/pages"}],"about":[{"href":"https:\/\/lecmo.com\/pt\/wp-json\/wp\/v2\/types\/page"}],"author":[{"embeddable":true,"href":"https:\/\/lecmo.com\/pt\/wp-json\/wp\/v2\/users\/1"}],"replies":[{"embeddable":true,"href":"https:\/\/lecmo.com\/pt\/wp-json\/wp\/v2\/comments?post=3"}],"version-history":[{"count":0,"href":"https:\/\/lecmo.com\/pt\/wp-json\/wp\/v2\/pages\/3\/revisions"}],"wp:attachment":[{"href":"https:\/\/lecmo.com\/pt\/wp-json\/wp\/v2\/media?parent=3"}],"curies":[{"name":"wp","href":"https:\/\/api.w.org\/{rel}","templated":true}]}}