{"id":90,"date":"2025-07-21T20:56:55","date_gmt":"2025-07-21T20:56:55","guid":{"rendered":"https:\/\/preview.lecmo.shop\/?post_type=product&#038;p=90"},"modified":"2026-02-10T13:36:57","modified_gmt":"2026-02-10T09:36:57","slug":"nemro-perfume","status":"publish","type":"product","link":"https:\/\/lecmo.com\/fr\/produit\/nemro-perfume\/","title":{"rendered":"Nemro"},"content":{"rendered":"<div data-elementor-type=\"wp-post\" data-elementor-id=\"90\" class=\"elementor elementor-90\">\n\t\t\t\t<div class=\"wd-negative-gap elementor-element elementor-element-a62900c e-flex e-con-boxed e-con e-parent\" data-id=\"a62900c\" data-element_type=\"container\" data-e-type=\"container\">\n\t\t\t\t\t<div class=\"e-con-inner\">\n\t\t\t\t<div class=\"elementor-element elementor-element-ecac976 color-scheme-inherit text-left elementor-widget elementor-widget-text-editor\" data-id=\"ecac976\" data-element_type=\"widget\" data-e-type=\"widget\" data-widget_type=\"text-editor.default\">\n\t\t\t\t\t\t\t\t\t<p><strong>Nemro - Eau de Parfum (55ml)<\/strong><\/p><p class=\"translation-block\">Nemro Eau de Parfum est <strong>bien plus qu\u2019un parfum<\/strong> \u2014 c\u2019est un <strong>signe de distinction<\/strong>.<br>Con\u00e7u pour les femmes qui <strong>captivent sans effort, Nemro offre une forte projection<\/strong> et <strong>une tenue longue dur\u00e9e, laissant une trace audacieuse et inoubliable<\/strong> o\u00f9 que vous alliez.<\/p><p class=\"translation-block\">Une <strong>fusion luxueuse<\/strong> d\u2019<strong>ambre<\/strong>, d\u2019<strong>oud<\/strong> et de <strong>bois pr\u00e9cieux<\/strong> cr\u00e9e un parfum qui incarne <strong>la force intemporelle<\/strong> et la <strong>pure f\u00e9minit\u00e9<\/strong>.<br>Pr\u00e9sent\u00e9 dans un <strong>sac en cuir vert exclusif<\/strong>, chaque ensemble comprend une <strong>pi\u00e8ce Dkhoun<\/strong>, offrant un <strong>voyage olfactif complet<\/strong> o\u00f9 la <strong>sophistication occidentale<\/strong> rencontre <strong>l\u2019\u00e2me de l\u2019Orient<\/strong>.<\/p>\t\t\t\t\t\t\t\t<\/div>\n\t\t\t\t\t<\/div>\n\t\t\t\t<\/div>\n\t\t<div class=\"wd-negative-gap elementor-element elementor-element-a97b6a3 wd-section-stretch e-flex e-con-boxed e-con e-parent\" data-id=\"a97b6a3\" data-element_type=\"container\" data-e-type=\"container\" data-settings=\"{&quot;background_background&quot;:&quot;classic&quot;}\">\n\t\t\t\t\t<div class=\"e-con-inner\">\n\t\t\t\t<div class=\"elementor-element elementor-element-56940d0 elementor-widget elementor-widget-heading\" data-id=\"56940d0\" data-element_type=\"widget\" data-e-type=\"widget\" data-widget_type=\"heading.default\">\n\t\t\t\t\t<h2 class=\"elementor-heading-title elementor-size-default\">Nemro<\/h2>\t\t\t\t<\/div>\n\t\t\t\t<div class=\"elementor-element elementor-element-03ef4fa elementor-widget__width-initial elementor-widget-mobile__width-inherit color-scheme-inherit text-left elementor-widget elementor-widget-text-editor\" data-id=\"03ef4fa\" data-element_type=\"widget\" data-e-type=\"widget\" data-widget_type=\"text-editor.default\">\n\t\t\t\t\t\t\t\t\t<p data-start=\"169\" data-end=\"466\">Ce coffret est pr\u00e9sent\u00e9 dans l&#039;embl\u00e9matique sac en cuir vert de Lecmo, o\u00f9 l&#039;\u00e9l\u00e9gance rencontre le raffinement. De l&#039;ext\u00e9rieur en cuir structur\u00e9 au parfum signature et \u00e0 l&#039;encens raffin\u00e9 qu&#039;il renferme, chaque \u00e9l\u00e9ment refl\u00e8te l&#039;identit\u00e9 de la marque et offre une exp\u00e9rience haut de gamme d\u00e8s le premier instant.<\/p><p style=\"text-align: center;\" data-start=\"468\" data-end=\"521\">Parfait pour un usage personnel ou comme cadeau raffin\u00e9.<\/p>\t\t\t\t\t\t\t\t<\/div>\n\t\t\t\t<div class=\"elementor-element elementor-element-89b7c36 elementor-widget elementor-widget-button\" data-id=\"89b7c36\" data-element_type=\"widget\" data-e-type=\"widget\" data-widget_type=\"button.default\">\n\t\t\t\t\t\t\t\t\t\t<a class=\"elementor-button elementor-button-link elementor-size-sm\" href=\"https:\/\/lecmo.com\/fr\/checkout\/?add-to-cart=90&#038;quantity=1\">\n\t\t\t\t\t\t<span class=\"elementor-button-content-wrapper\">\n\t\t\t\t\t\t\t\t\t<span class=\"elementor-button-text\">ACHETER MAINTENANT<\/span>\n\t\t\t\t\t<\/span>\n\t\t\t\t\t<\/a>\n\t\t\t\t\t\t\t\t<\/div>\n\t\t\t\t\t<\/div>\n\t\t\t\t<\/div>\n\t\t<div class=\"wd-negative-gap elementor-element elementor-element-b3af78d e-flex e-con-boxed e-con e-parent\" data-id=\"b3af78d\" data-element_type=\"container\" data-e-type=\"container\">\n\t\t\t\t\t<div class=\"e-con-inner\">\n\t\t<div class=\"elementor-element elementor-element-cd57145 e-con-full e-flex e-con e-child\" data-id=\"cd57145\" data-element_type=\"container\" data-e-type=\"container\">\n\t\t\t\t<div class=\"elementor-element elementor-element-0d04cae elementor-widget elementor-widget-heading\" data-id=\"0d04cae\" data-element_type=\"widget\" data-e-type=\"widget\" data-widget_type=\"heading.default\">\n\t\t\t\t\t<h3 class=\"elementor-heading-title elementor-size-default\">D\u00e9tails Nemro :<\/h3>\t\t\t\t<\/div>\n\t\t\t\t<div class=\"elementor-element elementor-element-a9f910d color-scheme-inherit text-left elementor-widget elementor-widget-text-editor\" data-id=\"a9f910d\" data-element_type=\"widget\" data-e-type=\"widget\" data-widget_type=\"text-editor.default\">\n\t\t\t\t\t\t\t\t\t<p data-start=\"87\" data-end=\"190\">\u2022&nbsp;&nbsp;<strong data-start=\"92\" data-end=\"122\">D\u00e9claration de distinction<\/strong> \u2013 Con\u00e7u pour les femmes qui rayonnent d&#039;\u00e9l\u00e9gance sans en faire trop.<\/p>\n<p data-start=\"192\" data-end=\"302\">\u2022&nbsp;&nbsp;<strong data-start=\"197\" data-end=\"220\">Profondeur orientale chaleureuse<\/strong> \u2013 Un m\u00e9lange raffin\u00e9 d&#039;ambre et de oud qui procure une sensation riche, sensuelle et inoubliable.<\/p>\n<p data-start=\"304\" data-end=\"416\"><span style=\"font-size: 16px; background-color: transparent;\">\u2022 <\/span><strong data-start=\"423\" data-end=\"446\" style=\"font-size: 16px; background-color: transparent;\">Finition lisse et bois\u00e9e<\/strong><span style=\"font-size: 16px; background-color: transparent;\"> \u2013 Une base sophistiqu\u00e9e qui laisse une magnifique sensation sur la peau.<\/span><\/p>\n<p data-start=\"511\" data-end=\"604\">\u2022 <strong data-start=\"516\" data-end=\"544\">Sillage intense et longue tenue<\/strong> \u2013 Con\u00e7u pour laisser une impression durable o\u00f9 que vous alliez.<\/p>\n<p data-start=\"606\" data-end=\"709\">\u2022 <strong data-start=\"611\" data-end=\"635\">Pr\u00e9sentation \u00e9l\u00e9gante<\/strong> \u2013 Pr\u00e9sent\u00e9e dans un sac en cuir couleur pistache, reflet d&#039;un luxe raffin\u00e9.<\/p>\n<p data-start=\"711\" data-end=\"807\">\u2022&nbsp;&nbsp;<strong data-start=\"716\" data-end=\"738\">Con\u00e7u pour son pouvoir<\/strong> \u2013 Parfait pour les femmes qui dirigent avec assurance et un charisme naturel.<\/p>\t\t\t\t\t\t\t\t<\/div>\n\t\t\t\t<\/div>\n\t\t<div class=\"elementor-element elementor-element-2e3d851 e-con-full e-flex e-con e-child\" data-id=\"2e3d851\" data-element_type=\"container\" data-e-type=\"container\">\n\t\t\t\t<div class=\"elementor-element elementor-element-b8760e7 elementor-widget elementor-widget-image\" data-id=\"b8760e7\" data-element_type=\"widget\" data-e-type=\"widget\" data-widget_type=\"image.default\">\n\t\t\t\t\t\t\t\t\t\t\t\t\t\t\t<img loading=\"lazy\" decoding=\"async\" width=\"774\" height=\"773\" src=\"https:\/\/lecmo.com\/wp-content\/uploads\/Screenshot-2026-01-12-at-4.16.01-PM.png\" class=\"attachment-large size-large wp-image-4232\" alt=\"lecmo perfumes - The Tale of the Lady and the Wolf\" srcset=\"https:\/\/lecmo.com\/wp-content\/uploads\/Screenshot-2026-01-12-at-4.16.01-PM.png 774w, https:\/\/lecmo.com\/wp-content\/uploads\/Screenshot-2026-01-12-at-4.16.01-PM-768x767.png 768w, https:\/\/lecmo.com\/wp-content\/uploads\/Screenshot-2026-01-12-at-4.16.01-PM-12x12.png 12w, https:\/\/lecmo.com\/wp-content\/uploads\/Screenshot-2026-01-12-at-4.16.01-PM-150x150.png 150w\" sizes=\"auto, (max-width: 774px) 100vw, 774px\">\t\t\t\t\t\t\t\t\t\t\t\t\t\t\t<\/div>\n\t\t\t\t<\/div>\n\t\t\t\t\t<\/div>\n\t\t\t\t<\/div>\n\t\t<div class=\"wd-negative-gap elementor-element elementor-element-06473c9 e-flex e-con-boxed e-con e-parent\" data-id=\"06473c9\" data-element_type=\"container\" data-e-type=\"container\">\n\t\t\t\t\t<div class=\"e-con-inner\">\n\t\t<div class=\"elementor-element elementor-element-a05a3ca e-con-full e-flex e-con e-child\" data-id=\"a05a3ca\" data-element_type=\"container\" data-e-type=\"container\">\n\t\t\t\t<div class=\"elementor-element elementor-element-c0b93cc elementor-widget elementor-widget-image\" data-id=\"c0b93cc\" data-element_type=\"widget\" data-e-type=\"widget\" data-widget_type=\"image.default\">\n\t\t\t\t\t\t\t\t\t\t\t\t\t\t\t<img loading=\"lazy\" decoding=\"async\" width=\"1376\" height=\"768\" src=\"https:\/\/lecmo.com\/wp-content\/uploads\/19.png\" class=\"attachment-full size-full wp-image-4231\" alt=\"lecmo perfumes - The Tale of the Lady and the Wolf\" srcset=\"https:\/\/lecmo.com\/wp-content\/uploads\/19.png 1376w, https:\/\/lecmo.com\/wp-content\/uploads\/19-800x447.png 800w, https:\/\/lecmo.com\/wp-content\/uploads\/19-768x429.png 768w, https:\/\/lecmo.com\/wp-content\/uploads\/19-18x10.png 18w, https:\/\/lecmo.com\/wp-content\/uploads\/19-150x84.png 150w\" sizes=\"auto, (max-width: 1376px) 100vw, 1376px\">\t\t\t\t\t\t\t\t\t\t\t\t\t\t\t<\/div>\n\t\t\t\t<\/div>\n\t\t<div class=\"elementor-element elementor-element-a672478 e-con-full e-flex e-con e-child\" data-id=\"a672478\" data-element_type=\"container\" data-e-type=\"container\">\n\t\t\t\t<div class=\"elementor-element elementor-element-a993db9 elementor-widget elementor-widget-heading\" data-id=\"a993db9\" data-element_type=\"widget\" data-e-type=\"widget\" data-widget_type=\"heading.default\">\n\t\t\t\t\t<h3 class=\"elementor-heading-title elementor-size-default\">Notes cl\u00e9s :<\/h3>\t\t\t\t<\/div>\n\t\t\t\t<div class=\"elementor-element elementor-element-6a9df6c color-scheme-inherit text-left elementor-widget elementor-widget-text-editor\" data-id=\"6a9df6c\" data-element_type=\"widget\" data-e-type=\"widget\" data-widget_type=\"text-editor.default\">\n\t\t\t\t\t\t\t\t\t<ul><li><strong>Notes de T\u00eate :<\/strong> Ambre<\/li><li><strong>Notes de C\u0153ur :<\/strong> Oud<\/li><li><strong>Notes de Fond :<\/strong> Notes bois\u00e9es<\/li><\/ul>\t\t\t\t\t\t\t\t<\/div>\n\t\t\t\t<\/div>\n\t\t\t\t\t<\/div>\n\t\t\t\t<\/div>\n\t\t\t\t<\/div>","protected":false},"excerpt":{"rendered":"<p class=\"translation-block\">Nemro Eau de Parfum est bien plus qu\u2019un parfum \u2014 c\u2019est un signe de distinction.\nCon\u00e7u pour les femmes qui captivent sans effort, Nemro offre une forte projection et une tenue longue dur\u00e9e, laissant une trace audacieuse et inoubliable o\u00f9 que vous alliez.<\/p>","protected":false},"featured_media":2302,"comment_status":"open","ping_status":"closed","template":"","meta":[],"product_brand":[31],"product_cat":[19],"product_tag":[],"class_list":{"0":"post-90","1":"product","2":"type-product","3":"status-publish","4":"has-post-thumbnail","6":"product_brand-lecmo","7":"product_cat-lady-bag-perfume-set","9":"first","10":"instock","11":"shipping-taxable","12":"purchasable","13":"product-type-simple"},"_links":{"self":[{"href":"https:\/\/lecmo.com\/fr\/wp-json\/wp\/v2\/product\/90","targetHints":{"allow":["GET"]}}],"collection":[{"href":"https:\/\/lecmo.com\/fr\/wp-json\/wp\/v2\/product"}],"about":[{"href":"https:\/\/lecmo.com\/fr\/wp-json\/wp\/v2\/types\/product"}],"replies":[{"embeddable":true,"href":"https:\/\/lecmo.com\/fr\/wp-json\/wp\/v2\/comments?post=90"}],"version-history":[{"count":0,"href":"https:\/\/lecmo.com\/fr\/wp-json\/wp\/v2\/product\/90\/revisions"}],"wp:featuredmedia":[{"embeddable":true,"href":"https:\/\/lecmo.com\/fr\/wp-json\/wp\/v2\/media\/2302"}],"wp:attachment":[{"href":"https:\/\/lecmo.com\/fr\/wp-json\/wp\/v2\/media?parent=90"}],"wp:term":[{"taxonomy":"product_brand","embeddable":true,"href":"https:\/\/lecmo.com\/fr\/wp-json\/wp\/v2\/product_brand?post=90"},{"taxonomy":"product_cat","embeddable":true,"href":"https:\/\/lecmo.com\/fr\/wp-json\/wp\/v2\/product_cat?post=90"},{"taxonomy":"product_tag","embeddable":true,"href":"https:\/\/lecmo.com\/fr\/wp-json\/wp\/v2\/product_tag?post=90"}],"curies":[{"name":"wp","href":"https:\/\/api.w.org\/{rel}","templated":true}]}}