{"id":891,"date":"2025-08-07T12:47:59","date_gmt":"2025-08-07T12:47:59","guid":{"rendered":"https:\/\/preview.lecmo.shop\/?post_type=product&#038;p=891"},"modified":"2026-04-22T10:52:32","modified_gmt":"2026-04-22T06:52:32","slug":"the-blue-perfume-collection","status":"publish","type":"product","link":"https:\/\/lecmo.com\/fr\/produit\/the-blue-perfume-collection\/","title":{"rendered":"La collection bleue"},"content":{"rendered":"<div data-elementor-type=\"wp-post\" data-elementor-id=\"891\" class=\"elementor elementor-891\">\n\t\t\t\t<div class=\"wd-negative-gap elementor-element elementor-element-1965cb8 e-flex e-con-boxed e-con e-parent\" data-id=\"1965cb8\" data-element_type=\"container\" data-e-type=\"container\">\n\t\t\t\t\t<div class=\"e-con-inner\">\n\t\t\t\t<div class=\"elementor-element elementor-element-7a83927 color-scheme-inherit text-left elementor-widget elementor-widget-text-editor\" data-id=\"7a83927\" data-element_type=\"widget\" data-e-type=\"widget\" data-widget_type=\"text-editor.default\">\n\t\t\t\t\t\t\t\t\t<p class=\"translation-block\">La <strong>Collection Lecmo Blue<\/strong> est pr\u00e9sent\u00e9e comme un v\u00e9ritable symbole de style et de luxe, con\u00e7ue pour offrir bien plus que des parfums, mais plut\u00f4t une exp\u00e9rience personnelle compl\u00e8te. Cet ensemble sp\u00e9cial est soigneusement \u00e9labor\u00e9 avec \u00e9l\u00e9gance.<\/p><p class=\"translation-block\">Il est pr\u00e9sent\u00e9 dans un <strong>magnifique sac en cuir bleu royal<\/strong>, qui contient une <strong>bo\u00eete de parfum de luxe<\/strong> parfaitement emball\u00e9e et d\u00e9cor\u00e9e de fleurs artificielles \u00e9l\u00e9gantes.<\/p><p>La collection comprend :<\/p><ul><li><strong>2 Parfums Signature (50ml)<\/strong><\/li><li><strong>3 Parfums d'entr\u00e9e (25ml)<\/strong><\/li><li><strong>4 pi\u00e8ces de Dkhoun<\/strong><\/li><\/ul><p>Les parfums de la collection m\u00e9langent des notes fruit\u00e9es fra\u00eeches, des floraux doux, des bois chauds et des touches orientales, contribuant tous \u00e0 une exp\u00e9rience inoubliable. La Collection Lecmo Blue est consid\u00e9r\u00e9e comme le Produit Phare de Lecmo, offrant une mani\u00e8re id\u00e9ale de profiter du luxe personnel et de d\u00e9couvrir l\u2019univers de Lecmo de mani\u00e8re riche et unique.<\/p>\t\t\t\t\t\t\t\t<\/div>\n\t\t\t\t\t<\/div>\n\t\t\t\t<\/div>\n\t\t<div class=\"wd-negative-gap elementor-element elementor-element-f62d09e wd-section-stretch e-flex e-con-boxed e-con e-parent\" data-id=\"f62d09e\" data-element_type=\"container\" data-e-type=\"container\" data-settings=\"{&quot;background_background&quot;:&quot;classic&quot;}\">\n\t\t\t\t\t<div class=\"e-con-inner\">\n\t\t\t\t<div class=\"elementor-element elementor-element-f7aec0f elementor-widget elementor-widget-heading\" data-id=\"f7aec0f\" data-element_type=\"widget\" data-e-type=\"widget\" data-widget_type=\"heading.default\">\n\t\t\t\t\t<h2 class=\"elementor-heading-title elementor-size-default\">COLLECTION LECMO BLEU<\/h2>\t\t\t\t<\/div>\n\t\t\t\t<div class=\"elementor-element elementor-element-4f82bc9 elementor-widget__width-initial elementor-widget-mobile__width-inherit color-scheme-inherit text-left elementor-widget elementor-widget-text-editor\" data-id=\"4f82bc9\" data-element_type=\"widget\" data-e-type=\"widget\" data-widget_type=\"text-editor.default\">\n\t\t\t\t\t\t\t\t\t<p class=\"translation-block\">La <strong>Collection Lecmo Blue<\/strong> est pr\u00e9sent\u00e9e comme un v\u00e9ritable symbole de style et de luxe, con\u00e7ue pour offrir bien plus que des parfums, mais plut\u00f4t une exp\u00e9rience personnelle compl\u00e8te. Cet ensemble sp\u00e9cial est soigneusement \u00e9labor\u00e9 avec \u00e9l\u00e9gance.<\/p>\t\t\t\t\t\t\t\t<\/div>\n\t\t\t\t<div class=\"elementor-element elementor-element-a44dd83 elementor-widget elementor-widget-button\" data-id=\"a44dd83\" data-element_type=\"widget\" data-e-type=\"widget\" data-widget_type=\"button.default\">\n\t\t\t\t\t\t\t\t\t\t<a class=\"elementor-button elementor-button-link elementor-size-sm\" href=\"https:\/\/lecmo.com\/fr\/checkout\/?add-to-cart=891&#038;quantity=1\">\n\t\t\t\t\t\t<span class=\"elementor-button-content-wrapper\">\n\t\t\t\t\t\t\t\t\t<span class=\"elementor-button-text\">ACHETER MAINTENANT<\/span>\n\t\t\t\t\t<\/span>\n\t\t\t\t\t<\/a>\n\t\t\t\t\t\t\t\t<\/div>\n\t\t\t\t\t<\/div>\n\t\t\t\t<\/div>\n\t\t<div class=\"wd-negative-gap elementor-element elementor-element-cb4448d e-flex e-con-boxed e-con e-parent\" data-id=\"cb4448d\" data-element_type=\"container\" data-e-type=\"container\">\n\t\t\t\t\t<div class=\"e-con-inner\">\n\t\t<div class=\"elementor-element elementor-element-edb3424 e-con-full e-flex e-con e-child\" data-id=\"edb3424\" data-element_type=\"container\" data-e-type=\"container\">\n\t\t\t\t<div class=\"elementor-element elementor-element-68ed689 elementor-widget elementor-widget-heading\" data-id=\"68ed689\" data-element_type=\"widget\" data-e-type=\"widget\" data-widget_type=\"heading.default\">\n\t\t\t\t\t<h3 class=\"elementor-heading-title elementor-size-default\">Pourquoi LECMO BLUE COLLECTION ?<\/h3>\t\t\t\t<\/div>\n\t\t\t\t<div class=\"elementor-element elementor-element-699bbfd color-scheme-inherit text-left elementor-widget elementor-widget-text-editor\" data-id=\"699bbfd\" data-element_type=\"widget\" data-e-type=\"widget\" data-widget_type=\"text-editor.default\">\n\t\t\t\t\t\t\t\t\t<p class=\"translation-block\">La <strong>collection Lecmo Blue<\/strong> est con\u00e7ue avec minutie pour cr\u00e9er une exp\u00e9rience sensorielle luxueuse et compl\u00e8te gr\u00e2ce \u00e0 plusieurs \u00e9l\u00e9ments cl\u00e9s\u00a0:<\/p><p class=\"translation-block\"><strong>Concept Global de Luxe et d'Exp\u00e9rience<\/strong> : La collection est pr\u00e9sent\u00e9e comme un <strong>v\u00e9ritable symbole de style et de luxe<\/strong> et se distingue par le fait qu\u2019elle offre bien plus que des parfums ; c\u2019est une <strong>exp\u00e9rience personnelle compl\u00e8te, con\u00e7ue avec soin et \u00e9l\u00e9gance<\/strong>. Elle est consid\u00e9r\u00e9e comme le <strong>Produit Phare<\/strong> de LECMO, visant \u00e0 offrir une mani\u00e8re riche et unique de <strong>profiter du luxe personnel<\/strong> et de <strong>d\u00e9couvrir l\u2019univers de LECMO<\/strong>.<\/p><p class=\"translation-block\"><strong>Pr\u00e9sentation exquise\u00a0:<\/strong> le voyage sensoriel commence avant m\u00eame l\u2019ouverture, la collection \u00e9tant pr\u00e9sent\u00e9e dans un <strong>magnifique sac en cuir bleu roi<\/strong> . \u00c0 l\u2019int\u00e9rieur, un <strong>luxueux coffret \u00e0 parfum, parfaitement emball\u00e9 et orn\u00e9 d\u2019\u00e9l\u00e9gantes fleurs artificielles<\/strong> , ajoute une dimension visuelle et tactile de luxe et d\u2019anticipation.<\/p>\t\t\t\t\t\t\t\t<\/div>\n\t\t\t\t<\/div>\n\t\t<div class=\"elementor-element elementor-element-e0b77fc e-con-full e-flex e-con e-child\" data-id=\"e0b77fc\" data-element_type=\"container\" data-e-type=\"container\">\n\t\t\t\t<div class=\"elementor-element elementor-element-6f8e39c elementor-widget elementor-widget-image\" data-id=\"6f8e39c\" data-element_type=\"widget\" data-e-type=\"widget\" data-widget_type=\"image.default\">\n\t\t\t\t\t\t\t\t\t\t\t\t\t\t\t<img loading=\"lazy\" decoding=\"async\" width=\"1366\" height=\"768\" src=\"https:\/\/lecmo.com\/wp-content\/uploads\/LECMO-BLUE-BANNER-3.webp\" class=\"attachment-large size-large wp-image-1754\" alt=\"\u0627\u0644\u0639\u0637\u0631 \u0627\u0644\u0627\u0632\u0631\u0642\" srcset=\"https:\/\/lecmo.com\/wp-content\/uploads\/LECMO-BLUE-BANNER-3.webp 1366w, https:\/\/lecmo.com\/wp-content\/uploads\/LECMO-BLUE-BANNER-3-150x84.webp 150w, https:\/\/lecmo.com\/wp-content\/uploads\/LECMO-BLUE-BANNER-3-800x450.webp 800w, https:\/\/lecmo.com\/wp-content\/uploads\/LECMO-BLUE-BANNER-3-768x432.webp 768w\" sizes=\"auto, (max-width: 1366px) 100vw, 1366px\" \/>\t\t\t\t\t\t\t\t\t\t\t\t\t\t\t<\/div>\n\t\t\t\t<\/div>\n\t\t\t\t\t<\/div>\n\t\t\t\t<\/div>\n\t\t<div class=\"wd-negative-gap elementor-element elementor-element-0839ee5 e-flex e-con-boxed e-con e-parent\" data-id=\"0839ee5\" data-element_type=\"container\" data-e-type=\"container\">\n\t\t\t\t\t<div class=\"e-con-inner\">\n\t\t<div class=\"elementor-element elementor-element-fcdea77 e-con-full e-flex e-con e-child\" data-id=\"fcdea77\" data-element_type=\"container\" data-e-type=\"container\">\n\t\t\t\t<div class=\"elementor-element elementor-element-ccb5107 elementor-widget elementor-widget-image\" data-id=\"ccb5107\" data-element_type=\"widget\" data-e-type=\"widget\" data-widget_type=\"image.default\">\n\t\t\t\t\t\t\t\t\t\t\t\t\t\t\t<img loading=\"lazy\" decoding=\"async\" width=\"1366\" height=\"768\" src=\"https:\/\/lecmo.com\/wp-content\/uploads\/LECMO-BLUE-BANNER-2.webp\" class=\"attachment-large size-large wp-image-1755\" alt=\"lecmo perfumes - The Tale of the Lady and the Wolf\" srcset=\"https:\/\/lecmo.com\/wp-content\/uploads\/LECMO-BLUE-BANNER-2.webp 1366w, https:\/\/lecmo.com\/wp-content\/uploads\/LECMO-BLUE-BANNER-2-150x84.webp 150w, https:\/\/lecmo.com\/wp-content\/uploads\/LECMO-BLUE-BANNER-2-800x450.webp 800w, https:\/\/lecmo.com\/wp-content\/uploads\/LECMO-BLUE-BANNER-2-768x432.webp 768w\" sizes=\"auto, (max-width: 1366px) 100vw, 1366px\">\t\t\t\t\t\t\t\t\t\t\t\t\t\t\t<\/div>\n\t\t\t\t<\/div>\n\t\t<div class=\"elementor-element elementor-element-94eb354 e-con-full e-flex e-con e-child\" data-id=\"94eb354\" data-element_type=\"container\" data-e-type=\"container\">\n\t\t\t\t<div class=\"elementor-element elementor-element-5d201d5 elementor-widget elementor-widget-heading\" data-id=\"5d201d5\" data-element_type=\"widget\" data-e-type=\"widget\" data-widget_type=\"heading.default\">\n\t\t\t\t\t<h3 class=\"elementor-heading-title elementor-size-default\">NOTES CL\u00c9S<\/h3>\t\t\t\t<\/div>\n\t\t\t\t<div class=\"elementor-element elementor-element-0291799 color-scheme-inherit text-left elementor-widget elementor-widget-text-editor\" data-id=\"0291799\" data-element_type=\"widget\" data-e-type=\"widget\" data-widget_type=\"text-editor.default\">\n\t\t\t\t\t\t\t\t\t<h3 data-start=\"407\" data-end=\"431\">LECMO BLUE \u2013 Oud<\/h3><p data-start=\"432\" data-end=\"508\"><strong data-start=\"432\" data-end=\"446\">Points cl\u00e9s :<\/strong> Ananas, oud, iris, poivre rose, patchouli, vanille, musc<\/p><hr data-start=\"510\" data-end=\"513\" \/><h3 data-start=\"515\" data-end=\"549\">LECMO BLUE \u2013 Eau de Parfum<\/h3><p data-start=\"550\" data-end=\"617\"><strong data-start=\"550\" data-end=\"564\">Points cl\u00e9s :<\/strong> Mandarine, jasmin, muguet, musc, santal, ambre<\/p><hr data-start=\"510\" data-end=\"513\" \/><h3 data-start=\"95\" data-end=\"123\">LECMO BLUE \u2013 Poudreux<\/h3><p data-start=\"124\" data-end=\"206\"><strong data-start=\"124\" data-end=\"138\">Points cl\u00e9s :<\/strong> Orange am\u00e8re, jasmin, tub\u00e9reuse, vanille, santal, f\u00e8ve tonka<\/p><hr data-start=\"208\" data-end=\"211\" \/><h3 data-start=\"213\" data-end=\"238\">LECMO BLEU \u2013 Misk<\/h3><p data-start=\"239\" data-end=\"312\"><strong data-start=\"239\" data-end=\"253\">Points cl\u00e9s :<\/strong> Magnolia, violette, musc, ambre doux, vanille, santal<\/p><hr data-start=\"510\" data-end=\"513\" \/><h3 data-start=\"319\" data-end=\"347\">LECMO BLEU \u2013 Cuir<\/h3><p data-start=\"348\" data-end=\"400\"><strong data-start=\"348\" data-end=\"362\">Points cl\u00e9s :<\/strong> Cuir, \u00e9pices, ambre, notes bois\u00e9es<\/p><p data-start=\"550\" data-end=\"617\">\u00a0<\/p>\t\t\t\t\t\t\t\t<\/div>\n\t\t\t\t<\/div>\n\t\t\t\t\t<\/div>\n\t\t\t\t<\/div>\n\t\t\t\t<\/div>","protected":false},"excerpt":{"rendered":"<p>Le<strong>\u00a0Collection bleue<\/strong> est pr\u00e9sent\u00e9 comme un v\u00e9ritable symbole de style et de luxe, con\u00e7u pour offrir plus que de simples parfums, mais plut\u00f4t une exp\u00e9rience personnelle compl\u00e8te. Ce coffret sp\u00e9cial est soigneusement con\u00e7u avec \u00e9l\u00e9gance.<\/p>\n<p class=\"translation-block\">Il est pr\u00e9sent\u00e9 dans un <strong>magnifique sac en cuir bleu royal<\/strong>, qui contient une <strong>bo\u00eete de parfum de luxe<\/strong> parfaitement emball\u00e9e et d\u00e9cor\u00e9e de fleurs artificielles \u00e9l\u00e9gantes.<\/p>\n<p>La collection comprend :<\/p>\n<ul>\n<li>2 Parfums Signature (50ml)<\/li>\n<li>3 Parfums d'entr\u00e9e (25ml)<\/li>\n<li>4 pi\u00e8ces de Dkhoun<\/li>\n<\/ul>","protected":false},"featured_media":2568,"comment_status":"open","ping_status":"closed","template":"","meta":[],"product_brand":[31],"product_cat":[18],"product_tag":[],"class_list":{"0":"post-891","1":"product","2":"type-product","3":"status-publish","4":"has-post-thumbnail","6":"product_brand-lecmo","7":"product_cat-perfume-gift-sets","9":"first","10":"instock","11":"shipping-taxable","12":"purchasable","13":"product-type-simple"},"_links":{"self":[{"href":"https:\/\/lecmo.com\/fr\/wp-json\/wp\/v2\/product\/891","targetHints":{"allow":["GET"]}}],"collection":[{"href":"https:\/\/lecmo.com\/fr\/wp-json\/wp\/v2\/product"}],"about":[{"href":"https:\/\/lecmo.com\/fr\/wp-json\/wp\/v2\/types\/product"}],"replies":[{"embeddable":true,"href":"https:\/\/lecmo.com\/fr\/wp-json\/wp\/v2\/comments?post=891"}],"version-history":[{"count":1,"href":"https:\/\/lecmo.com\/fr\/wp-json\/wp\/v2\/product\/891\/revisions"}],"predecessor-version":[{"id":5368,"href":"https:\/\/lecmo.com\/fr\/wp-json\/wp\/v2\/product\/891\/revisions\/5368"}],"wp:featuredmedia":[{"embeddable":true,"href":"https:\/\/lecmo.com\/fr\/wp-json\/wp\/v2\/media\/2568"}],"wp:attachment":[{"href":"https:\/\/lecmo.com\/fr\/wp-json\/wp\/v2\/media?parent=891"}],"wp:term":[{"taxonomy":"product_brand","embeddable":true,"href":"https:\/\/lecmo.com\/fr\/wp-json\/wp\/v2\/product_brand?post=891"},{"taxonomy":"product_cat","embeddable":true,"href":"https:\/\/lecmo.com\/fr\/wp-json\/wp\/v2\/product_cat?post=891"},{"taxonomy":"product_tag","embeddable":true,"href":"https:\/\/lecmo.com\/fr\/wp-json\/wp\/v2\/product_tag?post=891"}],"curies":[{"name":"wp","href":"https:\/\/api.w.org\/{rel}","templated":true}]}}