{"id":887,"date":"2025-08-07T12:45:53","date_gmt":"2025-08-07T12:45:53","guid":{"rendered":"https:\/\/preview.lecmo.shop\/?post_type=product&#038;p=887"},"modified":"2026-02-16T11:54:11","modified_gmt":"2026-02-16T07:54:11","slug":"tahaadow-perfume-collection","status":"publish","type":"product","link":"https:\/\/lecmo.com\/fr\/produit\/tahaadow-perfume-collection\/","title":{"rendered":"Collection Tahaadow"},"content":{"rendered":"<div data-elementor-type=\"wp-post\" data-elementor-id=\"887\" class=\"elementor elementor-887\">\n\t\t\t\t<div class=\"wd-negative-gap elementor-element elementor-element-9826180 wd-section-stretch e-flex e-con-boxed e-con e-parent\" data-id=\"9826180\" data-element_type=\"container\" data-e-type=\"container\" data-settings=\"{&quot;background_background&quot;:&quot;classic&quot;}\">\n\t\t\t\t\t<div class=\"e-con-inner\">\n\t\t\t\t<div class=\"elementor-element elementor-element-945024c elementor-widget elementor-widget-heading\" data-id=\"945024c\" data-element_type=\"widget\" data-e-type=\"widget\" data-widget_type=\"heading.default\">\n\t\t\t\t\t<h2 class=\"elementor-heading-title elementor-size-default\">Collection Tahaadow<\/h2>\t\t\t\t<\/div>\n\t\t\t\t<div class=\"elementor-element elementor-element-86201ab text-center color-scheme-inherit elementor-widget elementor-widget-text-editor\" data-id=\"86201ab\" data-element_type=\"widget\" data-e-type=\"widget\" data-widget_type=\"text-editor.default\">\n\t\t\t\t\t\t\t\t\t<h3 style=\"text-align: center;\">Pr\u00e9sent\u00e9e dans un \u00e9tui en cuir haut de gamme, la collection Tahadow comprend 5 eaux de parfum embl\u00e9matiques et 4 encens de luxe \u2014 une exp\u00e9rience olfactive compl\u00e8te con\u00e7ue pour un usage personnel raffin\u00e9 ou pour offrir en cadeau avec distinction.<\/h3>\t\t\t\t\t\t\t\t<\/div>\n\t\t\t\t<div class=\"elementor-element elementor-element-6848b09 elementor-widget elementor-widget-button\" data-id=\"6848b09\" data-element_type=\"widget\" data-e-type=\"widget\" data-widget_type=\"button.default\">\n\t\t\t\t\t\t\t\t\t\t<a class=\"elementor-button elementor-button-link elementor-size-sm\" href=\"https:\/\/lecmo.com\/fr\/checkout\/?add-to-cart=887&#038;quantity=1\">\n\t\t\t\t\t\t<span class=\"elementor-button-content-wrapper\">\n\t\t\t\t\t\t\t\t\t<span class=\"elementor-button-text\">ACHETER MAINTENANT<\/span>\n\t\t\t\t\t<\/span>\n\t\t\t\t\t<\/a>\n\t\t\t\t\t\t\t\t<\/div>\n\t\t\t\t\t<\/div>\n\t\t\t\t<\/div>\n\t\t<div class=\"wd-negative-gap elementor-element elementor-element-f23ed58 e-flex e-con-boxed e-con e-parent\" data-id=\"f23ed58\" data-element_type=\"container\" data-e-type=\"container\">\n\t\t\t\t\t<div class=\"e-con-inner\">\n\t\t<div class=\"elementor-element elementor-element-eb180c8 e-con-full e-flex e-con e-child\" data-id=\"eb180c8\" data-element_type=\"container\" data-e-type=\"container\">\n\t\t\t\t<div class=\"elementor-element elementor-element-642acef elementor-widget elementor-widget-heading\" data-id=\"642acef\" data-element_type=\"widget\" data-e-type=\"widget\" data-widget_type=\"heading.default\">\n\t\t\t\t\t<h3 class=\"elementor-heading-title elementor-size-default\">BLEU <span style=\"color:#A7896A;font-size:18px\">Eau de parfum <\/span><\/h3>\t\t\t\t<\/div>\n\t\t\t\t<div class=\"elementor-element elementor-element-a19bfa5 color-scheme-inherit text-left elementor-widget elementor-widget-text-editor\" data-id=\"a19bfa5\" data-element_type=\"widget\" data-e-type=\"widget\" data-widget_type=\"text-editor.default\">\n\t\t\t\t\t\t\t\t\tBlue EDP est un m\u00e9lange de jasmin, de bois de santal, de mandarine et de musc, con\u00e7u pour cr\u00e9er une exp\u00e9rience olfactive remarquable qui d\u00e9finit notre essence du luxe.\t\t\t\t\t\t\t\t<\/div>\n\t\t\t\t<div class=\"elementor-element elementor-element-c34d580 elementor-widget elementor-widget-heading\" data-id=\"c34d580\" data-element_type=\"widget\" data-e-type=\"widget\" data-widget_type=\"heading.default\">\n\t\t\t\t\t<h3 class=\"elementor-heading-title elementor-size-default\">INFORMATIONS COMPL\u00c9MENTAIRES<\/h3>\t\t\t\t<\/div>\n\t\t\t\t<div class=\"elementor-element elementor-element-fe2b0b3 color-scheme-inherit text-left elementor-widget elementor-widget-text-editor\" data-id=\"fe2b0b3\" data-element_type=\"widget\" data-e-type=\"widget\" data-widget_type=\"text-editor.default\">\n\t\t\t\t\t\t\t\t\t<ul><li class=\"translation-block\"><strong>Famille Olfactive :<\/strong> Florale<\/li><li class=\"translation-block\"><strong>Notes de t\u00eate :<\/strong> Agrumes, mandarine, coriandre, jasmin<\/li><li class=\"translation-block\"><strong>Milieu :<\/strong> Muguet, Musk<\/li><li class=\"translation-block\"><strong>Base :<\/strong> Sandale, Ambre<\/li><li class=\"translation-block\"><strong>Couleur de la bo\u00eete :<\/strong> bleue<\/li><li class=\"translation-block\"><strong>Couleur du sac :<\/strong> Rouge<\/li><li><strong>Marque :<\/strong> Lecmo<\/li><li><strong>Volume :<\/strong> 50 ml<\/li><li><strong>Genre :<\/strong> Unisexe<\/li><li class=\"translation-block\"><strong>Fonction du Produit :<\/strong> Eau de Parfum<\/li><\/ul>\t\t\t\t\t\t\t\t<\/div>\n\t\t\t\t<\/div>\n\t\t<div class=\"elementor-element elementor-element-7312149 e-con-full e-flex e-con e-child\" data-id=\"7312149\" data-element_type=\"container\" data-e-type=\"container\">\n\t\t\t\t<div class=\"elementor-element elementor-element-727ed3f elementor-widget elementor-widget-image\" data-id=\"727ed3f\" data-element_type=\"widget\" data-e-type=\"widget\" data-widget_type=\"image.default\">\n\t\t\t\t\t\t\t\t\t\t\t\t\t\t\t<img loading=\"lazy\" decoding=\"async\" width=\"1480\" height=\"644\" src=\"https:\/\/lecmo.com\/wp-content\/uploads\/elegant-skin-care-banner-design_23-2149480149.jpg\" class=\"attachment-large size-large wp-image-2464\" alt=\"lecmo perfumes - The Tale of the Lady and the Wolf\" srcset=\"https:\/\/lecmo.com\/wp-content\/uploads\/elegant-skin-care-banner-design_23-2149480149.jpg 1480w, https:\/\/lecmo.com\/wp-content\/uploads\/elegant-skin-care-banner-design_23-2149480149-150x65.jpg 150w, https:\/\/lecmo.com\/wp-content\/uploads\/elegant-skin-care-banner-design_23-2149480149-800x348.jpg 800w, https:\/\/lecmo.com\/wp-content\/uploads\/elegant-skin-care-banner-design_23-2149480149-768x334.jpg 768w\" sizes=\"auto, (max-width: 1480px) 100vw, 1480px\">\t\t\t\t\t\t\t\t\t\t\t\t\t\t\t<\/div>\n\t\t\t\t<\/div>\n\t\t\t\t\t<\/div>\n\t\t\t\t<\/div>\n\t\t<div class=\"wd-negative-gap elementor-element elementor-element-500e4e2 e-flex e-con-boxed e-con e-parent\" data-id=\"500e4e2\" data-element_type=\"container\" data-e-type=\"container\">\n\t\t\t\t\t<div class=\"e-con-inner\">\n\t\t<div class=\"elementor-element elementor-element-737e682 e-con-full e-flex e-con e-child\" data-id=\"737e682\" data-element_type=\"container\" data-e-type=\"container\">\n\t\t\t\t<div class=\"elementor-element elementor-element-d0a4f9e elementor-widget elementor-widget-image\" data-id=\"d0a4f9e\" data-element_type=\"widget\" data-e-type=\"widget\" data-widget_type=\"image.default\">\n\t\t\t\t\t\t\t\t\t\t\t\t\t\t\t<img loading=\"lazy\" decoding=\"async\" width=\"1480\" height=\"644\" src=\"https:\/\/lecmo.com\/wp-content\/uploads\/elegant-skin-care-banner-design_23-2149480149.jpg\" class=\"attachment-large size-large wp-image-2464\" alt=\"lecmo perfumes - The Tale of the Lady and the Wolf\" srcset=\"https:\/\/lecmo.com\/wp-content\/uploads\/elegant-skin-care-banner-design_23-2149480149.jpg 1480w, https:\/\/lecmo.com\/wp-content\/uploads\/elegant-skin-care-banner-design_23-2149480149-150x65.jpg 150w, https:\/\/lecmo.com\/wp-content\/uploads\/elegant-skin-care-banner-design_23-2149480149-800x348.jpg 800w, https:\/\/lecmo.com\/wp-content\/uploads\/elegant-skin-care-banner-design_23-2149480149-768x334.jpg 768w\" sizes=\"auto, (max-width: 1480px) 100vw, 1480px\">\t\t\t\t\t\t\t\t\t\t\t\t\t\t\t<\/div>\n\t\t\t\t<\/div>\n\t\t<div class=\"elementor-element elementor-element-28f4fd1 e-con-full e-flex e-con e-child\" data-id=\"28f4fd1\" data-element_type=\"container\" data-e-type=\"container\">\n\t\t\t\t<div class=\"elementor-element elementor-element-9faf60c elementor-widget elementor-widget-heading\" data-id=\"9faf60c\" data-element_type=\"widget\" data-e-type=\"widget\" data-widget_type=\"heading.default\">\n\t\t\t\t\t<h3 class=\"elementor-heading-title elementor-size-default\">BLEU <span style=\"color:#A7896A;font-size:18px\">Oud<\/span><\/h3>\t\t\t\t<\/div>\n\t\t\t\t<div class=\"elementor-element elementor-element-68639bb color-scheme-inherit text-left elementor-widget elementor-widget-text-editor\" data-id=\"68639bb\" data-element_type=\"widget\" data-e-type=\"widget\" data-widget_type=\"text-editor.default\">\n\t\t\t\t\t\t\t\t\t<p>Blue Oud - A Signature of Captivating Elegance, il marque une entr\u00e9e distingu\u00e9e dans cette collection, o\u00f9 l'\u00e9clat fruit\u00e9 s'harmonise avec la profondeur du oud et la douceur des notes florales. Le r\u00e9sultat est une essence captivante qui \u00e9quilibre richesse et raffinement, laissant un sillage d'allure intemporelle.<\/p>\t\t\t\t\t\t\t\t<\/div>\n\t\t\t\t<div class=\"elementor-element elementor-element-48ed957 elementor-widget elementor-widget-heading\" data-id=\"48ed957\" data-element_type=\"widget\" data-e-type=\"widget\" data-widget_type=\"heading.default\">\n\t\t\t\t\t<h3 class=\"elementor-heading-title elementor-size-default\">INFORMATIONS COMPL\u00c9MENTAIRES<\/h3>\t\t\t\t<\/div>\n\t\t\t\t<div class=\"elementor-element elementor-element-9219816 color-scheme-inherit text-left elementor-widget elementor-widget-text-editor\" data-id=\"9219816\" data-element_type=\"widget\" data-e-type=\"widget\" data-widget_type=\"text-editor.default\">\n\t\t\t\t\t\t\t\t\t<ul><li class=\"translation-block\"><strong>Famille olfactive :<\/strong> Orientale<\/li><li><strong>Notes de T\u00eate :<\/strong> Jacinthe, ananas, Oud<\/li><li><strong>Notes de C\u0153ur :<\/strong> Iris, Jasmin, Poivre rose<\/li><li><strong>Notes de Fond :<\/strong> V\u00e9tiver, Musc, Patchouli, Vanille, Oud<\/li><li class=\"translation-block\"><strong>Couleur de la bo\u00eete :<\/strong> bleue<\/li><li class=\"translation-block\"><strong>Couleur du sac :<\/strong> Rouge<\/li><li><strong>Marque :<\/strong> Lecmo<\/li><li><strong>Volume :<\/strong> 50 ml<\/li><li><strong>Genre :<\/strong> Unisexe<\/li><li class=\"translation-block\"><strong>Fonction du Produit :<\/strong> Eau de Parfum<\/li><\/ul>\t\t\t\t\t\t\t\t<\/div>\n\t\t\t\t<\/div>\n\t\t\t\t\t<\/div>\n\t\t\t\t<\/div>\n\t\t<div class=\"wd-negative-gap elementor-element elementor-element-d4fad55 e-flex e-con-boxed e-con e-parent\" data-id=\"d4fad55\" data-element_type=\"container\" data-e-type=\"container\">\n\t\t\t\t\t<div class=\"e-con-inner\">\n\t\t<div class=\"elementor-element elementor-element-700ea51 e-con-full e-flex e-con e-child\" data-id=\"700ea51\" data-element_type=\"container\" data-e-type=\"container\">\n\t\t\t\t<div class=\"elementor-element elementor-element-b5c3e02 elementor-widget elementor-widget-heading\" data-id=\"b5c3e02\" data-element_type=\"widget\" data-e-type=\"widget\" data-widget_type=\"heading.default\">\n\t\t\t\t\t<h3 class=\"elementor-heading-title elementor-size-default\">ROUGE <span style=\"color:#A7896A;font-size:18px\">Eau de parfum <\/span><\/h3>\t\t\t\t<\/div>\n\t\t\t\t<div class=\"elementor-element elementor-element-c57bc20 color-scheme-inherit text-left elementor-widget elementor-widget-text-editor\" data-id=\"c57bc20\" data-element_type=\"widget\" data-e-type=\"widget\" data-widget_type=\"text-editor.default\">\n\t\t\t\t\t\t\t\t\tRed EDP - Vibrance with Refined Elegance, s'ouvre sur une explosion radieuse d'agrumes et de fruits, s'\u00e9panouissant gracieusement dans un musc floral d\u00e9licat. Cet \u00e9quilibre harmonieux entre fra\u00eecheur vibrante et profondeur raffin\u00e9e cr\u00e9e un parfum \u00e0 la fois moderne et intemporel, qui laisse un sillage inoubliable de sophistication.\t\t\t\t\t\t\t\t<\/div>\n\t\t\t\t<div class=\"elementor-element elementor-element-456bd66 elementor-widget elementor-widget-heading\" data-id=\"456bd66\" data-element_type=\"widget\" data-e-type=\"widget\" data-widget_type=\"heading.default\">\n\t\t\t\t\t<h3 class=\"elementor-heading-title elementor-size-default\">INFORMATIONS COMPL\u00c9MENTAIRES<\/h3>\t\t\t\t<\/div>\n\t\t\t\t<div class=\"elementor-element elementor-element-44539b8 color-scheme-inherit text-left elementor-widget elementor-widget-text-editor\" data-id=\"44539b8\" data-element_type=\"widget\" data-e-type=\"widget\" data-widget_type=\"text-editor.default\">\n\t\t\t\t\t\t\t\t\t<ul><li class=\"translation-block\"><strong>Famille Olfactive :<\/strong> Florale<\/li><li><strong>Notes de T\u00eate :<\/strong> Bergamote, Litchi, P\u00eache<\/li><li><strong>Notes de C\u0153ur :<\/strong> Jasmin, pivoine, fleur d'oranger<\/li><li><strong>Notes de Fond :<\/strong> Notes bois\u00e9es, mousse, musc<\/li><li class=\"translation-block\"><strong>Couleur de la bo\u00eete :<\/strong> bleue<\/li><li class=\"translation-block\"><strong>Couleur du sac :<\/strong> Rouge<\/li><li><strong>Marque :<\/strong> Lecmo<\/li><li><strong>Volume :<\/strong> 25 ml<\/li><li><strong>Genre :<\/strong> Unisexe<br \/><strong>Fonction du produit :<\/strong> Eau de parfum<\/li><\/ul>\t\t\t\t\t\t\t\t<\/div>\n\t\t\t\t<\/div>\n\t\t<div class=\"elementor-element elementor-element-2396664 e-con-full e-flex e-con e-child\" data-id=\"2396664\" data-element_type=\"container\" data-e-type=\"container\">\n\t\t\t\t<div class=\"elementor-element elementor-element-836d6fc elementor-widget elementor-widget-image\" data-id=\"836d6fc\" data-element_type=\"widget\" data-e-type=\"widget\" data-widget_type=\"image.default\">\n\t\t\t\t\t\t\t\t\t\t\t\t\t\t\t<img loading=\"lazy\" decoding=\"async\" width=\"1480\" height=\"644\" src=\"https:\/\/lecmo.com\/wp-content\/uploads\/elegant-skin-care-banner-design_23-2149480149.jpg\" class=\"attachment-large size-large wp-image-2464\" alt=\"lecmo perfumes - The Tale of the Lady and the Wolf\" srcset=\"https:\/\/lecmo.com\/wp-content\/uploads\/elegant-skin-care-banner-design_23-2149480149.jpg 1480w, https:\/\/lecmo.com\/wp-content\/uploads\/elegant-skin-care-banner-design_23-2149480149-150x65.jpg 150w, https:\/\/lecmo.com\/wp-content\/uploads\/elegant-skin-care-banner-design_23-2149480149-800x348.jpg 800w, https:\/\/lecmo.com\/wp-content\/uploads\/elegant-skin-care-banner-design_23-2149480149-768x334.jpg 768w\" sizes=\"auto, (max-width: 1480px) 100vw, 1480px\">\t\t\t\t\t\t\t\t\t\t\t\t\t\t\t<\/div>\n\t\t\t\t<\/div>\n\t\t\t\t\t<\/div>\n\t\t\t\t<\/div>\n\t\t<div class=\"wd-negative-gap elementor-element elementor-element-ae9213d e-flex e-con-boxed e-con e-parent\" data-id=\"ae9213d\" data-element_type=\"container\" data-e-type=\"container\">\n\t\t\t\t\t<div class=\"e-con-inner\">\n\t\t<div class=\"elementor-element elementor-element-cf1b97c e-con-full e-flex e-con e-child\" data-id=\"cf1b97c\" data-element_type=\"container\" data-e-type=\"container\">\n\t\t\t\t<div class=\"elementor-element elementor-element-09a2785 elementor-widget elementor-widget-image\" data-id=\"09a2785\" data-element_type=\"widget\" data-e-type=\"widget\" data-widget_type=\"image.default\">\n\t\t\t\t\t\t\t\t\t\t\t\t\t\t\t<img loading=\"lazy\" decoding=\"async\" width=\"1480\" height=\"644\" src=\"https:\/\/lecmo.com\/wp-content\/uploads\/elegant-skin-care-banner-design_23-2149480149.jpg\" class=\"attachment-large size-large wp-image-2464\" alt=\"lecmo perfumes - The Tale of the Lady and the Wolf\" srcset=\"https:\/\/lecmo.com\/wp-content\/uploads\/elegant-skin-care-banner-design_23-2149480149.jpg 1480w, https:\/\/lecmo.com\/wp-content\/uploads\/elegant-skin-care-banner-design_23-2149480149-150x65.jpg 150w, https:\/\/lecmo.com\/wp-content\/uploads\/elegant-skin-care-banner-design_23-2149480149-800x348.jpg 800w, https:\/\/lecmo.com\/wp-content\/uploads\/elegant-skin-care-banner-design_23-2149480149-768x334.jpg 768w\" sizes=\"auto, (max-width: 1480px) 100vw, 1480px\">\t\t\t\t\t\t\t\t\t\t\t\t\t\t\t<\/div>\n\t\t\t\t<\/div>\n\t\t<div class=\"elementor-element elementor-element-281930a e-con-full e-flex e-con e-child\" data-id=\"281930a\" data-element_type=\"container\" data-e-type=\"container\">\n\t\t\t\t<div class=\"elementor-element elementor-element-2b24e75 elementor-widget elementor-widget-heading\" data-id=\"2b24e75\" data-element_type=\"widget\" data-e-type=\"widget\" data-widget_type=\"heading.default\">\n\t\t\t\t\t<h3 class=\"elementor-heading-title elementor-size-default\">ROUGE <span style=\"color:#A7896A;font-size:18px\">Misk<\/span><\/h3>\t\t\t\t<\/div>\n\t\t\t\t<div class=\"elementor-element elementor-element-bb035b7 color-scheme-inherit text-left elementor-widget elementor-widget-text-editor\" data-id=\"bb035b7\" data-element_type=\"widget\" data-e-type=\"widget\" data-widget_type=\"text-editor.default\">\n\t\t\t\t\t\t\t\t\tRed EDP - Vibrance with Refined Elegance, s'ouvre sur une explosion radieuse d'agrumes et de fruits, s'\u00e9panouissant gracieusement dans un musc floral d\u00e9licat. Cet \u00e9quilibre harmonieux entre fra\u00eecheur vibrante et profondeur raffin\u00e9e cr\u00e9e un parfum \u00e0 la fois moderne et intemporel, qui laisse un sillage inoubliable de sophistication.\t\t\t\t\t\t\t\t<\/div>\n\t\t\t\t<div class=\"elementor-element elementor-element-d323108 elementor-widget elementor-widget-heading\" data-id=\"d323108\" data-element_type=\"widget\" data-e-type=\"widget\" data-widget_type=\"heading.default\">\n\t\t\t\t\t<h3 class=\"elementor-heading-title elementor-size-default\">INFORMATIONS COMPL\u00c9MENTAIRES<\/h3>\t\t\t\t<\/div>\n\t\t\t\t<div class=\"elementor-element elementor-element-ee959cb color-scheme-inherit text-left elementor-widget elementor-widget-text-editor\" data-id=\"ee959cb\" data-element_type=\"widget\" data-e-type=\"widget\" data-widget_type=\"text-editor.default\">\n\t\t\t\t\t\t\t\t\t<ul><li class=\"translation-block\"><strong>Famille Olfactive :<\/strong> Florale<\/li><li><strong>Notes de T\u00eate :<\/strong> Bergamote, Litchi, P\u00eache<\/li><li><strong>Notes de C\u0153ur :<\/strong> Jasmin, pivoine, fleur d'oranger<\/li><li><strong>Notes de Fond :<\/strong> Notes bois\u00e9es, mousse, musc<\/li><li class=\"translation-block\"><strong>Couleur de la bo\u00eete :<\/strong> bleue<\/li><li class=\"translation-block\"><strong>Couleur du sac :<\/strong> Rouge<\/li><li><strong>Marque :<\/strong> Lecmo<\/li><li><strong>Volume :<\/strong> 25 ml<\/li><li><strong>Genre :<\/strong> Unisexe<\/li><li class=\"translation-block\"><strong>Fonction du Produit :<\/strong> Eau de Parfum<\/li><\/ul>\t\t\t\t\t\t\t\t<\/div>\n\t\t\t\t<\/div>\n\t\t\t\t\t<\/div>\n\t\t\t\t<\/div>\n\t\t<div class=\"wd-negative-gap elementor-element elementor-element-9f19146 e-flex e-con-boxed e-con e-parent\" data-id=\"9f19146\" data-element_type=\"container\" data-e-type=\"container\">\n\t\t\t\t\t<div class=\"e-con-inner\">\n\t\t<div class=\"elementor-element elementor-element-81d3293 e-con-full e-flex e-con e-child\" data-id=\"81d3293\" data-element_type=\"container\" data-e-type=\"container\">\n\t\t\t\t<div class=\"elementor-element elementor-element-c871f9e elementor-widget elementor-widget-heading\" data-id=\"c871f9e\" data-element_type=\"widget\" data-e-type=\"widget\" data-widget_type=\"heading.default\">\n\t\t\t\t\t<h3 class=\"elementor-heading-title elementor-size-default\">ROUGE <span style=\"color:#A7896A;font-size:18px\">Cuir<\/span><\/h3>\t\t\t\t<\/div>\n\t\t\t\t<div class=\"elementor-element elementor-element-61f0785 color-scheme-inherit text-left elementor-widget elementor-widget-text-editor\" data-id=\"61f0785\" data-element_type=\"widget\" data-e-type=\"widget\" data-widget_type=\"text-editor.default\">\n\t\t\t\t\t\t\t\t\tRed Leather - Power Meets Elegance, est une cr\u00e9ation audacieuse et distinctive, m\u00ealant de riches \u00e9pices \u00e0 un cuir lisse et \u00e0 des accords bois\u00e9s ambr\u00e9s profonds. V\u00e9ritable parfum d'affirmation, il respire la force, la sophistication et l'allure intemporelle, parfait pour ceux qui attirent l'attention.\t\t\t\t\t\t\t\t<\/div>\n\t\t\t\t<div class=\"elementor-element elementor-element-4d5841c elementor-widget elementor-widget-heading\" data-id=\"4d5841c\" data-element_type=\"widget\" data-e-type=\"widget\" data-widget_type=\"heading.default\">\n\t\t\t\t\t<h3 class=\"elementor-heading-title elementor-size-default\">INFORMATIONS COMPL\u00c9MENTAIRES<\/h3>\t\t\t\t<\/div>\n\t\t\t\t<div class=\"elementor-element elementor-element-766e08b color-scheme-inherit text-left elementor-widget elementor-widget-text-editor\" data-id=\"766e08b\" data-element_type=\"widget\" data-e-type=\"widget\" data-widget_type=\"text-editor.default\">\n\t\t\t\t\t\t\t\t\t<ul><li><strong>Famille olfactive :<\/strong> Cuir<\/li><li><strong>Notes de T\u00eate :<\/strong> Notes \u00e9pic\u00e9es, cuir<\/li><li><strong>Notes de C\u0153ur :<\/strong> Woody Ambery<\/li><li><strong>Notes de Fond :<\/strong> Cuir d'ambre, bois<\/li><li class=\"translation-block\"><strong>Couleur de la bo\u00eete :<\/strong> bleue<\/li><li class=\"translation-block\"><strong>Couleur du sac :<\/strong> Rouge<\/li><li><strong>Marque :<\/strong> Lecmo<\/li><li><strong>Volume :<\/strong> 25 ml<\/li><li><strong>Genre :<\/strong> Unisexe<\/li><li class=\"translation-block\"><strong>Fonction du Produit :<\/strong> Eau de Parfum<\/li><\/ul>\t\t\t\t\t\t\t\t<\/div>\n\t\t\t\t<\/div>\n\t\t<div class=\"elementor-element elementor-element-a0a256b e-con-full e-flex e-con e-child\" data-id=\"a0a256b\" data-element_type=\"container\" data-e-type=\"container\">\n\t\t\t\t<div class=\"elementor-element elementor-element-bbdf810 elementor-widget elementor-widget-image\" data-id=\"bbdf810\" data-element_type=\"widget\" data-e-type=\"widget\" data-widget_type=\"image.default\">\n\t\t\t\t\t\t\t\t\t\t\t\t\t\t\t<img loading=\"lazy\" decoding=\"async\" width=\"1480\" height=\"644\" src=\"https:\/\/lecmo.com\/wp-content\/uploads\/elegant-skin-care-banner-design_23-2149480149.jpg\" class=\"attachment-large size-large wp-image-2464\" alt=\"lecmo perfumes - The Tale of the Lady and the Wolf\" srcset=\"https:\/\/lecmo.com\/wp-content\/uploads\/elegant-skin-care-banner-design_23-2149480149.jpg 1480w, https:\/\/lecmo.com\/wp-content\/uploads\/elegant-skin-care-banner-design_23-2149480149-150x65.jpg 150w, https:\/\/lecmo.com\/wp-content\/uploads\/elegant-skin-care-banner-design_23-2149480149-800x348.jpg 800w, https:\/\/lecmo.com\/wp-content\/uploads\/elegant-skin-care-banner-design_23-2149480149-768x334.jpg 768w\" sizes=\"auto, (max-width: 1480px) 100vw, 1480px\">\t\t\t\t\t\t\t\t\t\t\t\t\t\t\t<\/div>\n\t\t\t\t<\/div>\n\t\t\t\t\t<\/div>\n\t\t\t\t<\/div>\n\t\t\t\t<\/div>","protected":false},"excerpt":{"rendered":"<div class=\"xdj266r x14z9mp xat24cr x1lziwak x1vvkbs x126k92a\">\n<div dir=\"auto\">Contenir :<\/div>\n<ul>\n<li dir=\"auto\" class=\"translation-block\"><strong>BLUE Eau de Parfum :<\/strong> Blue EDP, un m\u00e9lange signature de jasmin, de santal, de mandarine et de musc.<\/li>\n<li dir=\"auto\" class=\"translation-block\"><strong>BLUE Oud :<\/strong> Blue Oud \u2014 Signature d&#039;une \u00e9l\u00e9gance captivante, il constitue une entr\u00e9e remarquable dans cette collection<\/li>\n<li dir=\"auto\" class=\"translation-block\"><strong>RED Eau de Parfum<\/strong> : Red EDP \u2014 Une fragrance vibrante et \u00e9l\u00e9gante. Elle s&#039;ouvre sur une explosion d&#039;agrumes et de fruits, qui se d\u00e9ploie avec gr\u00e2ce en un musc floral d\u00e9licat. Cet \u00e9quilibre harmonieux entre fra\u00eecheur et profondeur raffin\u00e9e cr\u00e9e un parfum \u00e0 la fois moderne et intemporel, laissant un sillage de sophistication inoubliable.<\/li>\n<li dir=\"auto\" class=\"translation-block\"><strong>RED Misk<\/strong> : Eau de Parfum Rouge \u2014 Vibrance et \u00e9l\u00e9gance raffin\u00e9e<\/li>\n<li dir=\"auto\" class=\"translation-block\"><strong>Cuir Rouge<\/strong> : Cuir Rouge \u2014 L&#039;alliance parfaite de la puissance et de l&#039;\u00e9l\u00e9gance. Un parfum affirm\u00e9, qui exhale force, sophistication et un charme intemporel, id\u00e9al pour celles et ceux qui ne passent pas inaper\u00e7us.<\/li>\n<\/ul>\n<\/div>","protected":false},"featured_media":3185,"comment_status":"open","ping_status":"closed","template":"","meta":[],"product_brand":[31],"product_cat":[18],"product_tag":[],"class_list":{"0":"post-887","1":"product","2":"type-product","3":"status-publish","4":"has-post-thumbnail","6":"product_brand-lecmo","7":"product_cat-perfume-gift-sets","9":"first","10":"instock","11":"shipping-taxable","12":"purchasable","13":"product-type-simple"},"_links":{"self":[{"href":"https:\/\/lecmo.com\/fr\/wp-json\/wp\/v2\/product\/887","targetHints":{"allow":["GET"]}}],"collection":[{"href":"https:\/\/lecmo.com\/fr\/wp-json\/wp\/v2\/product"}],"about":[{"href":"https:\/\/lecmo.com\/fr\/wp-json\/wp\/v2\/types\/product"}],"replies":[{"embeddable":true,"href":"https:\/\/lecmo.com\/fr\/wp-json\/wp\/v2\/comments?post=887"}],"version-history":[{"count":0,"href":"https:\/\/lecmo.com\/fr\/wp-json\/wp\/v2\/product\/887\/revisions"}],"wp:featuredmedia":[{"embeddable":true,"href":"https:\/\/lecmo.com\/fr\/wp-json\/wp\/v2\/media\/3185"}],"wp:attachment":[{"href":"https:\/\/lecmo.com\/fr\/wp-json\/wp\/v2\/media?parent=887"}],"wp:term":[{"taxonomy":"product_brand","embeddable":true,"href":"https:\/\/lecmo.com\/fr\/wp-json\/wp\/v2\/product_brand?post=887"},{"taxonomy":"product_cat","embeddable":true,"href":"https:\/\/lecmo.com\/fr\/wp-json\/wp\/v2\/product_cat?post=887"},{"taxonomy":"product_tag","embeddable":true,"href":"https:\/\/lecmo.com\/fr\/wp-json\/wp\/v2\/product_tag?post=887"}],"curies":[{"name":"wp","href":"https:\/\/api.w.org\/{rel}","templated":true}]}}