{"id":88,"date":"2025-07-21T20:56:55","date_gmt":"2025-07-21T20:56:55","guid":{"rendered":"https:\/\/preview.lecmo.shop\/?post_type=product&#038;p=88"},"modified":"2026-02-11T10:46:48","modified_gmt":"2026-02-11T06:46:48","slug":"ashmood","status":"publish","type":"product","link":"https:\/\/lecmo.com\/fr\/produit\/ashmood\/","title":{"rendered":"Parfum Ashmood"},"content":{"rendered":"<div data-elementor-type=\"wp-post\" data-elementor-id=\"88\" class=\"elementor elementor-88\">\n\t\t\t\t<div class=\"wd-negative-gap elementor-element elementor-element-8e29f0f e-flex e-con-boxed e-con e-parent\" data-id=\"8e29f0f\" data-element_type=\"container\" data-e-type=\"container\">\n\t\t\t\t\t<div class=\"e-con-inner\">\n\t\t\t\t<div class=\"elementor-element elementor-element-9b8ca8d color-scheme-inherit text-left elementor-widget elementor-widget-text-editor\" data-id=\"9b8ca8d\" data-element_type=\"widget\" data-e-type=\"widget\" data-widget_type=\"text-editor.default\">\n\t\t\t\t\t\t\t\t\t<p><strong>ASHMOOD \u2013 Eau de Parfum (Unisexe, 100mL)<\/strong><\/p>\n<p><strong>Famille olfactive :<\/strong> \u00c9pic\u00e9<\/p>\n<p>Ashmood EDP est con\u00e7u pour vous entourer d'un charme irr\u00e9sistible. Il s'ouvre sur l'\u00e9clat frais de la bergamote, de la sauge sclar\u00e9e et d'une touche de noix de muscade, et s'\u00e9panouit en un c\u0153ur \u00e9l\u00e9gant de rose, de fleur d'oranger et de prune juteuse. Le fond se d\u00e9ploie en un m\u00e9lange chaud et s\u00e9duisant de vanille, de tabac, d'encens, de bois de c\u00e8dre, d'ambre et de musc - cr\u00e9ant un parfum qui captive \u00e0 tous points de vue et laisse une impression durable et charmante.<\/p>\t\t\t\t\t\t\t\t<\/div>\n\t\t\t\t\t<\/div>\n\t\t\t\t<\/div>\n\t\t<div class=\"wd-negative-gap elementor-element elementor-element-f98c424 wd-section-stretch e-flex e-con-boxed e-con e-parent\" data-id=\"f98c424\" data-element_type=\"container\" data-e-type=\"container\" data-settings=\"{&quot;background_background&quot;:&quot;classic&quot;}\">\n\t\t\t\t\t<div class=\"e-con-inner\">\n\t\t\t\t<div class=\"elementor-element elementor-element-ee3933f elementor-widget elementor-widget-heading\" data-id=\"ee3933f\" data-element_type=\"widget\" data-e-type=\"widget\" data-widget_type=\"heading.default\">\n\t\t\t\t\t<h2 class=\"elementor-heading-title elementor-size-default\">ASHMOOD<\/h2>\t\t\t\t<\/div>\n\t\t\t\t<div class=\"elementor-element elementor-element-c313cda elementor-widget__width-initial elementor-widget-mobile__width-inherit text-center color-scheme-inherit elementor-widget elementor-widget-text-editor\" data-id=\"c313cda\" data-element_type=\"widget\" data-e-type=\"widget\" data-widget_type=\"text-editor.default\">\n\t\t\t\t\t\t\t\t\t<p data-start=\"284\" data-end=\"538\">Ashmood se pr\u00e9sente dans la composition signature de Lecmo, o\u00f9 la fra\u00eecheur rencontre une chaleur raffin\u00e9e.<br data-start=\"376\" data-end=\"379\" \/>De l&#039;ouverture \u00e0 la bergamote et \u00e0 la sauge sclar\u00e9e, relev\u00e9e d&#039;une pointe de noix de muscade, jusqu&#039;au c\u0153ur de rose, de fleur d&#039;oranger et de prune, chaque couche \u00e9volue avec \u00e9quilibre et pr\u00e9cision.<\/p><p data-start=\"540\" data-end=\"651\">Avec ses notes de vanille, d&#039;ambre, de bois de c\u00e8dre et de musc, Ashmood laisse une impression durable d\u00e8s la premi\u00e8re utilisation.<\/p><p data-start=\"653\" data-end=\"707\">Parfait pour un usage personnel ou comme cadeau raffin\u00e9.<\/p><p data-start=\"825\" data-end=\"942\">\u00a0<\/p>\t\t\t\t\t\t\t\t<\/div>\n\t\t\t\t<div class=\"elementor-element elementor-element-e5b1519 elementor-widget elementor-widget-button\" data-id=\"e5b1519\" data-element_type=\"widget\" data-e-type=\"widget\" data-widget_type=\"button.default\">\n\t\t\t\t\t\t\t\t\t\t<a class=\"elementor-button elementor-button-link elementor-size-sm\" href=\"https:\/\/lecmo.com\/fr\/checkout\/?add-to-cart=88&#038;quantity=1\">\n\t\t\t\t\t\t<span class=\"elementor-button-content-wrapper\">\n\t\t\t\t\t\t\t\t\t<span class=\"elementor-button-text\">ACHETER MAINTENANT<\/span>\n\t\t\t\t\t<\/span>\n\t\t\t\t\t<\/a>\n\t\t\t\t\t\t\t\t<\/div>\n\t\t\t\t\t<\/div>\n\t\t\t\t<\/div>\n\t\t<div class=\"wd-negative-gap elementor-element elementor-element-6b60f51 e-flex e-con-boxed e-con e-parent\" data-id=\"6b60f51\" data-element_type=\"container\" data-e-type=\"container\">\n\t\t\t\t\t<div class=\"e-con-inner\">\n\t\t<div class=\"elementor-element elementor-element-9adc0a6 e-con-full e-flex e-con e-child\" data-id=\"9adc0a6\" data-element_type=\"container\" data-e-type=\"container\">\n\t\t\t\t<div class=\"elementor-element elementor-element-0fc48bf elementor-widget elementor-widget-heading\" data-id=\"0fc48bf\" data-element_type=\"widget\" data-e-type=\"widget\" data-widget_type=\"heading.default\">\n\t\t\t\t\t<h3 class=\"elementor-heading-title elementor-size-default\">Pourquoi ASHMOOD ?<\/h3>\t\t\t\t<\/div>\n\t\t\t\t<div class=\"elementor-element elementor-element-09a7b73 color-scheme-inherit text-left elementor-widget elementor-widget-text-editor\" data-id=\"09a7b73\" data-element_type=\"widget\" data-e-type=\"widget\" data-widget_type=\"text-editor.default\">\n\t\t\t\t\t\t\t\t\t<ul data-start=\"1092\" data-end=\"1339\"><li data-start=\"1092\" data-end=\"1173\"><p data-start=\"1094\" data-end=\"1173\">Base longue tenue, chaleureuse et s\u00e9duisante de <strong data-start=\"1135\" data-end=\"1171\">vanille, ambre, bois de c\u00e8dre et musc<\/strong><\/p><\/li><li data-start=\"1174\" data-end=\"1228\"><p data-start=\"1176\" data-end=\"1228\">\u00c9quilibr\u00e9 pour <strong data-start=\"1191\" data-end=\"1226\">\u00c9l\u00e9gance le jour et confiance la nuit<\/strong><\/p><\/li><li data-start=\"1229\" data-end=\"1287\"><p data-start=\"1231\" data-end=\"1287\">\u00a0Con\u00e7u pour ceux qui appr\u00e9cient <strong data-start=\"1262\" data-end=\"1285\">pr\u00e9sence par rapport au bruit<\/strong><\/p><\/li><li data-start=\"1288\" data-end=\"1339\"><p data-start=\"1290\" data-end=\"1339\">\u00a0Unisexe \u2014 con\u00e7u pour correspondre au caract\u00e8re, pas au genre<\/p><\/li><\/ul><p data-start=\"1341\" data-end=\"1382\"><strong data-start=\"1341\" data-end=\"1382\">ASH MOOD ne s&#039;use pas. On s&#039;en souvient.<\/strong><\/p>\t\t\t\t\t\t\t\t<\/div>\n\t\t\t\t<\/div>\n\t\t<div class=\"elementor-element elementor-element-6a1144d e-con-full e-flex e-con e-child\" data-id=\"6a1144d\" data-element_type=\"container\" data-e-type=\"container\">\n\t\t\t\t<div class=\"elementor-element elementor-element-b6fee5a elementor-widget elementor-widget-image\" data-id=\"b6fee5a\" data-element_type=\"widget\" data-e-type=\"widget\" data-widget_type=\"image.default\">\n\t\t\t\t\t\t\t\t\t\t\t\t\t\t\t<img loading=\"lazy\" decoding=\"async\" width=\"1024\" height=\"1024\" src=\"https:\/\/lecmo.com\/wp-content\/uploads\/NanoBanana_Image_20260113_163533.png\" class=\"attachment-large size-large wp-image-4334\" alt=\"lecmo perfumes - The Tale of the Lady and the Wolf\" srcset=\"https:\/\/lecmo.com\/wp-content\/uploads\/NanoBanana_Image_20260113_163533.png 1024w, https:\/\/lecmo.com\/wp-content\/uploads\/NanoBanana_Image_20260113_163533-800x800.png 800w, https:\/\/lecmo.com\/wp-content\/uploads\/NanoBanana_Image_20260113_163533-768x768.png 768w, https:\/\/lecmo.com\/wp-content\/uploads\/NanoBanana_Image_20260113_163533-12x12.png 12w, https:\/\/lecmo.com\/wp-content\/uploads\/NanoBanana_Image_20260113_163533-150x150.png 150w\" sizes=\"auto, (max-width: 1024px) 100vw, 1024px\">\t\t\t\t\t\t\t\t\t\t\t\t\t\t\t<\/div>\n\t\t\t\t<\/div>\n\t\t\t\t\t<\/div>\n\t\t\t\t<\/div>\n\t\t<div class=\"wd-negative-gap elementor-element elementor-element-84a086e e-flex e-con-boxed e-con e-parent\" data-id=\"84a086e\" data-element_type=\"container\" data-e-type=\"container\">\n\t\t\t\t\t<div class=\"e-con-inner\">\n\t\t<div class=\"elementor-element elementor-element-c714720 e-con-full e-flex e-con e-child\" data-id=\"c714720\" data-element_type=\"container\" data-e-type=\"container\">\n\t\t\t\t<div class=\"elementor-element elementor-element-b4a217e elementor-widget elementor-widget-image\" data-id=\"b4a217e\" data-element_type=\"widget\" data-e-type=\"widget\" data-widget_type=\"image.default\">\n\t\t\t\t\t\t\t\t\t\t\t\t\t\t\t<img loading=\"lazy\" decoding=\"async\" width=\"1376\" height=\"768\" src=\"https:\/\/lecmo.com\/wp-content\/uploads\/4.webp\" class=\"attachment-large size-large wp-image-4267\" alt=\"lecmo perfumes - The Tale of the Lady and the Wolf\" srcset=\"https:\/\/lecmo.com\/wp-content\/uploads\/4.webp 1376w, https:\/\/lecmo.com\/wp-content\/uploads\/4-800x447.webp 800w, https:\/\/lecmo.com\/wp-content\/uploads\/4-768x429.webp 768w, https:\/\/lecmo.com\/wp-content\/uploads\/4-18x10.webp 18w, https:\/\/lecmo.com\/wp-content\/uploads\/4-150x84.webp 150w\" sizes=\"auto, (max-width: 1376px) 100vw, 1376px\">\t\t\t\t\t\t\t\t\t\t\t\t\t\t\t<\/div>\n\t\t\t\t<\/div>\n\t\t<div class=\"elementor-element elementor-element-4c32887 e-con-full e-flex e-con e-child\" data-id=\"4c32887\" data-element_type=\"container\" data-e-type=\"container\">\n\t\t\t\t<div class=\"elementor-element elementor-element-979456d elementor-widget elementor-widget-heading\" data-id=\"979456d\" data-element_type=\"widget\" data-e-type=\"widget\" data-widget_type=\"heading.default\">\n\t\t\t\t\t<h3 class=\"elementor-heading-title elementor-size-default\">Notes cl\u00e9s<\/h3>\t\t\t\t<\/div>\n\t\t\t\t<div class=\"elementor-element elementor-element-55e1cd1 color-scheme-inherit text-left elementor-widget elementor-widget-text-editor\" data-id=\"55e1cd1\" data-element_type=\"widget\" data-e-type=\"widget\" data-widget_type=\"text-editor.default\">\n\t\t\t\t\t\t\t\t\t<ul><li><p><strong>Notes de t\u00eate :<\/strong> Bergamote, sauge sclar\u00e9e, noix de muscade<\/p><\/li><li><p><strong>Notes interm\u00e9diaires :<\/strong> Rose, fleur d'oranger, prune<\/p><\/li><li><p><strong>Notes de fond :<\/strong> Vanille, tabac, encens, bois de c\u00e8dre, ambre, musc<\/p><\/li><\/ul>\t\t\t\t\t\t\t\t<\/div>\n\t\t\t\t<\/div>\n\t\t\t\t\t<\/div>\n\t\t\t\t<\/div>\n\t\t\t\t<\/div>","protected":false},"excerpt":{"rendered":"<div class=\"elementor-element elementor-element-a48c085 flex-horizontal-align-default flex-horizontal-align-tablet-default flex-horizontal-align-mobile-default flex-vertical-align-default flex-vertical-align-tablet-default flex-vertical-align-mobile-default elementor-widget elementor-widget-thegem-animated-heading\" data-id=\"a48c085\" data-element_type=\"widget\" data-widget_type=\"thegem-animated-heading.default\">\n<div class=\"elementor-widget-container\">\n<div id=\"thegem-heading-a48c085\" class=\"thegem-heading thegem-animated-heading default fade-bt thegem-heading-animated\">\n<p data-start=\"99\" data-end=\"301\">Ashmood EDP \u2014<strong data-start=\"265\" data-end=\"301\">Un charme irr\u00e9sistible dans chaque note.<\/strong><br data-start=\"301\" data-end=\"304\" \/>Vous n&#039;expliquez pas, vous laissez une impression.<\/p>\n<\/div>\n<\/div>\n<\/div>","protected":false},"featured_media":1947,"comment_status":"open","ping_status":"closed","template":"","meta":[],"product_brand":[31],"product_cat":[16,123],"product_tag":[119,116,117,120,118],"class_list":{"0":"post-88","1":"product","2":"type-product","3":"status-publish","4":"has-post-thumbnail","6":"product_brand-lecmo","7":"product_cat-single-perfume","8":"product_cat-unisex-fragrances","9":"product_tag-dokhun","10":"product_tag-lecmo-perfume","11":"product_tag-men-perfumes","12":"product_tag-perfume-gifts","13":"product_tag-women-perfumes","15":"first","16":"instock","17":"shipping-taxable","18":"purchasable","19":"product-type-simple"},"_links":{"self":[{"href":"https:\/\/lecmo.com\/fr\/wp-json\/wp\/v2\/product\/88","targetHints":{"allow":["GET"]}}],"collection":[{"href":"https:\/\/lecmo.com\/fr\/wp-json\/wp\/v2\/product"}],"about":[{"href":"https:\/\/lecmo.com\/fr\/wp-json\/wp\/v2\/types\/product"}],"replies":[{"embeddable":true,"href":"https:\/\/lecmo.com\/fr\/wp-json\/wp\/v2\/comments?post=88"}],"version-history":[{"count":0,"href":"https:\/\/lecmo.com\/fr\/wp-json\/wp\/v2\/product\/88\/revisions"}],"wp:featuredmedia":[{"embeddable":true,"href":"https:\/\/lecmo.com\/fr\/wp-json\/wp\/v2\/media\/1947"}],"wp:attachment":[{"href":"https:\/\/lecmo.com\/fr\/wp-json\/wp\/v2\/media?parent=88"}],"wp:term":[{"taxonomy":"product_brand","embeddable":true,"href":"https:\/\/lecmo.com\/fr\/wp-json\/wp\/v2\/product_brand?post=88"},{"taxonomy":"product_cat","embeddable":true,"href":"https:\/\/lecmo.com\/fr\/wp-json\/wp\/v2\/product_cat?post=88"},{"taxonomy":"product_tag","embeddable":true,"href":"https:\/\/lecmo.com\/fr\/wp-json\/wp\/v2\/product_tag?post=88"}],"curies":[{"name":"wp","href":"https:\/\/api.w.org\/{rel}","templated":true}]}}