{"id":87,"date":"2025-07-21T20:56:55","date_gmt":"2025-07-21T20:56:55","guid":{"rendered":"https:\/\/preview.lecmo.shop\/?post_type=product&#038;p=87"},"modified":"2026-02-11T12:20:54","modified_gmt":"2026-02-11T08:20:54","slug":"blacko","status":"publish","type":"product","link":"https:\/\/lecmo.com\/fr\/produit\/blacko\/","title":{"rendered":"Blacko Oud"},"content":{"rendered":"<div data-elementor-type=\"wp-post\" data-elementor-id=\"87\" class=\"elementor elementor-87\">\n\t\t\t\t<div class=\"wd-negative-gap elementor-element elementor-element-b7a674a e-flex e-con-boxed e-con e-parent\" data-id=\"b7a674a\" data-element_type=\"container\" data-e-type=\"container\">\n\t\t\t\t\t<div class=\"e-con-inner\">\n\t\t\t\t<div class=\"elementor-element elementor-element-3bc9258 color-scheme-inherit text-left elementor-widget elementor-widget-text-editor\" data-id=\"3bc9258\" data-element_type=\"widget\" data-e-type=\"widget\" data-widget_type=\"text-editor.default\">\n\t\t\t\t\t\t\t\t\t<p><strong>Blacko Oud - Unisex Eau de Parfum 100ml<\/strong><\/p><p class=\"translation-block\"><strong>Famille olfactive :<\/strong> Orientale<\/p><p>Blacko Oud r\u00e9invente le oud avec une touche de modernit\u00e9, m\u00ealant fra\u00eecheur d'agrumes, chaleur \u00e9pic\u00e9e et notes florales raffin\u00e9es pour cr\u00e9er une essence orientale audacieuse.<br \/>\u2728 <strong>Chaque coffret contient un produit Dkhoun pour un voyage olfactif complet.<\/strong><\/p>\t\t\t\t\t\t\t\t<\/div>\n\t\t\t\t\t<\/div>\n\t\t\t\t<\/div>\n\t\t<div class=\"wd-negative-gap elementor-element elementor-element-54cf152 wd-section-stretch e-flex e-con-boxed e-con e-parent\" data-id=\"54cf152\" data-element_type=\"container\" data-e-type=\"container\" data-settings=\"{&quot;background_background&quot;:&quot;classic&quot;}\">\n\t\t\t\t\t<div class=\"e-con-inner\">\n\t\t\t\t<div class=\"elementor-element elementor-element-38774d9 elementor-widget elementor-widget-heading\" data-id=\"38774d9\" data-element_type=\"widget\" data-e-type=\"widget\" data-widget_type=\"heading.default\">\n\t\t\t\t\t<h2 class=\"elementor-heading-title elementor-size-default\">Blacko Oud<\/h2>\t\t\t\t<\/div>\n\t\t\t\t<div class=\"elementor-element elementor-element-6229bc1 elementor-widget__width-initial elementor-widget-mobile__width-inherit text-center color-scheme-inherit elementor-widget elementor-widget-text-editor\" data-id=\"6229bc1\" data-element_type=\"widget\" data-e-type=\"widget\" data-widget_type=\"text-editor.default\">\n\t\t\t\t\t\t\t\t\t<p>Ce parfum,<strong>BLACKO OUD\u00a0<\/strong>, est pr\u00e9sent\u00e9 dans l&#039;emballage embl\u00e9matique de Lecmo, o\u00f9 l&#039;\u00e9l\u00e9gance rencontre le raffinement des d\u00e9tails.<br data-start=\"784\" data-end=\"787\" \/>De la bo\u00eete ext\u00e9rieure au design de la bouteille, chaque \u00e9l\u00e9ment refl\u00e8te l&#039;identit\u00e9 de la marque.\u00a0<strong>BLACKO OUD\u00a0<\/strong>, offrant une exp\u00e9rience haut de gamme d\u00e8s le premier instant.<\/p><p>Parfait pour un usage personnel ou comme cadeau raffin\u00e9.<\/p>\t\t\t\t\t\t\t\t<\/div>\n\t\t\t\t<div class=\"elementor-element elementor-element-b125e5d elementor-widget elementor-widget-button\" data-id=\"b125e5d\" data-element_type=\"widget\" data-e-type=\"widget\" data-widget_type=\"button.default\">\n\t\t\t\t\t\t\t\t\t\t<a class=\"elementor-button elementor-button-link elementor-size-sm\" href=\"https:\/\/lecmo.com\/fr\/checkout\/?add-to-cart=87&#038;quantity=1\">\n\t\t\t\t\t\t<span class=\"elementor-button-content-wrapper\">\n\t\t\t\t\t\t\t\t\t<span class=\"elementor-button-text\">ACHETER MAINTENANT<\/span>\n\t\t\t\t\t<\/span>\n\t\t\t\t\t<\/a>\n\t\t\t\t\t\t\t\t<\/div>\n\t\t\t\t\t<\/div>\n\t\t\t\t<\/div>\n\t\t<div class=\"wd-negative-gap elementor-element elementor-element-cd8a0bd e-flex e-con-boxed e-con e-parent\" data-id=\"cd8a0bd\" data-element_type=\"container\" data-e-type=\"container\">\n\t\t\t\t\t<div class=\"e-con-inner\">\n\t\t<div class=\"elementor-element elementor-element-8368f45 e-con-full e-flex e-con e-child\" data-id=\"8368f45\" data-element_type=\"container\" data-e-type=\"container\">\n\t\t\t\t<div class=\"elementor-element elementor-element-0e0f9e8 elementor-widget elementor-widget-heading\" data-id=\"0e0f9e8\" data-element_type=\"widget\" data-e-type=\"widget\" data-widget_type=\"heading.default\">\n\t\t\t\t\t<h3 class=\"elementor-heading-title elementor-size-default\">Pourquoi Blacko Oud ?<\/h3>\t\t\t\t<\/div>\n\t\t\t\t<div class=\"elementor-element elementor-element-e33488d color-scheme-inherit text-left elementor-widget elementor-widget-text-editor\" data-id=\"e33488d\" data-element_type=\"widget\" data-e-type=\"widget\" data-widget_type=\"text-editor.default\">\n\t\t\t\t\t\t\t\t\t<p data-start=\"934\" data-end=\"1139\">\u2022 Une interpr\u00e9tation moderne du oud d&#039;une \u00e9l\u00e9gance structur\u00e9e<br data-start=\"991\" data-end=\"994\" \/>\u2022 Une profondeur \u00e9quilibr\u00e9e avec une fra\u00eecheur ma\u00eetris\u00e9e<br data-start=\"1036\" data-end=\"1039\" \/>\u2022 Con\u00e7u pour des soir\u00e9es d&#039;exception et une pr\u00e9sence affirm\u00e9e<br data-start=\"1094\" data-end=\"1097\" \/>\u2022 Sentier durable avec une chaleur raffin\u00e9e<\/p><p data-start=\"1141\" data-end=\"1200\">Blacko Oud n&#039;est pas audacieux pour faire du bruit \u2014 il l&#039;est avec un but pr\u00e9cis.<\/p>\t\t\t\t\t\t\t\t<\/div>\n\t\t\t\t<\/div>\n\t\t<div class=\"elementor-element elementor-element-68d6ed0 e-con-full e-flex e-con e-child\" data-id=\"68d6ed0\" data-element_type=\"container\" data-e-type=\"container\">\n\t\t\t\t<div class=\"elementor-element elementor-element-68661bc elementor-widget elementor-widget-image\" data-id=\"68661bc\" data-element_type=\"widget\" data-e-type=\"widget\" data-widget_type=\"image.default\">\n\t\t\t\t\t\t\t\t\t\t\t\t\t\t\t<img loading=\"lazy\" decoding=\"async\" width=\"1600\" height=\"568\" src=\"https:\/\/lecmo.com\/wp-content\/uploads\/4-1.png\" class=\"attachment-large size-large wp-image-3884\" alt=\"lecmo perfumes - The Tale of the Lady and the Wolf\" srcset=\"https:\/\/lecmo.com\/wp-content\/uploads\/4-1.png 1600w, https:\/\/lecmo.com\/wp-content\/uploads\/4-1-150x53.png 150w, https:\/\/lecmo.com\/wp-content\/uploads\/4-1-768x273.png 768w, https:\/\/lecmo.com\/wp-content\/uploads\/4-1-1536x545.png 1536w, https:\/\/lecmo.com\/wp-content\/uploads\/4-1-18x6.png 18w\" sizes=\"auto, (max-width: 1600px) 100vw, 1600px\">\t\t\t\t\t\t\t\t\t\t\t\t\t\t\t<\/div>\n\t\t\t\t<\/div>\n\t\t\t\t\t<\/div>\n\t\t\t\t<\/div>\n\t\t<div class=\"wd-negative-gap elementor-element elementor-element-62a5244 e-flex e-con-boxed e-con e-parent\" data-id=\"62a5244\" data-element_type=\"container\" data-e-type=\"container\">\n\t\t\t\t\t<div class=\"e-con-inner\">\n\t\t<div class=\"elementor-element elementor-element-60c2865 e-con-full e-flex e-con e-child\" data-id=\"60c2865\" data-element_type=\"container\" data-e-type=\"container\">\n\t\t\t\t<div class=\"elementor-element elementor-element-deef65b elementor-widget elementor-widget-image\" data-id=\"deef65b\" data-element_type=\"widget\" data-e-type=\"widget\" data-widget_type=\"image.default\">\n\t\t\t\t\t\t\t\t\t\t\t\t\t\t\t<img loading=\"lazy\" decoding=\"async\" width=\"1600\" height=\"568\" src=\"https:\/\/lecmo.com\/wp-content\/uploads\/3.png\" class=\"attachment-large size-large wp-image-3887\" alt=\"lecmo perfumes - The Tale of the Lady and the Wolf\" srcset=\"https:\/\/lecmo.com\/wp-content\/uploads\/3.png 1600w, https:\/\/lecmo.com\/wp-content\/uploads\/3-150x53.png 150w, https:\/\/lecmo.com\/wp-content\/uploads\/3-768x273.png 768w, https:\/\/lecmo.com\/wp-content\/uploads\/3-1536x545.png 1536w, https:\/\/lecmo.com\/wp-content\/uploads\/3-18x6.png 18w\" sizes=\"auto, (max-width: 1600px) 100vw, 1600px\">\t\t\t\t\t\t\t\t\t\t\t\t\t\t\t<\/div>\n\t\t\t\t<\/div>\n\t\t<div class=\"elementor-element elementor-element-d05ac2d e-con-full e-flex e-con e-child\" data-id=\"d05ac2d\" data-element_type=\"container\" data-e-type=\"container\">\n\t\t\t\t<div class=\"elementor-element elementor-element-09c1020 elementor-widget elementor-widget-heading\" data-id=\"09c1020\" data-element_type=\"widget\" data-e-type=\"widget\" data-widget_type=\"heading.default\">\n\t\t\t\t\t<h3 class=\"elementor-heading-title elementor-size-default\">Notes cl\u00e9s<\/h3>\t\t\t\t<\/div>\n\t\t\t\t<div class=\"elementor-element elementor-element-48b1972 color-scheme-inherit text-left elementor-widget elementor-widget-text-editor\" data-id=\"48b1972\" data-element_type=\"widget\" data-e-type=\"widget\" data-widget_type=\"text-editor.default\">\n\t\t\t\t\t\t\t\t\t<ul><li><strong>Notes de t\u00eate :<\/strong> Agrumes, cannelle, menthe<\/li><li><strong>Notes de c\u0153ur :<\/strong> Rose, Jasmin, Lys, G\u00e9ranium<\/li><li><strong>Notes de fond :<\/strong> Oud, ambre, vanille<\/li><\/ul>\t\t\t\t\t\t\t\t<\/div>\n\t\t\t\t<\/div>\n\t\t\t\t\t<\/div>\n\t\t\t\t<\/div>\n\t\t\t\t<\/div>","protected":false},"excerpt":{"rendered":"<p data-start=\"88\" data-end=\"274\">Blacko Oud - Oud moderne, impact intemporel.<br data-start=\"442\" data-end=\"445\" \/>Une expression raffin\u00e9e du oud, \u00e0 la pr\u00e9sence durable et ma\u00eetris\u00e9e.<\/p>","protected":false},"featured_media":1945,"comment_status":"open","ping_status":"closed","template":"","meta":[],"product_brand":[31],"product_cat":[125,16],"product_tag":[119,116,117,120,118],"class_list":{"0":"post-87","1":"product","2":"type-product","3":"status-publish","4":"has-post-thumbnail","6":"product_brand-lecmo","7":"product_cat-mens-fragrances","8":"product_cat-single-perfume","9":"product_tag-dokhun","10":"product_tag-lecmo-perfume","11":"product_tag-men-perfumes","12":"product_tag-perfume-gifts","13":"product_tag-women-perfumes","15":"first","16":"instock","17":"shipping-taxable","18":"purchasable","19":"product-type-simple"},"_links":{"self":[{"href":"https:\/\/lecmo.com\/fr\/wp-json\/wp\/v2\/product\/87","targetHints":{"allow":["GET"]}}],"collection":[{"href":"https:\/\/lecmo.com\/fr\/wp-json\/wp\/v2\/product"}],"about":[{"href":"https:\/\/lecmo.com\/fr\/wp-json\/wp\/v2\/types\/product"}],"replies":[{"embeddable":true,"href":"https:\/\/lecmo.com\/fr\/wp-json\/wp\/v2\/comments?post=87"}],"version-history":[{"count":0,"href":"https:\/\/lecmo.com\/fr\/wp-json\/wp\/v2\/product\/87\/revisions"}],"wp:featuredmedia":[{"embeddable":true,"href":"https:\/\/lecmo.com\/fr\/wp-json\/wp\/v2\/media\/1945"}],"wp:attachment":[{"href":"https:\/\/lecmo.com\/fr\/wp-json\/wp\/v2\/media?parent=87"}],"wp:term":[{"taxonomy":"product_brand","embeddable":true,"href":"https:\/\/lecmo.com\/fr\/wp-json\/wp\/v2\/product_brand?post=87"},{"taxonomy":"product_cat","embeddable":true,"href":"https:\/\/lecmo.com\/fr\/wp-json\/wp\/v2\/product_cat?post=87"},{"taxonomy":"product_tag","embeddable":true,"href":"https:\/\/lecmo.com\/fr\/wp-json\/wp\/v2\/product_tag?post=87"}],"curies":[{"name":"wp","href":"https:\/\/api.w.org\/{rel}","templated":true}]}}