{"id":854,"date":"2025-08-07T12:18:58","date_gmt":"2025-08-07T12:18:58","guid":{"rendered":"https:\/\/preview.lecmo.shop\/?post_type=product&#038;p=854"},"modified":"2026-02-11T11:52:31","modified_gmt":"2026-02-11T07:52:31","slug":"the-blue-oud","status":"publish","type":"product","link":"https:\/\/lecmo.com\/fr\/produit\/the-blue-oud\/","title":{"rendered":"Blue Oud"},"content":{"rendered":"<div data-elementor-type=\"wp-post\" data-elementor-id=\"854\" class=\"elementor elementor-854\">\n\t\t\t\t<div class=\"wd-negative-gap elementor-element elementor-element-6528ca0 e-flex e-con-boxed e-con e-parent\" data-id=\"6528ca0\" data-element_type=\"container\" data-e-type=\"container\">\n\t\t\t\t\t<div class=\"e-con-inner\">\n\t\t\t\t<div class=\"elementor-element elementor-element-9896172 color-scheme-inherit text-left elementor-widget elementor-widget-text-editor\" data-id=\"9896172\" data-element_type=\"widget\" data-e-type=\"widget\" data-widget_type=\"text-editor.default\">\n\t\t\t\t\t\t\t\t\t<p><strong>The Blue Oud \u2013 Eau de Parfum Mixte \u2013 100 ml<\/strong><\/p><p class=\"translation-block\"><strong>Famille olfactive :<\/strong> Orientale<\/p><p>Blue Oud fusionne tradition et modernit\u00e9, o\u00f9 le oud rencontre la fra\u00eecheur fruit\u00e9e et les notes florales d\u00e9licates pour une exp\u00e9rience orientale inoubliable.<br \/>\u2728 <strong>Chaque coffret contient un produit Dkhoun pour un voyage olfactif complet.<\/strong><\/p>\t\t\t\t\t\t\t\t<\/div>\n\t\t\t\t\t<\/div>\n\t\t\t\t<\/div>\n\t\t<div class=\"wd-negative-gap elementor-element elementor-element-486ff24 wd-section-stretch e-flex e-con-boxed e-con e-parent\" data-id=\"486ff24\" data-element_type=\"container\" data-e-type=\"container\" data-settings=\"{&quot;background_background&quot;:&quot;classic&quot;}\">\n\t\t\t\t\t<div class=\"e-con-inner\">\n\t\t\t\t<div class=\"elementor-element elementor-element-560e627 elementor-widget elementor-widget-heading\" data-id=\"560e627\" data-element_type=\"widget\" data-e-type=\"widget\" data-widget_type=\"heading.default\">\n\t\t\t\t\t<h2 class=\"elementor-heading-title elementor-size-default\">Blue Oud<\/h2>\t\t\t\t<\/div>\n\t\t\t\t<div class=\"elementor-element elementor-element-545dfc9 elementor-widget__width-initial elementor-widget-mobile__width-inherit text-center color-scheme-inherit elementor-widget elementor-widget-text-editor\" data-id=\"545dfc9\" data-element_type=\"widget\" data-e-type=\"widget\" data-widget_type=\"text-editor.default\">\n\t\t\t\t\t\t\t\t\t<p data-start=\"362\" data-end=\"590\">Le Blue Oud s&#039;ouvre sur une fra\u00eecheur raffin\u00e9e, \u00e0 la fois calme et assur\u00e9e, offrant une introduction empreinte de s\u00e9r\u00e9nit\u00e9. Au fil de son d\u00e9veloppement, le oud r\u00e9v\u00e8le son caract\u00e8re plus sombre et plus riche, \u00e9quilibr\u00e9 par des accords \u00e9l\u00e9gants qui cr\u00e9ent une profondeur sans exc\u00e8s.<\/p><p data-start=\"592\" data-end=\"747\">La base laisse un sillage chaleureux et persistant \u2014 bois\u00e9, doux et d&#039;une puissance discr\u00e8te \u2014 qui vous impr\u00e8gne longtemps apr\u00e8s avoir quitt\u00e9 la pi\u00e8ce.<\/p><p data-start=\"749\" data-end=\"803\">Parfait pour un usage personnel ou comme cadeau raffin\u00e9.<\/p>\t\t\t\t\t\t\t\t<\/div>\n\t\t\t\t<div class=\"elementor-element elementor-element-06d4bc0 elementor-widget elementor-widget-button\" data-id=\"06d4bc0\" data-element_type=\"widget\" data-e-type=\"widget\" data-widget_type=\"button.default\">\n\t\t\t\t\t\t\t\t\t\t<a class=\"elementor-button elementor-button-link elementor-size-sm\" href=\"https:\/\/lecmo.com\/fr\/checkout\/?add-to-cart=854&#038;quantity=1\">\n\t\t\t\t\t\t<span class=\"elementor-button-content-wrapper\">\n\t\t\t\t\t\t\t\t\t<span class=\"elementor-button-text\">ACHETER MAINTENANT<\/span>\n\t\t\t\t\t<\/span>\n\t\t\t\t\t<\/a>\n\t\t\t\t\t\t\t\t<\/div>\n\t\t\t\t\t<\/div>\n\t\t\t\t<\/div>\n\t\t<div class=\"wd-negative-gap elementor-element elementor-element-c6b8db0 e-flex e-con-boxed e-con e-parent\" data-id=\"c6b8db0\" data-element_type=\"container\" data-e-type=\"container\">\n\t\t\t\t\t<div class=\"e-con-inner\">\n\t\t<div class=\"elementor-element elementor-element-8f0062b e-con-full e-flex e-con e-child\" data-id=\"8f0062b\" data-element_type=\"container\" data-e-type=\"container\">\n\t\t\t\t<div class=\"elementor-element elementor-element-c10c231 elementor-widget elementor-widget-heading\" data-id=\"c10c231\" data-element_type=\"widget\" data-e-type=\"widget\" data-widget_type=\"heading.default\">\n\t\t\t\t\t<h3 class=\"elementor-heading-title elementor-size-default\">Pourquoi le Blue Oud ?<\/h3>\t\t\t\t<\/div>\n\t\t\t\t<div class=\"elementor-element elementor-element-341488f color-scheme-inherit text-left elementor-widget elementor-widget-text-editor\" data-id=\"341488f\" data-element_type=\"widget\" data-e-type=\"widget\" data-widget_type=\"text-editor.default\">\n\t\t\t\t\t\t\t\t\t<p data-start=\"1342\" data-end=\"1384\">\u00a0Oud avec un <strong data-start=\"1355\" data-end=\"1384\">caract\u00e8re moderne et raffin\u00e9<\/strong><\/p><ul data-start=\"1340\" data-end=\"1538\"><li data-start=\"1385\" data-end=\"1433\"><p data-start=\"1387\" data-end=\"1433\">\u00a0Profond, calme et r\u00e9solument masculin-unisexe<\/p><\/li><li data-start=\"1434\" data-end=\"1490\"><p data-start=\"1436\" data-end=\"1490\">\u00a0Id\u00e9al pour les soir\u00e9es, les moments sp\u00e9ciaux et les tenues signature<\/p><\/li><li data-start=\"1491\" data-end=\"1538\"><p data-start=\"1493\" data-end=\"1538\">\u00a0Longue tenue et laisse une sensation de douceur et de luxe<\/p><\/li><\/ul><p data-start=\"1540\" data-end=\"1584\"><strong data-start=\"1540\" data-end=\"1584\">\u00a0<\/strong><\/p>\t\t\t\t\t\t\t\t<\/div>\n\t\t\t\t<\/div>\n\t\t<div class=\"elementor-element elementor-element-53cfc94 e-con-full e-flex e-con e-child\" data-id=\"53cfc94\" data-element_type=\"container\" data-e-type=\"container\">\n\t\t\t\t<div class=\"elementor-element elementor-element-ec892d1 elementor-widget elementor-widget-image\" data-id=\"ec892d1\" data-element_type=\"widget\" data-e-type=\"widget\" data-widget_type=\"image.default\">\n\t\t\t\t\t\t\t\t\t\t\t\t\t\t\t<img loading=\"lazy\" decoding=\"async\" width=\"625\" height=\"775\" src=\"https:\/\/lecmo.com\/wp-content\/uploads\/Screenshot-2026-01-12-at-4.25.59-PM.png\" class=\"attachment-large size-large wp-image-4285\" alt=\"the blue perfume by lecmo\" srcset=\"https:\/\/lecmo.com\/wp-content\/uploads\/Screenshot-2026-01-12-at-4.25.59-PM.png 625w, https:\/\/lecmo.com\/wp-content\/uploads\/Screenshot-2026-01-12-at-4.25.59-PM-10x12.png 10w, https:\/\/lecmo.com\/wp-content\/uploads\/Screenshot-2026-01-12-at-4.25.59-PM-150x186.png 150w\" sizes=\"auto, (max-width: 625px) 100vw, 625px\" \/>\t\t\t\t\t\t\t\t\t\t\t\t\t\t\t<\/div>\n\t\t\t\t<\/div>\n\t\t\t\t\t<\/div>\n\t\t\t\t<\/div>\n\t\t<div class=\"wd-negative-gap elementor-element elementor-element-d8f11cd e-flex e-con-boxed e-con e-parent\" data-id=\"d8f11cd\" data-element_type=\"container\" data-e-type=\"container\">\n\t\t\t\t\t<div class=\"e-con-inner\">\n\t\t<div class=\"elementor-element elementor-element-a99b485 e-con-full e-flex e-con e-child\" data-id=\"a99b485\" data-element_type=\"container\" data-e-type=\"container\">\n\t\t\t\t<div class=\"elementor-element elementor-element-fa92ff1 elementor-widget elementor-widget-image\" data-id=\"fa92ff1\" data-element_type=\"widget\" data-e-type=\"widget\" data-widget_type=\"image.default\">\n\t\t\t\t\t\t\t\t\t\t\t\t\t\t\t<img loading=\"lazy\" decoding=\"async\" width=\"1021\" height=\"1024\" src=\"https:\/\/lecmo.com\/wp-content\/uploads\/Screen-Shot-2026-01-13-at-3.00.33-PM.png\" class=\"attachment-large size-large wp-image-4315\" alt=\"the blue perfume\" srcset=\"https:\/\/lecmo.com\/wp-content\/uploads\/Screen-Shot-2026-01-13-at-3.00.33-PM.png 1021w, https:\/\/lecmo.com\/wp-content\/uploads\/Screen-Shot-2026-01-13-at-3.00.33-PM-798x800.png 798w, https:\/\/lecmo.com\/wp-content\/uploads\/Screen-Shot-2026-01-13-at-3.00.33-PM-768x770.png 768w, https:\/\/lecmo.com\/wp-content\/uploads\/Screen-Shot-2026-01-13-at-3.00.33-PM-12x12.png 12w, https:\/\/lecmo.com\/wp-content\/uploads\/Screen-Shot-2026-01-13-at-3.00.33-PM-150x150.png 150w\" sizes=\"auto, (max-width: 1021px) 100vw, 1021px\" \/>\t\t\t\t\t\t\t\t\t\t\t\t\t\t\t<\/div>\n\t\t\t\t<\/div>\n\t\t<div class=\"elementor-element elementor-element-305790c e-con-full e-flex e-con e-child\" data-id=\"305790c\" data-element_type=\"container\" data-e-type=\"container\">\n\t\t\t\t<div class=\"elementor-element elementor-element-f98c4a6 elementor-widget elementor-widget-heading\" data-id=\"f98c4a6\" data-element_type=\"widget\" data-e-type=\"widget\" data-widget_type=\"heading.default\">\n\t\t\t\t\t<h3 class=\"elementor-heading-title elementor-size-default\">Notes cl\u00e9s<\/h3>\t\t\t\t<\/div>\n\t\t\t\t<div class=\"elementor-element elementor-element-52b4653 color-scheme-inherit text-left elementor-widget elementor-widget-text-editor\" data-id=\"52b4653\" data-element_type=\"widget\" data-e-type=\"widget\" data-widget_type=\"text-editor.default\">\n\t\t\t\t\t\t\t\t\t<ul><li><strong>Notes de t\u00eate :<\/strong> Jacinthe, ananas, Oud<\/li><li><strong>Notes de c\u0153ur :<\/strong> Iris, Jasmin, Poivre rose<\/li><li><strong>Notes de fond :<\/strong> V\u00e9tiver, Musc, Patchouli, Vanille, Oud<\/li><\/ul>\t\t\t\t\t\t\t\t<\/div>\n\t\t\t\t<\/div>\n\t\t\t\t\t<\/div>\n\t\t\t\t<\/div>\n\t\t\t\t<\/div>","protected":false},"excerpt":{"rendered":"<p data-start=\"36\" data-end=\"256\">Le Oud Bleu \u2014 Profondeur. Distinction.<br \/>\nUne pr\u00e9sence inexplicable \u2014 elle vous entoure.<\/p>","protected":false},"featured_media":1933,"comment_status":"open","ping_status":"closed","template":"","meta":[],"product_brand":[31],"product_cat":[125,16],"product_tag":[119,116,117,120,118],"class_list":{"0":"post-854","1":"product","2":"type-product","3":"status-publish","4":"has-post-thumbnail","6":"product_brand-lecmo","7":"product_cat-mens-fragrances","8":"product_cat-single-perfume","9":"product_tag-dokhun","10":"product_tag-lecmo-perfume","11":"product_tag-men-perfumes","12":"product_tag-perfume-gifts","13":"product_tag-women-perfumes","15":"first","16":"instock","17":"shipping-taxable","18":"purchasable","19":"product-type-simple"},"_links":{"self":[{"href":"https:\/\/lecmo.com\/fr\/wp-json\/wp\/v2\/product\/854","targetHints":{"allow":["GET"]}}],"collection":[{"href":"https:\/\/lecmo.com\/fr\/wp-json\/wp\/v2\/product"}],"about":[{"href":"https:\/\/lecmo.com\/fr\/wp-json\/wp\/v2\/types\/product"}],"replies":[{"embeddable":true,"href":"https:\/\/lecmo.com\/fr\/wp-json\/wp\/v2\/comments?post=854"}],"version-history":[{"count":0,"href":"https:\/\/lecmo.com\/fr\/wp-json\/wp\/v2\/product\/854\/revisions"}],"wp:featuredmedia":[{"embeddable":true,"href":"https:\/\/lecmo.com\/fr\/wp-json\/wp\/v2\/media\/1933"}],"wp:attachment":[{"href":"https:\/\/lecmo.com\/fr\/wp-json\/wp\/v2\/media?parent=854"}],"wp:term":[{"taxonomy":"product_brand","embeddable":true,"href":"https:\/\/lecmo.com\/fr\/wp-json\/wp\/v2\/product_brand?post=854"},{"taxonomy":"product_cat","embeddable":true,"href":"https:\/\/lecmo.com\/fr\/wp-json\/wp\/v2\/product_cat?post=854"},{"taxonomy":"product_tag","embeddable":true,"href":"https:\/\/lecmo.com\/fr\/wp-json\/wp\/v2\/product_tag?post=854"}],"curies":[{"name":"wp","href":"https:\/\/api.w.org\/{rel}","templated":true}]}}