{"id":848,"date":"2025-08-07T12:16:11","date_gmt":"2025-08-07T12:16:11","guid":{"rendered":"https:\/\/preview.lecmo.shop\/?post_type=product&#038;p=848"},"modified":"2026-02-11T12:59:31","modified_gmt":"2026-02-11T08:59:31","slug":"verdant","status":"publish","type":"product","link":"https:\/\/lecmo.com\/fr\/produit\/verdant\/","title":{"rendered":"Verdoyant"},"content":{"rendered":"<div data-elementor-type=\"wp-post\" data-elementor-id=\"848\" class=\"elementor elementor-848\">\n\t\t\t\t<div class=\"wd-negative-gap elementor-element elementor-element-6d28dec e-flex e-con-boxed e-con e-parent\" data-id=\"6d28dec\" data-element_type=\"container\" data-e-type=\"container\">\n\t\t\t\t\t<div class=\"e-con-inner\">\n\t\t\t\t<div class=\"elementor-element elementor-element-b5b184c color-scheme-inherit text-left elementor-widget elementor-widget-text-editor\" data-id=\"b5b184c\" data-element_type=\"widget\" data-e-type=\"widget\" data-widget_type=\"text-editor.default\">\n\t\t\t\t\t\t\t\t\t<p><strong>Verdant - Eau de Parfum Unisexe 100ml<\/strong><\/p><p><strong>Famille olfactive :<\/strong> Ambre<\/p><p>Verdant s'appuie sur d'\u00e9l\u00e9gants accords verts, \u00e9quilibrant les agrumes frais, les fleurs douces et les bois ambr\u00e9s chauds dans un parfum doux et exaltant.<\/p><p>\u2728 <strong>Chaque bo\u00eete est accompagn\u00e9e d'une pi\u00e8ce de Dkhoun pour un voyage olfactif complet.<\/strong><\/p>\t\t\t\t\t\t\t\t<\/div>\n\t\t\t\t\t<\/div>\n\t\t\t\t<\/div>\n\t\t<div class=\"wd-negative-gap elementor-element elementor-element-10e84e8 wd-section-stretch e-flex e-con-boxed e-con e-parent\" data-id=\"10e84e8\" data-element_type=\"container\" data-e-type=\"container\" data-settings=\"{&quot;background_background&quot;:&quot;classic&quot;}\">\n\t\t\t\t\t<div class=\"e-con-inner\">\n\t\t\t\t<div class=\"elementor-element elementor-element-a7d0e0c elementor-widget elementor-widget-heading\" data-id=\"a7d0e0c\" data-element_type=\"widget\" data-e-type=\"widget\" data-widget_type=\"heading.default\">\n\t\t\t\t\t<h2 class=\"elementor-heading-title elementor-size-default\">Verdoyant<\/h2>\t\t\t\t<\/div>\n\t\t\t\t<div class=\"elementor-element elementor-element-7832359 elementor-widget__width-initial elementor-widget-mobile__width-inherit text-center color-scheme-inherit elementor-widget elementor-widget-text-editor\" data-id=\"7832359\" data-element_type=\"widget\" data-e-type=\"widget\" data-widget_type=\"text-editor.default\">\n\t\t\t\t\t\t\t\t\t<p data-start=\"664\" data-end=\"950\">Ce parfum, <strong>Verdoyant<\/strong>, est pr\u00e9sent\u00e9 dans l&#039;emballage embl\u00e9matique de Lecmo, o\u00f9 l&#039;\u00e9l\u00e9gance rencontre le raffinement des d\u00e9tails.<br data-start=\"784\" data-end=\"787\" \/>De la bo\u00eete ext\u00e9rieure au design de la bouteille, chaque \u00e9l\u00e9ment refl\u00e8te l&#039;identit\u00e9 de la marque. <strong>Verdoyant<\/strong>, offrant une exp\u00e9rience haut de gamme d\u00e8s le premier instant.<\/p><p data-start=\"952\" data-end=\"1006\">Parfait pour un usage personnel ou comme cadeau raffin\u00e9.<\/p>\t\t\t\t\t\t\t\t<\/div>\n\t\t\t\t<div class=\"elementor-element elementor-element-857e3eb elementor-widget elementor-widget-button\" data-id=\"857e3eb\" data-element_type=\"widget\" data-e-type=\"widget\" data-widget_type=\"button.default\">\n\t\t\t\t\t\t\t\t\t\t<a class=\"elementor-button elementor-button-link elementor-size-sm\" href=\"https:\/\/lecmo.com\/fr\/checkout\/?add-to-cart=848&#038;quantity=1\">\n\t\t\t\t\t\t<span class=\"elementor-button-content-wrapper\">\n\t\t\t\t\t\t\t\t\t<span class=\"elementor-button-text\">ACHETER MAINTENANT<\/span>\n\t\t\t\t\t<\/span>\n\t\t\t\t\t<\/a>\n\t\t\t\t\t\t\t\t<\/div>\n\t\t\t\t\t<\/div>\n\t\t\t\t<\/div>\n\t\t<div class=\"wd-negative-gap elementor-element elementor-element-ba6f896 e-flex e-con-boxed e-con e-parent\" data-id=\"ba6f896\" data-element_type=\"container\" data-e-type=\"container\">\n\t\t\t\t\t<div class=\"e-con-inner\">\n\t\t<div class=\"elementor-element elementor-element-cc8f369 e-con-full e-flex e-con e-child\" data-id=\"cc8f369\" data-element_type=\"container\" data-e-type=\"container\">\n\t\t\t\t<div class=\"elementor-element elementor-element-2a7792b elementor-widget elementor-widget-heading\" data-id=\"2a7792b\" data-element_type=\"widget\" data-e-type=\"widget\" data-widget_type=\"heading.default\">\n\t\t\t\t\t<h3 class=\"elementor-heading-title elementor-size-default\">Pourquoi Verdant ?<\/h3>\t\t\t\t<\/div>\n\t\t\t\t<div class=\"elementor-element elementor-element-e8b19c1 color-scheme-inherit text-left elementor-widget elementor-widget-text-editor\" data-id=\"e8b19c1\" data-element_type=\"widget\" data-e-type=\"widget\" data-widget_type=\"text-editor.default\">\n\t\t\t\t\t\t\t\t\t<ul><li data-start=\"549\" data-end=\"600\">\u00a0Pour les hommes et les femmes qui privil\u00e9gient l&#039;\u00e9l\u00e9gance \u00e0 l&#039;exc\u00e8s.<\/li><li style=\"list-style-type: none;\"><ul data-start=\"547\" data-end=\"825\"><li data-start=\"601\" data-end=\"654\"><p data-start=\"603\" data-end=\"654\">Une signature verte qui inspire la s\u00e9r\u00e9nit\u00e9, et non la d\u00e9sinvolture.<\/p><\/li><li data-start=\"655\" data-end=\"711\"><p data-start=\"657\" data-end=\"711\">Un agrume raffin\u00e9 et profond \u2014 pas un autre parfum frais<\/p><\/li><li data-start=\"712\" data-end=\"773\"><p data-start=\"714\" data-end=\"773\">Con\u00e7u pour ceux qui ne recherchent pas l&#039;attention\u2026 ils l&#039;assument.<\/p><\/li><li data-start=\"774\" data-end=\"825\"><p data-start=\"776\" data-end=\"825\">Clart\u00e9 durable avec une piste sophistiqu\u00e9e<\/p><\/li><\/ul><\/li><\/ul><p data-start=\"569\" data-end=\"628\"><strong data-start=\"569\" data-end=\"626\">Verdant offre une sensation de fra\u00eecheur, tout en \u00e9tant ind\u00e9niablement sophistiqu\u00e9.<\/strong><\/p>\t\t\t\t\t\t\t\t<\/div>\n\t\t\t\t<\/div>\n\t\t<div class=\"elementor-element elementor-element-ca043e1 e-con-full e-flex e-con e-child\" data-id=\"ca043e1\" data-element_type=\"container\" data-e-type=\"container\">\n\t\t\t\t<div class=\"elementor-element elementor-element-8c3ab75 elementor-widget elementor-widget-image\" data-id=\"8c3ab75\" data-element_type=\"widget\" data-e-type=\"widget\" data-widget_type=\"image.default\">\n\t\t\t\t\t\t\t\t\t\t\t\t\t\t\t<img loading=\"lazy\" decoding=\"async\" width=\"1900\" height=\"675\" src=\"https:\/\/lecmo.com\/wp-content\/uploads\/1900x675px-images-Verdant-psd-lifystyle-2.png\" class=\"attachment-large size-large wp-image-3851\" alt=\"lecmo perfumes - The Tale of the Lady and the Wolf\" srcset=\"https:\/\/lecmo.com\/wp-content\/uploads\/1900x675px-images-Verdant-psd-lifystyle-2.png 1900w, https:\/\/lecmo.com\/wp-content\/uploads\/1900x675px-images-Verdant-psd-lifystyle-2-150x53.png 150w, https:\/\/lecmo.com\/wp-content\/uploads\/1900x675px-images-Verdant-psd-lifystyle-2-768x273.png 768w, https:\/\/lecmo.com\/wp-content\/uploads\/1900x675px-images-Verdant-psd-lifystyle-2-1536x546.png 1536w, https:\/\/lecmo.com\/wp-content\/uploads\/1900x675px-images-Verdant-psd-lifystyle-2-18x6.png 18w\" sizes=\"auto, (max-width: 1900px) 100vw, 1900px\">\t\t\t\t\t\t\t\t\t\t\t\t\t\t\t<\/div>\n\t\t\t\t<\/div>\n\t\t\t\t\t<\/div>\n\t\t\t\t<\/div>\n\t\t<div class=\"wd-negative-gap elementor-element elementor-element-eee6f73 e-flex e-con-boxed e-con e-parent\" data-id=\"eee6f73\" data-element_type=\"container\" data-e-type=\"container\">\n\t\t\t\t\t<div class=\"e-con-inner\">\n\t\t<div class=\"elementor-element elementor-element-c3b7e5a e-con-full e-flex e-con e-child\" data-id=\"c3b7e5a\" data-element_type=\"container\" data-e-type=\"container\">\n\t\t\t\t<div class=\"elementor-element elementor-element-55e91af elementor-widget elementor-widget-image\" data-id=\"55e91af\" data-element_type=\"widget\" data-e-type=\"widget\" data-widget_type=\"image.default\">\n\t\t\t\t\t\t\t\t\t\t\t\t\t\t\t<img loading=\"lazy\" decoding=\"async\" width=\"1600\" height=\"568\" src=\"https:\/\/lecmo.com\/wp-content\/uploads\/verdant-lifestyle-1-.jpg\" class=\"attachment-large size-large wp-image-3923\" alt=\"lecmo perfumes - The Tale of the Lady and the Wolf\" srcset=\"https:\/\/lecmo.com\/wp-content\/uploads\/verdant-lifestyle-1-.jpg 1600w, https:\/\/lecmo.com\/wp-content\/uploads\/verdant-lifestyle-1--150x53.jpg 150w, https:\/\/lecmo.com\/wp-content\/uploads\/verdant-lifestyle-1--768x273.jpg 768w, https:\/\/lecmo.com\/wp-content\/uploads\/verdant-lifestyle-1--1536x545.jpg 1536w, https:\/\/lecmo.com\/wp-content\/uploads\/verdant-lifestyle-1--18x6.jpg 18w\" sizes=\"auto, (max-width: 1600px) 100vw, 1600px\">\t\t\t\t\t\t\t\t\t\t\t\t\t\t\t<\/div>\n\t\t\t\t<\/div>\n\t\t<div class=\"elementor-element elementor-element-192d3d1 e-con-full e-flex e-con e-child\" data-id=\"192d3d1\" data-element_type=\"container\" data-e-type=\"container\">\n\t\t\t\t<div class=\"elementor-element elementor-element-e6c9135 elementor-widget elementor-widget-heading\" data-id=\"e6c9135\" data-element_type=\"widget\" data-e-type=\"widget\" data-widget_type=\"heading.default\">\n\t\t\t\t\t<h3 class=\"elementor-heading-title elementor-size-default\">Notes cl\u00e9s<\/h3>\t\t\t\t<\/div>\n\t\t\t\t<div class=\"elementor-element elementor-element-f798081 color-scheme-inherit text-left elementor-widget elementor-widget-text-editor\" data-id=\"f798081\" data-element_type=\"widget\" data-e-type=\"widget\" data-widget_type=\"text-editor.default\">\n\t\t\t\t\t\t\t\t\t<ul><li><strong>Notes de t\u00eate :<\/strong> Orange am\u00e8re, gingembre, sauge sclar\u00e9e<\/li><li><strong>Notes de c\u0153ur :<\/strong> Jasmin, Muguet, Fleur d'oranger<\/li><li><strong>Notes de fond :<\/strong> Daim, ambre sec, bois de santal<\/li><\/ul>\t\t\t\t\t\t\t\t<\/div>\n\t\t\t\t<\/div>\n\t\t\t\t\t<\/div>\n\t\t\t\t<\/div>\n\t\t\t\t<\/div>","protected":false},"excerpt":{"rendered":"<p data-start=\"99\" data-end=\"314\">Verdant EDP - L'\u00e9l\u00e9gance du vert fran\u00e7ais.<br data-start=\"142\" data-end=\"145\" \/>Verdant capture l&#039;essence m\u00eame du raffinement vert \u00e0 la fran\u00e7aise.<\/p>","protected":false},"featured_media":1941,"comment_status":"open","ping_status":"closed","template":"","meta":[],"product_brand":[31],"product_cat":[16,123],"product_tag":[119,116,117,120,118],"class_list":{"0":"post-848","1":"product","2":"type-product","3":"status-publish","4":"has-post-thumbnail","6":"product_brand-lecmo","7":"product_cat-single-perfume","8":"product_cat-unisex-fragrances","9":"product_tag-dokhun","10":"product_tag-lecmo-perfume","11":"product_tag-men-perfumes","12":"product_tag-perfume-gifts","13":"product_tag-women-perfumes","15":"first","16":"instock","17":"shipping-taxable","18":"purchasable","19":"product-type-simple"},"_links":{"self":[{"href":"https:\/\/lecmo.com\/fr\/wp-json\/wp\/v2\/product\/848","targetHints":{"allow":["GET"]}}],"collection":[{"href":"https:\/\/lecmo.com\/fr\/wp-json\/wp\/v2\/product"}],"about":[{"href":"https:\/\/lecmo.com\/fr\/wp-json\/wp\/v2\/types\/product"}],"replies":[{"embeddable":true,"href":"https:\/\/lecmo.com\/fr\/wp-json\/wp\/v2\/comments?post=848"}],"version-history":[{"count":0,"href":"https:\/\/lecmo.com\/fr\/wp-json\/wp\/v2\/product\/848\/revisions"}],"wp:featuredmedia":[{"embeddable":true,"href":"https:\/\/lecmo.com\/fr\/wp-json\/wp\/v2\/media\/1941"}],"wp:attachment":[{"href":"https:\/\/lecmo.com\/fr\/wp-json\/wp\/v2\/media?parent=848"}],"wp:term":[{"taxonomy":"product_brand","embeddable":true,"href":"https:\/\/lecmo.com\/fr\/wp-json\/wp\/v2\/product_brand?post=848"},{"taxonomy":"product_cat","embeddable":true,"href":"https:\/\/lecmo.com\/fr\/wp-json\/wp\/v2\/product_cat?post=848"},{"taxonomy":"product_tag","embeddable":true,"href":"https:\/\/lecmo.com\/fr\/wp-json\/wp\/v2\/product_tag?post=848"}],"curies":[{"name":"wp","href":"https:\/\/api.w.org\/{rel}","templated":true}]}}