{"id":84,"date":"2025-07-21T20:56:55","date_gmt":"2025-07-21T20:56:55","guid":{"rendered":"https:\/\/preview.lecmo.shop\/?post_type=product&#038;p=84"},"modified":"2026-02-10T13:32:54","modified_gmt":"2026-02-10T09:32:54","slug":"red-red-collection","status":"publish","type":"product","link":"https:\/\/lecmo.com\/fr\/produit\/red-red-collection\/","title":{"rendered":"Rouge rouge"},"content":{"rendered":"<div data-elementor-type=\"wp-post\" data-elementor-id=\"84\" class=\"elementor elementor-84\">\n\t\t\t\t<div class=\"wd-negative-gap elementor-element elementor-element-048da30 e-flex e-con-boxed e-con e-parent\" data-id=\"048da30\" data-element_type=\"container\" data-e-type=\"container\">\n\t\t\t\t\t<div class=\"e-con-inner\">\n\t\t\t\t<div class=\"elementor-element elementor-element-0bf4b9e color-scheme-inherit text-left elementor-widget elementor-widget-text-editor\" data-id=\"0bf4b9e\" data-element_type=\"widget\" data-e-type=\"widget\" data-widget_type=\"text-editor.default\">\n\t\t\t\t\t\t\t\t\t<p><strong>Red Red - Eau de Parfum<\/strong><\/p><p class=\"translation-block\">Audacieux, s\u00e9duisant et inoubliable \u2013 <strong>Red Red<\/strong> incarne la puissance de la passion.<br>\nLe poivre rose \u00e9pic\u00e9 et l\u2019oud profond cr\u00e9ent une tra\u00een\u00e9e audacieuse et magn\u00e9tique, con\u00e7ue pour ceux qui refusent de se fondre dans la masse.<\/p><p class=\"translation-block\">Pr\u00e9sent\u00e9 dans un <strong>magnifique sac en cuir rouge, cet ensemble contient \u00e9galement un flacon de 25 ml<\/strong> et une <strong>pi\u00e8ce Dkhoun<\/strong>, un symbole de luxe qui perdure bien apr\u00e8s votre d\u00e9part.<\/p>\t\t\t\t\t\t\t\t<\/div>\n\t\t\t\t\t<\/div>\n\t\t\t\t<\/div>\n\t\t<div class=\"wd-negative-gap elementor-element elementor-element-dc2b25a wd-section-stretch e-flex e-con-boxed e-con e-parent\" data-id=\"dc2b25a\" data-element_type=\"container\" data-e-type=\"container\" data-settings=\"{&quot;background_background&quot;:&quot;classic&quot;}\">\n\t\t\t\t\t<div class=\"e-con-inner\">\n\t\t\t\t<div class=\"elementor-element elementor-element-0e0173a elementor-widget elementor-widget-heading\" data-id=\"0e0173a\" data-element_type=\"widget\" data-e-type=\"widget\" data-widget_type=\"heading.default\">\n\t\t\t\t\t<h2 class=\"elementor-heading-title elementor-size-default\">Red Red<\/h2>\t\t\t\t<\/div>\n\t\t\t\t<div class=\"elementor-element elementor-element-056eb7a elementor-widget__width-initial elementor-widget-mobile__width-inherit color-scheme-inherit text-left elementor-widget elementor-widget-text-editor\" data-id=\"056eb7a\" data-element_type=\"widget\" data-e-type=\"widget\" data-widget_type=\"text-editor.default\">\n\t\t\t\t\t\t\t\t\t<p data-start=\"558\" data-end=\"872\">Ce coffret est pr\u00e9sent\u00e9 dans l&#039;embl\u00e9matique pochette en cuir rouge de Lecmo, o\u00f9 l&#039;\u00e9l\u00e9gance rencontre le raffinement. De l&#039;ext\u00e9rieur en cuir audacieux au parfum signature de 100 ml, au format voyage de 25 ml et \u00e0 l&#039;encens raffin\u00e9 qu&#039;il contient, chaque \u00e9l\u00e9ment refl\u00e8te l&#039;identit\u00e9 de la marque et offre une exp\u00e9rience haut de gamme d\u00e8s le premier regard.<\/p><h5 style=\"text-align: center;\" data-start=\"874\" data-end=\"928\">Parfait pour un usage personnel ou comme cadeau raffin\u00e9.<\/h5>\t\t\t\t\t\t\t\t<\/div>\n\t\t\t\t<div class=\"elementor-element elementor-element-615318d elementor-widget elementor-widget-button\" data-id=\"615318d\" data-element_type=\"widget\" data-e-type=\"widget\" data-widget_type=\"button.default\">\n\t\t\t\t\t\t\t\t\t\t<a class=\"elementor-button elementor-button-link elementor-size-sm\" href=\"https:\/\/lecmo.com\/fr\/checkout\/?add-to-cart=84&#038;quantity=1\">\n\t\t\t\t\t\t<span class=\"elementor-button-content-wrapper\">\n\t\t\t\t\t\t\t\t\t<span class=\"elementor-button-text\">ACHETER MAINTENANT<\/span>\n\t\t\t\t\t<\/span>\n\t\t\t\t\t<\/a>\n\t\t\t\t\t\t\t\t<\/div>\n\t\t\t\t\t<\/div>\n\t\t\t\t<\/div>\n\t\t<div class=\"wd-negative-gap elementor-element elementor-element-42aee42 e-flex e-con-boxed e-con e-parent\" data-id=\"42aee42\" data-element_type=\"container\" data-e-type=\"container\">\n\t\t\t\t\t<div class=\"e-con-inner\">\n\t\t<div class=\"elementor-element elementor-element-52761a4 e-con-full e-flex e-con e-child\" data-id=\"52761a4\" data-element_type=\"container\" data-e-type=\"container\">\n\t\t\t\t<div class=\"elementor-element elementor-element-d54b618 elementor-widget elementor-widget-heading\" data-id=\"d54b618\" data-element_type=\"widget\" data-e-type=\"widget\" data-widget_type=\"heading.default\">\n\t\t\t\t\t<h3 class=\"elementor-heading-title elementor-size-default\">Pourquoi Red Red ?<\/h3>\t\t\t\t<\/div>\n\t\t\t\t<div class=\"elementor-element elementor-element-8a15ac1 color-scheme-inherit text-left elementor-widget elementor-widget-text-editor\" data-id=\"8a15ac1\" data-element_type=\"widget\" data-e-type=\"widget\" data-widget_type=\"text-editor.default\">\n\t\t\t\t\t\t\t\t\t<p style=\"caret-color: #000000; color: #000000; font-style: normal; font-variant-caps: normal; font-weight: 400;\" data-start=\"89\" data-end=\"188\">\u2022 <span class=\"Apple-converted-space\">\u00a0<\/span><strong data-start=\"94\" data-end=\"120\">Un parfum signature audacieux<\/strong><span class=\"Apple-converted-space\">\u00a0<\/span>\u2013 Con\u00e7u pour ceux qui attirent l&#039;attention et refusent de se fondre dans la masse.<\/p><p style=\"caret-color: #000000; color: #000000; font-style: normal; font-variant-caps: normal; font-weight: 400;\" data-start=\"321\" data-end=\"434\">\u2022 <strong data-start=\"326\" data-end=\"352\">Intensit\u00e9 durable<\/strong><span class=\"Apple-converted-space\">\u00a0<\/span>\u2013 Une pr\u00e9sence riche et persistante qui vous accompagne longtemps apr\u00e8s avoir quitt\u00e9 la pi\u00e8ce.<\/p><p style=\"caret-color: #000000; color: #000000; font-style: normal; font-variant-caps: normal; font-weight: 400;\" data-start=\"436\" data-end=\"560\">\u2022 <span class=\"Apple-converted-space\">\u00a0<\/span><strong data-start=\"441\" data-end=\"467\">Le luxe dans les moindres d\u00e9tails<\/strong><span class=\"Apple-converted-space\">\u00a0<\/span>\u2013 Pr\u00e9sent\u00e9e dans un sac en cuir rouge \u00e9clatant qui refl\u00e8te la force, la confiance et la passion.<\/p><p style=\"caret-color: #000000; color: #000000; font-style: normal; font-variant-caps: normal; font-weight: 400;\" data-start=\"562\" data-end=\"698\">\u2022 <span class=\"Apple-converted-space\">\u00a0<\/span><strong data-start=\"567\" data-end=\"600\">Exp\u00e9rience olfactive compl\u00e8te<\/strong><span class=\"Apple-converted-space\">\u00a0<\/span>\u2013 Comprend un flacon de 25 ml pour les voyages et une pi\u00e8ce Dkhoun pour une touche d&#039;\u00e9l\u00e9gance orientale suppl\u00e9mentaire.<\/p><p style=\"caret-color: #000000; color: #000000; font-style: normal; font-variant-caps: normal; font-weight: 400;\" data-start=\"700\" data-end=\"788\">\u2022 <span class=\"Apple-converted-space\">\u00a0<\/span><strong data-start=\"705\" data-end=\"730\">Con\u00e7u pour se d\u00e9marquer<\/strong><span class=\"Apple-converted-space\">\u00a0<\/span>\u2013 Con\u00e7u pour les personnes qui privil\u00e9gient l&#039;impact \u00e0 la subtilit\u00e9.<\/p>\t\t\t\t\t\t\t\t<\/div>\n\t\t\t\t<\/div>\n\t\t<div class=\"elementor-element elementor-element-f736535 e-con-full e-flex e-con e-child\" data-id=\"f736535\" data-element_type=\"container\" data-e-type=\"container\">\n\t\t\t\t<div class=\"elementor-element elementor-element-f5f1571 elementor-widget elementor-widget-image\" data-id=\"f5f1571\" data-element_type=\"widget\" data-e-type=\"widget\" data-widget_type=\"image.default\">\n\t\t\t\t\t\t\t\t\t\t\t\t\t\t\t<img loading=\"lazy\" decoding=\"async\" width=\"768\" height=\"1344\" src=\"https:\/\/lecmo.com\/wp-content\/uploads\/NanoBanana_Image_20260106_013857.webp\" class=\"attachment-large size-large wp-image-4241\" alt=\"lecmo perfumes - The Tale of the Lady and the Wolf\" srcset=\"https:\/\/lecmo.com\/wp-content\/uploads\/NanoBanana_Image_20260106_013857.webp 768w, https:\/\/lecmo.com\/wp-content\/uploads\/NanoBanana_Image_20260106_013857-457x800.webp 457w, https:\/\/lecmo.com\/wp-content\/uploads\/NanoBanana_Image_20260106_013857-7x12.webp 7w, https:\/\/lecmo.com\/wp-content\/uploads\/NanoBanana_Image_20260106_013857-150x263.webp 150w\" sizes=\"auto, (max-width: 768px) 100vw, 768px\">\t\t\t\t\t\t\t\t\t\t\t\t\t\t\t<\/div>\n\t\t\t\t<\/div>\n\t\t\t\t\t<\/div>\n\t\t\t\t<\/div>\n\t\t<div class=\"wd-negative-gap elementor-element elementor-element-a370350 e-flex e-con-boxed e-con e-parent\" data-id=\"a370350\" data-element_type=\"container\" data-e-type=\"container\">\n\t\t\t\t\t<div class=\"e-con-inner\">\n\t\t<div class=\"elementor-element elementor-element-2264e2a e-con-full e-flex e-con e-child\" data-id=\"2264e2a\" data-element_type=\"container\" data-e-type=\"container\">\n\t\t\t\t<div class=\"elementor-element elementor-element-f5e59ee elementor-widget elementor-widget-image\" data-id=\"f5e59ee\" data-element_type=\"widget\" data-e-type=\"widget\" data-widget_type=\"image.default\">\n\t\t\t\t\t\t\t\t\t\t\t\t\t\t\t<img loading=\"lazy\" decoding=\"async\" width=\"1018\" height=\"1019\" src=\"https:\/\/lecmo.com\/wp-content\/uploads\/Screen-Shot-2026-01-13-at-4.01.04-PM.webp\" class=\"attachment-large size-large wp-image-4240\" alt=\"lecmo perfumes - The Tale of the Lady and the Wolf\" srcset=\"https:\/\/lecmo.com\/wp-content\/uploads\/Screen-Shot-2026-01-13-at-4.01.04-PM.webp 1018w, https:\/\/lecmo.com\/wp-content\/uploads\/Screen-Shot-2026-01-13-at-4.01.04-PM-800x800.webp 800w, https:\/\/lecmo.com\/wp-content\/uploads\/Screen-Shot-2026-01-13-at-4.01.04-PM-768x769.webp 768w, https:\/\/lecmo.com\/wp-content\/uploads\/Screen-Shot-2026-01-13-at-4.01.04-PM-12x12.webp 12w, https:\/\/lecmo.com\/wp-content\/uploads\/Screen-Shot-2026-01-13-at-4.01.04-PM-150x150.webp 150w\" sizes=\"auto, (max-width: 1018px) 100vw, 1018px\">\t\t\t\t\t\t\t\t\t\t\t\t\t\t\t<\/div>\n\t\t\t\t<\/div>\n\t\t<div class=\"elementor-element elementor-element-0a1fa1b e-con-full e-flex e-con e-child\" data-id=\"0a1fa1b\" data-element_type=\"container\" data-e-type=\"container\">\n\t\t\t\t<div class=\"elementor-element elementor-element-f985200 elementor-widget elementor-widget-heading\" data-id=\"f985200\" data-element_type=\"widget\" data-e-type=\"widget\" data-widget_type=\"heading.default\">\n\t\t\t\t\t<h3 class=\"elementor-heading-title elementor-size-default\">Notes cl\u00e9s<\/h3>\t\t\t\t<\/div>\n\t\t\t\t<div class=\"elementor-element elementor-element-1c449bd color-scheme-inherit text-left elementor-widget elementor-widget-text-editor\" data-id=\"1c449bd\" data-element_type=\"widget\" data-e-type=\"widget\" data-widget_type=\"text-editor.default\">\n\t\t\t\t\t\t\t\t\t<ul><li><strong>Couleur du sac :<\/strong> Cuir rouge<\/li><li><strong>Tailles :<\/strong> 100 ml + 25 ml \u00e0 l\u2019int\u00e9rieur du sac<\/li><\/ul>\t\t\t\t\t\t\t\t<\/div>\n\t\t\t\t<\/div>\n\t\t\t\t\t<\/div>\n\t\t\t\t<\/div>\n\t\t\t\t<\/div>","protected":false},"excerpt":{"rendered":"<p>Audacieux, s\u00e9duisant et inoubliable - <strong>Red Red<\/strong> incarne le pouvoir de la passion.<br \/>\nLe poivre rose \u00e9pic\u00e9 et l'oud profond enflamment un sillage audacieux et magn\u00e9tique, desRed Red Eau de Parfum est l'essence m\u00eame de l'\u00e9l\u00e9gance audacieuse - une harmonie irr\u00e9sistible de sophistication et de profondeur sensuelle.<br \/>\nS\u00e9duisante et intemporelle, elle incarne le luxe moderne avec une intensit\u00e9 captivante qui laisse une trace inoubliable o\u00f9 que vous alliez.Con\u00e7ue pour ceux qui refusent de se fondre dans la masse.<\/p>","protected":false},"featured_media":3044,"comment_status":"open","ping_status":"closed","template":"","meta":[],"product_brand":[31],"product_cat":[19],"product_tag":[],"class_list":{"0":"post-84","1":"product","2":"type-product","3":"status-publish","4":"has-post-thumbnail","6":"product_brand-lecmo","7":"product_cat-lady-bag-perfume-set","9":"first","10":"instock","11":"shipping-taxable","12":"purchasable","13":"product-type-simple"},"_links":{"self":[{"href":"https:\/\/lecmo.com\/fr\/wp-json\/wp\/v2\/product\/84","targetHints":{"allow":["GET"]}}],"collection":[{"href":"https:\/\/lecmo.com\/fr\/wp-json\/wp\/v2\/product"}],"about":[{"href":"https:\/\/lecmo.com\/fr\/wp-json\/wp\/v2\/types\/product"}],"replies":[{"embeddable":true,"href":"https:\/\/lecmo.com\/fr\/wp-json\/wp\/v2\/comments?post=84"}],"version-history":[{"count":0,"href":"https:\/\/lecmo.com\/fr\/wp-json\/wp\/v2\/product\/84\/revisions"}],"wp:featuredmedia":[{"embeddable":true,"href":"https:\/\/lecmo.com\/fr\/wp-json\/wp\/v2\/media\/3044"}],"wp:attachment":[{"href":"https:\/\/lecmo.com\/fr\/wp-json\/wp\/v2\/media?parent=84"}],"wp:term":[{"taxonomy":"product_brand","embeddable":true,"href":"https:\/\/lecmo.com\/fr\/wp-json\/wp\/v2\/product_brand?post=84"},{"taxonomy":"product_cat","embeddable":true,"href":"https:\/\/lecmo.com\/fr\/wp-json\/wp\/v2\/product_cat?post=84"},{"taxonomy":"product_tag","embeddable":true,"href":"https:\/\/lecmo.com\/fr\/wp-json\/wp\/v2\/product_tag?post=84"}],"curies":[{"name":"wp","href":"https:\/\/api.w.org\/{rel}","templated":true}]}}