{"id":75,"date":"2025-07-21T20:56:54","date_gmt":"2025-07-21T20:56:54","guid":{"rendered":"https:\/\/preview.lecmo.shop\/?post_type=product&#038;p=75"},"modified":"2026-02-11T14:08:57","modified_gmt":"2026-02-11T10:08:57","slug":"lecmo-red","status":"publish","type":"product","link":"https:\/\/lecmo.com\/fr\/produit\/lecmo-red\/","title":{"rendered":"AMBRE ROUGE"},"content":{"rendered":"<div data-elementor-type=\"wp-post\" data-elementor-id=\"75\" class=\"elementor elementor-75\">\n\t\t\t\t<div class=\"wd-negative-gap elementor-element elementor-element-c226dba e-flex e-con-boxed e-con e-parent\" data-id=\"c226dba\" data-element_type=\"container\" data-e-type=\"container\">\n\t\t\t\t\t<div class=\"e-con-inner\">\n\t\t\t\t<div class=\"elementor-element elementor-element-3588c7c color-scheme-inherit text-left elementor-widget elementor-widget-text-editor\" data-id=\"3588c7c\" data-element_type=\"widget\" data-e-type=\"widget\" data-widget_type=\"text-editor.default\">\n\t\t\t\t\t\t\t\t\t<p><strong data-start=\"278\" data-end=\"299\">RED AMBER EDP : PARFUM UNISEXE \u2013 100 ML&nbsp;<br>Famille olfactive : <\/strong>Ambre oriental<\/p>\n<p>Ce parfum est pr\u00e9sent\u00e9 dans un flacon d&#039;Eau de Parfum de 100 ml et comprend une pi\u00e8ce Dkhoun de qualit\u00e9 sup\u00e9rieure pour une exp\u00e9rience olfactive compl\u00e8te.<\/p>\t\t\t\t\t\t\t\t<\/div>\n\t\t\t\t\t<\/div>\n\t\t\t\t<\/div>\n\t\t<div class=\"wd-negative-gap elementor-element elementor-element-4e6185f wd-section-stretch e-flex e-con-boxed e-con e-parent\" data-id=\"4e6185f\" data-element_type=\"container\" data-e-type=\"container\" data-settings=\"{&quot;background_background&quot;:&quot;classic&quot;}\">\n\t\t\t\t\t<div class=\"e-con-inner\">\n\t\t\t\t<div class=\"elementor-element elementor-element-7b4f5e7 elementor-widget elementor-widget-heading\" data-id=\"7b4f5e7\" data-element_type=\"widget\" data-e-type=\"widget\" data-widget_type=\"heading.default\">\n\t\t\t\t\t<h2 class=\"elementor-heading-title elementor-size-default\">Lecmo Rouge<\/h2>\t\t\t\t<\/div>\n\t\t\t\t<div class=\"elementor-element elementor-element-00fcf1c color-scheme-inherit text-left elementor-widget elementor-widget-text-editor\" data-id=\"00fcf1c\" data-element_type=\"widget\" data-e-type=\"widget\" data-widget_type=\"text-editor.default\">\n\t\t\t\t\t\t\t\t\t<p style=\"margin-bottom: 20px; font-style: normal; font-variant-ligatures: normal; font-variant-caps: normal; font-family: Alexandria, Arial, Helvetica, sans-serif; font-size: 17px; margin-inline: auto; color: #000000; text-align: center;\" data-pm-slice=\"0 0 []\"><span style=\"font-weight: 300;\">Ce parfum, <\/span><b>AMBRE ROUGE<\/b>, est pr\u00e9sent\u00e9 dans l&#039;emballage embl\u00e9matique de Lecmo, o\u00f9 l&#039;\u00e9l\u00e9gance rencontre le raffinement des d\u00e9tails.<\/p><p style=\"margin-bottom: 20px; font-style: normal; font-variant-ligatures: normal; font-variant-caps: normal; font-weight: 300; font-family: Alexandria, Arial, Helvetica, sans-serif; font-size: 17px; margin-inline: auto; color: #000000; text-align: center;\">De la bo\u00eete ext\u00e9rieure au design de la bouteille, chaque \u00e9l\u00e9ment refl\u00e8te l&#039;identit\u00e9 de la marque.\u00a0<span style=\"font-weight: 600; font-size: 17px;\">AMBRE ROUGE<\/span>, offrant une exp\u00e9rience haut de gamme d\u00e8s le premier instant.<\/p><h4 style=\"font-style: normal; font-variant-ligatures: normal; font-variant-caps: normal; font-weight: 400; font-family: Alexandria, Arial, Helvetica, sans-serif; color: #242424; text-transform: none; margin-inline: auto; text-align: center;\">Parfait pour un usage personnel ou comme cadeau raffin\u00e9.<\/h4>\t\t\t\t\t\t\t\t<\/div>\n\t\t\t\t<div class=\"elementor-element elementor-element-2ddf309 elementor-widget elementor-widget-button\" data-id=\"2ddf309\" data-element_type=\"widget\" data-e-type=\"widget\" data-widget_type=\"button.default\">\n\t\t\t\t\t\t\t\t\t\t<a class=\"elementor-button elementor-button-link elementor-size-sm\" href=\"https:\/\/lecmo.com\/fr\/checkout\/?add-to-cart=75&#038;quantity=1\">\n\t\t\t\t\t\t<span class=\"elementor-button-content-wrapper\">\n\t\t\t\t\t\t\t\t\t<span class=\"elementor-button-text\">ACHETER MAINTENANT<\/span>\n\t\t\t\t\t<\/span>\n\t\t\t\t\t<\/a>\n\t\t\t\t\t\t\t\t<\/div>\n\t\t\t\t\t<\/div>\n\t\t\t\t<\/div>\n\t\t<div class=\"wd-negative-gap elementor-element elementor-element-3e12fca e-flex e-con-boxed e-con e-parent\" data-id=\"3e12fca\" data-element_type=\"container\" data-e-type=\"container\">\n\t\t\t\t\t<div class=\"e-con-inner\">\n\t\t<div class=\"elementor-element elementor-element-25ca8de e-con-full e-flex e-con e-child\" data-id=\"25ca8de\" data-element_type=\"container\" data-e-type=\"container\">\n\t\t\t\t<div class=\"elementor-element elementor-element-2fe167b color-scheme-inherit text-left elementor-widget elementor-widget-text-editor\" data-id=\"2fe167b\" data-element_type=\"widget\" data-e-type=\"widget\" data-widget_type=\"text-editor.default\">\n\t\t\t\t\t\t\t\t\t<h1>POURQUOI L&#039;AMBRE ROUGE ?\u00a0<\/h1><ul data-start=\"808\" data-end=\"1077\"><li data-start=\"808\" data-end=\"858\"><p data-start=\"810\" data-end=\"858\">Un ambre oriental raffin\u00e9 \u00e0 l&#039;\u00e9l\u00e9gance subtile.<\/p><\/li><li data-start=\"859\" data-end=\"902\"><p data-start=\"861\" data-end=\"902\">Des notes florales poudr\u00e9es \u00e9quilibr\u00e9es par une profondeur musqu\u00e9e.<\/p><\/li><li data-start=\"903\" data-end=\"962\"><p data-start=\"905\" data-end=\"962\">La f\u00e8ve tonka et la vanille apportent de la chaleur sans exc\u00e8s de sucre.<\/p><\/li><li data-start=\"963\" data-end=\"1015\"><p data-start=\"965\" data-end=\"1015\">Structur\u00e9e, lisse et d&#039;une tenue longue dur\u00e9e assur\u00e9e<\/p><\/li><li data-start=\"1016\" data-end=\"1077\"><p data-start=\"1018\" data-end=\"1077\">Con\u00e7u pour ceux qui appr\u00e9cient la richesse avec retenue<\/p><\/li><\/ul><p data-start=\"1079\" data-end=\"1131\"><strong data-start=\"1079\" data-end=\"1131\">Red Amber ne crie pas le luxe, elle l&#039;incarne.<\/strong><\/p>\t\t\t\t\t\t\t\t<\/div>\n\t\t\t\t<\/div>\n\t\t<div class=\"elementor-element elementor-element-88e6d72 e-con-full e-flex e-con e-child\" data-id=\"88e6d72\" data-element_type=\"container\" data-e-type=\"container\">\n\t\t\t\t<div class=\"elementor-element elementor-element-0af1723 elementor-widget elementor-widget-image\" data-id=\"0af1723\" data-element_type=\"widget\" data-e-type=\"widget\" data-widget_type=\"image.default\">\n\t\t\t\t\t\t\t\t\t\t\t\t\t\t\t<img loading=\"lazy\" decoding=\"async\" width=\"1377\" height=\"767\" src=\"https:\/\/lecmo.com\/wp-content\/uploads\/Screen-Shot-2025-12-28-at-9.19.31-PM.png\" class=\"attachment-large size-large wp-image-4001\" alt=\"lecmo perfumes - The Tale of the Lady and the Wolf\" srcset=\"https:\/\/lecmo.com\/wp-content\/uploads\/Screen-Shot-2025-12-28-at-9.19.31-PM.png 1377w, https:\/\/lecmo.com\/wp-content\/uploads\/Screen-Shot-2025-12-28-at-9.19.31-PM-800x446.png 800w, https:\/\/lecmo.com\/wp-content\/uploads\/Screen-Shot-2025-12-28-at-9.19.31-PM-768x428.png 768w, https:\/\/lecmo.com\/wp-content\/uploads\/Screen-Shot-2025-12-28-at-9.19.31-PM-18x10.png 18w, https:\/\/lecmo.com\/wp-content\/uploads\/Screen-Shot-2025-12-28-at-9.19.31-PM-150x84.png 150w\" sizes=\"auto, (max-width: 1377px) 100vw, 1377px\">\t\t\t\t\t\t\t\t\t\t\t\t\t\t\t<\/div>\n\t\t\t\t<\/div>\n\t\t\t\t\t<\/div>\n\t\t\t\t<\/div>\n\t\t<div class=\"wd-negative-gap elementor-element elementor-element-ff82e2a e-flex e-con-boxed e-con e-parent\" data-id=\"ff82e2a\" data-element_type=\"container\" data-e-type=\"container\">\n\t\t\t\t\t<div class=\"e-con-inner\">\n\t\t<div class=\"elementor-element elementor-element-2c6e94b e-con-full e-flex e-con e-child\" data-id=\"2c6e94b\" data-element_type=\"container\" data-e-type=\"container\">\n\t\t\t\t<div class=\"elementor-element elementor-element-699704f elementor-widget elementor-widget-image\" data-id=\"699704f\" data-element_type=\"widget\" data-e-type=\"widget\" data-widget_type=\"image.default\">\n\t\t\t\t\t\t\t\t\t\t\t\t\t\t\t<img loading=\"lazy\" decoding=\"async\" width=\"1324\" height=\"768\" src=\"https:\/\/lecmo.com\/wp-content\/uploads\/Screen-Shot-2025-12-28-at-9.12.17-PM.png\" class=\"attachment-large size-large wp-image-4000\" alt=\"lecmo perfumes - The Tale of the Lady and the Wolf\" srcset=\"https:\/\/lecmo.com\/wp-content\/uploads\/Screen-Shot-2025-12-28-at-9.12.17-PM.png 1324w, https:\/\/lecmo.com\/wp-content\/uploads\/Screen-Shot-2025-12-28-at-9.12.17-PM-800x464.png 800w, https:\/\/lecmo.com\/wp-content\/uploads\/Screen-Shot-2025-12-28-at-9.12.17-PM-768x445.png 768w, https:\/\/lecmo.com\/wp-content\/uploads\/Screen-Shot-2025-12-28-at-9.12.17-PM-18x10.png 18w, https:\/\/lecmo.com\/wp-content\/uploads\/Screen-Shot-2025-12-28-at-9.12.17-PM-150x87.png 150w\" sizes=\"auto, (max-width: 1324px) 100vw, 1324px\">\t\t\t\t\t\t\t\t\t\t\t\t\t\t\t<\/div>\n\t\t\t\t<\/div>\n\t\t<div class=\"elementor-element elementor-element-9472028 e-con-full e-flex e-con e-child\" data-id=\"9472028\" data-element_type=\"container\" data-e-type=\"container\">\n\t\t\t\t<div class=\"elementor-element elementor-element-2581745 color-scheme-inherit text-left elementor-widget elementor-widget-text-editor\" data-id=\"2581745\" data-element_type=\"widget\" data-e-type=\"widget\" data-widget_type=\"text-editor.default\">\n\t\t\t\t\t\t\t\t\t<h2 data-start=\"86\" data-end=\"110\">Notes cl\u00e9s \u2013 Ambre rouge<\/h2><p data-start=\"112\" data-end=\"169\"><strong data-start=\"112\" data-end=\"126\">Notes de t\u00eate :<\/strong><br data-start=\"126\" data-end=\"129\" \/>Violette, bergamote, ylang-ylang, jasmin<\/p><p data-start=\"171\" data-end=\"215\"><strong data-start=\"171\" data-end=\"187\">Notes de c\u0153ur :<\/strong><br data-start=\"187\" data-end=\"190\" \/>Orris, musc, h\u00e9liotrope<\/p><p data-start=\"217\" data-end=\"276\"><strong data-start=\"217\" data-end=\"232\">Notes de fond :<\/strong><br data-start=\"232\" data-end=\"235\" \/>Musc, f\u00e8ve tonka, ambre, vanille, bois<\/p><p data-start=\"278\" data-end=\"318\">\u00a0<\/p>\t\t\t\t\t\t\t\t<\/div>\n\t\t\t\t<\/div>\n\t\t\t\t\t<\/div>\n\t\t\t\t<\/div>\n\t\t\t\t<\/div>","protected":false},"excerpt":{"rendered":"<p>RED AMBER EDP \u2014 Chaleur opulente<br \/>\nUne pr\u00e9sence qu&#039;on n&#039;explique pas \u2014 elle demeure.<\/p>","protected":false},"featured_media":1924,"comment_status":"closed","ping_status":"closed","template":"","meta":[],"product_brand":[31],"product_cat":[16,124],"product_tag":[119,116,120,118],"class_list":{"0":"post-75","1":"product","2":"type-product","3":"status-publish","4":"has-post-thumbnail","6":"product_brand-lecmo","7":"product_cat-single-perfume","8":"product_cat-womens-fragreances","9":"product_tag-dokhun","10":"product_tag-lecmo-perfume","11":"product_tag-perfume-gifts","12":"product_tag-women-perfumes","14":"first","15":"instock","16":"shipping-taxable","17":"purchasable","18":"product-type-simple"},"_links":{"self":[{"href":"https:\/\/lecmo.com\/fr\/wp-json\/wp\/v2\/product\/75","targetHints":{"allow":["GET"]}}],"collection":[{"href":"https:\/\/lecmo.com\/fr\/wp-json\/wp\/v2\/product"}],"about":[{"href":"https:\/\/lecmo.com\/fr\/wp-json\/wp\/v2\/types\/product"}],"replies":[{"embeddable":true,"href":"https:\/\/lecmo.com\/fr\/wp-json\/wp\/v2\/comments?post=75"}],"version-history":[{"count":0,"href":"https:\/\/lecmo.com\/fr\/wp-json\/wp\/v2\/product\/75\/revisions"}],"wp:featuredmedia":[{"embeddable":true,"href":"https:\/\/lecmo.com\/fr\/wp-json\/wp\/v2\/media\/1924"}],"wp:attachment":[{"href":"https:\/\/lecmo.com\/fr\/wp-json\/wp\/v2\/media?parent=75"}],"wp:term":[{"taxonomy":"product_brand","embeddable":true,"href":"https:\/\/lecmo.com\/fr\/wp-json\/wp\/v2\/product_brand?post=75"},{"taxonomy":"product_cat","embeddable":true,"href":"https:\/\/lecmo.com\/fr\/wp-json\/wp\/v2\/product_cat?post=75"},{"taxonomy":"product_tag","embeddable":true,"href":"https:\/\/lecmo.com\/fr\/wp-json\/wp\/v2\/product_tag?post=75"}],"curies":[{"name":"wp","href":"https:\/\/api.w.org\/{rel}","templated":true}]}}