{"id":4600,"date":"2026-02-08T17:01:38","date_gmt":"2026-02-08T13:01:38","guid":{"rendered":"https:\/\/lecmo.com\/?post_type=product&#038;p=4600"},"modified":"2026-03-02T11:55:35","modified_gmt":"2026-03-02T07:55:35","slug":"the-purple","status":"publish","type":"product","link":"https:\/\/lecmo.com\/fr\/produit\/the-purple\/","title":{"rendered":"LA COLLECTION VIOLETTE"},"content":{"rendered":"<div data-elementor-type=\"wp-post\" data-elementor-id=\"4600\" class=\"elementor elementor-4600\">\n\t\t\t\t<div class=\"wd-negative-gap elementor-element elementor-element-8def476 e-flex e-con-boxed e-con e-parent\" data-id=\"8def476\" data-element_type=\"container\" data-e-type=\"container\">\n\t\t\t\t\t<div class=\"e-con-inner\">\n\t\t\t\t<div class=\"elementor-element elementor-element-7674211f color-scheme-inherit text-left elementor-widget elementor-widget-text-editor\" data-id=\"7674211f\" data-element_type=\"widget\" data-e-type=\"widget\" data-widget_type=\"text-editor.default\">\n\t\t\t\t\t\t\t\t\t<p data-start=\"231\" data-end=\"492\">La Collection Violette est un coffret de parfums raffin\u00e9, con\u00e7u comme un v\u00e9ritable voyage olfactif.<br data-start=\"319\" data-end=\"322\" \/>Il comprend <strong data-start=\"334\" data-end=\"362\">deux flacons de 100 ml d&#039;eau de parfum<\/strong> et <strong data-start=\"367\" data-end=\"391\">trois parfums de 25 ml<\/strong>, accompagn\u00e9 de <strong data-start=\"408\" data-end=\"448\">quatre pi\u00e8ces d&#039;encens Dkhoun de qualit\u00e9 sup\u00e9rieure<\/strong>, soigneusement s\u00e9lectionn\u00e9s pour sublimer chaque instant.<\/p><p data-start=\"494\" data-end=\"642\">Une collection unisexe \u00e9quilibr\u00e9e qui allie \u00e9l\u00e9gance, profondeur et polyvalence \u2014 con\u00e7ue pour ceux qui appr\u00e9cient la pr\u00e9sence, le d\u00e9tail et les cadeaux intemporels.<\/p>\t\t\t\t\t\t\t\t<\/div>\n\t\t\t\t\t<\/div>\n\t\t\t\t<\/div>\n\t\t<div class=\"wd-negative-gap elementor-element elementor-element-63bc2aa e-flex e-con-boxed e-con e-parent\" data-id=\"63bc2aa\" data-element_type=\"container\" data-e-type=\"container\">\n\t\t\t\t\t<div class=\"e-con-inner\">\n\t\t\t\t<div class=\"elementor-element elementor-element-9c761b4 elementor-widget elementor-widget-spacer\" data-id=\"9c761b4\" data-element_type=\"widget\" data-e-type=\"widget\" data-widget_type=\"spacer.default\">\n\t\t\t\t\t\t\t<div class=\"elementor-spacer\">\n\t\t\t<div class=\"elementor-spacer-inner\"><\/div>\n\t\t<\/div>\n\t\t\t\t\t\t<\/div>\n\t\t\t\t\t<\/div>\n\t\t\t\t<\/div>\n\t\t<div class=\"wd-negative-gap elementor-element elementor-element-2db36b7 e-flex e-con-boxed e-con e-parent\" data-id=\"2db36b7\" data-element_type=\"container\" data-e-type=\"container\">\n\t\t\t\t\t<div class=\"e-con-inner\">\n\t\t<div class=\"elementor-element elementor-element-afa5b77 e-con-full e-flex e-con e-child\" data-id=\"afa5b77\" data-element_type=\"container\" data-e-type=\"container\">\n\t\t\t\t<div class=\"elementor-element elementor-element-34ff6cf elementor-widget elementor-widget-image\" data-id=\"34ff6cf\" data-element_type=\"widget\" data-e-type=\"widget\" data-widget_type=\"image.default\">\n\t\t\t\t\t\t\t\t\t\t\t\t\t\t\t<img loading=\"lazy\" decoding=\"async\" width=\"1248\" height=\"832\" src=\"https:\/\/lecmo.com\/wp-content\/uploads\/WhatsApp-Image-2026-02-15-at-12.03.13-PM-1.jpeg\" class=\"attachment-large size-large wp-image-4745\" alt=\"THE PURPLE\" srcset=\"https:\/\/lecmo.com\/wp-content\/uploads\/WhatsApp-Image-2026-02-15-at-12.03.13-PM-1.jpeg 1248w, https:\/\/lecmo.com\/wp-content\/uploads\/WhatsApp-Image-2026-02-15-at-12.03.13-PM-1-800x533.jpeg 800w, https:\/\/lecmo.com\/wp-content\/uploads\/WhatsApp-Image-2026-02-15-at-12.03.13-PM-1-768x512.jpeg 768w, https:\/\/lecmo.com\/wp-content\/uploads\/WhatsApp-Image-2026-02-15-at-12.03.13-PM-1-18x12.jpeg 18w, https:\/\/lecmo.com\/wp-content\/uploads\/WhatsApp-Image-2026-02-15-at-12.03.13-PM-1-150x100.jpeg 150w\" sizes=\"auto, (max-width: 1248px) 100vw, 1248px\" \/>\t\t\t\t\t\t\t\t\t\t\t\t\t\t\t<\/div>\n\t\t\t\t<\/div>\n\t\t<div class=\"elementor-element elementor-element-8baac81 e-con-full e-flex e-con e-child\" data-id=\"8baac81\" data-element_type=\"container\" data-e-type=\"container\">\n\t\t\t\t<div class=\"elementor-element elementor-element-9d5dbc4 color-scheme-inherit text-left elementor-widget elementor-widget-text-editor\" data-id=\"9d5dbc4\" data-element_type=\"widget\" data-e-type=\"widget\" data-widget_type=\"text-editor.default\">\n\t\t\t\t\t\t\t\t\t<h1 data-start=\"747\" data-end=\"769\">\u00a0POURQUOI LE VIOLET ?<\/h1><p data-start=\"771\" data-end=\"1195\">\u2022 Un voyage olfactif complet \u2014 Frais, Oriental, Musqu\u00e9, Poudr\u00e9 et Cuir dans une seule collection<br data-start=\"862\" data-end=\"865\" \/>\u2022 Con\u00e7u \u00e0 la fois pour le luxe personnel et les cadeaux haut de gamme<br data-start=\"979\" data-end=\"982\" \/>\u2022 Une sophistication unisexe \u2014 un \u00e9quilibre parfait entre pr\u00e9sence et discr\u00e9tion<br data-start=\"1040\" data-end=\"1043\" \/>\u2022 Pr\u00e9sent\u00e9 dans un \u00e9tui iconique en cuir violet, aussi luxueux au toucher qu&#039;\u00e0 la vue.<br data-start=\"1123\" data-end=\"1126\" \/>Chaque coffret incarne le \u201c luxe intelligent \u201d : raffin\u00e9, moderne et inoubliable.<\/p><h4><b>La collection Purple n&#039;est pas qu&#039;une simple collection.<br \/><\/b><b>Il s&#039;agit d&#039;un ensemble d&#039;\u00e9nonc\u00e9s.<\/b><\/h4>\t\t\t\t\t\t\t\t<\/div>\n\t\t\t\t<\/div>\n\t\t\t\t\t<\/div>\n\t\t\t\t<\/div>\n\t\t<div class=\"wd-negative-gap elementor-element elementor-element-03b5f83 e-flex e-con-boxed e-con e-parent\" data-id=\"03b5f83\" data-element_type=\"container\" data-e-type=\"container\">\n\t\t\t\t\t<div class=\"e-con-inner\">\n\t\t<div class=\"elementor-element elementor-element-d4873cd e-con-full e-flex e-con e-child\" data-id=\"d4873cd\" data-element_type=\"container\" data-e-type=\"container\">\n\t\t\t\t<div class=\"elementor-element elementor-element-1046bc0 color-scheme-inherit text-left elementor-widget elementor-widget-text-editor\" data-id=\"1046bc0\" data-element_type=\"widget\" data-e-type=\"widget\" data-widget_type=\"text-editor.default\">\n\t\t\t\t\t\t\t\t\t<h1 data-start=\"1263\" data-end=\"1298\">POINTS CL\u00c9S (R\u00c9SUM\u00c9 DE LA COLLECTION)<\/h1><h3 data-start=\"1300\" data-end=\"1331\">LE POURPRE <br \/>Eau de parfum (100 ml)<\/h3><p><strong>Haut<\/strong> Ald\u00e9hydes \u2022 Bergamote de Calabre \u2022 Citron vert<br \/><span style=\"color: #010e30; font-family: CenturyGothic; font-size: 10pt; background-color: transparent;\"><strong>Moyen<\/strong>:\u00a0<\/span>Jasmin d&#039;\u00c9gypte \u2022 Rose \u2022 Pois de senteur<br \/><span style=\"background-color: transparent; color: #010e30; font-family: CenturyGothic; font-size: 10pt;\"><b>Base<\/b>:\u00a0<\/span><span style=\"font-size: 13px; background-color: transparent;\">Ambrox \u2022 Bois de santal \u2022 Musc \u2022 Patchouli<\/span><\/p><h3 data-start=\"1452\" data-end=\"1464\"><span style=\"font-family: Alexandria, Arial, Helvetica, sans-serif; font-size: 22px; font-style: normal; font-variant-ligatures: normal; font-variant-caps: normal; font-weight: 400; background-color: transparent;\">LE POURPRE<br \/><\/span>Orientale\u00a0<span style=\"font-family: Alexandria, Arial, Helvetica, sans-serif; font-size: 22px; font-style: normal; font-variant-ligatures: normal; font-variant-caps: normal; font-weight: 400; background-color: transparent;\">( 100 ml)<\/span><\/h3><p data-start=\"1465\" data-end=\"1547\"><strong>Haut<\/strong> Rose bulgare \u2022 Coriandre<br data-start=\"1491\" data-end=\"1494\" \/><strong>Moyen<\/strong> Baies de gen\u00e9vrier \u2022 C\u00e8dre<br data-start=\"1517\" data-end=\"1520\" \/><strong>Base<\/strong> : V\u00e9tiver \u2022 Musc \u2022 Bois d&#039;agar<\/p><h3 data-start=\"1549\" data-end=\"1557\"><span style=\"background-color: transparent; font-family: Alexandria, Arial, Helvetica, sans-serif; font-size: 22px; font-style: normal; font-variant-ligatures: normal; font-variant-caps: normal; font-weight: 400;\">LE POURPRE\u00a0<br \/><\/span><span style=\"font-family: Alexandria, Arial, Helvetica, sans-serif; font-size: 18px; font-style: normal; font-weight: 400; background-color: transparent;\">Misk\u00a0<\/span><span style=\"font-family: Alexandria, Arial, Helvetica, sans-serif; font-style: normal; font-variant-ligatures: normal; font-variant-caps: normal; font-weight: 400; background-color: transparent; font-size: 22px;\">( 25 ml)<\/span><\/h3><p data-start=\"1558\" data-end=\"1644\"><strong>Haut<\/strong> Mousse de ch\u00eane \u2022 Bergamote<br data-start=\"1576\" data-end=\"1579\" \/><strong>Moyen<\/strong> Rose \u2022 Ambre \u2022 Lys<br data-start=\"1598\" data-end=\"1601\" \/><strong>Base<\/strong> Patchouli \u2022 Bois de c\u00e8dre \u2022 Bois de santal \u2022 Musc<\/p><h3 data-start=\"1646\" data-end=\"1657\"><span style=\"background-color: transparent; font-family: Alexandria, Arial, Helvetica, sans-serif; font-size: 22px; font-style: normal; font-variant-ligatures: normal; font-variant-caps: normal; font-weight: 400;\">LE POURPRE<br \/><\/span><span style=\"font-family: Alexandria, Arial, Helvetica, sans-serif; font-size: 18px; font-style: normal; font-weight: 400; background-color: transparent;\">Poudreux\u00a0<\/span><span style=\"font-family: Alexandria, Arial, Helvetica, sans-serif; font-style: normal; font-variant-ligatures: normal; font-variant-caps: normal; font-weight: 400; background-color: transparent; font-size: 22px;\">( 25 ml)<\/span><\/h3><p data-start=\"1658\" data-end=\"1790\"><strong>Haut<\/strong> Orange am\u00e8re \u2022 Bergamote \u2022 Ylang-ylang \u2022 Jasmin<br data-start=\"1700\" data-end=\"1703\" \/>\u00a0<strong>Moyen<\/strong> Tub\u00e9reuse \u2022 Fleur d&#039;oranger \u2022 H\u00e9liotrope<br data-start=\"1741\" data-end=\"1744\" \/>\u00a0<strong>Base<\/strong> Vanille \u2022 Bois de cachemire \u2022 Tonka \u2022 Bois de santal<\/p><h3 style=\"margin-bottom: 20px; font-style: normal; font-variant-ligatures: normal; font-variant-caps: normal; font-weight: 400; font-family: Alexandria, Arial, Helvetica, sans-serif; color: #242424; text-transform: none;\" data-start=\"1452\" data-end=\"1464\"><span style=\"font-style: normal; font-variant-ligatures: normal; font-variant-caps: normal; font-weight: 400; font-family: Alexandria, Arial, Helvetica, sans-serif; font-size: 22px; background-color: transparent;\">LE POURPRE<br \/><\/span><span style=\"font-family: Alexandria, Arial, Helvetica, sans-serif; font-style: normal; font-weight: 400; background-color: transparent; font-size: 22px;\">Cuir\u00a0<\/span><span style=\"font-family: Alexandria, Arial, Helvetica, sans-serif; font-style: normal; font-variant-ligatures: normal; font-variant-caps: normal; font-weight: 400; background-color: transparent; font-size: 22px;\">( 25 ml)<\/span><\/h3><p data-start=\"1804\" data-end=\"1894\"><strong>Haut<\/strong>\u00a0Cuir \u2022 Cypriol \u2022 Notes sucr\u00e9es<br data-start=\"1835\" data-end=\"1838\" \/><b>Moyen<\/b> Baies de geni\u00e8vre \u2022 Labdanum<br data-start=\"1864\" data-end=\"1867\" \/><strong>Base<\/strong> Ambre \u2022 Tonka \u2022 Patchouli<\/p>\t\t\t\t\t\t\t\t<\/div>\n\t\t\t\t<\/div>\n\t\t<div class=\"elementor-element elementor-element-8f88d8b e-con-full e-flex e-con e-child\" data-id=\"8f88d8b\" data-element_type=\"container\" data-e-type=\"container\">\n\t\t\t\t<div class=\"elementor-element elementor-element-0470f35 elementor-widget elementor-widget-image\" data-id=\"0470f35\" data-element_type=\"widget\" data-e-type=\"widget\" data-widget_type=\"image.default\">\n\t\t\t\t\t\t\t\t\t\t\t\t\t\t\t<img loading=\"lazy\" decoding=\"async\" width=\"1536\" height=\"1024\" src=\"https:\/\/lecmo.com\/wp-content\/uploads\/ChatGPT-Image-Feb-15-2026-at-07_18_58-PM.webp\" class=\"attachment-large size-large wp-image-4752\" alt=\"THE PURPLE key note purple\" srcset=\"https:\/\/lecmo.com\/wp-content\/uploads\/ChatGPT-Image-Feb-15-2026-at-07_18_58-PM.webp 1536w, https:\/\/lecmo.com\/wp-content\/uploads\/ChatGPT-Image-Feb-15-2026-at-07_18_58-PM-800x533.webp 800w, https:\/\/lecmo.com\/wp-content\/uploads\/ChatGPT-Image-Feb-15-2026-at-07_18_58-PM-768x512.webp 768w, https:\/\/lecmo.com\/wp-content\/uploads\/ChatGPT-Image-Feb-15-2026-at-07_18_58-PM-18x12.webp 18w, https:\/\/lecmo.com\/wp-content\/uploads\/ChatGPT-Image-Feb-15-2026-at-07_18_58-PM-150x100.webp 150w\" sizes=\"auto, (max-width: 1536px) 100vw, 1536px\" \/>\t\t\t\t\t\t\t\t\t\t\t\t\t\t\t<\/div>\n\t\t\t\t<\/div>\n\t\t\t\t\t<\/div>\n\t\t\t\t<\/div>\n\t\t\t\t<\/div>","protected":false},"excerpt":{"rendered":"<p data-start=\"115\" data-end=\"190\"><strong data-start=\"115\" data-end=\"190\">LA COLLECTION VIOLETTE \u2014 L\u00e0 o\u00f9 le PARFUM de luxe devient un cadeau digne d&#039;\u00eatre offert.<br \/>\n<\/strong>D&#039;abord \u00e9clatant. Inoubliable au fond.<\/p>","protected":false},"featured_media":4736,"comment_status":"open","ping_status":"closed","template":"","meta":[],"product_brand":[31],"product_cat":[18],"product_tag":[],"class_list":{"0":"post-4600","1":"product","2":"type-product","3":"status-publish","4":"has-post-thumbnail","6":"product_brand-lecmo","7":"product_cat-perfume-gift-sets","9":"first","10":"instock","11":"shipping-taxable","12":"purchasable","13":"product-type-simple"},"_links":{"self":[{"href":"https:\/\/lecmo.com\/fr\/wp-json\/wp\/v2\/product\/4600","targetHints":{"allow":["GET"]}}],"collection":[{"href":"https:\/\/lecmo.com\/fr\/wp-json\/wp\/v2\/product"}],"about":[{"href":"https:\/\/lecmo.com\/fr\/wp-json\/wp\/v2\/types\/product"}],"replies":[{"embeddable":true,"href":"https:\/\/lecmo.com\/fr\/wp-json\/wp\/v2\/comments?post=4600"}],"version-history":[{"count":0,"href":"https:\/\/lecmo.com\/fr\/wp-json\/wp\/v2\/product\/4600\/revisions"}],"wp:featuredmedia":[{"embeddable":true,"href":"https:\/\/lecmo.com\/fr\/wp-json\/wp\/v2\/media\/4736"}],"wp:attachment":[{"href":"https:\/\/lecmo.com\/fr\/wp-json\/wp\/v2\/media?parent=4600"}],"wp:term":[{"taxonomy":"product_brand","embeddable":true,"href":"https:\/\/lecmo.com\/fr\/wp-json\/wp\/v2\/product_brand?post=4600"},{"taxonomy":"product_cat","embeddable":true,"href":"https:\/\/lecmo.com\/fr\/wp-json\/wp\/v2\/product_cat?post=4600"},{"taxonomy":"product_tag","embeddable":true,"href":"https:\/\/lecmo.com\/fr\/wp-json\/wp\/v2\/product_tag?post=4600"}],"curies":[{"name":"wp","href":"https:\/\/api.w.org\/{rel}","templated":true}]}}