{"id":3,"date":"2025-07-21T20:31:55","date_gmt":"2025-07-21T20:31:55","guid":{"rendered":"https:\/\/preview.lecmo.shop\/?page_id=3"},"modified":"2025-09-21T01:41:15","modified_gmt":"2025-09-20T21:41:15","slug":"privacy-policy","status":"publish","type":"page","link":"https:\/\/lecmo.com\/fr\/privacy-policy\/","title":{"rendered":"Politique de confidentialit\u00e9"},"content":{"rendered":"<div data-elementor-type=\"wp-page\" data-elementor-id=\"3\" class=\"elementor elementor-3\">\n\t\t\t\t<div class=\"wd-negative-gap elementor-element elementor-element-176bb095 wd-section-stretch e-flex e-con-boxed e-con e-parent\" data-id=\"176bb095\" data-element_type=\"container\" data-e-type=\"container\">\n\t\t\t\t\t<div class=\"e-con-inner\">\n\t\t\t\t<div class=\"elementor-element elementor-element-49433469 color-scheme-inherit text-left elementor-widget elementor-widget-text-editor\" data-id=\"49433469\" data-element_type=\"widget\" data-e-type=\"widget\" data-widget_type=\"text-editor.default\">\n\t\t\t\t\t\t\t\t\t<h2 data-start=\"126\" data-end=\"171\"><strong data-start=\"129\" data-end=\"169\">Politique de confidentialit\u00e9 \u2013 Boutique de parfums LECMO<\/strong><\/h2><p data-start=\"173\" data-end=\"208\"><strong data-start=\"173\" data-end=\"190\">Derni\u00e8re mise \u00e0 jour :<\/strong> 11 ao\u00fbt 2025<\/p><p data-start=\"210\" data-end=\"420\">Au <strong data-start=\"213\" data-end=\"222\">LECMO<\/strong>Nous respectons la vie priv\u00e9e de nos clients et nous nous engageons \u00e0 prot\u00e9ger leurs donn\u00e9es personnelles. Cette politique explique comment nous recueillons, utilisons et prot\u00e9geons les informations que vous nous fournissez lorsque vous utilisez notre site web.<\/p><hr data-start=\"422\" data-end=\"425\" \/><h3 data-start=\"427\" data-end=\"462\"><strong data-start=\"431\" data-end=\"460\"><br \/>1. Les informations que nous collectons<\/strong><\/h3><p data-start=\"463\" data-end=\"547\">Nous pouvons recueillir les informations suivantes lorsque vous effectuez des achats ou que vous vous inscrivez sur notre site web :<\/p><ul data-start=\"548\" data-end=\"782\"><li data-start=\"548\" data-end=\"562\"><p data-start=\"550\" data-end=\"562\">Nom complet.<\/p><\/li><li data-start=\"563\" data-end=\"581\"><p data-start=\"565\" data-end=\"581\">Adresse \u00e9lectronique.<\/p><\/li><li data-start=\"582\" data-end=\"599\"><p data-start=\"584\" data-end=\"599\">Num\u00e9ro de t\u00e9l\u00e9phone.<\/p><\/li><li data-start=\"600\" data-end=\"621\"><p data-start=\"602\" data-end=\"621\">Adresse de livraison.<\/p><\/li><li data-start=\"622\" data-end=\"782\"><p data-start=\"624\" data-end=\"782\">Donn\u00e9es de paiement (nous ne stockons pas directement les informations relatives aux cartes de cr\u00e9dit\/d\u00e9bit ; toutes les transactions sont trait\u00e9es en toute s\u00e9curit\u00e9 par des prestataires de services de paiement de confiance).<\/p><\/li><\/ul><hr data-start=\"784\" data-end=\"787\" \/><h3 data-start=\"789\" data-end=\"829\"><strong data-start=\"793\" data-end=\"827\"><br \/>2. Comment nous utilisons vos informations<\/strong><\/h3><p data-start=\"830\" data-end=\"867\">Vos donn\u00e9es personnelles peuvent \u00eatre utilis\u00e9es pour :<\/p><ul data-start=\"868\" data-end=\"1104\"><li data-start=\"868\" data-end=\"910\"><p data-start=\"870\" data-end=\"910\">Le traitement et la livraison de vos commandes.<\/p><\/li><li data-start=\"911\" data-end=\"968\"><p data-start=\"913\" data-end=\"968\">Communiquer avec vous au sujet de commandes ou de demandes de renseignements.<\/p><\/li><li data-start=\"969\" data-end=\"1049\"><p data-start=\"971\" data-end=\"1049\">Envoi d'offres promotionnelles et de mises \u00e0 jour (si vous avez accept\u00e9 de les recevoir).<\/p><\/li><li data-start=\"1050\" data-end=\"1104\"><p data-start=\"1052\" data-end=\"1104\">Am\u00e9liorer votre exp\u00e9rience d'achat sur notre site web.<\/p><\/li><\/ul><hr data-start=\"1106\" data-end=\"1109\" \/><h3 data-start=\"1111\" data-end=\"1139\"><strong data-start=\"1115\" data-end=\"1137\"><br \/>3. Protection des donn\u00e9es<\/strong><\/h3><p data-start=\"1140\" data-end=\"1232\">Nous mettons en \u0153uvre des mesures de s\u00e9curit\u00e9 conformes aux normes de l'industrie pour prot\u00e9ger vos donn\u00e9es \u00e0 caract\u00e8re personnel :<\/p><ul data-start=\"1233\" data-end=\"1332\"><li data-start=\"1233\" data-end=\"1278\"><p data-start=\"1235\" data-end=\"1278\"><strong data-start=\"1235\" data-end=\"1253\">Cryptage SSL<\/strong> pour la transmission des donn\u00e9es.<\/p><\/li><li data-start=\"1279\" data-end=\"1332\"><p data-start=\"1281\" data-end=\"1332\">Des bases de donn\u00e9es s\u00e9curis\u00e9es pour emp\u00eacher tout acc\u00e8s non autoris\u00e9.<\/p><\/li><\/ul><hr data-start=\"1334\" data-end=\"1337\" \/><h3 data-start=\"1339\" data-end=\"1390\"><strong data-start=\"1343\" data-end=\"1388\"><br \/>4. Partage d'informations avec des tiers<\/strong><\/h3><ul data-start=\"1391\" data-end=\"1613\"><li data-start=\"1391\" data-end=\"1494\"><p data-start=\"1393\" data-end=\"1494\">Nous ne vendons pas, ne louons pas et ne partageons pas vos informations personnelles avec des tiers \u00e0 des fins de marketing.<\/p><\/li><li data-start=\"1495\" data-end=\"1613\"><p data-start=\"1497\" data-end=\"1613\">Nous pouvons partager les d\u00e9tails n\u00e9cessaires avec les soci\u00e9t\u00e9s d'exp\u00e9dition et les prestataires de services de paiement uniquement pour ex\u00e9cuter votre commande.<\/p><\/li><\/ul><hr data-start=\"1615\" data-end=\"1618\" \/><h3 data-start=\"1620\" data-end=\"1640\"><strong data-start=\"1624\" data-end=\"1638\"><br \/>5. Cookies<\/strong><\/h3><p data-start=\"1641\" data-end=\"1707\">Notre site Internet utilise des cookies pour am\u00e9liorer votre exp\u00e9rience de navigation :<\/p><ul data-start=\"1708\" data-end=\"1900\"><li data-start=\"1708\" data-end=\"1741\"><p data-start=\"1710\" data-end=\"1741\">M\u00e9morisation de vos pr\u00e9f\u00e9rences.<\/p><\/li><li data-start=\"1742\" data-end=\"1900\"><p data-start=\"1744\" data-end=\"1900\">Analyser le trafic du site pour am\u00e9liorer les performances.<br data-start=\"1790\" data-end=\"1793\" \/>Vous pouvez d\u00e9sactiver les cookies par le biais des param\u00e8tres de votre navigateur ; cependant, certaines fonctionnalit\u00e9s du site risquent de ne pas fonctionner correctement.<\/p><\/li><\/ul><hr data-start=\"1902\" data-end=\"1905\" \/><h3 data-start=\"1907\" data-end=\"1931\"><strong data-start=\"1911\" data-end=\"1929\"><br \/>6. Vos droits<\/strong><\/h3><ul data-start=\"1932\" data-end=\"2120\"><li data-start=\"1932\" data-end=\"2015\"><p data-start=\"1934\" data-end=\"2015\">Vous avez le droit d'acc\u00e9der \u00e0 vos donn\u00e9es personnelles, de les mettre \u00e0 jour ou de les supprimer \u00e0 tout moment.<\/p><\/li><li data-start=\"2016\" data-end=\"2120\"><p data-start=\"2018\" data-end=\"2120\">Vous pouvez vous d\u00e9sabonner des courriels promotionnels en cliquant sur le lien \"se d\u00e9sabonner\" figurant dans l'un de nos courriels.<\/p><\/li><\/ul><hr data-start=\"2122\" data-end=\"2125\" \/><h3 data-start=\"2127\" data-end=\"2170\"><strong data-start=\"2131\" data-end=\"2168\"><br \/>7. Modifications de la pr\u00e9sente politique de protection de la vie priv\u00e9e<\/strong><\/h3><p data-start=\"2171\" data-end=\"2289\">Nous pouvons mettre \u00e0 jour cette politique de temps \u00e0 autre. Toute modification sera publi\u00e9e sur cette page avec la date de mise \u00e0 jour.<\/p><hr data-start=\"2291\" data-end=\"2294\" \/><h3 data-start=\"2296\" data-end=\"2319\"><strong data-start=\"2300\" data-end=\"2317\"><br \/>8. Contactez-nous<\/strong><\/h3><p data-start=\"2320\" data-end=\"2455\">Si vous avez des questions concernant notre politique de protection de la vie priv\u00e9e, veuillez nous contacter \u00e0 l'adresse suivante<br data-start=\"2393\" data-end=\"2396\" \/><a href=\"mailto:sales@lecmo.com\">sales@lecmo.com<\/a><br data-start=\"2424\" data-end=\"2427\" \/><a href=\"tel:+971508877701\">+971508877701<\/a><\/p><p><!-- \/wp:paragraph --><\/p>\t\t\t\t\t\t\t\t<\/div>\n\t\t\t\t\t<\/div>\n\t\t\t\t<\/div>\n\t\t\t\t<\/div>","protected":false},"excerpt":{"rendered":"<p>Politique de confidentialit\u00e9 \u2013 Parfumerie LECMO Derni\u00e8re mise \u00e0 jour\u00a0: 11 ao\u00fbt 2025 Chez LECMO, nous respectons la vie priv\u00e9e de nos clients et nous<\/p>","protected":false},"author":1,"featured_media":0,"parent":0,"menu_order":0,"comment_status":"closed","ping_status":"open","template":"","meta":{"footnotes":""},"class_list":["post-3","page","type-page","status-publish","hentry"],"_links":{"self":[{"href":"https:\/\/lecmo.com\/fr\/wp-json\/wp\/v2\/pages\/3","targetHints":{"allow":["GET"]}}],"collection":[{"href":"https:\/\/lecmo.com\/fr\/wp-json\/wp\/v2\/pages"}],"about":[{"href":"https:\/\/lecmo.com\/fr\/wp-json\/wp\/v2\/types\/page"}],"author":[{"embeddable":true,"href":"https:\/\/lecmo.com\/fr\/wp-json\/wp\/v2\/users\/1"}],"replies":[{"embeddable":true,"href":"https:\/\/lecmo.com\/fr\/wp-json\/wp\/v2\/comments?post=3"}],"version-history":[{"count":0,"href":"https:\/\/lecmo.com\/fr\/wp-json\/wp\/v2\/pages\/3\/revisions"}],"wp:attachment":[{"href":"https:\/\/lecmo.com\/fr\/wp-json\/wp\/v2\/media?parent=3"}],"curies":[{"name":"wp","href":"https:\/\/api.w.org\/{rel}","templated":true}]}}