{"id":891,"date":"2025-08-07T12:47:59","date_gmt":"2025-08-07T12:47:59","guid":{"rendered":"https:\/\/preview.lecmo.shop\/?post_type=product&#038;p=891"},"modified":"2026-04-22T10:52:32","modified_gmt":"2026-04-22T06:52:32","slug":"the-blue-perfume-collection","status":"publish","type":"product","link":"https:\/\/lecmo.com\/es\/producto\/the-blue-perfume-collection\/","title":{"rendered":"Colecci\u00f3n Azul"},"content":{"rendered":"<div data-elementor-type=\"wp-post\" data-elementor-id=\"891\" class=\"elementor elementor-891\">\n\t\t\t\t<div class=\"wd-negative-gap elementor-element elementor-element-1965cb8 e-flex e-con-boxed e-con e-parent\" data-id=\"1965cb8\" data-element_type=\"container\" data-e-type=\"container\">\n\t\t\t\t\t<div class=\"e-con-inner\">\n\t\t\t\t<div class=\"elementor-element elementor-element-7a83927 color-scheme-inherit text-left elementor-widget elementor-widget-text-editor\" data-id=\"7a83927\" data-element_type=\"widget\" data-e-type=\"widget\" data-widget_type=\"text-editor.default\">\n\t\t\t\t\t\t\t\t\t<p class=\"translation-block\">La <strong>Colecci\u00f3n Lecmo Blue<\/strong> se presenta como un aut\u00e9ntico s\u00edmbolo de estilo y lujo, dise\u00f1ada para ofrecer mucho m\u00e1s que perfumes: una experiencia personal completa. Este conjunto especial est\u00e1 elaborado con exquisita elegancia.<\/p><p class=\"translation-block\">Se presenta dentro de una <strong>preciosa bolsa de piel azul real<\/strong> , que contiene una <strong>lujosa caja de perfume<\/strong> perfectamente envuelta y decorada con elegantes flores artificiales.<\/p><p>La colecci\u00f3n abarca:<\/p><ul><li><strong>2 Perfumes de Autor (50 ml)<\/strong><\/li><li><strong>3 Perfumes de entrada (25 ml)<\/strong><\/li><li><strong>4 Piezas Dkhoun<\/strong><\/li><\/ul><p>Las fragancias de la colecci\u00f3n mezclan *frescas notas afrutadas, suaves florales, c\u00e1lidas maderas y toques orientales, contribuyendo todo ello a una experiencia inolvidable. La Colecci\u00f3n Lecmo Blue se considera el **Producto H\u00e9roe* de Lecmo, ya que ofrece una forma ideal de *disfrutar del lujo personal* y *descubrir el mundo de Lecmo* de una manera rica y \u00fanica.<\/p>\t\t\t\t\t\t\t\t<\/div>\n\t\t\t\t\t<\/div>\n\t\t\t\t<\/div>\n\t\t<div class=\"wd-negative-gap elementor-element elementor-element-f62d09e wd-section-stretch e-flex e-con-boxed e-con e-parent\" data-id=\"f62d09e\" data-element_type=\"container\" data-e-type=\"container\" data-settings=\"{&quot;background_background&quot;:&quot;classic&quot;}\">\n\t\t\t\t\t<div class=\"e-con-inner\">\n\t\t\t\t<div class=\"elementor-element elementor-element-f7aec0f elementor-widget elementor-widget-heading\" data-id=\"f7aec0f\" data-element_type=\"widget\" data-e-type=\"widget\" data-widget_type=\"heading.default\">\n\t\t\t\t\t<h2 class=\"elementor-heading-title elementor-size-default\">COLECCI\u00d3N LECMO BLUE<\/h2>\t\t\t\t<\/div>\n\t\t\t\t<div class=\"elementor-element elementor-element-4f82bc9 elementor-widget__width-initial elementor-widget-mobile__width-inherit color-scheme-inherit text-left elementor-widget elementor-widget-text-editor\" data-id=\"4f82bc9\" data-element_type=\"widget\" data-e-type=\"widget\" data-widget_type=\"text-editor.default\">\n\t\t\t\t\t\t\t\t\t<p class=\"translation-block\">La <strong>Colecci\u00f3n Lecmo Blue<\/strong> se presenta como un aut\u00e9ntico s\u00edmbolo de estilo y lujo, dise\u00f1ada para ofrecer mucho m\u00e1s que perfumes: una experiencia personal completa. Este conjunto especial est\u00e1 elaborado con exquisita elegancia.<\/p>\t\t\t\t\t\t\t\t<\/div>\n\t\t\t\t<div class=\"elementor-element elementor-element-a44dd83 elementor-widget elementor-widget-button\" data-id=\"a44dd83\" data-element_type=\"widget\" data-e-type=\"widget\" data-widget_type=\"button.default\">\n\t\t\t\t\t\t\t\t\t\t<a class=\"elementor-button elementor-button-link elementor-size-sm\" href=\"https:\/\/lecmo.com\/es\/checkout\/?add-to-cart=891&#038;quantity=1\">\n\t\t\t\t\t\t<span class=\"elementor-button-content-wrapper\">\n\t\t\t\t\t\t\t\t\t<span class=\"elementor-button-text\">COMPRAR AHORA<\/span>\n\t\t\t\t\t<\/span>\n\t\t\t\t\t<\/a>\n\t\t\t\t\t\t\t\t<\/div>\n\t\t\t\t\t<\/div>\n\t\t\t\t<\/div>\n\t\t<div class=\"wd-negative-gap elementor-element elementor-element-cb4448d e-flex e-con-boxed e-con e-parent\" data-id=\"cb4448d\" data-element_type=\"container\" data-e-type=\"container\">\n\t\t\t\t\t<div class=\"e-con-inner\">\n\t\t<div class=\"elementor-element elementor-element-edb3424 e-con-full e-flex e-con e-child\" data-id=\"edb3424\" data-element_type=\"container\" data-e-type=\"container\">\n\t\t\t\t<div class=\"elementor-element elementor-element-68ed689 elementor-widget elementor-widget-heading\" data-id=\"68ed689\" data-element_type=\"widget\" data-e-type=\"widget\" data-widget_type=\"heading.default\">\n\t\t\t\t\t<h3 class=\"elementor-heading-title elementor-size-default\">\u00bfPor qu\u00e9 LECMO BLUE COLLECTION?<\/h3>\t\t\t\t<\/div>\n\t\t\t\t<div class=\"elementor-element elementor-element-699bbfd color-scheme-inherit text-left elementor-widget elementor-widget-text-editor\" data-id=\"699bbfd\" data-element_type=\"widget\" data-e-type=\"widget\" data-widget_type=\"text-editor.default\">\n\t\t\t\t\t\t\t\t\t<p class=\"translation-block\">La <strong>colecci\u00f3n Lecmo Blue<\/strong> est\u00e1 meticulosamente dise\u00f1ada para crear una experiencia sensorial lujosa y completa a trav\u00e9s de varios elementos clave:<\/p><p class=\"translation-block\"><strong>Concepto general de lujo y experiencia<\/strong> : La colecci\u00f3n se presenta como un <strong>aut\u00e9ntico s\u00edmbolo de estilo y lujo<\/strong> , y va m\u00e1s all\u00e1 de ser una simple colecci\u00f3n de perfumes; es una <strong>experiencia personal completa, elaborada con esmero y elegancia<\/strong> . Se considera el <strong>producto estrella<\/strong> de LECMO, con el objetivo de brindar una forma exquisita y \u00fanica de <strong>disfrutar del lujo personal<\/strong> y <strong>descubrir el universo LECMO<\/strong> .<\/p><p class=\"translation-block\"><strong>Presentaci\u00f3n exquisita:<\/strong> El viaje sensorial comienza incluso antes de abrir la caja, ya que la colecci\u00f3n se presenta en un <strong>precioso bolso de piel azul marino<\/strong> . Dentro de este bolso, se encuentra un <strong>estuche de perfume de lujo, perfectamente envuelto y decorado con elegantes flores artificiales<\/strong> , que a\u00f1ade una capa visual y t\u00e1ctil de lujo y expectaci\u00f3n.<\/p>\t\t\t\t\t\t\t\t<\/div>\n\t\t\t\t<\/div>\n\t\t<div class=\"elementor-element elementor-element-e0b77fc e-con-full e-flex e-con e-child\" data-id=\"e0b77fc\" data-element_type=\"container\" data-e-type=\"container\">\n\t\t\t\t<div class=\"elementor-element elementor-element-6f8e39c elementor-widget elementor-widget-image\" data-id=\"6f8e39c\" data-element_type=\"widget\" data-e-type=\"widget\" data-widget_type=\"image.default\">\n\t\t\t\t\t\t\t\t\t\t\t\t\t\t\t<img loading=\"lazy\" decoding=\"async\" width=\"1366\" height=\"768\" src=\"https:\/\/lecmo.com\/wp-content\/uploads\/LECMO-BLUE-BANNER-3.webp\" class=\"attachment-large size-large wp-image-1754\" alt=\"\u0627\u0644\u0639\u0637\u0631 \u0627\u0644\u0627\u0632\u0631\u0642\" srcset=\"https:\/\/lecmo.com\/wp-content\/uploads\/LECMO-BLUE-BANNER-3.webp 1366w, https:\/\/lecmo.com\/wp-content\/uploads\/LECMO-BLUE-BANNER-3-150x84.webp 150w, https:\/\/lecmo.com\/wp-content\/uploads\/LECMO-BLUE-BANNER-3-800x450.webp 800w, https:\/\/lecmo.com\/wp-content\/uploads\/LECMO-BLUE-BANNER-3-768x432.webp 768w\" sizes=\"auto, (max-width: 1366px) 100vw, 1366px\" \/>\t\t\t\t\t\t\t\t\t\t\t\t\t\t\t<\/div>\n\t\t\t\t<\/div>\n\t\t\t\t\t<\/div>\n\t\t\t\t<\/div>\n\t\t<div class=\"wd-negative-gap elementor-element elementor-element-0839ee5 e-flex e-con-boxed e-con e-parent\" data-id=\"0839ee5\" data-element_type=\"container\" data-e-type=\"container\">\n\t\t\t\t\t<div class=\"e-con-inner\">\n\t\t<div class=\"elementor-element elementor-element-fcdea77 e-con-full e-flex e-con e-child\" data-id=\"fcdea77\" data-element_type=\"container\" data-e-type=\"container\">\n\t\t\t\t<div class=\"elementor-element elementor-element-ccb5107 elementor-widget elementor-widget-image\" data-id=\"ccb5107\" data-element_type=\"widget\" data-e-type=\"widget\" data-widget_type=\"image.default\">\n\t\t\t\t\t\t\t\t\t\t\t\t\t\t\t<img loading=\"lazy\" decoding=\"async\" width=\"1366\" height=\"768\" src=\"https:\/\/lecmo.com\/wp-content\/uploads\/LECMO-BLUE-BANNER-2.webp\" class=\"attachment-large size-large wp-image-1755\" alt=\"lecmo perfumes - The Tale of the Lady and the Wolf\" srcset=\"https:\/\/lecmo.com\/wp-content\/uploads\/LECMO-BLUE-BANNER-2.webp 1366w, https:\/\/lecmo.com\/wp-content\/uploads\/LECMO-BLUE-BANNER-2-150x84.webp 150w, https:\/\/lecmo.com\/wp-content\/uploads\/LECMO-BLUE-BANNER-2-800x450.webp 800w, https:\/\/lecmo.com\/wp-content\/uploads\/LECMO-BLUE-BANNER-2-768x432.webp 768w\" sizes=\"auto, (max-width: 1366px) 100vw, 1366px\">\t\t\t\t\t\t\t\t\t\t\t\t\t\t\t<\/div>\n\t\t\t\t<\/div>\n\t\t<div class=\"elementor-element elementor-element-94eb354 e-con-full e-flex e-con e-child\" data-id=\"94eb354\" data-element_type=\"container\" data-e-type=\"container\">\n\t\t\t\t<div class=\"elementor-element elementor-element-5d201d5 elementor-widget elementor-widget-heading\" data-id=\"5d201d5\" data-element_type=\"widget\" data-e-type=\"widget\" data-widget_type=\"heading.default\">\n\t\t\t\t\t<h3 class=\"elementor-heading-title elementor-size-default\">NOTAS CLAVE<\/h3>\t\t\t\t<\/div>\n\t\t\t\t<div class=\"elementor-element elementor-element-0291799 color-scheme-inherit text-left elementor-widget elementor-widget-text-editor\" data-id=\"0291799\" data-element_type=\"widget\" data-e-type=\"widget\" data-widget_type=\"text-editor.default\">\n\t\t\t\t\t\t\t\t\t<h3 data-start=\"407\" data-end=\"431\">LECMO AZUL \u2013 Oud<\/h3><p data-start=\"432\" data-end=\"508\"><strong data-start=\"432\" data-end=\"446\">Notas clave:<\/strong> Pi\u00f1a, Oud, Iris, Pimienta Rosa, Pachul\u00ed, Vainilla, Almizcle<\/p><hr data-start=\"510\" data-end=\"513\" \/><h3 data-start=\"515\" data-end=\"549\">LECMO BLUE \u2013 Agua de perfume<\/h3><p data-start=\"550\" data-end=\"617\"><strong data-start=\"550\" data-end=\"564\">Notas clave:<\/strong> Mandarina, jazm\u00edn, muguete, almizcle, s\u00e1ndalo, \u00e1mbar<\/p><hr data-start=\"510\" data-end=\"513\" \/><h3 data-start=\"95\" data-end=\"123\">LECMO AZUL \u2013 Polvoriento<\/h3><p data-start=\"124\" data-end=\"206\"><strong data-start=\"124\" data-end=\"138\">Notas clave:<\/strong> Naranja amarga, jazm\u00edn, nardos, vainilla, s\u00e1ndalo, haba tonka<\/p><hr data-start=\"208\" data-end=\"211\" \/><h3 data-start=\"213\" data-end=\"238\">LECMO AZUL \u2013 Misk<\/h3><p data-start=\"239\" data-end=\"312\"><strong data-start=\"239\" data-end=\"253\">Notas clave:<\/strong> Magnolia, violeta, almizcle, \u00e1mbar dulce, vainilla, s\u00e1ndalo<\/p><hr data-start=\"510\" data-end=\"513\" \/><h3 data-start=\"319\" data-end=\"347\">LECMO AZUL \u2013 Cuero<\/h3><p data-start=\"348\" data-end=\"400\"><strong data-start=\"348\" data-end=\"362\">Notas clave:<\/strong> Cuero, especias, \u00e1mbar, notas amaderadas.<\/p><p data-start=\"550\" data-end=\"617\">\u00a0<\/p>\t\t\t\t\t\t\t\t<\/div>\n\t\t\t\t<\/div>\n\t\t\t\t\t<\/div>\n\t\t\t\t<\/div>\n\t\t\t\t<\/div>","protected":false},"excerpt":{"rendered":"<p>En<strong>\u00a0Colecci\u00f3n Azul<\/strong> se presenta como un verdadero s\u00edmbolo de estilo y lujo, dise\u00f1ado para ofrecer algo m\u00e1s que perfumes, sino una experiencia personal completa. Este set especial est\u00e1 cuidadosamente elaborado con elegancia.<\/p>\n<p class=\"translation-block\">Se presenta dentro de una <strong>preciosa bolsa de piel azul real<\/strong> , que contiene una <strong>lujosa caja de perfume<\/strong> perfectamente envuelta y decorada con elegantes flores artificiales.<\/p>\n<p>La colecci\u00f3n abarca:<\/p>\n<ul>\n<li>2 Perfumes de Autor (50 ml)<\/li>\n<li>3 Perfumes de entrada (25 ml)<\/li>\n<li>4 Piezas Dkhoun<\/li>\n<\/ul>","protected":false},"featured_media":2568,"comment_status":"open","ping_status":"closed","template":"","meta":[],"product_brand":[31],"product_cat":[18],"product_tag":[],"class_list":{"0":"post-891","1":"product","2":"type-product","3":"status-publish","4":"has-post-thumbnail","6":"product_brand-lecmo","7":"product_cat-perfume-gift-sets","9":"first","10":"instock","11":"shipping-taxable","12":"purchasable","13":"product-type-simple"},"_links":{"self":[{"href":"https:\/\/lecmo.com\/es\/wp-json\/wp\/v2\/product\/891","targetHints":{"allow":["GET"]}}],"collection":[{"href":"https:\/\/lecmo.com\/es\/wp-json\/wp\/v2\/product"}],"about":[{"href":"https:\/\/lecmo.com\/es\/wp-json\/wp\/v2\/types\/product"}],"replies":[{"embeddable":true,"href":"https:\/\/lecmo.com\/es\/wp-json\/wp\/v2\/comments?post=891"}],"version-history":[{"count":1,"href":"https:\/\/lecmo.com\/es\/wp-json\/wp\/v2\/product\/891\/revisions"}],"predecessor-version":[{"id":5368,"href":"https:\/\/lecmo.com\/es\/wp-json\/wp\/v2\/product\/891\/revisions\/5368"}],"wp:featuredmedia":[{"embeddable":true,"href":"https:\/\/lecmo.com\/es\/wp-json\/wp\/v2\/media\/2568"}],"wp:attachment":[{"href":"https:\/\/lecmo.com\/es\/wp-json\/wp\/v2\/media?parent=891"}],"wp:term":[{"taxonomy":"product_brand","embeddable":true,"href":"https:\/\/lecmo.com\/es\/wp-json\/wp\/v2\/product_brand?post=891"},{"taxonomy":"product_cat","embeddable":true,"href":"https:\/\/lecmo.com\/es\/wp-json\/wp\/v2\/product_cat?post=891"},{"taxonomy":"product_tag","embeddable":true,"href":"https:\/\/lecmo.com\/es\/wp-json\/wp\/v2\/product_tag?post=891"}],"curies":[{"name":"wp","href":"https:\/\/api.w.org\/{rel}","templated":true}]}}