{"id":887,"date":"2025-08-07T12:45:53","date_gmt":"2025-08-07T12:45:53","guid":{"rendered":"https:\/\/preview.lecmo.shop\/?post_type=product&#038;p=887"},"modified":"2026-02-16T11:54:11","modified_gmt":"2026-02-16T07:54:11","slug":"tahaadow-perfume-collection","status":"publish","type":"product","link":"https:\/\/lecmo.com\/es\/producto\/tahaadow-perfume-collection\/","title":{"rendered":"Colecci\u00f3n Tahaadow"},"content":{"rendered":"<div data-elementor-type=\"wp-post\" data-elementor-id=\"887\" class=\"elementor elementor-887\">\n\t\t\t\t<div class=\"wd-negative-gap elementor-element elementor-element-9826180 wd-section-stretch e-flex e-con-boxed e-con e-parent\" data-id=\"9826180\" data-element_type=\"container\" data-e-type=\"container\" data-settings=\"{&quot;background_background&quot;:&quot;classic&quot;}\">\n\t\t\t\t\t<div class=\"e-con-inner\">\n\t\t\t\t<div class=\"elementor-element elementor-element-945024c elementor-widget elementor-widget-heading\" data-id=\"945024c\" data-element_type=\"widget\" data-e-type=\"widget\" data-widget_type=\"heading.default\">\n\t\t\t\t\t<h2 class=\"elementor-heading-title elementor-size-default\">Colecci\u00f3n Tahaadow<\/h2>\t\t\t\t<\/div>\n\t\t\t\t<div class=\"elementor-element elementor-element-86201ab text-center color-scheme-inherit elementor-widget elementor-widget-text-editor\" data-id=\"86201ab\" data-element_type=\"widget\" data-e-type=\"widget\" data-widget_type=\"text-editor.default\">\n\t\t\t\t\t\t\t\t\t<h3 style=\"text-align: center;\">Presentada en un estuche de cuero de primera calidad, la colecci\u00f3n Tahadow incluye 5 Eau de Parfum exclusivos y 4 piezas de incienso de lujo: una experiencia de fragancia completa dise\u00f1ada para un uso personal refinado o un obsequio distinguido.<\/h3>\t\t\t\t\t\t\t\t<\/div>\n\t\t\t\t<div class=\"elementor-element elementor-element-6848b09 elementor-widget elementor-widget-button\" data-id=\"6848b09\" data-element_type=\"widget\" data-e-type=\"widget\" data-widget_type=\"button.default\">\n\t\t\t\t\t\t\t\t\t\t<a class=\"elementor-button elementor-button-link elementor-size-sm\" href=\"https:\/\/lecmo.com\/es\/checkout\/?add-to-cart=887&#038;quantity=1\">\n\t\t\t\t\t\t<span class=\"elementor-button-content-wrapper\">\n\t\t\t\t\t\t\t\t\t<span class=\"elementor-button-text\">COMPRAR AHORA<\/span>\n\t\t\t\t\t<\/span>\n\t\t\t\t\t<\/a>\n\t\t\t\t\t\t\t\t<\/div>\n\t\t\t\t\t<\/div>\n\t\t\t\t<\/div>\n\t\t<div class=\"wd-negative-gap elementor-element elementor-element-f23ed58 e-flex e-con-boxed e-con e-parent\" data-id=\"f23ed58\" data-element_type=\"container\" data-e-type=\"container\">\n\t\t\t\t\t<div class=\"e-con-inner\">\n\t\t<div class=\"elementor-element elementor-element-eb180c8 e-con-full e-flex e-con e-child\" data-id=\"eb180c8\" data-element_type=\"container\" data-e-type=\"container\">\n\t\t\t\t<div class=\"elementor-element elementor-element-642acef elementor-widget elementor-widget-heading\" data-id=\"642acef\" data-element_type=\"widget\" data-e-type=\"widget\" data-widget_type=\"heading.default\">\n\t\t\t\t\t<h3 class=\"elementor-heading-title elementor-size-default\">AZUL <span style=\"color:#A7896A;font-size:18px\">Agua de perfume <\/span><\/h3>\t\t\t\t<\/div>\n\t\t\t\t<div class=\"elementor-element elementor-element-a19bfa5 color-scheme-inherit text-left elementor-widget elementor-widget-text-editor\" data-id=\"a19bfa5\" data-element_type=\"widget\" data-e-type=\"widget\" data-widget_type=\"text-editor.default\">\n\t\t\t\t\t\t\t\t\tBlue EDP, una exclusiva mezcla de jazm\u00edn, s\u00e1ndalo, mandarina y almizcle, creada para crear una extraordinaria experiencia olfativa que define nuestra esencia de lujo.\t\t\t\t\t\t\t\t<\/div>\n\t\t\t\t<div class=\"elementor-element elementor-element-c34d580 elementor-widget elementor-widget-heading\" data-id=\"c34d580\" data-element_type=\"widget\" data-e-type=\"widget\" data-widget_type=\"heading.default\">\n\t\t\t\t\t<h3 class=\"elementor-heading-title elementor-size-default\">INFORMACI\u00d3N ADICIONAL<\/h3>\t\t\t\t<\/div>\n\t\t\t\t<div class=\"elementor-element elementor-element-fe2b0b3 color-scheme-inherit text-left elementor-widget elementor-widget-text-editor\" data-id=\"fe2b0b3\" data-element_type=\"widget\" data-e-type=\"widget\" data-widget_type=\"text-editor.default\">\n\t\t\t\t\t\t\t\t\t<ul><li class=\"translation-block\"><strong>Familia olfativa:<\/strong> Floral<\/li><li class=\"translation-block\"><strong>Notas de salida:<\/strong> c\u00edtricos, mandarina, cilantro, jazm\u00edn<\/li><li class=\"translation-block\"><strong>Medio:<\/strong> Muguet, Musk<\/li><li class=\"translation-block\"><strong>Base:<\/strong> Sandalia, \u00c1mbar<\/li><li class=\"translation-block\"><strong>Color de la caja:<\/strong> Azul<\/li><li class=\"translation-block\"><strong>Color de la bolsa:<\/strong> Rojo<\/li><li><strong>Marca:<\/strong> Lecmo<\/li><li><strong>Volumen:<\/strong> 50 ml<\/li><li><strong>G\u00e9nero:<\/strong> Unisex<\/li><li class=\"translation-block\"><strong>Funci\u00f3n del producto:<\/strong> Eau De Parfum<\/li><\/ul>\t\t\t\t\t\t\t\t<\/div>\n\t\t\t\t<\/div>\n\t\t<div class=\"elementor-element elementor-element-7312149 e-con-full e-flex e-con e-child\" data-id=\"7312149\" data-element_type=\"container\" data-e-type=\"container\">\n\t\t\t\t<div class=\"elementor-element elementor-element-727ed3f elementor-widget elementor-widget-image\" data-id=\"727ed3f\" data-element_type=\"widget\" data-e-type=\"widget\" data-widget_type=\"image.default\">\n\t\t\t\t\t\t\t\t\t\t\t\t\t\t\t<img loading=\"lazy\" decoding=\"async\" width=\"1480\" height=\"644\" src=\"https:\/\/lecmo.com\/wp-content\/uploads\/elegant-skin-care-banner-design_23-2149480149.jpg\" class=\"attachment-large size-large wp-image-2464\" alt=\"lecmo perfumes - The Tale of the Lady and the Wolf\" srcset=\"https:\/\/lecmo.com\/wp-content\/uploads\/elegant-skin-care-banner-design_23-2149480149.jpg 1480w, https:\/\/lecmo.com\/wp-content\/uploads\/elegant-skin-care-banner-design_23-2149480149-150x65.jpg 150w, https:\/\/lecmo.com\/wp-content\/uploads\/elegant-skin-care-banner-design_23-2149480149-800x348.jpg 800w, https:\/\/lecmo.com\/wp-content\/uploads\/elegant-skin-care-banner-design_23-2149480149-768x334.jpg 768w\" sizes=\"auto, (max-width: 1480px) 100vw, 1480px\">\t\t\t\t\t\t\t\t\t\t\t\t\t\t\t<\/div>\n\t\t\t\t<\/div>\n\t\t\t\t\t<\/div>\n\t\t\t\t<\/div>\n\t\t<div class=\"wd-negative-gap elementor-element elementor-element-500e4e2 e-flex e-con-boxed e-con e-parent\" data-id=\"500e4e2\" data-element_type=\"container\" data-e-type=\"container\">\n\t\t\t\t\t<div class=\"e-con-inner\">\n\t\t<div class=\"elementor-element elementor-element-737e682 e-con-full e-flex e-con e-child\" data-id=\"737e682\" data-element_type=\"container\" data-e-type=\"container\">\n\t\t\t\t<div class=\"elementor-element elementor-element-d0a4f9e elementor-widget elementor-widget-image\" data-id=\"d0a4f9e\" data-element_type=\"widget\" data-e-type=\"widget\" data-widget_type=\"image.default\">\n\t\t\t\t\t\t\t\t\t\t\t\t\t\t\t<img loading=\"lazy\" decoding=\"async\" width=\"1480\" height=\"644\" src=\"https:\/\/lecmo.com\/wp-content\/uploads\/elegant-skin-care-banner-design_23-2149480149.jpg\" class=\"attachment-large size-large wp-image-2464\" alt=\"lecmo perfumes - The Tale of the Lady and the Wolf\" srcset=\"https:\/\/lecmo.com\/wp-content\/uploads\/elegant-skin-care-banner-design_23-2149480149.jpg 1480w, https:\/\/lecmo.com\/wp-content\/uploads\/elegant-skin-care-banner-design_23-2149480149-150x65.jpg 150w, https:\/\/lecmo.com\/wp-content\/uploads\/elegant-skin-care-banner-design_23-2149480149-800x348.jpg 800w, https:\/\/lecmo.com\/wp-content\/uploads\/elegant-skin-care-banner-design_23-2149480149-768x334.jpg 768w\" sizes=\"auto, (max-width: 1480px) 100vw, 1480px\">\t\t\t\t\t\t\t\t\t\t\t\t\t\t\t<\/div>\n\t\t\t\t<\/div>\n\t\t<div class=\"elementor-element elementor-element-28f4fd1 e-con-full e-flex e-con e-child\" data-id=\"28f4fd1\" data-element_type=\"container\" data-e-type=\"container\">\n\t\t\t\t<div class=\"elementor-element elementor-element-9faf60c elementor-widget elementor-widget-heading\" data-id=\"9faf60c\" data-element_type=\"widget\" data-e-type=\"widget\" data-widget_type=\"heading.default\">\n\t\t\t\t\t<h3 class=\"elementor-heading-title elementor-size-default\">AZUL <span style=\"color:#A7896A;font-size:18px\">Oud<\/span><\/h3>\t\t\t\t<\/div>\n\t\t\t\t<div class=\"elementor-element elementor-element-68639bb color-scheme-inherit text-left elementor-widget elementor-widget-text-editor\" data-id=\"68639bb\" data-element_type=\"widget\" data-e-type=\"widget\" data-widget_type=\"text-editor.default\">\n\t\t\t\t\t\t\t\t\t<p>Blue Oud - Una firma de elegancia cautivadora, marca una entrada distinguida en esta colecci\u00f3n, donde el brillo afrutado armoniza con la profundidad del oud y la suavidad de las notas florales. El resultado es una esencia cautivadora que equilibra riqueza y refinamiento, dejando una estela de encanto atemporal.<\/p>\t\t\t\t\t\t\t\t<\/div>\n\t\t\t\t<div class=\"elementor-element elementor-element-48ed957 elementor-widget elementor-widget-heading\" data-id=\"48ed957\" data-element_type=\"widget\" data-e-type=\"widget\" data-widget_type=\"heading.default\">\n\t\t\t\t\t<h3 class=\"elementor-heading-title elementor-size-default\">INFORMACI\u00d3N ADICIONAL<\/h3>\t\t\t\t<\/div>\n\t\t\t\t<div class=\"elementor-element elementor-element-9219816 color-scheme-inherit text-left elementor-widget elementor-widget-text-editor\" data-id=\"9219816\" data-element_type=\"widget\" data-e-type=\"widget\" data-widget_type=\"text-editor.default\">\n\t\t\t\t\t\t\t\t\t<ul><li class=\"translation-block\"><strong>Familia olfativa:<\/strong> Oriental<\/li><li><strong>Arriba:<\/strong> Jacinto, Pi\u00f1a, Oud<\/li><li><strong>Medio:<\/strong> Iris, jazm\u00edn, pimienta rosa<\/li><li><strong>Base:<\/strong> Vetiver, almizcle, pachul\u00ed, vainilla, oud<\/li><li class=\"translation-block\"><strong>Color de la caja:<\/strong> Azul<\/li><li class=\"translation-block\"><strong>Color de la bolsa:<\/strong> Rojo<\/li><li><strong>Marca:<\/strong> Lecmo<\/li><li><strong>Volumen:<\/strong> 50 ml<\/li><li><strong>G\u00e9nero:<\/strong> Unisex<\/li><li class=\"translation-block\"><strong>Funci\u00f3n del producto:<\/strong> Eau De Parfum<\/li><\/ul>\t\t\t\t\t\t\t\t<\/div>\n\t\t\t\t<\/div>\n\t\t\t\t\t<\/div>\n\t\t\t\t<\/div>\n\t\t<div class=\"wd-negative-gap elementor-element elementor-element-d4fad55 e-flex e-con-boxed e-con e-parent\" data-id=\"d4fad55\" data-element_type=\"container\" data-e-type=\"container\">\n\t\t\t\t\t<div class=\"e-con-inner\">\n\t\t<div class=\"elementor-element elementor-element-700ea51 e-con-full e-flex e-con e-child\" data-id=\"700ea51\" data-element_type=\"container\" data-e-type=\"container\">\n\t\t\t\t<div class=\"elementor-element elementor-element-b5c3e02 elementor-widget elementor-widget-heading\" data-id=\"b5c3e02\" data-element_type=\"widget\" data-e-type=\"widget\" data-widget_type=\"heading.default\">\n\t\t\t\t\t<h3 class=\"elementor-heading-title elementor-size-default\">ROJO <span style=\"color:#A7896A;font-size:18px\">Agua de perfume <\/span><\/h3>\t\t\t\t<\/div>\n\t\t\t\t<div class=\"elementor-element elementor-element-c57bc20 color-scheme-inherit text-left elementor-widget elementor-widget-text-editor\" data-id=\"c57bc20\" data-element_type=\"widget\" data-e-type=\"widget\" data-widget_type=\"text-editor.default\">\n\t\t\t\t\t\t\t\t\tRed EDP - Vibrance with Refined Elegance, se abre con un radiante estallido c\u00edtrico-frutal, floreciendo con gracia hacia un delicado almizcle floral. Este armonioso equilibrio de fresca vitalidad y refinada profundidad crea una fragancia moderna y atemporal que deja una estela inolvidable de sofisticaci\u00f3n.\t\t\t\t\t\t\t\t<\/div>\n\t\t\t\t<div class=\"elementor-element elementor-element-456bd66 elementor-widget elementor-widget-heading\" data-id=\"456bd66\" data-element_type=\"widget\" data-e-type=\"widget\" data-widget_type=\"heading.default\">\n\t\t\t\t\t<h3 class=\"elementor-heading-title elementor-size-default\">INFORMACI\u00d3N ADICIONAL<\/h3>\t\t\t\t<\/div>\n\t\t\t\t<div class=\"elementor-element elementor-element-44539b8 color-scheme-inherit text-left elementor-widget elementor-widget-text-editor\" data-id=\"44539b8\" data-element_type=\"widget\" data-e-type=\"widget\" data-widget_type=\"text-editor.default\">\n\t\t\t\t\t\t\t\t\t<ul><li class=\"translation-block\"><strong>Familia olfativa:<\/strong> Floral<\/li><li><strong>Arriba:<\/strong> Bergamota, Litchi, Melocot\u00f3n<\/li><li><strong>Medio:<\/strong> Jazm\u00edn, Peon\u00eda, Azahar<\/li><li><strong>Base:<\/strong> Notas amaderadas, musgo, almizcle<\/li><li class=\"translation-block\"><strong>Color de la caja:<\/strong> Azul<\/li><li class=\"translation-block\"><strong>Color de la bolsa:<\/strong> Rojo<\/li><li><strong>Marca:<\/strong> Lecmo<\/li><li><strong>Volumen:<\/strong> 25 ml<\/li><li><strong>G\u00e9nero:<\/strong> Unisex<br \/><strong>Funci\u00f3n del producto:<\/strong> Agua de perfume<\/li><\/ul>\t\t\t\t\t\t\t\t<\/div>\n\t\t\t\t<\/div>\n\t\t<div class=\"elementor-element elementor-element-2396664 e-con-full e-flex e-con e-child\" data-id=\"2396664\" data-element_type=\"container\" data-e-type=\"container\">\n\t\t\t\t<div class=\"elementor-element elementor-element-836d6fc elementor-widget elementor-widget-image\" data-id=\"836d6fc\" data-element_type=\"widget\" data-e-type=\"widget\" data-widget_type=\"image.default\">\n\t\t\t\t\t\t\t\t\t\t\t\t\t\t\t<img loading=\"lazy\" decoding=\"async\" width=\"1480\" height=\"644\" src=\"https:\/\/lecmo.com\/wp-content\/uploads\/elegant-skin-care-banner-design_23-2149480149.jpg\" class=\"attachment-large size-large wp-image-2464\" alt=\"lecmo perfumes - The Tale of the Lady and the Wolf\" srcset=\"https:\/\/lecmo.com\/wp-content\/uploads\/elegant-skin-care-banner-design_23-2149480149.jpg 1480w, https:\/\/lecmo.com\/wp-content\/uploads\/elegant-skin-care-banner-design_23-2149480149-150x65.jpg 150w, https:\/\/lecmo.com\/wp-content\/uploads\/elegant-skin-care-banner-design_23-2149480149-800x348.jpg 800w, https:\/\/lecmo.com\/wp-content\/uploads\/elegant-skin-care-banner-design_23-2149480149-768x334.jpg 768w\" sizes=\"auto, (max-width: 1480px) 100vw, 1480px\">\t\t\t\t\t\t\t\t\t\t\t\t\t\t\t<\/div>\n\t\t\t\t<\/div>\n\t\t\t\t\t<\/div>\n\t\t\t\t<\/div>\n\t\t<div class=\"wd-negative-gap elementor-element elementor-element-ae9213d e-flex e-con-boxed e-con e-parent\" data-id=\"ae9213d\" data-element_type=\"container\" data-e-type=\"container\">\n\t\t\t\t\t<div class=\"e-con-inner\">\n\t\t<div class=\"elementor-element elementor-element-cf1b97c e-con-full e-flex e-con e-child\" data-id=\"cf1b97c\" data-element_type=\"container\" data-e-type=\"container\">\n\t\t\t\t<div class=\"elementor-element elementor-element-09a2785 elementor-widget elementor-widget-image\" data-id=\"09a2785\" data-element_type=\"widget\" data-e-type=\"widget\" data-widget_type=\"image.default\">\n\t\t\t\t\t\t\t\t\t\t\t\t\t\t\t<img loading=\"lazy\" decoding=\"async\" width=\"1480\" height=\"644\" src=\"https:\/\/lecmo.com\/wp-content\/uploads\/elegant-skin-care-banner-design_23-2149480149.jpg\" class=\"attachment-large size-large wp-image-2464\" alt=\"lecmo perfumes - The Tale of the Lady and the Wolf\" srcset=\"https:\/\/lecmo.com\/wp-content\/uploads\/elegant-skin-care-banner-design_23-2149480149.jpg 1480w, https:\/\/lecmo.com\/wp-content\/uploads\/elegant-skin-care-banner-design_23-2149480149-150x65.jpg 150w, https:\/\/lecmo.com\/wp-content\/uploads\/elegant-skin-care-banner-design_23-2149480149-800x348.jpg 800w, https:\/\/lecmo.com\/wp-content\/uploads\/elegant-skin-care-banner-design_23-2149480149-768x334.jpg 768w\" sizes=\"auto, (max-width: 1480px) 100vw, 1480px\">\t\t\t\t\t\t\t\t\t\t\t\t\t\t\t<\/div>\n\t\t\t\t<\/div>\n\t\t<div class=\"elementor-element elementor-element-281930a e-con-full e-flex e-con e-child\" data-id=\"281930a\" data-element_type=\"container\" data-e-type=\"container\">\n\t\t\t\t<div class=\"elementor-element elementor-element-2b24e75 elementor-widget elementor-widget-heading\" data-id=\"2b24e75\" data-element_type=\"widget\" data-e-type=\"widget\" data-widget_type=\"heading.default\">\n\t\t\t\t\t<h3 class=\"elementor-heading-title elementor-size-default\">ROJO <span style=\"color:#A7896A;font-size:18px\">Misk<\/span><\/h3>\t\t\t\t<\/div>\n\t\t\t\t<div class=\"elementor-element elementor-element-bb035b7 color-scheme-inherit text-left elementor-widget elementor-widget-text-editor\" data-id=\"bb035b7\" data-element_type=\"widget\" data-e-type=\"widget\" data-widget_type=\"text-editor.default\">\n\t\t\t\t\t\t\t\t\tRed EDP - Vibrance with Refined Elegance, se abre con un radiante estallido c\u00edtrico-frutal, floreciendo con gracia hacia un delicado almizcle floral. Este armonioso equilibrio de fresca vitalidad y refinada profundidad crea una fragancia moderna y atemporal que deja una estela inolvidable de sofisticaci\u00f3n.\t\t\t\t\t\t\t\t<\/div>\n\t\t\t\t<div class=\"elementor-element elementor-element-d323108 elementor-widget elementor-widget-heading\" data-id=\"d323108\" data-element_type=\"widget\" data-e-type=\"widget\" data-widget_type=\"heading.default\">\n\t\t\t\t\t<h3 class=\"elementor-heading-title elementor-size-default\">INFORMACI\u00d3N ADICIONAL<\/h3>\t\t\t\t<\/div>\n\t\t\t\t<div class=\"elementor-element elementor-element-ee959cb color-scheme-inherit text-left elementor-widget elementor-widget-text-editor\" data-id=\"ee959cb\" data-element_type=\"widget\" data-e-type=\"widget\" data-widget_type=\"text-editor.default\">\n\t\t\t\t\t\t\t\t\t<ul><li class=\"translation-block\"><strong>Familia olfativa:<\/strong> Floral<\/li><li><strong>Arriba:<\/strong> Bergamota, Litchi, Melocot\u00f3n<\/li><li><strong>Medio:<\/strong> Jazm\u00edn, Peon\u00eda, Azahar<\/li><li><strong>Base:<\/strong> Notas amaderadas, musgo, almizcle<\/li><li class=\"translation-block\"><strong>Color de la caja:<\/strong> Azul<\/li><li class=\"translation-block\"><strong>Color de la bolsa:<\/strong> Rojo<\/li><li><strong>Marca:<\/strong> Lecmo<\/li><li><strong>Volumen:<\/strong> 25 ml<\/li><li><strong>G\u00e9nero:<\/strong> Unisex<\/li><li class=\"translation-block\"><strong>Funci\u00f3n del producto:<\/strong> Eau De Parfum<\/li><\/ul>\t\t\t\t\t\t\t\t<\/div>\n\t\t\t\t<\/div>\n\t\t\t\t\t<\/div>\n\t\t\t\t<\/div>\n\t\t<div class=\"wd-negative-gap elementor-element elementor-element-9f19146 e-flex e-con-boxed e-con e-parent\" data-id=\"9f19146\" data-element_type=\"container\" data-e-type=\"container\">\n\t\t\t\t\t<div class=\"e-con-inner\">\n\t\t<div class=\"elementor-element elementor-element-81d3293 e-con-full e-flex e-con e-child\" data-id=\"81d3293\" data-element_type=\"container\" data-e-type=\"container\">\n\t\t\t\t<div class=\"elementor-element elementor-element-c871f9e elementor-widget elementor-widget-heading\" data-id=\"c871f9e\" data-element_type=\"widget\" data-e-type=\"widget\" data-widget_type=\"heading.default\">\n\t\t\t\t\t<h3 class=\"elementor-heading-title elementor-size-default\">ROJO <span style=\"color:#A7896A;font-size:18px\">Piel<\/span><\/h3>\t\t\t\t<\/div>\n\t\t\t\t<div class=\"elementor-element elementor-element-61f0785 color-scheme-inherit text-left elementor-widget elementor-widget-text-editor\" data-id=\"61f0785\" data-element_type=\"widget\" data-e-type=\"widget\" data-widget_type=\"text-editor.default\">\n\t\t\t\t\t\t\t\t\tRed Leather - Power Meets Elegance, es una creaci\u00f3n audaz y distintiva, que mezcla ricas especias con cuero suave y profundos acordes amaderados y ambarinos. Una aut\u00e9ntica fragancia que irradia fuerza, sofisticaci\u00f3n y un encanto atemporal, perfecta para los que llaman la atenci\u00f3n.\t\t\t\t\t\t\t\t<\/div>\n\t\t\t\t<div class=\"elementor-element elementor-element-4d5841c elementor-widget elementor-widget-heading\" data-id=\"4d5841c\" data-element_type=\"widget\" data-e-type=\"widget\" data-widget_type=\"heading.default\">\n\t\t\t\t\t<h3 class=\"elementor-heading-title elementor-size-default\">INFORMACI\u00d3N ADICIONAL<\/h3>\t\t\t\t<\/div>\n\t\t\t\t<div class=\"elementor-element elementor-element-766e08b color-scheme-inherit text-left elementor-widget elementor-widget-text-editor\" data-id=\"766e08b\" data-element_type=\"widget\" data-e-type=\"widget\" data-widget_type=\"text-editor.default\">\n\t\t\t\t\t\t\t\t\t<ul><li><strong>Familia olfativa:<\/strong> Piel<\/li><li><strong>Arriba:<\/strong> Notas especiadas, cuero<\/li><li><strong>Medio:<\/strong> Woody Ambery<\/li><li><strong>Base:<\/strong> Cuero \u00e1mbar, maderas<\/li><li class=\"translation-block\"><strong>Color de la caja:<\/strong> Azul<\/li><li class=\"translation-block\"><strong>Color de la bolsa:<\/strong> Rojo<\/li><li><strong>Marca:<\/strong> Lecmo<\/li><li><strong>Volumen:<\/strong> 25 ml<\/li><li><strong>G\u00e9nero:<\/strong> Unisex<\/li><li class=\"translation-block\"><strong>Funci\u00f3n del producto:<\/strong> Eau De Parfum<\/li><\/ul>\t\t\t\t\t\t\t\t<\/div>\n\t\t\t\t<\/div>\n\t\t<div class=\"elementor-element elementor-element-a0a256b e-con-full e-flex e-con e-child\" data-id=\"a0a256b\" data-element_type=\"container\" data-e-type=\"container\">\n\t\t\t\t<div class=\"elementor-element elementor-element-bbdf810 elementor-widget elementor-widget-image\" data-id=\"bbdf810\" data-element_type=\"widget\" data-e-type=\"widget\" data-widget_type=\"image.default\">\n\t\t\t\t\t\t\t\t\t\t\t\t\t\t\t<img loading=\"lazy\" decoding=\"async\" width=\"1480\" height=\"644\" src=\"https:\/\/lecmo.com\/wp-content\/uploads\/elegant-skin-care-banner-design_23-2149480149.jpg\" class=\"attachment-large size-large wp-image-2464\" alt=\"lecmo perfumes - The Tale of the Lady and the Wolf\" srcset=\"https:\/\/lecmo.com\/wp-content\/uploads\/elegant-skin-care-banner-design_23-2149480149.jpg 1480w, https:\/\/lecmo.com\/wp-content\/uploads\/elegant-skin-care-banner-design_23-2149480149-150x65.jpg 150w, https:\/\/lecmo.com\/wp-content\/uploads\/elegant-skin-care-banner-design_23-2149480149-800x348.jpg 800w, https:\/\/lecmo.com\/wp-content\/uploads\/elegant-skin-care-banner-design_23-2149480149-768x334.jpg 768w\" sizes=\"auto, (max-width: 1480px) 100vw, 1480px\">\t\t\t\t\t\t\t\t\t\t\t\t\t\t\t<\/div>\n\t\t\t\t<\/div>\n\t\t\t\t\t<\/div>\n\t\t\t\t<\/div>\n\t\t\t\t<\/div>","protected":false},"excerpt":{"rendered":"<div class=\"xdj266r x14z9mp xat24cr x1lziwak x1vvkbs x126k92a\">\n<div dir=\"auto\">Contener :<\/div>\n<ul>\n<li dir=\"auto\" class=\"translation-block\"><strong>BLUE Eau De Parfum:<\/strong> Blue EDP, una mezcla exclusiva de jazm\u00edn, s\u00e1ndalo, mandarina y almizcle.<\/li>\n<li dir=\"auto\" class=\"translation-block\"><strong>Oud Azul:<\/strong> Oud Azul \u2014 Un sello distintivo de elegancia cautivadora, marca una entrada distinguida en esta colecci\u00f3n.<\/li>\n<li dir=\"auto\" class=\"translation-block\"><strong>RED Eau de Parfum<\/strong> : Red EDP \u2014 Vibrante y elegante, se abre con una radiante explosi\u00f3n c\u00edtrica-frutal que se transforma delicadamente en un almizcle floral. Este armonioso equilibrio entre frescura y profundidad crea una fragancia moderna y atemporal, dejando una estela de sofisticaci\u00f3n inolvidable.<\/li>\n<li dir=\"auto\" class=\"translation-block\"><strong>RED Misk<\/strong> : Eau de Parfum roja \u2014 Vibraci\u00f3n con elegancia refinada<\/li>\n<li dir=\"auto\" class=\"translation-block\"><strong>RED Leather<\/strong> : Red Leather \u2014 Poder y elegancia se unen. Una fragancia que marca la diferencia, exuda fuerza, sofisticaci\u00f3n y un atractivo atemporal, perfecta para quienes imponen respeto.<\/li>\n<\/ul>\n<\/div>","protected":false},"featured_media":3185,"comment_status":"open","ping_status":"closed","template":"","meta":[],"product_brand":[31],"product_cat":[18],"product_tag":[],"class_list":{"0":"post-887","1":"product","2":"type-product","3":"status-publish","4":"has-post-thumbnail","6":"product_brand-lecmo","7":"product_cat-perfume-gift-sets","9":"first","10":"instock","11":"shipping-taxable","12":"purchasable","13":"product-type-simple"},"_links":{"self":[{"href":"https:\/\/lecmo.com\/es\/wp-json\/wp\/v2\/product\/887","targetHints":{"allow":["GET"]}}],"collection":[{"href":"https:\/\/lecmo.com\/es\/wp-json\/wp\/v2\/product"}],"about":[{"href":"https:\/\/lecmo.com\/es\/wp-json\/wp\/v2\/types\/product"}],"replies":[{"embeddable":true,"href":"https:\/\/lecmo.com\/es\/wp-json\/wp\/v2\/comments?post=887"}],"version-history":[{"count":0,"href":"https:\/\/lecmo.com\/es\/wp-json\/wp\/v2\/product\/887\/revisions"}],"wp:featuredmedia":[{"embeddable":true,"href":"https:\/\/lecmo.com\/es\/wp-json\/wp\/v2\/media\/3185"}],"wp:attachment":[{"href":"https:\/\/lecmo.com\/es\/wp-json\/wp\/v2\/media?parent=887"}],"wp:term":[{"taxonomy":"product_brand","embeddable":true,"href":"https:\/\/lecmo.com\/es\/wp-json\/wp\/v2\/product_brand?post=887"},{"taxonomy":"product_cat","embeddable":true,"href":"https:\/\/lecmo.com\/es\/wp-json\/wp\/v2\/product_cat?post=887"},{"taxonomy":"product_tag","embeddable":true,"href":"https:\/\/lecmo.com\/es\/wp-json\/wp\/v2\/product_tag?post=887"}],"curies":[{"name":"wp","href":"https:\/\/api.w.org\/{rel}","templated":true}]}}