{"id":856,"date":"2025-08-07T12:19:38","date_gmt":"2025-08-07T12:19:38","guid":{"rendered":"https:\/\/preview.lecmo.shop\/?post_type=product&#038;p=856"},"modified":"2026-02-07T20:58:25","modified_gmt":"2026-02-07T16:58:25","slug":"purpleon-oriental-perfume","status":"publish","type":"product","link":"https:\/\/lecmo.com\/es\/producto\/purpleon-oriental-perfume\/","title":{"rendered":"Purpleon"},"content":{"rendered":"<div data-elementor-type=\"wp-post\" data-elementor-id=\"856\" class=\"elementor elementor-856\">\n\t\t\t\t<div class=\"wd-negative-gap elementor-element elementor-element-633c062 e-flex e-con-boxed e-con e-parent\" data-id=\"633c062\" data-element_type=\"container\" data-e-type=\"container\">\n\t\t\t\t\t<div class=\"e-con-inner\">\n\t\t\t\t<div class=\"elementor-element elementor-element-9f6a6fb color-scheme-inherit text-left elementor-widget elementor-widget-text-editor\" data-id=\"9f6a6fb\" data-element_type=\"widget\" data-e-type=\"widget\" data-widget_type=\"text-editor.default\">\n\t\t\t\t\t\t\t\t\t<p><strong>\u00a0PURPLEON \u2013 Eau de Parfum (Unisex, 100mL)<\/strong><\/p><p><strong>Familia olfativa:<\/strong> \u00c1mbar Cuero<\/p><p>Purpleon EDP es una creaci\u00f3n \u00fanica y cautivadora, elaborada con precisi\u00f3n art\u00edstica en la que cada ingrediente cuenta su propia historia. Se abre con la vivaz dulzura de la frambuesa, la mandarina y las bayas de enebro, para desembocar en un coraz\u00f3n floral de jazm\u00edn, violeta y notas verdes. El viaje termina con un lujoso fondo de iris, tonka, vainilla, \u00e1mbar y s\u00e1ndalo, que deja una estela inolvidable de elegancia y encanto.<\/p><p>\u2728\u00a0<strong>Cada caja viene con una pieza Dkhoun para un viaje olfativo completo<\/strong><\/p>\t\t\t\t\t\t\t\t<\/div>\n\t\t\t\t\t<\/div>\n\t\t\t\t<\/div>\n\t\t<div class=\"wd-negative-gap elementor-element elementor-element-cb5cab5 wd-section-stretch e-flex e-con-boxed e-con e-parent\" data-id=\"cb5cab5\" data-element_type=\"container\" data-e-type=\"container\" data-settings=\"{&quot;background_background&quot;:&quot;classic&quot;}\">\n\t\t\t\t\t<div class=\"e-con-inner\">\n\t\t\t\t<div class=\"elementor-element elementor-element-5f55856 elementor-widget elementor-widget-heading\" data-id=\"5f55856\" data-element_type=\"widget\" data-e-type=\"widget\" data-widget_type=\"heading.default\">\n\t\t\t\t\t<h2 class=\"elementor-heading-title elementor-size-default\">LECMO PURPLE\u00d3N<\/h2>\t\t\t\t<\/div>\n\t\t\t\t<div class=\"elementor-element elementor-element-ad72107 elementor-widget__width-initial elementor-widget-mobile__width-inherit text-center color-scheme-inherit elementor-widget elementor-widget-text-editor\" data-id=\"ad72107\" data-element_type=\"widget\" data-e-type=\"widget\" data-widget_type=\"text-editor.default\">\n\t\t\t\t\t\t\t\t\t<p data-start=\"664\" data-end=\"950\">Esta fragancia, <strong>P\u00daRPURA\u00a0<\/strong>, se presenta en el embalaje caracter\u00edstico de Lecmo, donde la elegancia se combina con los detalles refinados.<br data-start=\"784\" data-end=\"787\" \/>Desde la caja exterior hasta el dise\u00f1o de la botella, cada elemento refleja la identidad detr\u00e1s <strong>P\u00daRPURA\u00a0<\/strong>, ofreciendo una experiencia premium desde el primer momento.<\/p><p data-start=\"952\" data-end=\"1006\">Perfecto para uso personal o como una opci\u00f3n de regalo refinada.<\/p>\t\t\t\t\t\t\t\t<\/div>\n\t\t\t\t<div class=\"elementor-element elementor-element-d396984 elementor-widget elementor-widget-button\" data-id=\"d396984\" data-element_type=\"widget\" data-e-type=\"widget\" data-widget_type=\"button.default\">\n\t\t\t\t\t\t\t\t\t\t<a class=\"elementor-button elementor-button-link elementor-size-sm\" href=\"https:\/\/lecmo.com\/es\/checkout\/?add-to-cart=856&#038;quantity=1\">\n\t\t\t\t\t\t<span class=\"elementor-button-content-wrapper\">\n\t\t\t\t\t\t\t\t\t<span class=\"elementor-button-text\">COMPRAR AHORA<\/span>\n\t\t\t\t\t<\/span>\n\t\t\t\t\t<\/a>\n\t\t\t\t\t\t\t\t<\/div>\n\t\t\t\t\t<\/div>\n\t\t\t\t<\/div>\n\t\t<div class=\"wd-negative-gap elementor-element elementor-element-4211e31 e-flex e-con-boxed e-con e-parent\" data-id=\"4211e31\" data-element_type=\"container\" data-e-type=\"container\">\n\t\t\t\t\t<div class=\"e-con-inner\">\n\t\t<div class=\"elementor-element elementor-element-5315107 e-con-full e-flex e-con e-child\" data-id=\"5315107\" data-element_type=\"container\" data-e-type=\"container\">\n\t\t\t\t<div class=\"elementor-element elementor-element-5fd6549 elementor-widget elementor-widget-heading\" data-id=\"5fd6549\" data-element_type=\"widget\" data-e-type=\"widget\" data-widget_type=\"heading.default\">\n\t\t\t\t\t<h3 class=\"elementor-heading-title elementor-size-default\">\u00bfPor qu\u00e9 LECMO PURPLEON?<\/h3>\t\t\t\t<\/div>\n\t\t\t\t<div class=\"elementor-element elementor-element-c05e9b9 color-scheme-inherit text-left elementor-widget elementor-widget-text-editor\" data-id=\"c05e9b9\" data-element_type=\"widget\" data-e-type=\"widget\" data-widget_type=\"text-editor.default\">\n\t\t\t\t\t\t\t\t\t<ul>\n<li data-start=\"1406\" data-end=\"1461\">\n<p data-start=\"1408\" data-end=\"1461\">&nbsp;Un car\u00e1cter oriental refinado con elegancia moderna.<\/p>\n<\/li>\n<li data-start=\"1462\" data-end=\"1515\">\n<p data-start=\"1464\" data-end=\"1515\">&nbsp;Desarrollo suave desde la primera pulverizaci\u00f3n hasta el secado.<\/p>\n<\/li>\n<li data-start=\"1516\" data-end=\"1554\">\n<p data-start=\"1518\" data-end=\"1554\">&nbsp;Profundidad equilibrada sin pesadez<\/p>\n<\/li>\n<li data-start=\"1555\" data-end=\"1604\">\n<p data-start=\"1557\" data-end=\"1604\">&nbsp;Dise\u00f1ado para un uso seguro durante el d\u00eda y la noche.<\/p>\n<\/li>\n<li data-start=\"1605\" data-end=\"1659\">\n<p data-start=\"1607\" data-end=\"1659\">&nbsp;Presencia duradera con una estela sofisticada.<\/p>\n<\/li>\n<\/ul>\t\t\t\t\t\t\t\t<\/div>\n\t\t\t\t<\/div>\n\t\t<div class=\"elementor-element elementor-element-750d19d e-con-full e-flex e-con e-child\" data-id=\"750d19d\" data-element_type=\"container\" data-e-type=\"container\">\n\t\t\t\t<div class=\"elementor-element elementor-element-5179c5c elementor-widget elementor-widget-image\" data-id=\"5179c5c\" data-element_type=\"widget\" data-e-type=\"widget\" data-widget_type=\"image.default\">\n\t\t\t\t\t\t\t\t\t\t\t\t\t\t\t<img loading=\"lazy\" decoding=\"async\" width=\"1600\" height=\"568\" src=\"https:\/\/lecmo.com\/wp-content\/uploads\/WhatsApp-Image-2025-11-30-at-18.24.19.jpeg\" class=\"attachment-large size-large wp-image-3725\" alt=\"lecmo perfumes - The Tale of the Lady and the Wolf\" srcset=\"https:\/\/lecmo.com\/wp-content\/uploads\/WhatsApp-Image-2025-11-30-at-18.24.19.jpeg 1600w, https:\/\/lecmo.com\/wp-content\/uploads\/WhatsApp-Image-2025-11-30-at-18.24.19-150x53.jpeg 150w, https:\/\/lecmo.com\/wp-content\/uploads\/WhatsApp-Image-2025-11-30-at-18.24.19-768x273.jpeg 768w, https:\/\/lecmo.com\/wp-content\/uploads\/WhatsApp-Image-2025-11-30-at-18.24.19-1536x545.jpeg 1536w, https:\/\/lecmo.com\/wp-content\/uploads\/WhatsApp-Image-2025-11-30-at-18.24.19-18x6.jpeg 18w\" sizes=\"auto, (max-width: 1600px) 100vw, 1600px\">\t\t\t\t\t\t\t\t\t\t\t\t\t\t\t<\/div>\n\t\t\t\t<\/div>\n\t\t\t\t\t<\/div>\n\t\t\t\t<\/div>\n\t\t<div class=\"wd-negative-gap elementor-element elementor-element-9f961f9 e-flex e-con-boxed e-con e-parent\" data-id=\"9f961f9\" data-element_type=\"container\" data-e-type=\"container\">\n\t\t\t\t\t<div class=\"e-con-inner\">\n\t\t<div class=\"elementor-element elementor-element-8f1f3e2 e-con-full e-flex e-con e-child\" data-id=\"8f1f3e2\" data-element_type=\"container\" data-e-type=\"container\">\n\t\t\t\t<div class=\"elementor-element elementor-element-8cde58f elementor-widget elementor-widget-image\" data-id=\"8cde58f\" data-element_type=\"widget\" data-e-type=\"widget\" data-widget_type=\"image.default\">\n\t\t\t\t\t\t\t\t\t\t\t\t\t\t\t<img loading=\"lazy\" decoding=\"async\" width=\"1600\" height=\"568\" src=\"https:\/\/lecmo.com\/wp-content\/uploads\/11.png\" class=\"attachment-large size-large wp-image-3868\" alt=\"lecmo perfumes - The Tale of the Lady and the Wolf\" srcset=\"https:\/\/lecmo.com\/wp-content\/uploads\/11.png 1600w, https:\/\/lecmo.com\/wp-content\/uploads\/11-150x53.png 150w, https:\/\/lecmo.com\/wp-content\/uploads\/11-768x273.png 768w, https:\/\/lecmo.com\/wp-content\/uploads\/11-1536x545.png 1536w, https:\/\/lecmo.com\/wp-content\/uploads\/11-18x6.png 18w\" sizes=\"auto, (max-width: 1600px) 100vw, 1600px\">\t\t\t\t\t\t\t\t\t\t\t\t\t\t\t<\/div>\n\t\t\t\t<\/div>\n\t\t<div class=\"elementor-element elementor-element-8db5186 e-con-full e-flex e-con e-child\" data-id=\"8db5186\" data-element_type=\"container\" data-e-type=\"container\">\n\t\t\t\t<div class=\"elementor-element elementor-element-e37282b elementor-widget elementor-widget-heading\" data-id=\"e37282b\" data-element_type=\"widget\" data-e-type=\"widget\" data-widget_type=\"heading.default\">\n\t\t\t\t\t<h3 class=\"elementor-heading-title elementor-size-default\">Notas clave<\/h3>\t\t\t\t<\/div>\n\t\t\t\t<div class=\"elementor-element elementor-element-0d8fe0c color-scheme-inherit text-left elementor-widget elementor-widget-text-editor\" data-id=\"0d8fe0c\" data-element_type=\"widget\" data-e-type=\"widget\" data-widget_type=\"text-editor.default\">\n\t\t\t\t\t\t\t\t\t<ul><li><strong>Notas altas:<\/strong> Frambuesa, mandarina, bayas de enebro<\/li><li><strong>Notas medias:<\/strong> Jazm\u00edn, Flor de Violeta, Notas Verdes<\/li><li><strong>Notas de fondo:<\/strong> Iris, Tonka, Vainilla, \u00c1mbar, S\u00e1ndalo<\/li><\/ul>\t\t\t\t\t\t\t\t<\/div>\n\t\t\t\t<\/div>\n\t\t\t\t\t<\/div>\n\t\t\t\t<\/div>\n\t\t\t\t<\/div>","protected":false},"excerpt":{"rendered":"<p>Purpleon EDP - Una historia en cada nota.<br \/>\n<strong data-start=\"358\" data-end=\"414\">Profundidad refinada. Presencia aterciopelada. Confianza atemporal.<\/strong><br data-start=\"414\" data-end=\"417\" \/><em data-start=\"417\" data-end=\"467\">Una fragancia que habla con elegancia, no con volumen.<\/em><\/p>","protected":false},"featured_media":1937,"comment_status":"open","ping_status":"closed","template":"","meta":[],"product_brand":[31],"product_cat":[16,123],"product_tag":[119,116,117,120,118],"class_list":{"0":"post-856","1":"product","2":"type-product","3":"status-publish","4":"has-post-thumbnail","6":"product_brand-lecmo","7":"product_cat-single-perfume","8":"product_cat-unisex-fragrances","9":"product_tag-dokhun","10":"product_tag-lecmo-perfume","11":"product_tag-men-perfumes","12":"product_tag-perfume-gifts","13":"product_tag-women-perfumes","15":"first","16":"instock","17":"shipping-taxable","18":"purchasable","19":"product-type-simple"},"_links":{"self":[{"href":"https:\/\/lecmo.com\/es\/wp-json\/wp\/v2\/product\/856","targetHints":{"allow":["GET"]}}],"collection":[{"href":"https:\/\/lecmo.com\/es\/wp-json\/wp\/v2\/product"}],"about":[{"href":"https:\/\/lecmo.com\/es\/wp-json\/wp\/v2\/types\/product"}],"replies":[{"embeddable":true,"href":"https:\/\/lecmo.com\/es\/wp-json\/wp\/v2\/comments?post=856"}],"version-history":[{"count":0,"href":"https:\/\/lecmo.com\/es\/wp-json\/wp\/v2\/product\/856\/revisions"}],"wp:featuredmedia":[{"embeddable":true,"href":"https:\/\/lecmo.com\/es\/wp-json\/wp\/v2\/media\/1937"}],"wp:attachment":[{"href":"https:\/\/lecmo.com\/es\/wp-json\/wp\/v2\/media?parent=856"}],"wp:term":[{"taxonomy":"product_brand","embeddable":true,"href":"https:\/\/lecmo.com\/es\/wp-json\/wp\/v2\/product_brand?post=856"},{"taxonomy":"product_cat","embeddable":true,"href":"https:\/\/lecmo.com\/es\/wp-json\/wp\/v2\/product_cat?post=856"},{"taxonomy":"product_tag","embeddable":true,"href":"https:\/\/lecmo.com\/es\/wp-json\/wp\/v2\/product_tag?post=856"}],"curies":[{"name":"wp","href":"https:\/\/api.w.org\/{rel}","templated":true}]}}