{"id":850,"date":"2025-08-07T12:17:36","date_gmt":"2025-08-07T12:17:36","guid":{"rendered":"https:\/\/preview.lecmo.shop\/?post_type=product&#038;p=850"},"modified":"2026-02-19T12:54:31","modified_gmt":"2026-02-19T08:54:31","slug":"the-brown-leather-perfume","status":"publish","type":"product","link":"https:\/\/lecmo.com\/es\/producto\/the-brown-leather-perfume\/","title":{"rendered":"El perfume de cuero marr\u00f3n"},"content":{"rendered":"<div data-elementor-type=\"wp-post\" data-elementor-id=\"850\" class=\"elementor elementor-850\">\n\t\t\t\t<div class=\"wd-negative-gap elementor-element elementor-element-a0d2f02 e-flex e-con-boxed e-con e-parent\" data-id=\"a0d2f02\" data-element_type=\"container\" data-e-type=\"container\">\n\t\t\t\t\t<div class=\"e-con-inner\">\n\t\t\t\t<div class=\"elementor-element elementor-element-f4b9ea7 color-scheme-inherit text-left elementor-widget elementor-widget-text-editor\" data-id=\"f4b9ea7\" data-element_type=\"widget\" data-e-type=\"widget\" data-widget_type=\"text-editor.default\">\n\t\t\t\t\t\t\t\t\t<p><strong>Perfume The Brown Leather \u2013 Eau de Parfum unisex 100 ml<\/strong><\/p><p><strong>Familia olfativa:<\/strong> Oriental de cuero<\/p><p>\u00a0Notas<strong> El cuero marr\u00f3n<\/strong>\u00a0 Captura la elegancia moderna, envolvi\u00e9ndote en cuero rico, especias c\u00e1lidas y una estela amaderada y \u00e1mbar de fuerza y sofisticaci\u00f3n.<br \/>\u2728<strong> Cada caja viene con una pieza Dkhoun para un viaje olfativo completo.<\/strong><\/p>\t\t\t\t\t\t\t\t<\/div>\n\t\t\t\t\t<\/div>\n\t\t\t\t<\/div>\n\t\t<div class=\"wd-negative-gap elementor-element elementor-element-6c50cb3 wd-section-stretch e-flex e-con-boxed e-con e-parent\" data-id=\"6c50cb3\" data-element_type=\"container\" data-e-type=\"container\" data-settings=\"{&quot;background_background&quot;:&quot;classic&quot;}\">\n\t\t\t\t\t<div class=\"e-con-inner\">\n\t\t\t\t<div class=\"elementor-element elementor-element-315f272 elementor-widget elementor-widget-heading\" data-id=\"315f272\" data-element_type=\"widget\" data-e-type=\"widget\" data-widget_type=\"heading.default\">\n\t\t\t\t\t<h2 class=\"elementor-heading-title elementor-size-default\">El cuero marr\u00f3n<\/h2>\t\t\t\t<\/div>\n\t\t\t\t<div class=\"elementor-element elementor-element-8d4753a elementor-widget__width-initial elementor-widget-mobile__width-inherit text-center color-scheme-inherit elementor-widget elementor-widget-text-editor\" data-id=\"8d4753a\" data-element_type=\"widget\" data-e-type=\"widget\" data-widget_type=\"text-editor.default\">\n\t\t\t\t\t\t\t\t\t<h2 data-start=\"732\" data-end=\"745\">\u00a0<\/h2><p data-start=\"747\" data-end=\"995\">Esta fragancia <strong>El cuero marr\u00f3n<\/strong> \u00a0Se presenta en el embalaje caracter\u00edstico de Lecmo, donde la elegancia se combina con los detalles refinados.<br data-start=\"846\" data-end=\"849\" \/>Desde la caja exterior hasta el dise\u00f1o de la botella, cada elemento refleja la identidad de la marca y ofrece una experiencia premium desde el primer momento.<\/p><p data-start=\"997\" data-end=\"1051\">Perfecto para uso personal o como una opci\u00f3n de regalo refinada.<\/p>\t\t\t\t\t\t\t\t<\/div>\n\t\t\t\t<div class=\"elementor-element elementor-element-86afb27 elementor-widget elementor-widget-button\" data-id=\"86afb27\" data-element_type=\"widget\" data-e-type=\"widget\" data-widget_type=\"button.default\">\n\t\t\t\t\t\t\t\t\t\t<a class=\"elementor-button elementor-button-link elementor-size-sm\" href=\"https:\/\/lecmo.com\/es\/checkout\/?add-to-cart=850&#038;quantity=1\">\n\t\t\t\t\t\t<span class=\"elementor-button-content-wrapper\">\n\t\t\t\t\t\t\t\t\t<span class=\"elementor-button-text\">COMPRAR AHORA<\/span>\n\t\t\t\t\t<\/span>\n\t\t\t\t\t<\/a>\n\t\t\t\t\t\t\t\t<\/div>\n\t\t\t\t\t<\/div>\n\t\t\t\t<\/div>\n\t\t<div class=\"wd-negative-gap elementor-element elementor-element-9ce5e75 e-flex e-con-boxed e-con e-parent\" data-id=\"9ce5e75\" data-element_type=\"container\" data-e-type=\"container\">\n\t\t\t\t\t<div class=\"e-con-inner\">\n\t\t<div class=\"elementor-element elementor-element-a597618 e-con-full e-flex e-con e-child\" data-id=\"a597618\" data-element_type=\"container\" data-e-type=\"container\">\n\t\t\t\t<div class=\"elementor-element elementor-element-d747f1d elementor-widget elementor-widget-heading\" data-id=\"d747f1d\" data-element_type=\"widget\" data-e-type=\"widget\" data-widget_type=\"heading.default\">\n\t\t\t\t\t<h3 class=\"elementor-heading-title elementor-size-default\">\u00bfPor qu\u00e9 el perfume The Brown Leather?<\/h3>\t\t\t\t<\/div>\n\t\t\t\t<div class=\"elementor-element elementor-element-49b83c7 color-scheme-inherit text-left elementor-widget elementor-widget-text-editor\" data-id=\"49b83c7\" data-element_type=\"widget\" data-e-type=\"widget\" data-widget_type=\"text-editor.default\">\n\t\t\t\t\t\t\t\t\t<p data-start=\"1061\" data-end=\"1240\">\u2022 Una interpretaci\u00f3n moderna del cuero cl\u00e1sico.<br data-start=\"1105\" data-end=\"1108\" \/>\u2022 Especias c\u00e1lidas equilibradas con una profundidad amaderada y \u00e1mbar.<br data-start=\"1153\" data-end=\"1156\" \/>\u2022 Presencia estructurada sin pesadez<br data-start=\"1195\" data-end=\"1198\" \/>\u2022 Dise\u00f1ado para una elegancia con car\u00e1cter<\/p><p data-start=\"1242\" data-end=\"1288\">El cuero marr\u00f3n no es resistente: es refinado.<\/p>\t\t\t\t\t\t\t\t<\/div>\n\t\t\t\t<\/div>\n\t\t<div class=\"elementor-element elementor-element-a926ca6 e-con-full e-flex e-con e-child\" data-id=\"a926ca6\" data-element_type=\"container\" data-e-type=\"container\">\n\t\t\t\t<div class=\"elementor-element elementor-element-1f08ddf elementor-widget elementor-widget-image\" data-id=\"1f08ddf\" data-element_type=\"widget\" data-e-type=\"widget\" data-widget_type=\"image.default\">\n\t\t\t\t\t\t\t\t\t\t\t\t\t\t\t<img loading=\"lazy\" decoding=\"async\" width=\"776\" height=\"774\" src=\"https:\/\/lecmo.com\/wp-content\/uploads\/Screenshot-2026-01-05-at-12.19.00-PM.png\" class=\"attachment-full size-full wp-image-4372\" alt=\"The brown leather perfume 100ml luxury bottle\" srcset=\"https:\/\/lecmo.com\/wp-content\/uploads\/Screenshot-2026-01-05-at-12.19.00-PM.png 776w, https:\/\/lecmo.com\/wp-content\/uploads\/Screenshot-2026-01-05-at-12.19.00-PM-768x766.png 768w, https:\/\/lecmo.com\/wp-content\/uploads\/Screenshot-2026-01-05-at-12.19.00-PM-12x12.png 12w, https:\/\/lecmo.com\/wp-content\/uploads\/Screenshot-2026-01-05-at-12.19.00-PM-150x150.png 150w\" sizes=\"auto, (max-width: 776px) 100vw, 776px\" \/>\t\t\t\t\t\t\t\t\t\t\t\t\t\t\t<\/div>\n\t\t\t\t<\/div>\n\t\t\t\t\t<\/div>\n\t\t\t\t<\/div>\n\t\t<div class=\"wd-negative-gap elementor-element elementor-element-9c95ac6 e-flex e-con-boxed e-con e-parent\" data-id=\"9c95ac6\" data-element_type=\"container\" data-e-type=\"container\">\n\t\t\t\t\t<div class=\"e-con-inner\">\n\t\t<div class=\"elementor-element elementor-element-c430abd e-con-full e-flex e-con e-child\" data-id=\"c430abd\" data-element_type=\"container\" data-e-type=\"container\">\n\t\t\t\t<div class=\"elementor-element elementor-element-44c73c3 elementor-widget elementor-widget-image\" data-id=\"44c73c3\" data-element_type=\"widget\" data-e-type=\"widget\" data-widget_type=\"image.default\">\n\t\t\t\t\t\t\t\t\t\t\t\t\t\t\t<img loading=\"lazy\" decoding=\"async\" width=\"1377\" height=\"765\" src=\"https:\/\/lecmo.com\/wp-content\/uploads\/Screenshot-2026-01-05-at-12.11.41-PM.webp\" class=\"attachment-large size-large wp-image-4246\" alt=\"The brown leather perfume 100ml luxury bottle - Lecmo Perfume Eau De Parfum\" srcset=\"https:\/\/lecmo.com\/wp-content\/uploads\/Screenshot-2026-01-05-at-12.11.41-PM.webp 1377w, https:\/\/lecmo.com\/wp-content\/uploads\/Screenshot-2026-01-05-at-12.11.41-PM-800x444.webp 800w, https:\/\/lecmo.com\/wp-content\/uploads\/Screenshot-2026-01-05-at-12.11.41-PM-768x427.webp 768w, https:\/\/lecmo.com\/wp-content\/uploads\/Screenshot-2026-01-05-at-12.11.41-PM-18x10.webp 18w, https:\/\/lecmo.com\/wp-content\/uploads\/Screenshot-2026-01-05-at-12.11.41-PM-150x83.webp 150w\" sizes=\"auto, (max-width: 1377px) 100vw, 1377px\" \/>\t\t\t\t\t\t\t\t\t\t\t\t\t\t\t<\/div>\n\t\t\t\t<\/div>\n\t\t<div class=\"elementor-element elementor-element-f52d32e e-con-full e-flex e-con e-child\" data-id=\"f52d32e\" data-element_type=\"container\" data-e-type=\"container\">\n\t\t\t\t<div class=\"elementor-element elementor-element-b151040 elementor-widget elementor-widget-heading\" data-id=\"b151040\" data-element_type=\"widget\" data-e-type=\"widget\" data-widget_type=\"heading.default\">\n\t\t\t\t\t<h3 class=\"elementor-heading-title elementor-size-default\">Notas clave<\/h3>\t\t\t\t<\/div>\n\t\t\t\t<div class=\"elementor-element elementor-element-d196bd2 color-scheme-inherit text-left elementor-widget elementor-widget-text-editor\" data-id=\"d196bd2\" data-element_type=\"widget\" data-e-type=\"widget\" data-widget_type=\"text-editor.default\">\n\t\t\t\t\t\t\t\t\t<ul><li><strong>Notas altas:<\/strong> Cuero picante<\/li><li><strong>Notas de coraz\u00f3n:\u00a0<\/strong> \u00c1mbar le\u00f1oso<\/li><li><strong>Notas de fondo:<\/strong> Notas de madera<\/li><\/ul>\t\t\t\t\t\t\t\t<\/div>\n\t\t\t\t<\/div>\n\t\t\t\t\t<\/div>\n\t\t\t\t<\/div>\n\t\t\t\t<\/div>","protected":false},"excerpt":{"rendered":"<p data-start=\"1061\" data-end=\"1240\"><strong data-start=\"276\" data-end=\"337\">Descubra el perfume Brown Leather: fuerza refinada.<\/strong><br data-start=\"337\" data-end=\"340\" \/>El cuero redefinido con calidez y distinci\u00f3n.<\/p>","protected":false},"featured_media":3037,"comment_status":"open","ping_status":"closed","template":"","meta":[],"product_brand":[31],"product_cat":[16,123],"product_tag":[],"class_list":{"0":"post-850","1":"product","2":"type-product","3":"status-publish","4":"has-post-thumbnail","6":"product_brand-lecmo","7":"product_cat-single-perfume","8":"product_cat-unisex-fragrances","10":"first","11":"instock","12":"shipping-taxable","13":"purchasable","14":"product-type-simple"},"_links":{"self":[{"href":"https:\/\/lecmo.com\/es\/wp-json\/wp\/v2\/product\/850","targetHints":{"allow":["GET"]}}],"collection":[{"href":"https:\/\/lecmo.com\/es\/wp-json\/wp\/v2\/product"}],"about":[{"href":"https:\/\/lecmo.com\/es\/wp-json\/wp\/v2\/types\/product"}],"replies":[{"embeddable":true,"href":"https:\/\/lecmo.com\/es\/wp-json\/wp\/v2\/comments?post=850"}],"version-history":[{"count":0,"href":"https:\/\/lecmo.com\/es\/wp-json\/wp\/v2\/product\/850\/revisions"}],"wp:featuredmedia":[{"embeddable":true,"href":"https:\/\/lecmo.com\/es\/wp-json\/wp\/v2\/media\/3037"}],"wp:attachment":[{"href":"https:\/\/lecmo.com\/es\/wp-json\/wp\/v2\/media?parent=850"}],"wp:term":[{"taxonomy":"product_brand","embeddable":true,"href":"https:\/\/lecmo.com\/es\/wp-json\/wp\/v2\/product_brand?post=850"},{"taxonomy":"product_cat","embeddable":true,"href":"https:\/\/lecmo.com\/es\/wp-json\/wp\/v2\/product_cat?post=850"},{"taxonomy":"product_tag","embeddable":true,"href":"https:\/\/lecmo.com\/es\/wp-json\/wp\/v2\/product_tag?post=850"}],"curies":[{"name":"wp","href":"https:\/\/api.w.org\/{rel}","templated":true}]}}