{"id":84,"date":"2025-07-21T20:56:55","date_gmt":"2025-07-21T20:56:55","guid":{"rendered":"https:\/\/preview.lecmo.shop\/?post_type=product&#038;p=84"},"modified":"2026-02-10T13:32:54","modified_gmt":"2026-02-10T09:32:54","slug":"red-red-collection","status":"publish","type":"product","link":"https:\/\/lecmo.com\/es\/producto\/red-red-collection\/","title":{"rendered":"Rojo rojo"},"content":{"rendered":"<div data-elementor-type=\"wp-post\" data-elementor-id=\"84\" class=\"elementor elementor-84\">\n\t\t\t\t<div class=\"wd-negative-gap elementor-element elementor-element-048da30 e-flex e-con-boxed e-con e-parent\" data-id=\"048da30\" data-element_type=\"container\" data-e-type=\"container\">\n\t\t\t\t\t<div class=\"e-con-inner\">\n\t\t\t\t<div class=\"elementor-element elementor-element-0bf4b9e color-scheme-inherit text-left elementor-widget elementor-widget-text-editor\" data-id=\"0bf4b9e\" data-element_type=\"widget\" data-e-type=\"widget\" data-widget_type=\"text-editor.default\">\n\t\t\t\t\t\t\t\t\t<p><strong>Red Red - Agua de perfume<\/strong><\/p><p class=\"translation-block\">Atrevida, seductora e inolvidable: <strong>Red Red<\/strong> personifica el poder de la pasi\u00f3n.<br> La pimienta rosa picante y el oud profundo crean una estela audaz y magn\u00e9tica, dise\u00f1ada para aquellos que se niegan a pasar desapercibidos.<\/p><p class=\"translation-block\">Presentado en una <strong>llamativa bolsa de cuero rojo, este set tambi\u00e9n contiene un frasco de 25 ml<\/strong> y una <strong>pieza de Dkhoun<\/strong> , una declaraci\u00f3n de lujo que perdura mucho despu\u00e9s de que hayas abandonado la habitaci\u00f3n.<\/p>\t\t\t\t\t\t\t\t<\/div>\n\t\t\t\t\t<\/div>\n\t\t\t\t<\/div>\n\t\t<div class=\"wd-negative-gap elementor-element elementor-element-dc2b25a wd-section-stretch e-flex e-con-boxed e-con e-parent\" data-id=\"dc2b25a\" data-element_type=\"container\" data-e-type=\"container\" data-settings=\"{&quot;background_background&quot;:&quot;classic&quot;}\">\n\t\t\t\t\t<div class=\"e-con-inner\">\n\t\t\t\t<div class=\"elementor-element elementor-element-0e0173a elementor-widget elementor-widget-heading\" data-id=\"0e0173a\" data-element_type=\"widget\" data-e-type=\"widget\" data-widget_type=\"heading.default\">\n\t\t\t\t\t<h2 class=\"elementor-heading-title elementor-size-default\">Rojo Rojo<\/h2>\t\t\t\t<\/div>\n\t\t\t\t<div class=\"elementor-element elementor-element-056eb7a elementor-widget__width-initial elementor-widget-mobile__width-inherit color-scheme-inherit text-left elementor-widget elementor-widget-text-editor\" data-id=\"056eb7a\" data-element_type=\"widget\" data-e-type=\"widget\" data-widget_type=\"text-editor.default\">\n\t\t\t\t\t\t\t\t\t<p data-start=\"558\" data-end=\"872\">Este set se presenta en el emblem\u00e1tico bolso de cuero rojo de Lecmo, donde la elegancia se fusiona con la refinada delicadeza de los detalles. Desde el llamativo exterior de cuero hasta el perfume de autor de 100 ml, el formato de viaje de 25 ml y el refinado incienso en el interior, cada elemento refleja la identidad de la marca y ofrece una experiencia premium desde el primer momento.<\/p><h5 style=\"text-align: center;\" data-start=\"874\" data-end=\"928\">Perfecto para uso personal o como una opci\u00f3n de regalo refinada.<\/h5>\t\t\t\t\t\t\t\t<\/div>\n\t\t\t\t<div class=\"elementor-element elementor-element-615318d elementor-widget elementor-widget-button\" data-id=\"615318d\" data-element_type=\"widget\" data-e-type=\"widget\" data-widget_type=\"button.default\">\n\t\t\t\t\t\t\t\t\t\t<a class=\"elementor-button elementor-button-link elementor-size-sm\" href=\"https:\/\/lecmo.com\/es\/checkout\/?add-to-cart=84&#038;quantity=1\">\n\t\t\t\t\t\t<span class=\"elementor-button-content-wrapper\">\n\t\t\t\t\t\t\t\t\t<span class=\"elementor-button-text\">COMPRAR AHORA<\/span>\n\t\t\t\t\t<\/span>\n\t\t\t\t\t<\/a>\n\t\t\t\t\t\t\t\t<\/div>\n\t\t\t\t\t<\/div>\n\t\t\t\t<\/div>\n\t\t<div class=\"wd-negative-gap elementor-element elementor-element-42aee42 e-flex e-con-boxed e-con e-parent\" data-id=\"42aee42\" data-element_type=\"container\" data-e-type=\"container\">\n\t\t\t\t\t<div class=\"e-con-inner\">\n\t\t<div class=\"elementor-element elementor-element-52761a4 e-con-full e-flex e-con e-child\" data-id=\"52761a4\" data-element_type=\"container\" data-e-type=\"container\">\n\t\t\t\t<div class=\"elementor-element elementor-element-d54b618 elementor-widget elementor-widget-heading\" data-id=\"d54b618\" data-element_type=\"widget\" data-e-type=\"widget\" data-widget_type=\"heading.default\">\n\t\t\t\t\t<h3 class=\"elementor-heading-title elementor-size-default\">\u00bfPor qu\u00e9 Rojo Rojo?<\/h3>\t\t\t\t<\/div>\n\t\t\t\t<div class=\"elementor-element elementor-element-8a15ac1 color-scheme-inherit text-left elementor-widget elementor-widget-text-editor\" data-id=\"8a15ac1\" data-element_type=\"widget\" data-e-type=\"widget\" data-widget_type=\"text-editor.default\">\n\t\t\t\t\t\t\t\t\t<p style=\"caret-color: #000000; color: #000000; font-style: normal; font-variant-caps: normal; font-weight: 400;\" data-start=\"89\" data-end=\"188\">\u2022 <span class=\"Apple-converted-space\">\u00a0<\/span><strong data-start=\"94\" data-end=\"120\">Un aroma caracter\u00edstico y audaz<\/strong><span class=\"Apple-converted-space\">\u00a0<\/span>\u2013 Dise\u00f1ado para aquellos que llaman la atenci\u00f3n y se niegan a mezclarse.<\/p><p style=\"caret-color: #000000; color: #000000; font-style: normal; font-variant-caps: normal; font-weight: 400;\" data-start=\"321\" data-end=\"434\">\u2022 <strong data-start=\"326\" data-end=\"352\">Intensidad duradera<\/strong><span class=\"Apple-converted-space\">\u00a0<\/span>\u2013 Una presencia rica y persistente que permanece contigo mucho tiempo despu\u00e9s de salir de la habitaci\u00f3n.<\/p><p style=\"caret-color: #000000; color: #000000; font-style: normal; font-variant-caps: normal; font-weight: 400;\" data-start=\"436\" data-end=\"560\">\u2022 <span class=\"Apple-converted-space\">\u00a0<\/span><strong data-start=\"441\" data-end=\"467\">Lujo en cada detalle<\/strong><span class=\"Apple-converted-space\">\u00a0<\/span>\u2013 Presentado en un llamativo bolso de piel rojo que refleja fuerza, confianza y pasi\u00f3n.<\/p><p style=\"caret-color: #000000; color: #000000; font-style: normal; font-variant-caps: normal; font-weight: 400;\" data-start=\"562\" data-end=\"698\">\u2022 <span class=\"Apple-converted-space\">\u00a0<\/span><strong data-start=\"567\" data-end=\"600\">Experiencia completa de fragancias<\/strong><span class=\"Apple-converted-space\">\u00a0<\/span>\u2013 Incluye una botella de 25 ml para viaje y una pieza Dkhoun para un toque a\u00f1adido de elegancia oriental.<\/p><p style=\"caret-color: #000000; color: #000000; font-style: normal; font-variant-caps: normal; font-weight: 400;\" data-start=\"700\" data-end=\"788\">\u2022 <span class=\"Apple-converted-space\">\u00a0<\/span><strong data-start=\"705\" data-end=\"730\">Dise\u00f1ado para destacarse<\/strong><span class=\"Apple-converted-space\">\u00a0<\/span>\u2013 Hecho para personas que prefieren el impacto a la sutileza.<\/p>\t\t\t\t\t\t\t\t<\/div>\n\t\t\t\t<\/div>\n\t\t<div class=\"elementor-element elementor-element-f736535 e-con-full e-flex e-con e-child\" data-id=\"f736535\" data-element_type=\"container\" data-e-type=\"container\">\n\t\t\t\t<div class=\"elementor-element elementor-element-f5f1571 elementor-widget elementor-widget-image\" data-id=\"f5f1571\" data-element_type=\"widget\" data-e-type=\"widget\" data-widget_type=\"image.default\">\n\t\t\t\t\t\t\t\t\t\t\t\t\t\t\t<img loading=\"lazy\" decoding=\"async\" width=\"768\" height=\"1344\" src=\"https:\/\/lecmo.com\/wp-content\/uploads\/NanoBanana_Image_20260106_013857.webp\" class=\"attachment-large size-large wp-image-4241\" alt=\"lecmo perfumes - The Tale of the Lady and the Wolf\" srcset=\"https:\/\/lecmo.com\/wp-content\/uploads\/NanoBanana_Image_20260106_013857.webp 768w, https:\/\/lecmo.com\/wp-content\/uploads\/NanoBanana_Image_20260106_013857-457x800.webp 457w, https:\/\/lecmo.com\/wp-content\/uploads\/NanoBanana_Image_20260106_013857-7x12.webp 7w, https:\/\/lecmo.com\/wp-content\/uploads\/NanoBanana_Image_20260106_013857-150x263.webp 150w\" sizes=\"auto, (max-width: 768px) 100vw, 768px\">\t\t\t\t\t\t\t\t\t\t\t\t\t\t\t<\/div>\n\t\t\t\t<\/div>\n\t\t\t\t\t<\/div>\n\t\t\t\t<\/div>\n\t\t<div class=\"wd-negative-gap elementor-element elementor-element-a370350 e-flex e-con-boxed e-con e-parent\" data-id=\"a370350\" data-element_type=\"container\" data-e-type=\"container\">\n\t\t\t\t\t<div class=\"e-con-inner\">\n\t\t<div class=\"elementor-element elementor-element-2264e2a e-con-full e-flex e-con e-child\" data-id=\"2264e2a\" data-element_type=\"container\" data-e-type=\"container\">\n\t\t\t\t<div class=\"elementor-element elementor-element-f5e59ee elementor-widget elementor-widget-image\" data-id=\"f5e59ee\" data-element_type=\"widget\" data-e-type=\"widget\" data-widget_type=\"image.default\">\n\t\t\t\t\t\t\t\t\t\t\t\t\t\t\t<img loading=\"lazy\" decoding=\"async\" width=\"1018\" height=\"1019\" src=\"https:\/\/lecmo.com\/wp-content\/uploads\/Screen-Shot-2026-01-13-at-4.01.04-PM.webp\" class=\"attachment-large size-large wp-image-4240\" alt=\"lecmo perfumes - The Tale of the Lady and the Wolf\" srcset=\"https:\/\/lecmo.com\/wp-content\/uploads\/Screen-Shot-2026-01-13-at-4.01.04-PM.webp 1018w, https:\/\/lecmo.com\/wp-content\/uploads\/Screen-Shot-2026-01-13-at-4.01.04-PM-800x800.webp 800w, https:\/\/lecmo.com\/wp-content\/uploads\/Screen-Shot-2026-01-13-at-4.01.04-PM-768x769.webp 768w, https:\/\/lecmo.com\/wp-content\/uploads\/Screen-Shot-2026-01-13-at-4.01.04-PM-12x12.webp 12w, https:\/\/lecmo.com\/wp-content\/uploads\/Screen-Shot-2026-01-13-at-4.01.04-PM-150x150.webp 150w\" sizes=\"auto, (max-width: 1018px) 100vw, 1018px\">\t\t\t\t\t\t\t\t\t\t\t\t\t\t\t<\/div>\n\t\t\t\t<\/div>\n\t\t<div class=\"elementor-element elementor-element-0a1fa1b e-con-full e-flex e-con e-child\" data-id=\"0a1fa1b\" data-element_type=\"container\" data-e-type=\"container\">\n\t\t\t\t<div class=\"elementor-element elementor-element-f985200 elementor-widget elementor-widget-heading\" data-id=\"f985200\" data-element_type=\"widget\" data-e-type=\"widget\" data-widget_type=\"heading.default\">\n\t\t\t\t\t<h3 class=\"elementor-heading-title elementor-size-default\">Notas clave<\/h3>\t\t\t\t<\/div>\n\t\t\t\t<div class=\"elementor-element elementor-element-1c449bd color-scheme-inherit text-left elementor-widget elementor-widget-text-editor\" data-id=\"1c449bd\" data-element_type=\"widget\" data-e-type=\"widget\" data-widget_type=\"text-editor.default\">\n\t\t\t\t\t\t\t\t\t<ul><li><strong>Color de la bolsa :<\/strong> Piel roja<\/li><li><strong>Tallas :<\/strong> 100ml + 25ml dentro de la bolsa<\/li><\/ul>\t\t\t\t\t\t\t\t<\/div>\n\t\t\t\t<\/div>\n\t\t\t\t\t<\/div>\n\t\t\t\t<\/div>\n\t\t\t\t<\/div>","protected":false},"excerpt":{"rendered":"<p>Atrevida, seductora e inolvidable - <strong>Rojo Rojo<\/strong> encarna el poder de la pasi\u00f3n.<br \/>\nPimienta rosa picante y oud profundo encienden una estela audaz y magn\u00e9tica, desRed Red Eau de Parfum es la esencia de la elegancia audaz - una irresistible armon\u00eda de sofisticaci\u00f3n y profundidad sensual.<br \/>\nSeductora y atemporal, encarna el lujo moderno con una intensidad cautivadora que deja una estela inolvidable all\u00e1 donde vayas.Dise\u00f1ada para quienes se niegan a pasar desapercibidos.<\/p>","protected":false},"featured_media":3044,"comment_status":"open","ping_status":"closed","template":"","meta":[],"product_brand":[31],"product_cat":[19],"product_tag":[],"class_list":{"0":"post-84","1":"product","2":"type-product","3":"status-publish","4":"has-post-thumbnail","6":"product_brand-lecmo","7":"product_cat-lady-bag-perfume-set","9":"first","10":"instock","11":"shipping-taxable","12":"purchasable","13":"product-type-simple"},"_links":{"self":[{"href":"https:\/\/lecmo.com\/es\/wp-json\/wp\/v2\/product\/84","targetHints":{"allow":["GET"]}}],"collection":[{"href":"https:\/\/lecmo.com\/es\/wp-json\/wp\/v2\/product"}],"about":[{"href":"https:\/\/lecmo.com\/es\/wp-json\/wp\/v2\/types\/product"}],"replies":[{"embeddable":true,"href":"https:\/\/lecmo.com\/es\/wp-json\/wp\/v2\/comments?post=84"}],"version-history":[{"count":0,"href":"https:\/\/lecmo.com\/es\/wp-json\/wp\/v2\/product\/84\/revisions"}],"wp:featuredmedia":[{"embeddable":true,"href":"https:\/\/lecmo.com\/es\/wp-json\/wp\/v2\/media\/3044"}],"wp:attachment":[{"href":"https:\/\/lecmo.com\/es\/wp-json\/wp\/v2\/media?parent=84"}],"wp:term":[{"taxonomy":"product_brand","embeddable":true,"href":"https:\/\/lecmo.com\/es\/wp-json\/wp\/v2\/product_brand?post=84"},{"taxonomy":"product_cat","embeddable":true,"href":"https:\/\/lecmo.com\/es\/wp-json\/wp\/v2\/product_cat?post=84"},{"taxonomy":"product_tag","embeddable":true,"href":"https:\/\/lecmo.com\/es\/wp-json\/wp\/v2\/product_tag?post=84"}],"curies":[{"name":"wp","href":"https:\/\/api.w.org\/{rel}","templated":true}]}}