{"id":3,"date":"2025-07-21T20:31:55","date_gmt":"2025-07-21T20:31:55","guid":{"rendered":"https:\/\/preview.lecmo.shop\/?page_id=3"},"modified":"2025-09-21T01:41:15","modified_gmt":"2025-09-20T21:41:15","slug":"privacy-policy","status":"publish","type":"page","link":"https:\/\/lecmo.com\/es\/privacy-policy\/","title":{"rendered":"Pol\u00edtica de privacidad"},"content":{"rendered":"<div data-elementor-type=\"wp-page\" data-elementor-id=\"3\" class=\"elementor elementor-3\">\n\t\t\t\t<div class=\"wd-negative-gap elementor-element elementor-element-176bb095 wd-section-stretch e-flex e-con-boxed e-con e-parent\" data-id=\"176bb095\" data-element_type=\"container\" data-e-type=\"container\">\n\t\t\t\t\t<div class=\"e-con-inner\">\n\t\t\t\t<div class=\"elementor-element elementor-element-49433469 color-scheme-inherit text-left elementor-widget elementor-widget-text-editor\" data-id=\"49433469\" data-element_type=\"widget\" data-e-type=\"widget\" data-widget_type=\"text-editor.default\">\n\t\t\t\t\t\t\t\t\t<h2 data-start=\"126\" data-end=\"171\"><strong data-start=\"129\" data-end=\"169\">Pol\u00edtica de privacidad - Perfumer\u00edas LECMO<\/strong><\/h2><p data-start=\"173\" data-end=\"208\"><strong data-start=\"173\" data-end=\"190\">\u00daltima actualizaci\u00f3n:<\/strong> 11 de agosto de 2025<\/p><p data-start=\"210\" data-end=\"420\">En <strong data-start=\"213\" data-end=\"222\">LECMO<\/strong>respetamos la privacidad de nuestros clientes y nos comprometemos a proteger sus datos personales. Esta pol\u00edtica explica c\u00f3mo recopilamos, utilizamos y salvaguardamos la informaci\u00f3n que nos proporciona al utilizar nuestro sitio web.<\/p><hr data-start=\"422\" data-end=\"425\" \/><h3 data-start=\"427\" data-end=\"462\"><strong data-start=\"431\" data-end=\"460\"><br \/>1. Informaci\u00f3n que recopilamos<\/strong><\/h3><p data-start=\"463\" data-end=\"547\">Podemos recopilar la siguiente informaci\u00f3n cuando usted compra o se registra en nuestro sitio web:<\/p><ul data-start=\"548\" data-end=\"782\"><li data-start=\"548\" data-end=\"562\"><p data-start=\"550\" data-end=\"562\">Nombre completo.<\/p><\/li><li data-start=\"563\" data-end=\"581\"><p data-start=\"565\" data-end=\"581\">Direcci\u00f3n de correo electr\u00f3nico.<\/p><\/li><li data-start=\"582\" data-end=\"599\"><p data-start=\"584\" data-end=\"599\">N\u00famero de tel\u00e9fono.<\/p><\/li><li data-start=\"600\" data-end=\"621\"><p data-start=\"602\" data-end=\"621\">Direcci\u00f3n de env\u00edo.<\/p><\/li><li data-start=\"622\" data-end=\"782\"><p data-start=\"624\" data-end=\"782\">Datos de pago (no almacenamos directamente informaci\u00f3n sobre tarjetas de cr\u00e9dito\/d\u00e9bito; todas las transacciones se procesan de forma segura a trav\u00e9s de proveedores de servicios de pago de confianza).<\/p><\/li><\/ul><hr data-start=\"784\" data-end=\"787\" \/><h3 data-start=\"789\" data-end=\"829\"><strong data-start=\"793\" data-end=\"827\"><br \/>2. C\u00f3mo utilizamos su informaci\u00f3n<\/strong><\/h3><p data-start=\"830\" data-end=\"867\">Sus datos personales pueden utilizarse para<\/p><ul data-start=\"868\" data-end=\"1104\"><li data-start=\"868\" data-end=\"910\"><p data-start=\"870\" data-end=\"910\">Tramitaci\u00f3n y entrega de sus pedidos.<\/p><\/li><li data-start=\"911\" data-end=\"968\"><p data-start=\"913\" data-end=\"968\">Comunicarnos con usted en relaci\u00f3n con pedidos o consultas.<\/p><\/li><li data-start=\"969\" data-end=\"1049\"><p data-start=\"971\" data-end=\"1049\">Env\u00edo de ofertas promocionales y actualizaciones (si ha aceptado recibirlas).<\/p><\/li><li data-start=\"1050\" data-end=\"1104\"><p data-start=\"1052\" data-end=\"1104\">Mejorar su experiencia de compra en nuestro sitio web.<\/p><\/li><\/ul><hr data-start=\"1106\" data-end=\"1109\" \/><h3 data-start=\"1111\" data-end=\"1139\"><strong data-start=\"1115\" data-end=\"1137\"><br \/>3. 3. Protecci\u00f3n de datos<\/strong><\/h3><p data-start=\"1140\" data-end=\"1232\">Aplicamos las medidas de seguridad est\u00e1ndar del sector para proteger sus datos personales, entre las que se incluyen:<\/p><ul data-start=\"1233\" data-end=\"1332\"><li data-start=\"1233\" data-end=\"1278\"><p data-start=\"1235\" data-end=\"1278\"><strong data-start=\"1235\" data-end=\"1253\">Cifrado SSL<\/strong> para la transmisi\u00f3n de datos.<\/p><\/li><li data-start=\"1279\" data-end=\"1332\"><p data-start=\"1281\" data-end=\"1332\">Bases de datos protegidas para evitar accesos no autorizados.<\/p><\/li><\/ul><hr data-start=\"1334\" data-end=\"1337\" \/><h3 data-start=\"1339\" data-end=\"1390\"><strong data-start=\"1343\" data-end=\"1388\"><br \/>4. Compartir informaci\u00f3n con terceros<\/strong><\/h3><ul data-start=\"1391\" data-end=\"1613\"><li data-start=\"1391\" data-end=\"1494\"><p data-start=\"1393\" data-end=\"1494\">No vendemos, alquilamos ni compartimos su informaci\u00f3n personal con terceros con fines de marketing.<\/p><\/li><li data-start=\"1495\" data-end=\"1613\"><p data-start=\"1497\" data-end=\"1613\">Podemos compartir los datos necesarios con empresas de transporte y proveedores de servicios de pago \u00fanicamente para tramitar su pedido.<\/p><\/li><\/ul><hr data-start=\"1615\" data-end=\"1618\" \/><h3 data-start=\"1620\" data-end=\"1640\"><strong data-start=\"1624\" data-end=\"1638\"><br \/>5. Cookies<\/strong><\/h3><p data-start=\"1641\" data-end=\"1707\">Nuestro sitio web utiliza cookies para mejorar su experiencia de navegaci\u00f3n:<\/p><ul data-start=\"1708\" data-end=\"1900\"><li data-start=\"1708\" data-end=\"1741\"><p data-start=\"1710\" data-end=\"1741\">Recordar tus preferencias.<\/p><\/li><li data-start=\"1742\" data-end=\"1900\"><p data-start=\"1744\" data-end=\"1900\">Analizar el tr\u00e1fico del sitio para mejorar el rendimiento.<br data-start=\"1790\" data-end=\"1793\" \/>Puede desactivar las cookies a trav\u00e9s de la configuraci\u00f3n de su navegador; sin embargo, es posible que algunas funciones del sitio no funcionen correctamente.<\/p><\/li><\/ul><hr data-start=\"1902\" data-end=\"1905\" \/><h3 data-start=\"1907\" data-end=\"1931\"><strong data-start=\"1911\" data-end=\"1929\"><br \/>6. Sus derechos<\/strong><\/h3><ul data-start=\"1932\" data-end=\"2120\"><li data-start=\"1932\" data-end=\"2015\"><p data-start=\"1934\" data-end=\"2015\">Tiene derecho a acceder a sus datos personales, actualizarlos o eliminarlos en cualquier momento.<\/p><\/li><li data-start=\"2016\" data-end=\"2120\"><p data-start=\"2018\" data-end=\"2120\">Puede darse de baja de los correos electr\u00f3nicos promocionales haciendo clic en el enlace \"darse de baja\" de cualquiera de nuestros correos electr\u00f3nicos.<\/p><\/li><\/ul><hr data-start=\"2122\" data-end=\"2125\" \/><h3 data-start=\"2127\" data-end=\"2170\"><strong data-start=\"2131\" data-end=\"2168\"><br \/>7. Cambios en esta pol\u00edtica de privacidad<\/strong><\/h3><p data-start=\"2171\" data-end=\"2289\">Podemos actualizar esta pol\u00edtica de vez en cuando. Cualquier cambio se publicar\u00e1 en esta p\u00e1gina con la fecha de revisi\u00f3n actualizada.<\/p><hr data-start=\"2291\" data-end=\"2294\" \/><h3 data-start=\"2296\" data-end=\"2319\"><strong data-start=\"2300\" data-end=\"2317\"><br \/>8. Contacto<\/strong><\/h3><p data-start=\"2320\" data-end=\"2455\">Si tiene alguna pregunta sobre nuestra Pol\u00edtica de privacidad, p\u00f3ngase en contacto con nosotros en:<br data-start=\"2393\" data-end=\"2396\" \/><a href=\"mailto:sales@lecmo.com\">sales@lecmo.com<\/a><br data-start=\"2424\" data-end=\"2427\" \/><a href=\"tel:+971508877701\">+971508877701<\/a><\/p><p><!-- \/wp:paragraph --><\/p>\t\t\t\t\t\t\t\t<\/div>\n\t\t\t\t\t<\/div>\n\t\t\t\t<\/div>\n\t\t\t\t<\/div>","protected":false},"excerpt":{"rendered":"<p>Pol\u00edtica de privacidad - Perfumer\u00eda LECMO \u00daltima actualizaci\u00f3n: 11 de agosto de 2025 En LECMO, respetamos la privacidad de nuestros clientes y somos<\/p>","protected":false},"author":1,"featured_media":0,"parent":0,"menu_order":0,"comment_status":"closed","ping_status":"open","template":"","meta":{"footnotes":""},"class_list":["post-3","page","type-page","status-publish","hentry"],"_links":{"self":[{"href":"https:\/\/lecmo.com\/es\/wp-json\/wp\/v2\/pages\/3","targetHints":{"allow":["GET"]}}],"collection":[{"href":"https:\/\/lecmo.com\/es\/wp-json\/wp\/v2\/pages"}],"about":[{"href":"https:\/\/lecmo.com\/es\/wp-json\/wp\/v2\/types\/page"}],"author":[{"embeddable":true,"href":"https:\/\/lecmo.com\/es\/wp-json\/wp\/v2\/users\/1"}],"replies":[{"embeddable":true,"href":"https:\/\/lecmo.com\/es\/wp-json\/wp\/v2\/comments?post=3"}],"version-history":[{"count":0,"href":"https:\/\/lecmo.com\/es\/wp-json\/wp\/v2\/pages\/3\/revisions"}],"wp:attachment":[{"href":"https:\/\/lecmo.com\/es\/wp-json\/wp\/v2\/media?parent=3"}],"curies":[{"name":"wp","href":"https:\/\/api.w.org\/{rel}","templated":true}]}}