{"id":90,"date":"2025-07-21T20:56:55","date_gmt":"2025-07-21T20:56:55","guid":{"rendered":"https:\/\/preview.lecmo.shop\/?post_type=product&#038;p=90"},"modified":"2026-02-10T13:36:57","modified_gmt":"2026-02-10T09:36:57","slug":"nemro-perfume","status":"publish","type":"product","link":"https:\/\/lecmo.com\/de\/produkt\/nemro-perfume\/","title":{"rendered":"Nemro"},"content":{"rendered":"<div data-elementor-type=\"wp-post\" data-elementor-id=\"90\" class=\"elementor elementor-90\">\n\t\t\t\t<div class=\"wd-negative-gap elementor-element elementor-element-a62900c e-flex e-con-boxed e-con e-parent\" data-id=\"a62900c\" data-element_type=\"container\" data-e-type=\"container\">\n\t\t\t\t\t<div class=\"e-con-inner\">\n\t\t\t\t<div class=\"elementor-element elementor-element-ecac976 color-scheme-inherit text-left elementor-widget elementor-widget-text-editor\" data-id=\"ecac976\" data-element_type=\"widget\" data-e-type=\"widget\" data-widget_type=\"text-editor.default\">\n\t\t\t\t\t\t\t\t\t<p><strong>Nemro - Eau de Parfum (55ml)<\/strong><\/p><p class=\"translation-block\">Nemro Eau de Parfum ist <strong>mehr als nur ein Duft<\/strong> \u2013 es ist ein <strong>Zeichen von Exklusivit\u00e4t<\/strong> .<br> <strong>Nemro wurde f\u00fcr Frauen kreiert, die m\u00fchelos bezaubern, und bietet eine hohe Duftintensit\u00e4t<\/strong> und <strong>lang anhaltende Anziehungskraft, die \u00fcberall, wo Sie hingehen, eine k\u00fchne, unvergessliche Spur hinterl\u00e4sst<\/strong> .<\/p><p class=\"translation-block\">Eine <strong>luxuri\u00f6se Verschmelzung<\/strong> von <strong>Amber<\/strong> , <strong>Oud<\/strong> und <strong>edlen H\u00f6lzern<\/strong> kreiert einen Duft, der <strong>zeitlose St\u00e4rke<\/strong> und <strong>pure Weiblichkeit verk\u00f6rpert.<\/strong><br> Pr\u00e4sentiert in einer <strong>exklusiven gr\u00fcnen Ledertasche<\/strong> , enth\u00e4lt jedes Set ein <strong>Dkhoun-Produkt<\/strong> und bietet eine <strong>vollst\u00e4ndige olfaktorische Reise<\/strong> , auf der <strong>westliche Raffinesse<\/strong> auf die <strong>Seele des Orients trifft.<\/strong><\/p>\t\t\t\t\t\t\t\t<\/div>\n\t\t\t\t\t<\/div>\n\t\t\t\t<\/div>\n\t\t<div class=\"wd-negative-gap elementor-element elementor-element-a97b6a3 wd-section-stretch e-flex e-con-boxed e-con e-parent\" data-id=\"a97b6a3\" data-element_type=\"container\" data-e-type=\"container\" data-settings=\"{&quot;background_background&quot;:&quot;classic&quot;}\">\n\t\t\t\t\t<div class=\"e-con-inner\">\n\t\t\t\t<div class=\"elementor-element elementor-element-56940d0 elementor-widget elementor-widget-heading\" data-id=\"56940d0\" data-element_type=\"widget\" data-e-type=\"widget\" data-widget_type=\"heading.default\">\n\t\t\t\t\t<h2 class=\"elementor-heading-title elementor-size-default\">Nemro<\/h2>\t\t\t\t<\/div>\n\t\t\t\t<div class=\"elementor-element elementor-element-03ef4fa elementor-widget__width-initial elementor-widget-mobile__width-inherit color-scheme-inherit text-left elementor-widget elementor-widget-text-editor\" data-id=\"03ef4fa\" data-element_type=\"widget\" data-e-type=\"widget\" data-widget_type=\"text-editor.default\">\n\t\t\t\t\t\t\t\t\t<p data-start=\"169\" data-end=\"466\">Dieses Set wird in der charakteristischen gr\u00fcnen Ledertasche von Lecmo pr\u00e4sentiert, in der Eleganz auf raffinierte Details trifft. Vom strukturierten Leder au\u00dfen bis hin zum exklusiven Parf\u00fcm und dem edlen R\u00e4ucherst\u00e4bchen im Inneren spiegelt jedes Element die Markenidentit\u00e4t wider und bietet ein Premium-Erlebnis vom ersten Moment an.<\/p><p style=\"text-align: center;\" data-start=\"468\" data-end=\"521\">Perfekt f\u00fcr den pers\u00f6nlichen Gebrauch oder als edle Geschenkidee.<\/p>\t\t\t\t\t\t\t\t<\/div>\n\t\t\t\t<div class=\"elementor-element elementor-element-89b7c36 elementor-widget elementor-widget-button\" data-id=\"89b7c36\" data-element_type=\"widget\" data-e-type=\"widget\" data-widget_type=\"button.default\">\n\t\t\t\t\t\t\t\t\t\t<a class=\"elementor-button elementor-button-link elementor-size-sm\" href=\"https:\/\/lecmo.com\/de\/checkout\/?add-to-cart=90&#038;quantity=1\">\n\t\t\t\t\t\t<span class=\"elementor-button-content-wrapper\">\n\t\t\t\t\t\t\t\t\t<span class=\"elementor-button-text\">JETZT KAUFEN<\/span>\n\t\t\t\t\t<\/span>\n\t\t\t\t\t<\/a>\n\t\t\t\t\t\t\t\t<\/div>\n\t\t\t\t\t<\/div>\n\t\t\t\t<\/div>\n\t\t<div class=\"wd-negative-gap elementor-element elementor-element-b3af78d e-flex e-con-boxed e-con e-parent\" data-id=\"b3af78d\" data-element_type=\"container\" data-e-type=\"container\">\n\t\t\t\t\t<div class=\"e-con-inner\">\n\t\t<div class=\"elementor-element elementor-element-cd57145 e-con-full e-flex e-con e-child\" data-id=\"cd57145\" data-element_type=\"container\" data-e-type=\"container\">\n\t\t\t\t<div class=\"elementor-element elementor-element-0d04cae elementor-widget elementor-widget-heading\" data-id=\"0d04cae\" data-element_type=\"widget\" data-e-type=\"widget\" data-widget_type=\"heading.default\">\n\t\t\t\t\t<h3 class=\"elementor-heading-title elementor-size-default\">Nemro Details :<\/h3>\t\t\t\t<\/div>\n\t\t\t\t<div class=\"elementor-element elementor-element-a9f910d color-scheme-inherit text-left elementor-widget elementor-widget-text-editor\" data-id=\"a9f910d\" data-element_type=\"widget\" data-e-type=\"widget\" data-widget_type=\"text-editor.default\">\n\t\t\t\t\t\t\t\t\t<p data-start=\"87\" data-end=\"190\">\u2022&nbsp;&nbsp;<strong data-start=\"92\" data-end=\"122\">Eine Auszeichnung<\/strong> \u2013 Kreiert f\u00fcr Frauen, die Eleganz ausstrahlen, ohne sich dabei zu sehr anzustrengen.<\/p>\n<p data-start=\"192\" data-end=\"302\">\u2022&nbsp;&nbsp;<strong data-start=\"197\" data-end=\"220\">Warme orientalische Tiefe<\/strong> \u2013 Eine raffinierte Mischung aus Amber und Oud, die sich reichhaltig, sinnlich und unvergesslich anf\u00fchlt.<\/p>\n<p data-start=\"304\" data-end=\"416\"><span style=\"font-size: 16px; background-color: transparent;\">\u2022 <\/span><strong data-start=\"423\" data-end=\"446\" style=\"font-size: 16px; background-color: transparent;\">Glatte, holzige Oberfl\u00e4che<\/strong><span style=\"font-size: 16px; background-color: transparent;\"> \u2013 Eine raffinierte Basis, die wundersch\u00f6n auf der Haut verbleibt.<\/span><\/p>\n<p data-start=\"511\" data-end=\"604\">\u2022 <strong data-start=\"516\" data-end=\"544\">Hohe Sillage und lange Haltbarkeit<\/strong> \u2013 Entworfen, um \u00fcberall, wo Sie hingehen, einen bleibenden Eindruck zu hinterlassen.<\/p>\n<p data-start=\"606\" data-end=\"709\">\u2022 <strong data-start=\"611\" data-end=\"635\">Elegante Pr\u00e4sentation<\/strong> \u2013 Untergebracht in einer pistazienfarbenen Ledertasche, die raffinierten Luxus widerspiegelt.<\/p>\n<p data-start=\"711\" data-end=\"807\">\u2022&nbsp;&nbsp;<strong data-start=\"716\" data-end=\"738\">Geschaffen f\u00fcr ihre Kraft<\/strong> \u2013 Perfekt f\u00fcr Frauen, die mit Selbstbewusstsein und nat\u00fcrlicher Ausstrahlung \u00fcberzeugen.<\/p>\t\t\t\t\t\t\t\t<\/div>\n\t\t\t\t<\/div>\n\t\t<div class=\"elementor-element elementor-element-2e3d851 e-con-full e-flex e-con e-child\" data-id=\"2e3d851\" data-element_type=\"container\" data-e-type=\"container\">\n\t\t\t\t<div class=\"elementor-element elementor-element-b8760e7 elementor-widget elementor-widget-image\" data-id=\"b8760e7\" data-element_type=\"widget\" data-e-type=\"widget\" data-widget_type=\"image.default\">\n\t\t\t\t\t\t\t\t\t\t\t\t\t\t\t<img loading=\"lazy\" decoding=\"async\" width=\"774\" height=\"773\" src=\"https:\/\/lecmo.com\/wp-content\/uploads\/Screenshot-2026-01-12-at-4.16.01-PM.png\" class=\"attachment-large size-large wp-image-4232\" alt=\"lecmo perfumes - The Tale of the Lady and the Wolf\" srcset=\"https:\/\/lecmo.com\/wp-content\/uploads\/Screenshot-2026-01-12-at-4.16.01-PM.png 774w, https:\/\/lecmo.com\/wp-content\/uploads\/Screenshot-2026-01-12-at-4.16.01-PM-768x767.png 768w, https:\/\/lecmo.com\/wp-content\/uploads\/Screenshot-2026-01-12-at-4.16.01-PM-12x12.png 12w, https:\/\/lecmo.com\/wp-content\/uploads\/Screenshot-2026-01-12-at-4.16.01-PM-150x150.png 150w\" sizes=\"auto, (max-width: 774px) 100vw, 774px\">\t\t\t\t\t\t\t\t\t\t\t\t\t\t\t<\/div>\n\t\t\t\t<\/div>\n\t\t\t\t\t<\/div>\n\t\t\t\t<\/div>\n\t\t<div class=\"wd-negative-gap elementor-element elementor-element-06473c9 e-flex e-con-boxed e-con e-parent\" data-id=\"06473c9\" data-element_type=\"container\" data-e-type=\"container\">\n\t\t\t\t\t<div class=\"e-con-inner\">\n\t\t<div class=\"elementor-element elementor-element-a05a3ca e-con-full e-flex e-con e-child\" data-id=\"a05a3ca\" data-element_type=\"container\" data-e-type=\"container\">\n\t\t\t\t<div class=\"elementor-element elementor-element-c0b93cc elementor-widget elementor-widget-image\" data-id=\"c0b93cc\" data-element_type=\"widget\" data-e-type=\"widget\" data-widget_type=\"image.default\">\n\t\t\t\t\t\t\t\t\t\t\t\t\t\t\t<img loading=\"lazy\" decoding=\"async\" width=\"1376\" height=\"768\" src=\"https:\/\/lecmo.com\/wp-content\/uploads\/19.png\" class=\"attachment-full size-full wp-image-4231\" alt=\"lecmo perfumes - The Tale of the Lady and the Wolf\" srcset=\"https:\/\/lecmo.com\/wp-content\/uploads\/19.png 1376w, https:\/\/lecmo.com\/wp-content\/uploads\/19-800x447.png 800w, https:\/\/lecmo.com\/wp-content\/uploads\/19-768x429.png 768w, https:\/\/lecmo.com\/wp-content\/uploads\/19-18x10.png 18w, https:\/\/lecmo.com\/wp-content\/uploads\/19-150x84.png 150w\" sizes=\"auto, (max-width: 1376px) 100vw, 1376px\">\t\t\t\t\t\t\t\t\t\t\t\t\t\t\t<\/div>\n\t\t\t\t<\/div>\n\t\t<div class=\"elementor-element elementor-element-a672478 e-con-full e-flex e-con e-child\" data-id=\"a672478\" data-element_type=\"container\" data-e-type=\"container\">\n\t\t\t\t<div class=\"elementor-element elementor-element-a993db9 elementor-widget elementor-widget-heading\" data-id=\"a993db9\" data-element_type=\"widget\" data-e-type=\"widget\" data-widget_type=\"heading.default\">\n\t\t\t\t\t<h3 class=\"elementor-heading-title elementor-size-default\">Wichtige Hinweise :<\/h3>\t\t\t\t<\/div>\n\t\t\t\t<div class=\"elementor-element elementor-element-6a9df6c color-scheme-inherit text-left elementor-widget elementor-widget-text-editor\" data-id=\"6a9df6c\" data-element_type=\"widget\" data-e-type=\"widget\" data-widget_type=\"text-editor.default\">\n\t\t\t\t\t\t\t\t\t<ul><li><strong>Oben:<\/strong> Bernstein<\/li><li><strong>Mitte:<\/strong> Oud<\/li><li><strong>Basis:<\/strong> Holzige Noten<\/li><\/ul>\t\t\t\t\t\t\t\t<\/div>\n\t\t\t\t<\/div>\n\t\t\t\t\t<\/div>\n\t\t\t\t<\/div>\n\t\t\t\t<\/div>","protected":false},"excerpt":{"rendered":"<p class=\"translation-block\">Nemro Eau de Parfum ist mehr als ein Duft - es ist ein Zeichen der Unterscheidung.\r\nNemro wurde f\u00fcr Frauen kreiert, die m\u00fchelos bezaubern. Es hat eine hohe Sillage und eine lang anhaltende Anziehungskraft und hinterl\u00e4sst eine k\u00fchne, unvergessliche Spur, wohin Sie auch gehen.<\/p>","protected":false},"featured_media":2302,"comment_status":"open","ping_status":"closed","template":"","meta":[],"product_brand":[31],"product_cat":[19],"product_tag":[],"class_list":{"0":"post-90","1":"product","2":"type-product","3":"status-publish","4":"has-post-thumbnail","6":"product_brand-lecmo","7":"product_cat-lady-bag-perfume-set","9":"first","10":"instock","11":"shipping-taxable","12":"purchasable","13":"product-type-simple"},"_links":{"self":[{"href":"https:\/\/lecmo.com\/de\/wp-json\/wp\/v2\/product\/90","targetHints":{"allow":["GET"]}}],"collection":[{"href":"https:\/\/lecmo.com\/de\/wp-json\/wp\/v2\/product"}],"about":[{"href":"https:\/\/lecmo.com\/de\/wp-json\/wp\/v2\/types\/product"}],"replies":[{"embeddable":true,"href":"https:\/\/lecmo.com\/de\/wp-json\/wp\/v2\/comments?post=90"}],"version-history":[{"count":0,"href":"https:\/\/lecmo.com\/de\/wp-json\/wp\/v2\/product\/90\/revisions"}],"wp:featuredmedia":[{"embeddable":true,"href":"https:\/\/lecmo.com\/de\/wp-json\/wp\/v2\/media\/2302"}],"wp:attachment":[{"href":"https:\/\/lecmo.com\/de\/wp-json\/wp\/v2\/media?parent=90"}],"wp:term":[{"taxonomy":"product_brand","embeddable":true,"href":"https:\/\/lecmo.com\/de\/wp-json\/wp\/v2\/product_brand?post=90"},{"taxonomy":"product_cat","embeddable":true,"href":"https:\/\/lecmo.com\/de\/wp-json\/wp\/v2\/product_cat?post=90"},{"taxonomy":"product_tag","embeddable":true,"href":"https:\/\/lecmo.com\/de\/wp-json\/wp\/v2\/product_tag?post=90"}],"curies":[{"name":"wp","href":"https:\/\/api.w.org\/{rel}","templated":true}]}}