{"id":891,"date":"2025-08-07T12:47:59","date_gmt":"2025-08-07T12:47:59","guid":{"rendered":"https:\/\/preview.lecmo.shop\/?post_type=product&#038;p=891"},"modified":"2026-04-22T10:52:32","modified_gmt":"2026-04-22T06:52:32","slug":"the-blue-perfume-collection","status":"publish","type":"product","link":"https:\/\/lecmo.com\/de\/produkt\/the-blue-perfume-collection\/","title":{"rendered":"Die Blaue Kollektion"},"content":{"rendered":"<div data-elementor-type=\"wp-post\" data-elementor-id=\"891\" class=\"elementor elementor-891\">\n\t\t\t\t<div class=\"wd-negative-gap elementor-element elementor-element-1965cb8 e-flex e-con-boxed e-con e-parent\" data-id=\"1965cb8\" data-element_type=\"container\" data-e-type=\"container\">\n\t\t\t\t\t<div class=\"e-con-inner\">\n\t\t\t\t<div class=\"elementor-element elementor-element-7a83927 color-scheme-inherit text-left elementor-widget elementor-widget-text-editor\" data-id=\"7a83927\" data-element_type=\"widget\" data-e-type=\"widget\" data-widget_type=\"text-editor.default\">\n\t\t\t\t\t\t\t\t\t<p class=\"translation-block\">Die <strong>Lecmo Blue Kollektion<\/strong> pr\u00e4sentiert sich als wahres Symbol f\u00fcr Stil und Luxus und bietet mehr als nur Parfums \u2013 sie ist ein ganzheitliches Erlebnis. Dieses besondere Set wurde mit viel Liebe zum Detail und Eleganz gefertigt.<\/p><p class=\"translation-block\">Es wird in einer <strong>wundersch\u00f6nen k\u00f6nigsblauen Ledertasche<\/strong> pr\u00e4sentiert, die eine <strong>luxuri\u00f6se Parf\u00fcmbox<\/strong> enth\u00e4lt, die perfekt verpackt und mit eleganten k\u00fcnstlichen Blumen verziert ist.<\/p><p>Die Sammlung umfasst folgende Themen:<\/p><ul><li><strong>2 Signature-Parf\u00fcms (50ml)<\/strong><\/li><li><strong>3 Einstiegs-Parf\u00fcms (25ml)<\/strong><\/li><li><strong>4 Dkhoun-St\u00fccke<\/strong><\/li><\/ul><p>Die D\u00fcfte der Kollektion vereinen *frische fruchtige Noten, sanfte Blumen, warme H\u00f6lzer und orientalische Akzente, die alle zu einem unvergesslichen Erlebnis beitragen. Die Lecmo Blue Collection gilt als das **Hero Product* von Lecmo und bietet eine ideale M\u00f6glichkeit, *pers\u00f6nlichen Luxus* zu genie\u00dfen und *die Welt von Lecmo* auf eine reichhaltige und einzigartige Weise zu entdecken.<\/p>\t\t\t\t\t\t\t\t<\/div>\n\t\t\t\t\t<\/div>\n\t\t\t\t<\/div>\n\t\t<div class=\"wd-negative-gap elementor-element elementor-element-f62d09e wd-section-stretch e-flex e-con-boxed e-con e-parent\" data-id=\"f62d09e\" data-element_type=\"container\" data-e-type=\"container\" data-settings=\"{&quot;background_background&quot;:&quot;classic&quot;}\">\n\t\t\t\t\t<div class=\"e-con-inner\">\n\t\t\t\t<div class=\"elementor-element elementor-element-f7aec0f elementor-widget elementor-widget-heading\" data-id=\"f7aec0f\" data-element_type=\"widget\" data-e-type=\"widget\" data-widget_type=\"heading.default\">\n\t\t\t\t\t<h2 class=\"elementor-heading-title elementor-size-default\">LECMO BLAU KOLLEKTION<\/h2>\t\t\t\t<\/div>\n\t\t\t\t<div class=\"elementor-element elementor-element-4f82bc9 elementor-widget__width-initial elementor-widget-mobile__width-inherit color-scheme-inherit text-left elementor-widget elementor-widget-text-editor\" data-id=\"4f82bc9\" data-element_type=\"widget\" data-e-type=\"widget\" data-widget_type=\"text-editor.default\">\n\t\t\t\t\t\t\t\t\t<p class=\"translation-block\">Die <strong>Lecmo Blue Kollektion<\/strong> pr\u00e4sentiert sich als wahres Symbol f\u00fcr Stil und Luxus und bietet mehr als nur Parfums \u2013 sie ist ein ganzheitliches Erlebnis. Dieses besondere Set wurde mit viel Liebe zum Detail und Eleganz gefertigt.<\/p>\t\t\t\t\t\t\t\t<\/div>\n\t\t\t\t<div class=\"elementor-element elementor-element-a44dd83 elementor-widget elementor-widget-button\" data-id=\"a44dd83\" data-element_type=\"widget\" data-e-type=\"widget\" data-widget_type=\"button.default\">\n\t\t\t\t\t\t\t\t\t\t<a class=\"elementor-button elementor-button-link elementor-size-sm\" href=\"https:\/\/lecmo.com\/de\/checkout\/?add-to-cart=891&#038;quantity=1\">\n\t\t\t\t\t\t<span class=\"elementor-button-content-wrapper\">\n\t\t\t\t\t\t\t\t\t<span class=\"elementor-button-text\">JETZT KAUFEN<\/span>\n\t\t\t\t\t<\/span>\n\t\t\t\t\t<\/a>\n\t\t\t\t\t\t\t\t<\/div>\n\t\t\t\t\t<\/div>\n\t\t\t\t<\/div>\n\t\t<div class=\"wd-negative-gap elementor-element elementor-element-cb4448d e-flex e-con-boxed e-con e-parent\" data-id=\"cb4448d\" data-element_type=\"container\" data-e-type=\"container\">\n\t\t\t\t\t<div class=\"e-con-inner\">\n\t\t<div class=\"elementor-element elementor-element-edb3424 e-con-full e-flex e-con e-child\" data-id=\"edb3424\" data-element_type=\"container\" data-e-type=\"container\">\n\t\t\t\t<div class=\"elementor-element elementor-element-68ed689 elementor-widget elementor-widget-heading\" data-id=\"68ed689\" data-element_type=\"widget\" data-e-type=\"widget\" data-widget_type=\"heading.default\">\n\t\t\t\t\t<h3 class=\"elementor-heading-title elementor-size-default\">Warum LECMO BLUE COLLECTION?<\/h3>\t\t\t\t<\/div>\n\t\t\t\t<div class=\"elementor-element elementor-element-699bbfd color-scheme-inherit text-left elementor-widget elementor-widget-text-editor\" data-id=\"699bbfd\" data-element_type=\"widget\" data-e-type=\"widget\" data-widget_type=\"text-editor.default\">\n\t\t\t\t\t\t\t\t\t<p class=\"translation-block\">Die <strong>Lecmo Blue Kollektion<\/strong> wurde mit viel Liebe zum Detail entworfen, um durch mehrere Schl\u00fcsselelemente ein luxuri\u00f6ses und umfassendes Sinneserlebnis zu schaffen:<\/p><p class=\"translation-block\"><strong>Gesamtkonzept von Luxus und Erlebnis<\/strong> : Die Kollektion pr\u00e4sentiert sich als <strong>wahres Symbol f\u00fcr Stil und Luxus<\/strong> und ist weit mehr als nur Parfums; sie ist ein <strong>ganzheitliches, mit Sorgfalt und Eleganz kreiertes Erlebnis<\/strong> . Sie gilt als das <strong>Aush\u00e4ngeschild<\/strong> von LECMO und bietet eine einzigartige M\u00f6glichkeit, <strong>pers\u00f6nlichen Luxus zu genie\u00dfen<\/strong> und <strong>die Welt von LECMO zu entdecken<\/strong> .<\/p><p class=\"translation-block\"><strong>Exquisite Pr\u00e4sentation:<\/strong> Die sinnliche Reise beginnt schon vor dem \u00d6ffnen, denn die Kollektion befindet sich in einem <strong>wundersch\u00f6nen k\u00f6nigsblauen Lederbeutel<\/strong> . Darin liegt eine <strong>luxuri\u00f6se Parf\u00fcmbox, perfekt verpackt und mit eleganten Kunstblumen verziert<\/strong> , die dem Ganzen eine optische und haptische Ebene von Luxus und Vorfreude verleihen.<\/p>\t\t\t\t\t\t\t\t<\/div>\n\t\t\t\t<\/div>\n\t\t<div class=\"elementor-element elementor-element-e0b77fc e-con-full e-flex e-con e-child\" data-id=\"e0b77fc\" data-element_type=\"container\" data-e-type=\"container\">\n\t\t\t\t<div class=\"elementor-element elementor-element-6f8e39c elementor-widget elementor-widget-image\" data-id=\"6f8e39c\" data-element_type=\"widget\" data-e-type=\"widget\" data-widget_type=\"image.default\">\n\t\t\t\t\t\t\t\t\t\t\t\t\t\t\t<img loading=\"lazy\" decoding=\"async\" width=\"1366\" height=\"768\" src=\"https:\/\/lecmo.com\/wp-content\/uploads\/LECMO-BLUE-BANNER-3.webp\" class=\"attachment-large size-large wp-image-1754\" alt=\"\u0627\u0644\u0639\u0637\u0631 \u0627\u0644\u0627\u0632\u0631\u0642\" srcset=\"https:\/\/lecmo.com\/wp-content\/uploads\/LECMO-BLUE-BANNER-3.webp 1366w, https:\/\/lecmo.com\/wp-content\/uploads\/LECMO-BLUE-BANNER-3-150x84.webp 150w, https:\/\/lecmo.com\/wp-content\/uploads\/LECMO-BLUE-BANNER-3-800x450.webp 800w, https:\/\/lecmo.com\/wp-content\/uploads\/LECMO-BLUE-BANNER-3-768x432.webp 768w\" sizes=\"auto, (max-width: 1366px) 100vw, 1366px\" \/>\t\t\t\t\t\t\t\t\t\t\t\t\t\t\t<\/div>\n\t\t\t\t<\/div>\n\t\t\t\t\t<\/div>\n\t\t\t\t<\/div>\n\t\t<div class=\"wd-negative-gap elementor-element elementor-element-0839ee5 e-flex e-con-boxed e-con e-parent\" data-id=\"0839ee5\" data-element_type=\"container\" data-e-type=\"container\">\n\t\t\t\t\t<div class=\"e-con-inner\">\n\t\t<div class=\"elementor-element elementor-element-fcdea77 e-con-full e-flex e-con e-child\" data-id=\"fcdea77\" data-element_type=\"container\" data-e-type=\"container\">\n\t\t\t\t<div class=\"elementor-element elementor-element-ccb5107 elementor-widget elementor-widget-image\" data-id=\"ccb5107\" data-element_type=\"widget\" data-e-type=\"widget\" data-widget_type=\"image.default\">\n\t\t\t\t\t\t\t\t\t\t\t\t\t\t\t<img loading=\"lazy\" decoding=\"async\" width=\"1366\" height=\"768\" src=\"https:\/\/lecmo.com\/wp-content\/uploads\/LECMO-BLUE-BANNER-2.webp\" class=\"attachment-large size-large wp-image-1755\" alt=\"lecmo perfumes - The Tale of the Lady and the Wolf\" srcset=\"https:\/\/lecmo.com\/wp-content\/uploads\/LECMO-BLUE-BANNER-2.webp 1366w, https:\/\/lecmo.com\/wp-content\/uploads\/LECMO-BLUE-BANNER-2-150x84.webp 150w, https:\/\/lecmo.com\/wp-content\/uploads\/LECMO-BLUE-BANNER-2-800x450.webp 800w, https:\/\/lecmo.com\/wp-content\/uploads\/LECMO-BLUE-BANNER-2-768x432.webp 768w\" sizes=\"auto, (max-width: 1366px) 100vw, 1366px\">\t\t\t\t\t\t\t\t\t\t\t\t\t\t\t<\/div>\n\t\t\t\t<\/div>\n\t\t<div class=\"elementor-element elementor-element-94eb354 e-con-full e-flex e-con e-child\" data-id=\"94eb354\" data-element_type=\"container\" data-e-type=\"container\">\n\t\t\t\t<div class=\"elementor-element elementor-element-5d201d5 elementor-widget elementor-widget-heading\" data-id=\"5d201d5\" data-element_type=\"widget\" data-e-type=\"widget\" data-widget_type=\"heading.default\">\n\t\t\t\t\t<h3 class=\"elementor-heading-title elementor-size-default\">SCHL\u00dcSSELANMERKUNGEN<\/h3>\t\t\t\t<\/div>\n\t\t\t\t<div class=\"elementor-element elementor-element-0291799 color-scheme-inherit text-left elementor-widget elementor-widget-text-editor\" data-id=\"0291799\" data-element_type=\"widget\" data-e-type=\"widget\" data-widget_type=\"text-editor.default\">\n\t\t\t\t\t\t\t\t\t<h3 data-start=\"407\" data-end=\"431\">LECMO BLUE \u2013 Oud<\/h3><p data-start=\"432\" data-end=\"508\"><strong data-start=\"432\" data-end=\"446\">Wichtigste Hinweise:<\/strong> Ananas, Oud, Iris, Rosa Pfeffer, Patschuli, Vanille, Moschus<\/p><hr data-start=\"510\" data-end=\"513\" \/><h3 data-start=\"515\" data-end=\"549\">LECMO BLUE \u2013 Eau de Parfum<\/h3><p data-start=\"550\" data-end=\"617\"><strong data-start=\"550\" data-end=\"564\">Wichtigste Hinweise:<\/strong> Mandarine, Jasmin, Maigl\u00f6ckchen, Moschus, Sandelholz, Amber<\/p><hr data-start=\"510\" data-end=\"513\" \/><h3 data-start=\"95\" data-end=\"123\">LECMO BLAU \u2013 Puderig<\/h3><p data-start=\"124\" data-end=\"206\"><strong data-start=\"124\" data-end=\"138\">Wichtigste Hinweise:<\/strong> Bitterorange, Jasmin, Tuberose, Vanille, Sandelholz, Tonkabohne<\/p><hr data-start=\"208\" data-end=\"211\" \/><h3 data-start=\"213\" data-end=\"238\">LECMO BLUE \u2013 Misk<\/h3><p data-start=\"239\" data-end=\"312\"><strong data-start=\"239\" data-end=\"253\">Wichtigste Hinweise:<\/strong> Magnolie, Veilchen, Moschus, s\u00fc\u00dfer Amber, Vanille, Sandelholz<\/p><hr data-start=\"510\" data-end=\"513\" \/><h3 data-start=\"319\" data-end=\"347\">LECMO BLAU \u2013 Leder<\/h3><p data-start=\"348\" data-end=\"400\"><strong data-start=\"348\" data-end=\"362\">Wichtigste Hinweise:<\/strong> Leder, Gew\u00fcrze, Amber, holzige Noten<\/p><p data-start=\"550\" data-end=\"617\">\u00a0<\/p>\t\t\t\t\t\t\t\t<\/div>\n\t\t\t\t<\/div>\n\t\t\t\t\t<\/div>\n\t\t\t\t<\/div>\n\t\t\t\t<\/div>","protected":false},"excerpt":{"rendered":"<p>Die<strong>\u00a0Blue Collection<\/strong> wird als echtes Symbol f\u00fcr Stil und Luxus eingef\u00fchrt, das mehr als nur Parf\u00fcm bietet, sondern ein ganz pers\u00f6nliches Erlebnis. Dieses besondere Set ist sorgf\u00e4ltig mit Eleganz gefertigt.<\/p>\n<p class=\"translation-block\">Es wird in einer <strong>wundersch\u00f6nen k\u00f6nigsblauen Ledertasche<\/strong> pr\u00e4sentiert, die eine <strong>luxuri\u00f6se Parf\u00fcmschachtel<\/strong> enth\u00e4lt, die perfekt verpackt und mit eleganten Kunstblumen dekoriert ist.<\/p>\n<p>Die Sammlung umfasst folgende Themen:<\/p>\n<ul>\n<li>2 Signature-Parf\u00fcms (50ml)<\/li>\n<li>3 Einstiegs-Parf\u00fcms (25ml)<\/li>\n<li>4 Dkhoun-St\u00fccke<\/li>\n<\/ul>","protected":false},"featured_media":2568,"comment_status":"open","ping_status":"closed","template":"","meta":[],"product_brand":[31],"product_cat":[18],"product_tag":[],"class_list":{"0":"post-891","1":"product","2":"type-product","3":"status-publish","4":"has-post-thumbnail","6":"product_brand-lecmo","7":"product_cat-perfume-gift-sets","9":"first","10":"instock","11":"shipping-taxable","12":"purchasable","13":"product-type-simple"},"_links":{"self":[{"href":"https:\/\/lecmo.com\/de\/wp-json\/wp\/v2\/product\/891","targetHints":{"allow":["GET"]}}],"collection":[{"href":"https:\/\/lecmo.com\/de\/wp-json\/wp\/v2\/product"}],"about":[{"href":"https:\/\/lecmo.com\/de\/wp-json\/wp\/v2\/types\/product"}],"replies":[{"embeddable":true,"href":"https:\/\/lecmo.com\/de\/wp-json\/wp\/v2\/comments?post=891"}],"version-history":[{"count":1,"href":"https:\/\/lecmo.com\/de\/wp-json\/wp\/v2\/product\/891\/revisions"}],"predecessor-version":[{"id":5368,"href":"https:\/\/lecmo.com\/de\/wp-json\/wp\/v2\/product\/891\/revisions\/5368"}],"wp:featuredmedia":[{"embeddable":true,"href":"https:\/\/lecmo.com\/de\/wp-json\/wp\/v2\/media\/2568"}],"wp:attachment":[{"href":"https:\/\/lecmo.com\/de\/wp-json\/wp\/v2\/media?parent=891"}],"wp:term":[{"taxonomy":"product_brand","embeddable":true,"href":"https:\/\/lecmo.com\/de\/wp-json\/wp\/v2\/product_brand?post=891"},{"taxonomy":"product_cat","embeddable":true,"href":"https:\/\/lecmo.com\/de\/wp-json\/wp\/v2\/product_cat?post=891"},{"taxonomy":"product_tag","embeddable":true,"href":"https:\/\/lecmo.com\/de\/wp-json\/wp\/v2\/product_tag?post=891"}],"curies":[{"name":"wp","href":"https:\/\/api.w.org\/{rel}","templated":true}]}}