{"id":879,"date":"2025-08-07T12:41:21","date_gmt":"2025-08-07T12:41:21","guid":{"rendered":"https:\/\/preview.lecmo.shop\/?post_type=product&#038;p=879"},"modified":"2025-10-14T09:04:58","modified_gmt":"2025-10-14T05:04:58","slug":"red-amber","status":"publish","type":"product","link":"https:\/\/lecmo.com\/de\/produkt\/red-amber\/","title":{"rendered":"Rot-Bernstein"},"content":{"rendered":"<div data-elementor-type=\"wp-post\" data-elementor-id=\"879\" class=\"elementor elementor-879\">\n\t\t\t\t<div class=\"wd-negative-gap elementor-element elementor-element-2b4af17 e-flex e-con-boxed e-con e-parent\" data-id=\"2b4af17\" data-element_type=\"container\" data-e-type=\"container\">\n\t\t\t\t\t<div class=\"e-con-inner\">\n\t\t\t\t<div class=\"elementor-element elementor-element-b973e47 color-scheme-inherit text-left elementor-widget elementor-widget-text-editor\" data-id=\"b973e47\" data-element_type=\"widget\" data-e-type=\"widget\" data-widget_type=\"text-editor.default\">\n\t\t\t\t\t\t\t\t\t<p><strong>Red Amber - Unisex Eau de Parfum 100ml<\/strong><\/p><p><strong>Olfaktorische Familie<\/strong>: Bernstein Orientalisch<\/p><p><strong data-start=\"457\" data-end=\"471\">Farbe der Box:<\/strong> Rot<\/p><p data-start=\"36\" data-end=\"256\">Red Amber ist ein luxuri\u00f6ser, hochklassiger Duft, der wunderbar verweilt und jeden Moment, den Sie ihn tragen, einf\u00e4ngt. Reiche Blumen, tiefes Leder und warme Harze schaffen ein au\u00dfergew\u00f6hnliches Gef\u00fchl, das den ganzen Tag anh\u00e4lt.<\/p>\t\t\t\t\t\t\t\t<\/div>\n\t\t\t\t\t<\/div>\n\t\t\t\t<\/div>\n\t\t<div class=\"wd-negative-gap elementor-element elementor-element-c57b47a wd-section-stretch e-flex e-con-boxed e-con e-parent\" data-id=\"c57b47a\" data-element_type=\"container\" data-e-type=\"container\" data-settings=\"{&quot;background_background&quot;:&quot;classic&quot;}\">\n\t\t\t\t\t<div class=\"e-con-inner\">\n\t\t\t\t<div class=\"elementor-element elementor-element-5ef4f86 elementor-widget elementor-widget-heading\" data-id=\"5ef4f86\" data-element_type=\"widget\" data-e-type=\"widget\" data-widget_type=\"heading.default\">\n\t\t\t\t\t<h2 class=\"elementor-heading-title elementor-size-default\">Rot-Bernstein<\/h2>\t\t\t\t<\/div>\n\t\t\t\t<div class=\"elementor-element elementor-element-f974c8c elementor-widget__width-initial elementor-widget-mobile__width-inherit color-scheme-inherit text-left elementor-widget elementor-widget-text-editor\" data-id=\"f974c8c\" data-element_type=\"widget\" data-e-type=\"widget\" data-widget_type=\"text-editor.default\">\n\t\t\t\t\t\t\t\t\tRed Amber ist ein luxuri\u00f6ser, hochklassiger Duft, der wunderbar verweilt und jeden Moment, den Sie ihn tragen, einf\u00e4ngt. Reiche Blumen, tiefes Leder und warme Harze schaffen ein au\u00dfergew\u00f6hnliches Gef\u00fchl, das den ganzen Tag anh\u00e4lt.\t\t\t\t\t\t\t\t<\/div>\n\t\t\t\t<div class=\"elementor-element elementor-element-e3b1228 elementor-widget elementor-widget-button\" data-id=\"e3b1228\" data-element_type=\"widget\" data-e-type=\"widget\" data-widget_type=\"button.default\">\n\t\t\t\t\t\t\t\t\t\t<a class=\"elementor-button elementor-size-sm\" role=\"button\">\n\t\t\t\t\t\t<span class=\"elementor-button-content-wrapper\">\n\t\t\t\t\t\t\t\t\t<span class=\"elementor-button-text\">JETZT KAUFEN<\/span>\n\t\t\t\t\t<\/span>\n\t\t\t\t\t<\/a>\n\t\t\t\t\t\t\t\t<\/div>\n\t\t\t\t\t<\/div>\n\t\t\t\t<\/div>\n\t\t<div class=\"wd-negative-gap elementor-element elementor-element-56a598f e-flex e-con-boxed e-con e-parent\" data-id=\"56a598f\" data-element_type=\"container\" data-e-type=\"container\">\n\t\t\t\t\t<div class=\"e-con-inner\">\n\t\t<div class=\"elementor-element elementor-element-d904508 e-con-full e-flex e-con e-child\" data-id=\"d904508\" data-element_type=\"container\" data-e-type=\"container\">\n\t\t\t\t<div class=\"elementor-element elementor-element-6677c9d elementor-widget elementor-widget-heading\" data-id=\"6677c9d\" data-element_type=\"widget\" data-e-type=\"widget\" data-widget_type=\"heading.default\">\n\t\t\t\t\t<h3 class=\"elementor-heading-title elementor-size-default\">Warum Rot-Bernstein?<\/h3>\t\t\t\t<\/div>\n\t\t\t\t<div class=\"elementor-element elementor-element-a5d1fc3 color-scheme-inherit text-left elementor-widget elementor-widget-text-editor\" data-id=\"a5d1fc3\" data-element_type=\"widget\" data-e-type=\"widget\" data-widget_type=\"text-editor.default\">\n\t\t\t\t\t\t\t\t\tRed Amber ist ein luxuri\u00f6ser, hochklassiger Duft, der wunderbar verweilt und jeden Moment, den Sie ihn tragen, einf\u00e4ngt. Reiche Blumen, tiefes Leder und warme Harze schaffen ein au\u00dfergew\u00f6hnliches Gef\u00fchl, das den ganzen Tag anh\u00e4lt.\t\t\t\t\t\t\t\t<\/div>\n\t\t\t\t<\/div>\n\t\t<div class=\"elementor-element elementor-element-dc8b103 e-con-full e-flex e-con e-child\" data-id=\"dc8b103\" data-element_type=\"container\" data-e-type=\"container\">\n\t\t\t\t<div class=\"elementor-element elementor-element-6d3e282 elementor-widget elementor-widget-image\" data-id=\"6d3e282\" data-element_type=\"widget\" data-e-type=\"widget\" data-widget_type=\"image.default\">\n\t\t\t\t\t\t\t\t\t\t\t\t\t\t\t<img decoding=\"async\" src=\"https:\/\/lecmo.com\/wp-content\/uploads\/2025\/07\/1-6.webp\" title=\"\" alt=\"lecmo perfumes - The Tale of the Lady and the Wolf\" loading=\"lazy\">\t\t\t\t\t\t\t\t\t\t\t\t\t\t\t<\/div>\n\t\t\t\t<\/div>\n\t\t\t\t\t<\/div>\n\t\t\t\t<\/div>\n\t\t<div class=\"wd-negative-gap elementor-element elementor-element-3e89a55 e-flex e-con-boxed e-con e-parent\" data-id=\"3e89a55\" data-element_type=\"container\" data-e-type=\"container\">\n\t\t\t\t\t<div class=\"e-con-inner\">\n\t\t<div class=\"elementor-element elementor-element-fee9ce7 e-con-full e-flex e-con e-child\" data-id=\"fee9ce7\" data-element_type=\"container\" data-e-type=\"container\">\n\t\t\t\t<div class=\"elementor-element elementor-element-68f3b75 elementor-widget elementor-widget-image\" data-id=\"68f3b75\" data-element_type=\"widget\" data-e-type=\"widget\" data-widget_type=\"image.default\">\n\t\t\t\t\t\t\t\t\t\t\t\t\t\t\t<img decoding=\"async\" src=\"https:\/\/lecmo.com\/wp-content\/uploads\/2025\/07\/1-6.webp\" title=\"\" alt=\"lecmo perfumes - The Tale of the Lady and the Wolf\" loading=\"lazy\">\t\t\t\t\t\t\t\t\t\t\t\t\t\t\t<\/div>\n\t\t\t\t<\/div>\n\t\t<div class=\"elementor-element elementor-element-636351e e-con-full e-flex e-con e-child\" data-id=\"636351e\" data-element_type=\"container\" data-e-type=\"container\">\n\t\t\t\t<div class=\"elementor-element elementor-element-1d3d8c2 elementor-widget elementor-widget-heading\" data-id=\"1d3d8c2\" data-element_type=\"widget\" data-e-type=\"widget\" data-widget_type=\"heading.default\">\n\t\t\t\t\t<h3 class=\"elementor-heading-title elementor-size-default\">Wichtige Hinweise<\/h3>\t\t\t\t<\/div>\n\t\t\t\t<div class=\"elementor-element elementor-element-742ea41 color-scheme-inherit text-left elementor-widget elementor-widget-text-editor\" data-id=\"742ea41\" data-element_type=\"widget\" data-e-type=\"widget\" data-widget_type=\"text-editor.default\">\n\t\t\t\t\t\t\t\t\t<ul><li><strong>Kopfnoten: <\/strong>Veilchen, Bergamotte, Ylang, Jasmin<\/li><li><strong data-start=\"376\" data-end=\"384\">Mitte:<\/strong> Orris Moschus, Heliotrop<\/li><li><strong data-start=\"410\" data-end=\"419\">Basis:<\/strong> Moschus, Tonka, Bernstein, Vanille, H\u00f6lzer<\/li><\/ul>\t\t\t\t\t\t\t\t<\/div>\n\t\t\t\t<\/div>\n\t\t\t\t\t<\/div>\n\t\t\t\t<\/div>\n\t\t\t\t<\/div>","protected":false},"excerpt":{"rendered":"<p data-start=\"36\" data-end=\"256\">Red Amber ist ein luxuri\u00f6ser, hochklassiger Duft, der wunderbar verweilt und jeden Moment, den Sie ihn tragen, einf\u00e4ngt. Reiche Blumen, tiefes Leder und warme Harze schaffen ein au\u00dfergew\u00f6hnliches Gef\u00fchl, das den ganzen Tag anh\u00e4lt.<\/p>","protected":false},"featured_media":0,"comment_status":"open","ping_status":"closed","template":"","meta":{"jetpack_publicize_message":"","jetpack_publicize_feature_enabled":true,"jetpack_social_post_already_shared":false,"jetpack_social_options":{"image_generator_settings":{"template":"highway","default_image_id":0,"font":"","enabled":false},"version":2}},"product_brand":[31],"product_cat":[16,123],"product_tag":[],"class_list":{"0":"post-879","1":"product","2":"type-product","3":"status-publish","5":"product_brand-lecmo","6":"product_cat-single-perfume","7":"product_cat-unisex-fragrances","9":"first","10":"instock","11":"shipping-taxable","12":"purchasable","13":"product-type-simple"},"jetpack_publicize_connections":[],"jetpack_sharing_enabled":true,"_links":{"self":[{"href":"https:\/\/lecmo.com\/de\/wp-json\/wp\/v2\/product\/879","targetHints":{"allow":["GET"]}}],"collection":[{"href":"https:\/\/lecmo.com\/de\/wp-json\/wp\/v2\/product"}],"about":[{"href":"https:\/\/lecmo.com\/de\/wp-json\/wp\/v2\/types\/product"}],"replies":[{"embeddable":true,"href":"https:\/\/lecmo.com\/de\/wp-json\/wp\/v2\/comments?post=879"}],"version-history":[{"count":0,"href":"https:\/\/lecmo.com\/de\/wp-json\/wp\/v2\/product\/879\/revisions"}],"wp:attachment":[{"href":"https:\/\/lecmo.com\/de\/wp-json\/wp\/v2\/media?parent=879"}],"wp:term":[{"taxonomy":"product_brand","embeddable":true,"href":"https:\/\/lecmo.com\/de\/wp-json\/wp\/v2\/product_brand?post=879"},{"taxonomy":"product_cat","embeddable":true,"href":"https:\/\/lecmo.com\/de\/wp-json\/wp\/v2\/product_cat?post=879"},{"taxonomy":"product_tag","embeddable":true,"href":"https:\/\/lecmo.com\/de\/wp-json\/wp\/v2\/product_tag?post=879"}],"curies":[{"name":"wp","href":"https:\/\/api.w.org\/{rel}","templated":true}]}}