{"id":87,"date":"2025-07-21T20:56:55","date_gmt":"2025-07-21T20:56:55","guid":{"rendered":"https:\/\/preview.lecmo.shop\/?post_type=product&#038;p=87"},"modified":"2026-02-11T12:20:54","modified_gmt":"2026-02-11T08:20:54","slug":"blacko","status":"publish","type":"product","link":"https:\/\/lecmo.com\/de\/produkt\/blacko\/","title":{"rendered":"Blacko Oud"},"content":{"rendered":"<div data-elementor-type=\"wp-post\" data-elementor-id=\"87\" class=\"elementor elementor-87\">\n\t\t\t\t<div class=\"wd-negative-gap elementor-element elementor-element-b7a674a e-flex e-con-boxed e-con e-parent\" data-id=\"b7a674a\" data-element_type=\"container\" data-e-type=\"container\">\n\t\t\t\t\t<div class=\"e-con-inner\">\n\t\t\t\t<div class=\"elementor-element elementor-element-3bc9258 color-scheme-inherit text-left elementor-widget elementor-widget-text-editor\" data-id=\"3bc9258\" data-element_type=\"widget\" data-e-type=\"widget\" data-widget_type=\"text-editor.default\">\n\t\t\t\t\t\t\t\t\t<p><strong>Blacko Oud - Unisex Eau de Parfum 100ml<\/strong><\/p><p class=\"translation-block\"><strong>Duftfamilie:<\/strong> Orientalisch<\/p><p>Blacko Oud definiert Oud mit einer modernen Note neu, indem es die Frische von Zitrusfr\u00fcchten, w\u00fcrzige W\u00e4rme und raffinierte florale Noten zu einer k\u00fchnen orientalischen Essenz verbindet.<br \/>\u2728 <strong>Jede Schachtel enth\u00e4lt ein Dkhoun-St\u00fcck f\u00fcr eine komplette Duftreise.<\/strong><\/p>\t\t\t\t\t\t\t\t<\/div>\n\t\t\t\t\t<\/div>\n\t\t\t\t<\/div>\n\t\t<div class=\"wd-negative-gap elementor-element elementor-element-54cf152 wd-section-stretch e-flex e-con-boxed e-con e-parent\" data-id=\"54cf152\" data-element_type=\"container\" data-e-type=\"container\" data-settings=\"{&quot;background_background&quot;:&quot;classic&quot;}\">\n\t\t\t\t\t<div class=\"e-con-inner\">\n\t\t\t\t<div class=\"elementor-element elementor-element-38774d9 elementor-widget elementor-widget-heading\" data-id=\"38774d9\" data-element_type=\"widget\" data-e-type=\"widget\" data-widget_type=\"heading.default\">\n\t\t\t\t\t<h2 class=\"elementor-heading-title elementor-size-default\">Blacko Oud<\/h2>\t\t\t\t<\/div>\n\t\t\t\t<div class=\"elementor-element elementor-element-6229bc1 elementor-widget__width-initial elementor-widget-mobile__width-inherit text-center color-scheme-inherit elementor-widget elementor-widget-text-editor\" data-id=\"6229bc1\" data-element_type=\"widget\" data-e-type=\"widget\" data-widget_type=\"text-editor.default\">\n\t\t\t\t\t\t\t\t\t<p>Dieser Duft,<strong>BLACKO OUD\u00a0<\/strong>, wird in der f\u00fcr Lecmo typischen Verpackung pr\u00e4sentiert, in der Eleganz auf raffinierte Details trifft.<br data-start=\"784\" data-end=\"787\" \/>Von der Umverpackung bis zum Flaschendesign spiegelt jedes Element die Identit\u00e4t des Unternehmens wider.\u00a0<strong>BLACKO OUD\u00a0<\/strong>, und bietet so vom ersten Moment an ein erstklassiges Erlebnis.<\/p><p>Perfekt zum Selbsttragen oder als edle Geschenkidee.<\/p>\t\t\t\t\t\t\t\t<\/div>\n\t\t\t\t<div class=\"elementor-element elementor-element-b125e5d elementor-widget elementor-widget-button\" data-id=\"b125e5d\" data-element_type=\"widget\" data-e-type=\"widget\" data-widget_type=\"button.default\">\n\t\t\t\t\t\t\t\t\t\t<a class=\"elementor-button elementor-button-link elementor-size-sm\" href=\"https:\/\/lecmo.com\/de\/checkout\/?add-to-cart=87&#038;quantity=1\">\n\t\t\t\t\t\t<span class=\"elementor-button-content-wrapper\">\n\t\t\t\t\t\t\t\t\t<span class=\"elementor-button-text\">JETZT KAUFEN<\/span>\n\t\t\t\t\t<\/span>\n\t\t\t\t\t<\/a>\n\t\t\t\t\t\t\t\t<\/div>\n\t\t\t\t\t<\/div>\n\t\t\t\t<\/div>\n\t\t<div class=\"wd-negative-gap elementor-element elementor-element-cd8a0bd e-flex e-con-boxed e-con e-parent\" data-id=\"cd8a0bd\" data-element_type=\"container\" data-e-type=\"container\">\n\t\t\t\t\t<div class=\"e-con-inner\">\n\t\t<div class=\"elementor-element elementor-element-8368f45 e-con-full e-flex e-con e-child\" data-id=\"8368f45\" data-element_type=\"container\" data-e-type=\"container\">\n\t\t\t\t<div class=\"elementor-element elementor-element-0e0f9e8 elementor-widget elementor-widget-heading\" data-id=\"0e0f9e8\" data-element_type=\"widget\" data-e-type=\"widget\" data-widget_type=\"heading.default\">\n\t\t\t\t\t<h3 class=\"elementor-heading-title elementor-size-default\">Warum Blacko Oud?<\/h3>\t\t\t\t<\/div>\n\t\t\t\t<div class=\"elementor-element elementor-element-e33488d color-scheme-inherit text-left elementor-widget elementor-widget-text-editor\" data-id=\"e33488d\" data-element_type=\"widget\" data-e-type=\"widget\" data-widget_type=\"text-editor.default\">\n\t\t\t\t\t\t\t\t\t<p data-start=\"934\" data-end=\"1139\">\u2022 Eine moderne Interpretation von Oud mit strukturierter Eleganz<br data-start=\"991\" data-end=\"994\" \/>\u2022 Ausgewogene Tiefe bei gleichzeitig kontrollierter Frische<br data-start=\"1036\" data-end=\"1039\" \/>\u2022 Konzipiert f\u00fcr unvergessliche Abende und eine \u00fcberzeugende Pr\u00e4senz<br data-start=\"1094\" data-end=\"1097\" \/>\u2022 Langanhaltende Wirkung mit angenehmer W\u00e4rme<\/p><p data-start=\"1141\" data-end=\"1200\">Blacko Oud ist nicht k\u00fchn, um L\u00e4rm zu machen \u2013 es ist k\u00fchn mit einem Ziel.<\/p>\t\t\t\t\t\t\t\t<\/div>\n\t\t\t\t<\/div>\n\t\t<div class=\"elementor-element elementor-element-68d6ed0 e-con-full e-flex e-con e-child\" data-id=\"68d6ed0\" data-element_type=\"container\" data-e-type=\"container\">\n\t\t\t\t<div class=\"elementor-element elementor-element-68661bc elementor-widget elementor-widget-image\" data-id=\"68661bc\" data-element_type=\"widget\" data-e-type=\"widget\" data-widget_type=\"image.default\">\n\t\t\t\t\t\t\t\t\t\t\t\t\t\t\t<img loading=\"lazy\" decoding=\"async\" width=\"1600\" height=\"568\" src=\"https:\/\/lecmo.com\/wp-content\/uploads\/4-1.png\" class=\"attachment-large size-large wp-image-3884\" alt=\"lecmo perfumes - The Tale of the Lady and the Wolf\" srcset=\"https:\/\/lecmo.com\/wp-content\/uploads\/4-1.png 1600w, https:\/\/lecmo.com\/wp-content\/uploads\/4-1-150x53.png 150w, https:\/\/lecmo.com\/wp-content\/uploads\/4-1-768x273.png 768w, https:\/\/lecmo.com\/wp-content\/uploads\/4-1-1536x545.png 1536w, https:\/\/lecmo.com\/wp-content\/uploads\/4-1-18x6.png 18w\" sizes=\"auto, (max-width: 1600px) 100vw, 1600px\">\t\t\t\t\t\t\t\t\t\t\t\t\t\t\t<\/div>\n\t\t\t\t<\/div>\n\t\t\t\t\t<\/div>\n\t\t\t\t<\/div>\n\t\t<div class=\"wd-negative-gap elementor-element elementor-element-62a5244 e-flex e-con-boxed e-con e-parent\" data-id=\"62a5244\" data-element_type=\"container\" data-e-type=\"container\">\n\t\t\t\t\t<div class=\"e-con-inner\">\n\t\t<div class=\"elementor-element elementor-element-60c2865 e-con-full e-flex e-con e-child\" data-id=\"60c2865\" data-element_type=\"container\" data-e-type=\"container\">\n\t\t\t\t<div class=\"elementor-element elementor-element-deef65b elementor-widget elementor-widget-image\" data-id=\"deef65b\" data-element_type=\"widget\" data-e-type=\"widget\" data-widget_type=\"image.default\">\n\t\t\t\t\t\t\t\t\t\t\t\t\t\t\t<img loading=\"lazy\" decoding=\"async\" width=\"1600\" height=\"568\" src=\"https:\/\/lecmo.com\/wp-content\/uploads\/3.png\" class=\"attachment-large size-large wp-image-3887\" alt=\"lecmo perfumes - The Tale of the Lady and the Wolf\" srcset=\"https:\/\/lecmo.com\/wp-content\/uploads\/3.png 1600w, https:\/\/lecmo.com\/wp-content\/uploads\/3-150x53.png 150w, https:\/\/lecmo.com\/wp-content\/uploads\/3-768x273.png 768w, https:\/\/lecmo.com\/wp-content\/uploads\/3-1536x545.png 1536w, https:\/\/lecmo.com\/wp-content\/uploads\/3-18x6.png 18w\" sizes=\"auto, (max-width: 1600px) 100vw, 1600px\">\t\t\t\t\t\t\t\t\t\t\t\t\t\t\t<\/div>\n\t\t\t\t<\/div>\n\t\t<div class=\"elementor-element elementor-element-d05ac2d e-con-full e-flex e-con e-child\" data-id=\"d05ac2d\" data-element_type=\"container\" data-e-type=\"container\">\n\t\t\t\t<div class=\"elementor-element elementor-element-09c1020 elementor-widget elementor-widget-heading\" data-id=\"09c1020\" data-element_type=\"widget\" data-e-type=\"widget\" data-widget_type=\"heading.default\">\n\t\t\t\t\t<h3 class=\"elementor-heading-title elementor-size-default\">Wichtige Hinweise<\/h3>\t\t\t\t<\/div>\n\t\t\t\t<div class=\"elementor-element elementor-element-48b1972 color-scheme-inherit text-left elementor-widget elementor-widget-text-editor\" data-id=\"48b1972\" data-element_type=\"widget\" data-e-type=\"widget\" data-widget_type=\"text-editor.default\">\n\t\t\t\t\t\t\t\t\t<ul><li><strong>Kopfnoten:<\/strong> Zitrusfr\u00fcchte, Zimt, Minze<\/li><li><strong>Herznoten:<\/strong> Rose, Jasmin, Lilie, Geranie<\/li><li><strong>Basisnoten:<\/strong> Oud, Amber, Vanille<\/li><\/ul>\t\t\t\t\t\t\t\t<\/div>\n\t\t\t\t<\/div>\n\t\t\t\t\t<\/div>\n\t\t\t\t<\/div>\n\t\t\t\t<\/div>","protected":false},"excerpt":{"rendered":"<p data-start=\"88\" data-end=\"274\">Blacko Oud - Modernes Oud, zeitlose Wirkung.<br data-start=\"442\" data-end=\"445\" \/>Ein raffinierter Oud-Duft mit anhaltender, kontrollierter Pr\u00e4senz.<\/p>","protected":false},"featured_media":1945,"comment_status":"open","ping_status":"closed","template":"","meta":[],"product_brand":[31],"product_cat":[125,16],"product_tag":[119,116,117,120,118],"class_list":{"0":"post-87","1":"product","2":"type-product","3":"status-publish","4":"has-post-thumbnail","6":"product_brand-lecmo","7":"product_cat-mens-fragrances","8":"product_cat-single-perfume","9":"product_tag-dokhun","10":"product_tag-lecmo-perfume","11":"product_tag-men-perfumes","12":"product_tag-perfume-gifts","13":"product_tag-women-perfumes","15":"first","16":"instock","17":"shipping-taxable","18":"purchasable","19":"product-type-simple"},"_links":{"self":[{"href":"https:\/\/lecmo.com\/de\/wp-json\/wp\/v2\/product\/87","targetHints":{"allow":["GET"]}}],"collection":[{"href":"https:\/\/lecmo.com\/de\/wp-json\/wp\/v2\/product"}],"about":[{"href":"https:\/\/lecmo.com\/de\/wp-json\/wp\/v2\/types\/product"}],"replies":[{"embeddable":true,"href":"https:\/\/lecmo.com\/de\/wp-json\/wp\/v2\/comments?post=87"}],"version-history":[{"count":0,"href":"https:\/\/lecmo.com\/de\/wp-json\/wp\/v2\/product\/87\/revisions"}],"wp:featuredmedia":[{"embeddable":true,"href":"https:\/\/lecmo.com\/de\/wp-json\/wp\/v2\/media\/1945"}],"wp:attachment":[{"href":"https:\/\/lecmo.com\/de\/wp-json\/wp\/v2\/media?parent=87"}],"wp:term":[{"taxonomy":"product_brand","embeddable":true,"href":"https:\/\/lecmo.com\/de\/wp-json\/wp\/v2\/product_brand?post=87"},{"taxonomy":"product_cat","embeddable":true,"href":"https:\/\/lecmo.com\/de\/wp-json\/wp\/v2\/product_cat?post=87"},{"taxonomy":"product_tag","embeddable":true,"href":"https:\/\/lecmo.com\/de\/wp-json\/wp\/v2\/product_tag?post=87"}],"curies":[{"name":"wp","href":"https:\/\/api.w.org\/{rel}","templated":true}]}}