{"id":867,"date":"2025-08-07T12:29:16","date_gmt":"2025-08-07T12:29:16","guid":{"rendered":"https:\/\/preview.lecmo.shop\/?post_type=product&#038;p=867"},"modified":"2026-02-11T14:30:48","modified_gmt":"2026-02-11T10:30:48","slug":"the-pink","status":"publish","type":"product","link":"https:\/\/lecmo.com\/de\/produkt\/the-pink\/","title":{"rendered":"Das rosa Parf\u00fcm"},"content":{"rendered":"<div data-elementor-type=\"wp-post\" data-elementor-id=\"867\" class=\"elementor elementor-867\">\n\t\t\t\t<div class=\"wd-negative-gap elementor-element elementor-element-c561b37 e-flex e-con-boxed e-con e-parent\" data-id=\"c561b37\" data-element_type=\"container\" data-e-type=\"container\">\n\t\t\t\t\t<div class=\"e-con-inner\">\n\t\t\t\t<div class=\"elementor-element elementor-element-5b79b07 color-scheme-inherit text-left elementor-widget elementor-widget-text-editor\" data-id=\"5b79b07\" data-element_type=\"widget\" data-e-type=\"widget\" data-widget_type=\"text-editor.default\">\n\t\t\t\t\t\t\t\t\t<p><strong>The Pink - Eau de Parfum<\/strong><\/p><p>Treten Sie ein in eine Welt der Eleganz mit <strong>Das Rosa<\/strong>. Ein Duft, der Romantik fl\u00fcstert und Charme ausstrahlt, indem er sanfte Blumen mit der W\u00e4rme von Moschus und Amber mischt.<br \/>Es ist nicht nur ein Parf\u00fcm - es ist ein Accessoire der Liebe, getragen in einem <strong>luxuri\u00f6se rosa Ledertasche<\/strong>.<\/p><p class=\"translation-block\">\u2728 Im Inneren entdecken Sie au\u00dferdem einen <strong>25-ml-Schatz<\/strong> und ein <strong>Dkhoun-St\u00fcck, wodurch die perfekte Harmonie von **modernem Luxus und orientalischer Tradition** entsteht.<\/strong><\/p>\t\t\t\t\t\t\t\t<\/div>\n\t\t\t\t\t<\/div>\n\t\t\t\t<\/div>\n\t\t<div class=\"wd-negative-gap elementor-element elementor-element-eaa3c37 wd-section-stretch e-flex e-con-boxed e-con e-parent\" data-id=\"eaa3c37\" data-element_type=\"container\" data-e-type=\"container\" data-settings=\"{&quot;background_background&quot;:&quot;classic&quot;}\">\n\t\t\t\t\t<div class=\"e-con-inner\">\n\t\t\t\t<div class=\"elementor-element elementor-element-bed704b elementor-widget elementor-widget-heading\" data-id=\"bed704b\" data-element_type=\"widget\" data-e-type=\"widget\" data-widget_type=\"heading.default\">\n\t\t\t\t\t<h2 class=\"elementor-heading-title elementor-size-default\">Das Rosa<\/h2>\t\t\t\t<\/div>\n\t\t\t\t<div class=\"elementor-element elementor-element-2ff0d6f elementor-widget__width-initial elementor-widget-mobile__width-inherit color-scheme-inherit text-left elementor-widget elementor-widget-text-editor\" data-id=\"2ff0d6f\" data-element_type=\"widget\" data-e-type=\"widget\" data-widget_type=\"text-editor.default\">\n\t\t\t\t\t\t\t\t\t<p data-start=\"967\" data-end=\"1265\">Dieses Set wird in Lecmos charakteristischer rosafarbener Ledertasche pr\u00e4sentiert, in der Eleganz auf raffinierte Details trifft. Vom edlen Leder au\u00dfen bis hin zu den beiden exklusiven Parfums und dem edlen R\u00e4ucherst\u00e4bchen im Inneren spiegelt jedes Element die Markenidentit\u00e4t wider und bietet ein Premium-Erlebnis vom ersten Moment an.<\/p><p style=\"text-align: center;\" data-start=\"1267\" data-end=\"1320\">Perfekt f\u00fcr den pers\u00f6nlichen Gebrauch oder als edle Geschenkidee.<\/p>\t\t\t\t\t\t\t\t<\/div>\n\t\t\t\t<div class=\"elementor-element elementor-element-3d72d35 elementor-widget elementor-widget-button\" data-id=\"3d72d35\" data-element_type=\"widget\" data-e-type=\"widget\" data-widget_type=\"button.default\">\n\t\t\t\t\t\t\t\t\t\t<a class=\"elementor-button elementor-button-link elementor-size-sm\" href=\"https:\/\/lecmo.com\/de\/checkout\/?add-to-cart=867&#038;quantity=1\">\n\t\t\t\t\t\t<span class=\"elementor-button-content-wrapper\">\n\t\t\t\t\t\t\t\t\t<span class=\"elementor-button-text\">JETZT KAUFEN<\/span>\n\t\t\t\t\t<\/span>\n\t\t\t\t\t<\/a>\n\t\t\t\t\t\t\t\t<\/div>\n\t\t\t\t\t<\/div>\n\t\t\t\t<\/div>\n\t\t<div class=\"wd-negative-gap elementor-element elementor-element-8da7df1 e-flex e-con-boxed e-con e-parent\" data-id=\"8da7df1\" data-element_type=\"container\" data-e-type=\"container\">\n\t\t\t\t\t<div class=\"e-con-inner\">\n\t\t<div class=\"elementor-element elementor-element-441103e e-con-full e-flex e-con e-child\" data-id=\"441103e\" data-element_type=\"container\" data-e-type=\"container\">\n\t\t\t\t<div class=\"elementor-element elementor-element-86511e9 elementor-widget elementor-widget-heading\" data-id=\"86511e9\" data-element_type=\"widget\" data-e-type=\"widget\" data-widget_type=\"heading.default\">\n\t\t\t\t\t<h3 class=\"elementor-heading-title elementor-size-default\">Warum die Farbe Rosa?<\/h3>\t\t\t\t<\/div>\n\t\t\t\t<div class=\"elementor-element elementor-element-cc23bc1 color-scheme-inherit text-left elementor-widget elementor-widget-text-editor\" data-id=\"cc23bc1\" data-element_type=\"widget\" data-e-type=\"widget\" data-widget_type=\"text-editor.default\">\n\t\t\t\t\t\t\t\t\t<p>\u2022 Luxuri\u00f6se Pr\u00e4sentationstasche aus rosafarbenem Leder<br data-start=\"833\" data-end=\"836\" \/>\u2022 Zwei Flakons mit jeweils eigenem Duft f\u00fcr den pers\u00f6nlichen Gebrauch und f\u00fcr Reisen<br data-start=\"898\" data-end=\"901\" \/>\u2022 Erg\u00e4nzt durch ein edles R\u00e4ucherst\u00fcck<br data-start=\"944\" data-end=\"947\" \/>\u2022 Kreiert f\u00fcr moderne Weiblichkeit und raffinierten Geschmack<br data-start=\"996\" data-end=\"999\" \/>\u2022 Ideal f\u00fcr den pers\u00f6nlichen Genuss oder als unvergessliches Geschenk<br data-start=\"1055\" data-end=\"1058\" \/>\u2022 Ein komplettes Duftritual in einem eleganten Set<\/p>\t\t\t\t\t\t\t\t<\/div>\n\t\t\t\t<\/div>\n\t\t<div class=\"elementor-element elementor-element-0459749 e-con-full e-grid e-con e-child\" data-id=\"0459749\" data-element_type=\"container\" data-e-type=\"container\">\n\t\t\t\t<div class=\"elementor-element elementor-element-ffc3de6 elementor-widget elementor-widget-image\" data-id=\"ffc3de6\" data-element_type=\"widget\" data-e-type=\"widget\" data-widget_type=\"image.default\">\n\t\t\t\t\t\t\t\t\t\t\t\t\t\t\t<img loading=\"lazy\" decoding=\"async\" width=\"1493\" height=\"2000\" src=\"https:\/\/lecmo.com\/wp-content\/uploads\/\u0639\u0631\u0648\u0636_\u0639\u0637\u0631_\u0635\u063a\u064a\u0631_2-1493x2000.webp\" class=\"attachment-medium size-medium wp-image-4210\" alt=\"lecmo perfumes - The Tale of the Lady and the Wolf\" srcset=\"\" sizes=\"auto, (max-width: 1493px) 100vw, 1493px\" data-srcset=\"\">\t\t\t\t\t\t\t\t\t\t\t\t\t\t\t<\/div>\n\t\t\t\t<div class=\"elementor-element elementor-element-1c66c99 elementor-widget elementor-widget-image\" data-id=\"1c66c99\" data-element_type=\"widget\" data-e-type=\"widget\" data-widget_type=\"image.default\">\n\t\t\t\t\t\t\t\t\t\t\t\t\t\t\t<img loading=\"lazy\" decoding=\"async\" width=\"1025\" height=\"1024\" src=\"https:\/\/lecmo.com\/wp-content\/uploads\/Screen-Shot-2026-01-13-at-4.04.21-PM.png\" class=\"attachment-medium size-medium wp-image-4208\" alt=\"lecmo perfumes - The Tale of the Lady and the Wolf\" srcset=\"https:\/\/lecmo.com\/wp-content\/uploads\/Screen-Shot-2026-01-13-at-4.04.21-PM.png 1025w, https:\/\/lecmo.com\/wp-content\/uploads\/Screen-Shot-2026-01-13-at-4.04.21-PM-800x800.png 800w, https:\/\/lecmo.com\/wp-content\/uploads\/Screen-Shot-2026-01-13-at-4.04.21-PM-768x767.png 768w, https:\/\/lecmo.com\/wp-content\/uploads\/Screen-Shot-2026-01-13-at-4.04.21-PM-12x12.png 12w, https:\/\/lecmo.com\/wp-content\/uploads\/Screen-Shot-2026-01-13-at-4.04.21-PM-150x150.png 150w\" sizes=\"auto, (max-width: 1025px) 100vw, 1025px\">\t\t\t\t\t\t\t\t\t\t\t\t\t\t\t<\/div>\n\t\t\t\t<div class=\"elementor-element elementor-element-770a54d elementor-widget elementor-widget-image\" data-id=\"770a54d\" data-element_type=\"widget\" data-e-type=\"widget\" data-widget_type=\"image.default\">\n\t\t\t\t\t\t\t\t\t\t\t\t\t\t\t<img loading=\"lazy\" decoding=\"async\" width=\"986\" height=\"991\" src=\"https:\/\/lecmo.com\/wp-content\/uploads\/Screen-Shot-2026-01-14-at-10.44.15-AM.webp\" class=\"attachment-medium size-medium wp-image-4212\" alt=\"lecmo perfumes - The Tale of the Lady and the Wolf\" srcset=\"https:\/\/lecmo.com\/wp-content\/uploads\/Screen-Shot-2026-01-14-at-10.44.15-AM.webp 986w, https:\/\/lecmo.com\/wp-content\/uploads\/Screen-Shot-2026-01-14-at-10.44.15-AM-796x800.webp 796w, https:\/\/lecmo.com\/wp-content\/uploads\/Screen-Shot-2026-01-14-at-10.44.15-AM-768x772.webp 768w, https:\/\/lecmo.com\/wp-content\/uploads\/Screen-Shot-2026-01-14-at-10.44.15-AM-12x12.webp 12w, https:\/\/lecmo.com\/wp-content\/uploads\/Screen-Shot-2026-01-14-at-10.44.15-AM-150x151.webp 150w\" sizes=\"auto, (max-width: 986px) 100vw, 986px\">\t\t\t\t\t\t\t\t\t\t\t\t\t\t\t<\/div>\n\t\t\t\t<\/div>\n\t\t\t\t\t<\/div>\n\t\t\t\t<\/div>\n\t\t<div class=\"wd-negative-gap elementor-element elementor-element-4c971ff e-flex e-con-boxed e-con e-parent\" data-id=\"4c971ff\" data-element_type=\"container\" data-e-type=\"container\">\n\t\t\t\t\t<div class=\"e-con-inner\">\n\t\t<div class=\"elementor-element elementor-element-7e9bc8f e-con-full e-flex e-con e-child\" data-id=\"7e9bc8f\" data-element_type=\"container\" data-e-type=\"container\">\n\t\t\t\t<div class=\"elementor-element elementor-element-47ffbee elementor-widget elementor-widget-image\" data-id=\"47ffbee\" data-element_type=\"widget\" data-e-type=\"widget\" data-widget_type=\"image.default\">\n\t\t\t\t\t\t\t\t\t\t\t\t\t\t\t<img loading=\"lazy\" decoding=\"async\" width=\"2000\" height=\"1116\" src=\"https:\/\/lecmo.com\/wp-content\/uploads\/\u0627\u0644\u0633\u064a\u062f\u0629-\u062a\u0645\u0633\u0643-\u0628\u0627\u0644\u0634\u0646\u0637\u0629-\u0641\u064a-\u0643\u0627\u0641\u064a\u0647-\u0628\u0627\u0631\u064a\u0633-\u0639\u0627\u0644\u064a\u0629-\u0627\u0644\u062c\u0648\u062f\u0629-2000x1116.webp\" class=\"attachment-medium size-medium wp-image-4224\" alt=\"lecmo perfumes - The Tale of the Lady and the Wolf\" srcset=\"\" sizes=\"auto, (max-width: 2000px) 100vw, 2000px\" data-srcset=\"\">\t\t\t\t\t\t\t\t\t\t\t\t\t\t\t<\/div>\n\t\t\t\t<\/div>\n\t\t<div class=\"elementor-element elementor-element-69a37aa e-con-full e-flex e-con e-child\" data-id=\"69a37aa\" data-element_type=\"container\" data-e-type=\"container\">\n\t\t\t\t<div class=\"elementor-element elementor-element-81f5c35 elementor-widget elementor-widget-heading\" data-id=\"81f5c35\" data-element_type=\"widget\" data-e-type=\"widget\" data-widget_type=\"heading.default\">\n\t\t\t\t\t<h3 class=\"elementor-heading-title elementor-size-default\">Wichtige Hinweise<\/h3>\t\t\t\t<\/div>\n\t\t\t\t<div class=\"elementor-element elementor-element-80d648d color-scheme-inherit text-left elementor-widget elementor-widget-text-editor\" data-id=\"80d648d\" data-element_type=\"widget\" data-e-type=\"widget\" data-widget_type=\"text-editor.default\">\n\t\t\t\t\t\t\t\t\t<ul><li><strong>Farbe der Tasche:<\/strong> Rosa Leder<\/li><li><strong>Gr\u00f6\u00dfen:<\/strong> 100ml + 25ml im Inneren des Beutels<\/li><li><strong>Kopfnoten:<\/strong> Bergamotte, Jasmin, Veilchen, Ylang<\/li><li><strong>Herznoten:<\/strong> Heliotrop, Iris-Moschus<\/li><li><strong>Basisnoten:<\/strong> Amber, Moschus, Tonka, Vanille, H\u00f6lzer<\/li><\/ul>\t\t\t\t\t\t\t\t<\/div>\n\t\t\t\t<\/div>\n\t\t\t\t\t<\/div>\n\t\t\t\t<\/div>\n\t\t\t\t<\/div>","protected":false},"excerpt":{"rendered":"<p data-start=\"94\" data-end=\"343\">The Pink ist in ein zartes rosafarbenes Design geh\u00fcllt und enth\u00fcllt vom ersten Ton an ein strahlendes Bouquet.<br data-start=\"194\" data-end=\"197\" \/>Dieser Duft ist eine Ode an die Liebe und die Eleganz. Er ist zart und doch unvergesslich - wie geschaffen f\u00fcr alle, die Sch\u00f6nheit und Leidenschaft in sich tragen, wohin sie auch gehen.<\/p>","protected":false},"featured_media":3025,"comment_status":"open","ping_status":"closed","template":"","meta":[],"product_brand":[31],"product_cat":[19],"product_tag":[],"class_list":{"0":"post-867","1":"product","2":"type-product","3":"status-publish","4":"has-post-thumbnail","6":"product_brand-lecmo","7":"product_cat-lady-bag-perfume-set","9":"first","10":"instock","11":"shipping-taxable","12":"purchasable","13":"product-type-simple"},"_links":{"self":[{"href":"https:\/\/lecmo.com\/de\/wp-json\/wp\/v2\/product\/867","targetHints":{"allow":["GET"]}}],"collection":[{"href":"https:\/\/lecmo.com\/de\/wp-json\/wp\/v2\/product"}],"about":[{"href":"https:\/\/lecmo.com\/de\/wp-json\/wp\/v2\/types\/product"}],"replies":[{"embeddable":true,"href":"https:\/\/lecmo.com\/de\/wp-json\/wp\/v2\/comments?post=867"}],"version-history":[{"count":0,"href":"https:\/\/lecmo.com\/de\/wp-json\/wp\/v2\/product\/867\/revisions"}],"wp:featuredmedia":[{"embeddable":true,"href":"https:\/\/lecmo.com\/de\/wp-json\/wp\/v2\/media\/3025"}],"wp:attachment":[{"href":"https:\/\/lecmo.com\/de\/wp-json\/wp\/v2\/media?parent=867"}],"wp:term":[{"taxonomy":"product_brand","embeddable":true,"href":"https:\/\/lecmo.com\/de\/wp-json\/wp\/v2\/product_brand?post=867"},{"taxonomy":"product_cat","embeddable":true,"href":"https:\/\/lecmo.com\/de\/wp-json\/wp\/v2\/product_cat?post=867"},{"taxonomy":"product_tag","embeddable":true,"href":"https:\/\/lecmo.com\/de\/wp-json\/wp\/v2\/product_tag?post=867"}],"curies":[{"name":"wp","href":"https:\/\/api.w.org\/{rel}","templated":true}]}}