{"id":856,"date":"2025-08-07T12:19:38","date_gmt":"2025-08-07T12:19:38","guid":{"rendered":"https:\/\/preview.lecmo.shop\/?post_type=product&#038;p=856"},"modified":"2026-02-07T20:58:25","modified_gmt":"2026-02-07T16:58:25","slug":"purpleon-oriental-perfume","status":"publish","type":"product","link":"https:\/\/lecmo.com\/de\/produkt\/purpleon-oriental-perfume\/","title":{"rendered":"Purpleon"},"content":{"rendered":"<div data-elementor-type=\"wp-post\" data-elementor-id=\"856\" class=\"elementor elementor-856\">\n\t\t\t\t<div class=\"wd-negative-gap elementor-element elementor-element-633c062 e-flex e-con-boxed e-con e-parent\" data-id=\"633c062\" data-element_type=\"container\" data-e-type=\"container\">\n\t\t\t\t\t<div class=\"e-con-inner\">\n\t\t\t\t<div class=\"elementor-element elementor-element-9f6a6fb color-scheme-inherit text-left elementor-widget elementor-widget-text-editor\" data-id=\"9f6a6fb\" data-element_type=\"widget\" data-e-type=\"widget\" data-widget_type=\"text-editor.default\">\n\t\t\t\t\t\t\t\t\t<p><strong>\u00a0PURPLEON \u2013 Eau de Parfum (Unisex, 100 ml)<\/strong><\/p><p><strong>Riechende Familie:<\/strong> Bernsteinfarben Lederartig<\/p><p>Purpleon EDP ist eine einzigartige, fesselnde Kreation, die mit k\u00fcnstlerischer Pr\u00e4zision hergestellt wurde und in der jede Zutat ihre eigene Geschichte erz\u00e4hlt. Es beginnt mit der lebendigen S\u00fc\u00dfe von Himbeere, Mandarine und Wacholderbeeren und m\u00fcndet in ein blumiges Herz aus Jasmin, Veilchen und gr\u00fcnen Noten. Die Reise endet mit einer luxuri\u00f6sen Basis aus Iris, Tonka, Vanille, Amber und Sandelholz - und hinterl\u00e4sst eine unvergessliche Spur von Eleganz und Verf\u00fchrung.<\/p><p>\u2728\u00a0<strong>Jede Schachtel enth\u00e4lt ein Dkhoun-St\u00fcck f\u00fcr eine komplette Duftreise<\/strong><\/p>\t\t\t\t\t\t\t\t<\/div>\n\t\t\t\t\t<\/div>\n\t\t\t\t<\/div>\n\t\t<div class=\"wd-negative-gap elementor-element elementor-element-cb5cab5 wd-section-stretch e-flex e-con-boxed e-con e-parent\" data-id=\"cb5cab5\" data-element_type=\"container\" data-e-type=\"container\" data-settings=\"{&quot;background_background&quot;:&quot;classic&quot;}\">\n\t\t\t\t\t<div class=\"e-con-inner\">\n\t\t\t\t<div class=\"elementor-element elementor-element-5f55856 elementor-widget elementor-widget-heading\" data-id=\"5f55856\" data-element_type=\"widget\" data-e-type=\"widget\" data-widget_type=\"heading.default\">\n\t\t\t\t\t<h2 class=\"elementor-heading-title elementor-size-default\">LECMO PURPLEON<\/h2>\t\t\t\t<\/div>\n\t\t\t\t<div class=\"elementor-element elementor-element-ad72107 elementor-widget__width-initial elementor-widget-mobile__width-inherit text-center color-scheme-inherit elementor-widget elementor-widget-text-editor\" data-id=\"ad72107\" data-element_type=\"widget\" data-e-type=\"widget\" data-widget_type=\"text-editor.default\">\n\t\t\t\t\t\t\t\t\t<p data-start=\"664\" data-end=\"950\">Dieser Duft, <strong>LILA\u00a0<\/strong>, wird in der f\u00fcr Lecmo typischen Verpackung pr\u00e4sentiert, in der Eleganz auf raffinierte Details trifft.<br data-start=\"784\" data-end=\"787\" \/>Von der Umverpackung bis zum Flaschendesign spiegelt jedes Element die Identit\u00e4t des Unternehmens wider. <strong>LILA\u00a0<\/strong>, und bietet so vom ersten Moment an ein erstklassiges Erlebnis.<\/p><p data-start=\"952\" data-end=\"1006\">Perfekt zum Selbsttragen oder als edle Geschenkidee.<\/p>\t\t\t\t\t\t\t\t<\/div>\n\t\t\t\t<div class=\"elementor-element elementor-element-d396984 elementor-widget elementor-widget-button\" data-id=\"d396984\" data-element_type=\"widget\" data-e-type=\"widget\" data-widget_type=\"button.default\">\n\t\t\t\t\t\t\t\t\t\t<a class=\"elementor-button elementor-button-link elementor-size-sm\" href=\"https:\/\/lecmo.com\/de\/checkout\/?add-to-cart=856&#038;quantity=1\">\n\t\t\t\t\t\t<span class=\"elementor-button-content-wrapper\">\n\t\t\t\t\t\t\t\t\t<span class=\"elementor-button-text\">JETZT KAUFEN<\/span>\n\t\t\t\t\t<\/span>\n\t\t\t\t\t<\/a>\n\t\t\t\t\t\t\t\t<\/div>\n\t\t\t\t\t<\/div>\n\t\t\t\t<\/div>\n\t\t<div class=\"wd-negative-gap elementor-element elementor-element-4211e31 e-flex e-con-boxed e-con e-parent\" data-id=\"4211e31\" data-element_type=\"container\" data-e-type=\"container\">\n\t\t\t\t\t<div class=\"e-con-inner\">\n\t\t<div class=\"elementor-element elementor-element-5315107 e-con-full e-flex e-con e-child\" data-id=\"5315107\" data-element_type=\"container\" data-e-type=\"container\">\n\t\t\t\t<div class=\"elementor-element elementor-element-5fd6549 elementor-widget elementor-widget-heading\" data-id=\"5fd6549\" data-element_type=\"widget\" data-e-type=\"widget\" data-widget_type=\"heading.default\">\n\t\t\t\t\t<h3 class=\"elementor-heading-title elementor-size-default\">Warum LECMO PURPLEON?<\/h3>\t\t\t\t<\/div>\n\t\t\t\t<div class=\"elementor-element elementor-element-c05e9b9 color-scheme-inherit text-left elementor-widget elementor-widget-text-editor\" data-id=\"c05e9b9\" data-element_type=\"widget\" data-e-type=\"widget\" data-widget_type=\"text-editor.default\">\n\t\t\t\t\t\t\t\t\t<ul>\n<li data-start=\"1406\" data-end=\"1461\">\n<p data-start=\"1408\" data-end=\"1461\">&nbsp;Ein raffinierter orientalischer Charakter mit moderner Eleganz<\/p>\n<\/li>\n<li data-start=\"1462\" data-end=\"1515\">\n<p data-start=\"1464\" data-end=\"1515\">&nbsp;Gleichm\u00e4\u00dfige Entwicklung vom ersten Spr\u00fchsto\u00df bis zum Trocknen<\/p>\n<\/li>\n<li data-start=\"1516\" data-end=\"1554\">\n<p data-start=\"1518\" data-end=\"1554\">&nbsp;Ausgewogene Tiefe ohne Schwere<\/p>\n<\/li>\n<li data-start=\"1555\" data-end=\"1604\">\n<p data-start=\"1557\" data-end=\"1604\">&nbsp;Entworfen f\u00fcr selbstbewusstes Auftreten am Tag und Abend<\/p>\n<\/li>\n<li data-start=\"1605\" data-end=\"1659\">\n<p data-start=\"1607\" data-end=\"1659\">&nbsp;Langanhaltende Pr\u00e4senz mit einer raffinierten Spur<\/p>\n<\/li>\n<\/ul>\t\t\t\t\t\t\t\t<\/div>\n\t\t\t\t<\/div>\n\t\t<div class=\"elementor-element elementor-element-750d19d e-con-full e-flex e-con e-child\" data-id=\"750d19d\" data-element_type=\"container\" data-e-type=\"container\">\n\t\t\t\t<div class=\"elementor-element elementor-element-5179c5c elementor-widget elementor-widget-image\" data-id=\"5179c5c\" data-element_type=\"widget\" data-e-type=\"widget\" data-widget_type=\"image.default\">\n\t\t\t\t\t\t\t\t\t\t\t\t\t\t\t<img loading=\"lazy\" decoding=\"async\" width=\"1600\" height=\"568\" src=\"https:\/\/lecmo.com\/wp-content\/uploads\/WhatsApp-Image-2025-11-30-at-18.24.19.jpeg\" class=\"attachment-large size-large wp-image-3725\" alt=\"lecmo perfumes - The Tale of the Lady and the Wolf\" srcset=\"https:\/\/lecmo.com\/wp-content\/uploads\/WhatsApp-Image-2025-11-30-at-18.24.19.jpeg 1600w, https:\/\/lecmo.com\/wp-content\/uploads\/WhatsApp-Image-2025-11-30-at-18.24.19-150x53.jpeg 150w, https:\/\/lecmo.com\/wp-content\/uploads\/WhatsApp-Image-2025-11-30-at-18.24.19-768x273.jpeg 768w, https:\/\/lecmo.com\/wp-content\/uploads\/WhatsApp-Image-2025-11-30-at-18.24.19-1536x545.jpeg 1536w, https:\/\/lecmo.com\/wp-content\/uploads\/WhatsApp-Image-2025-11-30-at-18.24.19-18x6.jpeg 18w\" sizes=\"auto, (max-width: 1600px) 100vw, 1600px\">\t\t\t\t\t\t\t\t\t\t\t\t\t\t\t<\/div>\n\t\t\t\t<\/div>\n\t\t\t\t\t<\/div>\n\t\t\t\t<\/div>\n\t\t<div class=\"wd-negative-gap elementor-element elementor-element-9f961f9 e-flex e-con-boxed e-con e-parent\" data-id=\"9f961f9\" data-element_type=\"container\" data-e-type=\"container\">\n\t\t\t\t\t<div class=\"e-con-inner\">\n\t\t<div class=\"elementor-element elementor-element-8f1f3e2 e-con-full e-flex e-con e-child\" data-id=\"8f1f3e2\" data-element_type=\"container\" data-e-type=\"container\">\n\t\t\t\t<div class=\"elementor-element elementor-element-8cde58f elementor-widget elementor-widget-image\" data-id=\"8cde58f\" data-element_type=\"widget\" data-e-type=\"widget\" data-widget_type=\"image.default\">\n\t\t\t\t\t\t\t\t\t\t\t\t\t\t\t<img loading=\"lazy\" decoding=\"async\" width=\"1600\" height=\"568\" src=\"https:\/\/lecmo.com\/wp-content\/uploads\/11.png\" class=\"attachment-large size-large wp-image-3868\" alt=\"lecmo perfumes - The Tale of the Lady and the Wolf\" srcset=\"https:\/\/lecmo.com\/wp-content\/uploads\/11.png 1600w, https:\/\/lecmo.com\/wp-content\/uploads\/11-150x53.png 150w, https:\/\/lecmo.com\/wp-content\/uploads\/11-768x273.png 768w, https:\/\/lecmo.com\/wp-content\/uploads\/11-1536x545.png 1536w, https:\/\/lecmo.com\/wp-content\/uploads\/11-18x6.png 18w\" sizes=\"auto, (max-width: 1600px) 100vw, 1600px\">\t\t\t\t\t\t\t\t\t\t\t\t\t\t\t<\/div>\n\t\t\t\t<\/div>\n\t\t<div class=\"elementor-element elementor-element-8db5186 e-con-full e-flex e-con e-child\" data-id=\"8db5186\" data-element_type=\"container\" data-e-type=\"container\">\n\t\t\t\t<div class=\"elementor-element elementor-element-e37282b elementor-widget elementor-widget-heading\" data-id=\"e37282b\" data-element_type=\"widget\" data-e-type=\"widget\" data-widget_type=\"heading.default\">\n\t\t\t\t\t<h3 class=\"elementor-heading-title elementor-size-default\">Wichtige Hinweise<\/h3>\t\t\t\t<\/div>\n\t\t\t\t<div class=\"elementor-element elementor-element-0d8fe0c color-scheme-inherit text-left elementor-widget elementor-widget-text-editor\" data-id=\"0d8fe0c\" data-element_type=\"widget\" data-e-type=\"widget\" data-widget_type=\"text-editor.default\">\n\t\t\t\t\t\t\t\t\t<ul><li><strong>Kopfnoten:<\/strong> Himbeere, Mandarine, Wacholderbeeren<\/li><li><strong>Mittlere Noten:<\/strong> Jasmin, Veilchenbl\u00fcte, gr\u00fcne Noten<\/li><li><strong>Basisnoten:<\/strong> Iris, Tonka, Vanille, Amber, Sandelholz<\/li><\/ul>\t\t\t\t\t\t\t\t<\/div>\n\t\t\t\t<\/div>\n\t\t\t\t\t<\/div>\n\t\t\t\t<\/div>\n\t\t\t\t<\/div>","protected":false},"excerpt":{"rendered":"<p>Purpleon EDP - Eine Geschichte in jeder Note.<br \/>\n<strong data-start=\"358\" data-end=\"414\">Raffinierte Tiefe. Samtige Pr\u00e4senz. Zeitlose Souver\u00e4nit\u00e4t.<\/strong><br data-start=\"414\" data-end=\"417\" \/><em data-start=\"417\" data-end=\"467\">Ein Duft, der durch Eleganz und nicht durch Lautst\u00e4rke spricht.<\/em><\/p>","protected":false},"featured_media":1937,"comment_status":"open","ping_status":"closed","template":"","meta":[],"product_brand":[31],"product_cat":[16,123],"product_tag":[119,116,117,120,118],"class_list":{"0":"post-856","1":"product","2":"type-product","3":"status-publish","4":"has-post-thumbnail","6":"product_brand-lecmo","7":"product_cat-single-perfume","8":"product_cat-unisex-fragrances","9":"product_tag-dokhun","10":"product_tag-lecmo-perfume","11":"product_tag-men-perfumes","12":"product_tag-perfume-gifts","13":"product_tag-women-perfumes","15":"first","16":"instock","17":"shipping-taxable","18":"purchasable","19":"product-type-simple"},"_links":{"self":[{"href":"https:\/\/lecmo.com\/de\/wp-json\/wp\/v2\/product\/856","targetHints":{"allow":["GET"]}}],"collection":[{"href":"https:\/\/lecmo.com\/de\/wp-json\/wp\/v2\/product"}],"about":[{"href":"https:\/\/lecmo.com\/de\/wp-json\/wp\/v2\/types\/product"}],"replies":[{"embeddable":true,"href":"https:\/\/lecmo.com\/de\/wp-json\/wp\/v2\/comments?post=856"}],"version-history":[{"count":0,"href":"https:\/\/lecmo.com\/de\/wp-json\/wp\/v2\/product\/856\/revisions"}],"wp:featuredmedia":[{"embeddable":true,"href":"https:\/\/lecmo.com\/de\/wp-json\/wp\/v2\/media\/1937"}],"wp:attachment":[{"href":"https:\/\/lecmo.com\/de\/wp-json\/wp\/v2\/media?parent=856"}],"wp:term":[{"taxonomy":"product_brand","embeddable":true,"href":"https:\/\/lecmo.com\/de\/wp-json\/wp\/v2\/product_brand?post=856"},{"taxonomy":"product_cat","embeddable":true,"href":"https:\/\/lecmo.com\/de\/wp-json\/wp\/v2\/product_cat?post=856"},{"taxonomy":"product_tag","embeddable":true,"href":"https:\/\/lecmo.com\/de\/wp-json\/wp\/v2\/product_tag?post=856"}],"curies":[{"name":"wp","href":"https:\/\/api.w.org\/{rel}","templated":true}]}}