{"id":852,"date":"2025-08-07T12:18:19","date_gmt":"2025-08-07T12:18:19","guid":{"rendered":"https:\/\/preview.lecmo.shop\/?post_type=product&#038;p=852"},"modified":"2026-02-07T21:10:32","modified_gmt":"2026-02-07T17:10:32","slug":"ramli-oriental-perfume","status":"publish","type":"product","link":"https:\/\/lecmo.com\/de\/produkt\/ramli-oriental-perfume\/","title":{"rendered":"Ramli Leder"},"content":{"rendered":"<div data-elementor-type=\"wp-post\" data-elementor-id=\"852\" class=\"elementor elementor-852\">\n\t\t\t\t<div class=\"wd-negative-gap elementor-element elementor-element-6b59e05 e-flex e-con-boxed e-con e-parent\" data-id=\"6b59e05\" data-element_type=\"container\" data-e-type=\"container\">\n\t\t\t\t\t<div class=\"e-con-inner\">\n\t\t\t\t<div class=\"elementor-element elementor-element-c915ea7 color-scheme-inherit text-left elementor-widget elementor-widget-text-editor\" data-id=\"c915ea7\" data-element_type=\"widget\" data-e-type=\"widget\" data-widget_type=\"text-editor.default\">\n\t\t\t\t\t\t\t\t\t<p><strong>\u00a0RAMLI LEATHER \u2013 Eau de Parfum (Unisex, 100 ml)*<\/strong><\/p><p><strong>Riechende Familie:<\/strong> Leder<\/p><p>Ramli Leather EDP ist ein exklusiver Duft f\u00fcr diejenigen, die jeden Tag etwas wagen. Er beginnt mit der Reichhaltigkeit von bulgarischer Rose, reifer Himbeere und kostbarem Safran und entwickelt sich zu einem k\u00fchnen Herz aus Labdanum, Olibanum und Jasmin. Die tiefe, luxuri\u00f6se Basis aus Amber, Tonkabohnen und indonesischem Patchouli umh\u00fcllt Sie mit einer Aura von Selbstvertrauen und zeitloser Eleganz.<\/p><p>\u2728\u00a0<strong>Jede Schachtel enth\u00e4lt ein Dkhoun-St\u00fcck f\u00fcr eine komplette Duftreise<\/strong><\/p>\t\t\t\t\t\t\t\t<\/div>\n\t\t\t\t\t<\/div>\n\t\t\t\t<\/div>\n\t\t<div class=\"wd-negative-gap elementor-element elementor-element-1492ac1 wd-section-stretch e-flex e-con-boxed e-con e-parent\" data-id=\"1492ac1\" data-element_type=\"container\" data-e-type=\"container\" data-settings=\"{&quot;background_background&quot;:&quot;classic&quot;}\">\n\t\t\t\t\t<div class=\"e-con-inner\">\n\t\t\t\t<div class=\"elementor-element elementor-element-c82df55 elementor-widget elementor-widget-heading\" data-id=\"c82df55\" data-element_type=\"widget\" data-e-type=\"widget\" data-widget_type=\"heading.default\">\n\t\t\t\t\t<h1 class=\"elementor-heading-title elementor-size-default\">Ramli Leder<\/h1>\t\t\t\t<\/div>\n\t\t\t\t<div class=\"elementor-element elementor-element-9e132c8 elementor-widget__width-initial elementor-widget-mobile__width-inherit text-center color-scheme-inherit elementor-widget elementor-widget-text-editor\" data-id=\"9e132c8\" data-element_type=\"widget\" data-e-type=\"widget\" data-widget_type=\"text-editor.default\">\n\t\t\t\t\t\t\t\t\t<p data-pm-slice=\"0 0 []\">Dieser Duft, <strong>RAMLI LEDER<\/strong>, wird in der f\u00fcr Lecmo typischen Verpackung pr\u00e4sentiert, in der Eleganz auf raffinierte Details trifft.<\/p><p>Von der Umverpackung bis zum Flaschendesign spiegelt jedes Element die Identit\u00e4t des Unternehmens wider. <strong>RAMLI LEDER<\/strong>, und bietet so vom ersten Moment an ein erstklassiges Erlebnis.<\/p><h4>Perfekt zum Selbsttragen oder als edle Geschenkidee.<\/h4>\t\t\t\t\t\t\t\t<\/div>\n\t\t\t\t<div class=\"elementor-element elementor-element-23cc84e elementor-widget elementor-widget-button\" data-id=\"23cc84e\" data-element_type=\"widget\" data-e-type=\"widget\" data-widget_type=\"button.default\">\n\t\t\t\t\t\t\t\t\t\t<a class=\"elementor-button elementor-button-link elementor-size-sm\" href=\"https:\/\/lecmo.com\/de\/checkout\/?add-to-cart=852&#038;quantity=1\">\n\t\t\t\t\t\t<span class=\"elementor-button-content-wrapper\">\n\t\t\t\t\t\t\t\t\t<span class=\"elementor-button-text\">JETZT KAUFEN<\/span>\n\t\t\t\t\t<\/span>\n\t\t\t\t\t<\/a>\n\t\t\t\t\t\t\t\t<\/div>\n\t\t\t\t\t<\/div>\n\t\t\t\t<\/div>\n\t\t<div class=\"wd-negative-gap elementor-element elementor-element-4e819f0 e-flex e-con-boxed e-con e-parent\" data-id=\"4e819f0\" data-element_type=\"container\" data-e-type=\"container\">\n\t\t\t\t\t<div class=\"e-con-inner\">\n\t\t<div class=\"elementor-element elementor-element-cc65424 e-con-full e-flex e-con e-child\" data-id=\"cc65424\" data-element_type=\"container\" data-e-type=\"container\">\n\t\t\t\t<div class=\"elementor-element elementor-element-9ad8fa3 elementor-widget elementor-widget-heading\" data-id=\"9ad8fa3\" data-element_type=\"widget\" data-e-type=\"widget\" data-widget_type=\"heading.default\">\n\t\t\t\t\t<h3 class=\"elementor-heading-title elementor-size-default\">Warum Ramli Leder?<\/h3>\t\t\t\t<\/div>\n\t\t\t\t<div class=\"elementor-element elementor-element-d42dad0 color-scheme-inherit text-left elementor-widget elementor-widget-text-editor\" data-id=\"d42dad0\" data-element_type=\"widget\" data-e-type=\"widget\" data-widget_type=\"text-editor.default\">\n\t\t\t\t\t\t\t\t\t<ul data-start=\"1232\" data-end=\"1454\"><li data-start=\"1232\" data-end=\"1281\"><p data-start=\"1234\" data-end=\"1281\">\u00a0Warmer orientalischer Charakter mit geerdeter Tiefe<\/p><\/li><li data-start=\"1282\" data-end=\"1330\"><p data-start=\"1284\" data-end=\"1330\">\u00a0Sanfter \u00dcbergang von der Kopfnote zur Basisnote<\/p><\/li><li data-start=\"1331\" data-end=\"1372\"><p data-start=\"1333\" data-end=\"1372\">\u00a0Ausgewogener Reichtum ohne Schwere<\/p><\/li><li data-start=\"1373\" data-end=\"1420\"><p data-start=\"1375\" data-end=\"1420\">\u00a0Ideal f\u00fcr selbstbewusstes Tragen im Alltag oder am Abend<\/p><\/li><li data-start=\"1421\" data-end=\"1454\"><p data-start=\"1423\" data-end=\"1454\">\u00a0Langanhaltende, raffinierte Spur<\/p><\/li><\/ul><h3 data-start=\"1456\" data-end=\"1490\"><strong data-start=\"1456\" data-end=\"1490\">Ramli \u2013 St\u00e4rke in der Stille.<\/strong><\/h3>\t\t\t\t\t\t\t\t<\/div>\n\t\t\t\t<\/div>\n\t\t<div class=\"elementor-element elementor-element-e055835 e-con-full e-flex e-con e-child\" data-id=\"e055835\" data-element_type=\"container\" data-e-type=\"container\">\n\t\t\t\t<div class=\"elementor-element elementor-element-30359e0 elementor-widget elementor-widget-image\" data-id=\"30359e0\" data-element_type=\"widget\" data-e-type=\"widget\" data-widget_type=\"image.default\">\n\t\t\t\t\t\t\t\t\t\t\t\t\t\t\t<img loading=\"lazy\" decoding=\"async\" width=\"1600\" height=\"568\" src=\"https:\/\/lecmo.com\/wp-content\/uploads\/13.jpg\" class=\"attachment-large size-large wp-image-3897\" alt=\"RAMLI PERFUME\" srcset=\"https:\/\/lecmo.com\/wp-content\/uploads\/13.jpg 1600w, https:\/\/lecmo.com\/wp-content\/uploads\/13-150x53.jpg 150w, https:\/\/lecmo.com\/wp-content\/uploads\/13-768x273.jpg 768w, https:\/\/lecmo.com\/wp-content\/uploads\/13-1536x545.jpg 1536w, https:\/\/lecmo.com\/wp-content\/uploads\/13-18x6.jpg 18w\" sizes=\"auto, (max-width: 1600px) 100vw, 1600px\" \/>\t\t\t\t\t\t\t\t\t\t\t\t\t\t\t<\/div>\n\t\t\t\t<\/div>\n\t\t\t\t\t<\/div>\n\t\t\t\t<\/div>\n\t\t<div class=\"wd-negative-gap elementor-element elementor-element-662d66a e-flex e-con-boxed e-con e-parent\" data-id=\"662d66a\" data-element_type=\"container\" data-e-type=\"container\">\n\t\t\t\t\t<div class=\"e-con-inner\">\n\t\t<div class=\"elementor-element elementor-element-548aea6 e-con-full e-flex e-con e-child\" data-id=\"548aea6\" data-element_type=\"container\" data-e-type=\"container\">\n\t\t\t\t<div class=\"elementor-element elementor-element-1de7b45 elementor-widget elementor-widget-image\" data-id=\"1de7b45\" data-element_type=\"widget\" data-e-type=\"widget\" data-widget_type=\"image.default\">\n\t\t\t\t\t\t\t\t\t\t\t\t\t\t\t<img loading=\"lazy\" decoding=\"async\" width=\"1600\" height=\"568\" src=\"https:\/\/lecmo.com\/wp-content\/uploads\/12.jpg\" class=\"attachment-large size-large wp-image-3896\" alt=\"rmli lifystyle\" srcset=\"https:\/\/lecmo.com\/wp-content\/uploads\/12.jpg 1600w, https:\/\/lecmo.com\/wp-content\/uploads\/12-150x53.jpg 150w, https:\/\/lecmo.com\/wp-content\/uploads\/12-768x273.jpg 768w, https:\/\/lecmo.com\/wp-content\/uploads\/12-1536x545.jpg 1536w, https:\/\/lecmo.com\/wp-content\/uploads\/12-18x6.jpg 18w\" sizes=\"auto, (max-width: 1600px) 100vw, 1600px\" \/>\t\t\t\t\t\t\t\t\t\t\t\t\t\t\t<\/div>\n\t\t\t\t<\/div>\n\t\t<div class=\"elementor-element elementor-element-d336b53 e-con-full e-flex e-con e-child\" data-id=\"d336b53\" data-element_type=\"container\" data-e-type=\"container\">\n\t\t\t\t<div class=\"elementor-element elementor-element-785a136 elementor-widget elementor-widget-heading\" data-id=\"785a136\" data-element_type=\"widget\" data-e-type=\"widget\" data-widget_type=\"heading.default\">\n\t\t\t\t\t<h3 class=\"elementor-heading-title elementor-size-default\">Wichtige Hinweise<\/h3>\t\t\t\t<\/div>\n\t\t\t\t<div class=\"elementor-element elementor-element-2e76f70 color-scheme-inherit text-left elementor-widget elementor-widget-text-editor\" data-id=\"2e76f70\" data-element_type=\"widget\" data-e-type=\"widget\" data-widget_type=\"text-editor.default\">\n\t\t\t\t\t\t\t\t\t<ul><li><p><strong>Kopfnoten:<\/strong> Bulgarische Rose, Himbeere, Safran<\/p><\/li><li><p><strong>Mittlere Noten:<\/strong> Labdanum, Olibanum, Jasmin<\/p><\/li><li><p><strong>Basisnoten:<\/strong> Bernstein, Tonkabohnen, indonesisches Patchouli<\/p><\/li><\/ul>\t\t\t\t\t\t\t\t<\/div>\n\t\t\t\t<\/div>\n\t\t\t\t\t<\/div>\n\t\t\t\t<\/div>\n\t\t\t\t<\/div>","protected":false},"excerpt":{"rendered":"<p>Ramli Leather EDP \u2014 Selbstvertrauen in jeder Note.<br \/>\n<strong data-start=\"898\" data-end=\"915\">Ramli Parf\u00fcm<\/strong> ist f\u00fcr all jene geschaffen, die W\u00e4rme und raffinierte Tiefe suchen\u2026<\/p>","protected":false},"featured_media":1940,"comment_status":"open","ping_status":"closed","template":"","meta":[],"product_brand":[31],"product_cat":[16,123],"product_tag":[119,116,117,120,118],"class_list":{"0":"post-852","1":"product","2":"type-product","3":"status-publish","4":"has-post-thumbnail","6":"product_brand-lecmo","7":"product_cat-single-perfume","8":"product_cat-unisex-fragrances","9":"product_tag-dokhun","10":"product_tag-lecmo-perfume","11":"product_tag-men-perfumes","12":"product_tag-perfume-gifts","13":"product_tag-women-perfumes","15":"first","16":"instock","17":"shipping-taxable","18":"purchasable","19":"product-type-simple"},"_links":{"self":[{"href":"https:\/\/lecmo.com\/de\/wp-json\/wp\/v2\/product\/852","targetHints":{"allow":["GET"]}}],"collection":[{"href":"https:\/\/lecmo.com\/de\/wp-json\/wp\/v2\/product"}],"about":[{"href":"https:\/\/lecmo.com\/de\/wp-json\/wp\/v2\/types\/product"}],"replies":[{"embeddable":true,"href":"https:\/\/lecmo.com\/de\/wp-json\/wp\/v2\/comments?post=852"}],"version-history":[{"count":0,"href":"https:\/\/lecmo.com\/de\/wp-json\/wp\/v2\/product\/852\/revisions"}],"wp:featuredmedia":[{"embeddable":true,"href":"https:\/\/lecmo.com\/de\/wp-json\/wp\/v2\/media\/1940"}],"wp:attachment":[{"href":"https:\/\/lecmo.com\/de\/wp-json\/wp\/v2\/media?parent=852"}],"wp:term":[{"taxonomy":"product_brand","embeddable":true,"href":"https:\/\/lecmo.com\/de\/wp-json\/wp\/v2\/product_brand?post=852"},{"taxonomy":"product_cat","embeddable":true,"href":"https:\/\/lecmo.com\/de\/wp-json\/wp\/v2\/product_cat?post=852"},{"taxonomy":"product_tag","embeddable":true,"href":"https:\/\/lecmo.com\/de\/wp-json\/wp\/v2\/product_tag?post=852"}],"curies":[{"name":"wp","href":"https:\/\/api.w.org\/{rel}","templated":true}]}}