{"id":85,"date":"2025-07-21T20:56:55","date_gmt":"2025-07-21T20:56:55","guid":{"rendered":"https:\/\/preview.lecmo.shop\/?post_type=product&#038;p=85"},"modified":"2026-02-07T20:45:32","modified_gmt":"2026-02-07T16:45:32","slug":"orangy-fresh-perfume","status":"publish","type":"product","link":"https:\/\/lecmo.com\/de\/produkt\/orangy-fresh-perfume\/","title":{"rendered":"Orangerie"},"content":{"rendered":"<div data-elementor-type=\"wp-post\" data-elementor-id=\"85\" class=\"elementor elementor-85\">\n\t\t\t\t<div class=\"wd-negative-gap elementor-element elementor-element-8e3375b e-flex e-con-boxed e-con e-parent\" data-id=\"8e3375b\" data-element_type=\"container\" data-e-type=\"container\">\n\t\t\t\t\t<div class=\"e-con-inner\">\n\t\t\t\t<div class=\"elementor-element elementor-element-e5a28d6 color-scheme-inherit text-left elementor-widget elementor-widget-text-editor\" data-id=\"e5a28d6\" data-element_type=\"widget\" data-e-type=\"widget\" data-widget_type=\"text-editor.default\">\n\t\t\t\t\t\t\t\t\t<p><strong>ORANGE \u2013 Eau de Parfum<\/strong><\/p><p><strong>Riechende Familie:<\/strong> Moschusfrisch<\/p><p>Orangy EDP strotzt vor der lebendigen Frische von Bergamotte, Bitterorange und gr\u00fcner Mandarine. Ein erfrischendes Herz aus Eukalyptus und Wasserlilie m\u00fcndet in eine warme, sinnliche Basis aus Amber, Holz und samtigem Moschus. Aufmunternd und strahlend, bringt er einen Funken Gl\u00fcck in Ihren Alltag.<\/p><p>\u2728\u00a0<strong>Jede Schachtel enth\u00e4lt ein Dkhoun-St\u00fcck f\u00fcr eine komplette Duftreise<\/strong><\/p>\t\t\t\t\t\t\t\t<\/div>\n\t\t\t\t\t<\/div>\n\t\t\t\t<\/div>\n\t\t<div class=\"wd-negative-gap elementor-element elementor-element-0928011 wd-section-stretch e-flex e-con-boxed e-con e-parent\" data-id=\"0928011\" data-element_type=\"container\" data-e-type=\"container\" data-settings=\"{&quot;background_background&quot;:&quot;classic&quot;}\">\n\t\t\t\t\t<div class=\"e-con-inner\">\n\t\t\t\t<div class=\"elementor-element elementor-element-7ecdf66 elementor-widget elementor-widget-heading\" data-id=\"7ecdf66\" data-element_type=\"widget\" data-e-type=\"widget\" data-widget_type=\"heading.default\">\n\t\t\t\t\t<h2 class=\"elementor-heading-title elementor-size-default\">Orangerie-Parf\u00fcm<\/h2>\t\t\t\t<\/div>\n\t\t\t\t<div class=\"elementor-element elementor-element-5e2aa1d elementor-widget__width-initial elementor-widget-mobile__width-inherit text-center color-scheme-inherit elementor-widget elementor-widget-text-editor\" data-id=\"5e2aa1d\" data-element_type=\"widget\" data-e-type=\"widget\" data-widget_type=\"text-editor.default\">\n\t\t\t\t\t\t\t\t\t<p data-start=\"664\" data-end=\"950\">Dieser Duft,<strong>ORANGE\u00a0<\/strong>, wird in der f\u00fcr Lecmo typischen Verpackung pr\u00e4sentiert, in der Eleganz auf raffinierte Details trifft.<br data-start=\"784\" data-end=\"787\" \/>Von der Umverpackung bis zum Flaschendesign spiegelt jedes Element die Identit\u00e4t des Unternehmens wider. <strong>ORANGE\u00a0<\/strong>, und bietet so vom ersten Moment an ein erstklassiges Erlebnis.<\/p><p data-start=\"952\" data-end=\"1006\">Perfekt zum Selbsttragen oder als edle Geschenkidee.<\/p>\t\t\t\t\t\t\t\t<\/div>\n\t\t\t\t<div class=\"elementor-element elementor-element-a140b33 elementor-widget elementor-widget-button\" data-id=\"a140b33\" data-element_type=\"widget\" data-e-type=\"widget\" data-widget_type=\"button.default\">\n\t\t\t\t\t\t\t\t\t\t<a class=\"elementor-button elementor-button-link elementor-size-sm\" href=\"https:\/\/lecmo.com\/de\/checkout\/?add-to-cart=85&#038;quantity=1\">\n\t\t\t\t\t\t<span class=\"elementor-button-content-wrapper\">\n\t\t\t\t\t\t\t\t\t<span class=\"elementor-button-text\">JETZT KAUFEN<\/span>\n\t\t\t\t\t<\/span>\n\t\t\t\t\t<\/a>\n\t\t\t\t\t\t\t\t<\/div>\n\t\t\t\t\t<\/div>\n\t\t\t\t<\/div>\n\t\t<div class=\"wd-negative-gap elementor-element elementor-element-ad39ced e-flex e-con-boxed e-con e-parent\" data-id=\"ad39ced\" data-element_type=\"container\" data-e-type=\"container\">\n\t\t\t\t\t<div class=\"e-con-inner\">\n\t\t<div class=\"elementor-element elementor-element-a286148 e-con-full e-flex e-con e-child\" data-id=\"a286148\" data-element_type=\"container\" data-e-type=\"container\">\n\t\t\t\t<div class=\"elementor-element elementor-element-1df1a02 elementor-widget elementor-widget-heading\" data-id=\"1df1a02\" data-element_type=\"widget\" data-e-type=\"widget\" data-widget_type=\"heading.default\">\n\t\t\t\t\t<h3 class=\"elementor-heading-title elementor-size-default\">Warum LECMO ORANGY?<\/h3>\t\t\t\t<\/div>\n\t\t\t\t<div class=\"elementor-element elementor-element-5c7803c color-scheme-inherit text-left elementor-widget elementor-widget-text-editor\" data-id=\"5c7803c\" data-element_type=\"widget\" data-e-type=\"widget\" data-widget_type=\"text-editor.default\">\n\t\t\t\t\t\t\t\t\t<ul data-start=\"1205\" data-end=\"1372\"><li data-start=\"1205\" data-end=\"1251\"><p data-start=\"1207\" data-end=\"1251\">\u00a0Strahlende Zitrusenergie mit harmonischer Balance<\/p><\/li><li data-start=\"1252\" data-end=\"1291\"><p data-start=\"1254\" data-end=\"1291\">\u00a0Sauber, belebend und angenehm zu tragen<\/p><\/li><li data-start=\"1292\" data-end=\"1332\"><p data-start=\"1294\" data-end=\"1332\">\u00a0Perfekt f\u00fcr tags\u00fcber und warme Jahreszeiten<\/p><\/li><li data-start=\"1333\" data-end=\"1372\"><p data-start=\"1335\" data-end=\"1372\">\u00a0Hinterl\u00e4sst einen frischen, modernen Eindruck<\/p><\/li><\/ul><p data-start=\"1374\" data-end=\"1402\"><strong data-start=\"1374\" data-end=\"1402\">ORANGE \u2013 trage das Licht.<\/strong><\/p>\t\t\t\t\t\t\t\t<\/div>\n\t\t\t\t<\/div>\n\t\t<div class=\"elementor-element elementor-element-651a1a4 e-con-full e-flex e-con e-child\" data-id=\"651a1a4\" data-element_type=\"container\" data-e-type=\"container\">\n\t\t\t\t<div class=\"elementor-element elementor-element-32fcfe1 elementor-widget elementor-widget-image\" data-id=\"32fcfe1\" data-element_type=\"widget\" data-e-type=\"widget\" data-widget_type=\"image.default\">\n\t\t\t\t\t\t\t\t\t\t\t\t\t\t\t<img loading=\"lazy\" decoding=\"async\" width=\"1377\" height=\"768\" src=\"https:\/\/lecmo.com\/wp-content\/uploads\/Screenshot-2026-01-12-at-4.21.09-PM.webp\" class=\"attachment-large size-large wp-image-4258\" alt=\"Orangy perfume by lecmo\" srcset=\"https:\/\/lecmo.com\/wp-content\/uploads\/Screenshot-2026-01-12-at-4.21.09-PM.webp 1377w, https:\/\/lecmo.com\/wp-content\/uploads\/Screenshot-2026-01-12-at-4.21.09-PM-800x446.webp 800w, https:\/\/lecmo.com\/wp-content\/uploads\/Screenshot-2026-01-12-at-4.21.09-PM-768x428.webp 768w, https:\/\/lecmo.com\/wp-content\/uploads\/Screenshot-2026-01-12-at-4.21.09-PM-18x10.webp 18w, https:\/\/lecmo.com\/wp-content\/uploads\/Screenshot-2026-01-12-at-4.21.09-PM-150x84.webp 150w\" sizes=\"auto, (max-width: 1377px) 100vw, 1377px\" \/>\t\t\t\t\t\t\t\t\t\t\t\t\t\t\t<\/div>\n\t\t\t\t<\/div>\n\t\t\t\t\t<\/div>\n\t\t\t\t<\/div>\n\t\t<div class=\"wd-negative-gap elementor-element elementor-element-56bb1d4 e-flex e-con-boxed e-con e-parent\" data-id=\"56bb1d4\" data-element_type=\"container\" data-e-type=\"container\">\n\t\t\t\t\t<div class=\"e-con-inner\">\n\t\t<div class=\"elementor-element elementor-element-8f591ba e-con-full e-flex e-con e-child\" data-id=\"8f591ba\" data-element_type=\"container\" data-e-type=\"container\">\n\t\t\t\t<div class=\"elementor-element elementor-element-af5ff14 elementor-widget elementor-widget-image\" data-id=\"af5ff14\" data-element_type=\"widget\" data-e-type=\"widget\" data-widget_type=\"image.default\">\n\t\t\t\t\t\t\t\t\t\t\t\t\t\t\t<img loading=\"lazy\" decoding=\"async\" width=\"1600\" height=\"568\" src=\"https:\/\/lecmo.com\/wp-content\/uploads\/orangy-lifestyle-1-.jpg\" class=\"attachment-large size-large wp-image-3917\" alt=\"lecmo perfumes - The Tale of the Lady and the Wolf\" srcset=\"https:\/\/lecmo.com\/wp-content\/uploads\/orangy-lifestyle-1-.jpg 1600w, https:\/\/lecmo.com\/wp-content\/uploads\/orangy-lifestyle-1--150x53.jpg 150w, https:\/\/lecmo.com\/wp-content\/uploads\/orangy-lifestyle-1--768x273.jpg 768w, https:\/\/lecmo.com\/wp-content\/uploads\/orangy-lifestyle-1--1536x545.jpg 1536w, https:\/\/lecmo.com\/wp-content\/uploads\/orangy-lifestyle-1--18x6.jpg 18w\" sizes=\"auto, (max-width: 1600px) 100vw, 1600px\">\t\t\t\t\t\t\t\t\t\t\t\t\t\t\t<\/div>\n\t\t\t\t<\/div>\n\t\t<div class=\"elementor-element elementor-element-7f2ff07 e-con-full e-flex e-con e-child\" data-id=\"7f2ff07\" data-element_type=\"container\" data-e-type=\"container\">\n\t\t\t\t<div class=\"elementor-element elementor-element-deab83e elementor-widget elementor-widget-heading\" data-id=\"deab83e\" data-element_type=\"widget\" data-e-type=\"widget\" data-widget_type=\"heading.default\">\n\t\t\t\t\t<h3 class=\"elementor-heading-title elementor-size-default\">Wichtige Hinweise<\/h3>\t\t\t\t<\/div>\n\t\t\t\t<div class=\"elementor-element elementor-element-85ff3e4 color-scheme-inherit text-left elementor-widget elementor-widget-text-editor\" data-id=\"85ff3e4\" data-element_type=\"widget\" data-e-type=\"widget\" data-widget_type=\"text-editor.default\">\n\t\t\t\t\t\t\t\t\t<ul><li><strong>Kopfnoten:<\/strong> Bergamotte, Bitterorange, Gr\u00fcne Mandarine<\/li><li><strong>Mittlere Noten:<\/strong>\u00a0 Eukalyptus, Wasserlilie<\/li><li><strong>Basisnoten:<\/strong> Ambrierte Noten, holzige Noten, samtiger Moschus<\/li><\/ul>\t\t\t\t\t\t\t\t<\/div>\n\t\t\t\t<\/div>\n\t\t\t\t\t<\/div>\n\t\t\t\t<\/div>\n\t\t\t\t<\/div>","protected":false},"excerpt":{"rendered":"<p><strong data-start=\"168\" data-end=\"211\">Frisch. Lebendig. Unwiderstehlich.<\/strong><br data-start=\"211\" data-end=\"214\" \/><em data-start=\"214\" data-end=\"253\">Energie, der man nicht hinterherjagt \u2013 man strahlt sie aus.<\/em><\/p>","protected":false},"featured_media":1931,"comment_status":"open","ping_status":"closed","template":"","meta":[],"product_brand":[31],"product_cat":[16,123],"product_tag":[119,116,117,120,118],"class_list":{"0":"post-85","1":"product","2":"type-product","3":"status-publish","4":"has-post-thumbnail","6":"product_brand-lecmo","7":"product_cat-single-perfume","8":"product_cat-unisex-fragrances","9":"product_tag-dokhun","10":"product_tag-lecmo-perfume","11":"product_tag-men-perfumes","12":"product_tag-perfume-gifts","13":"product_tag-women-perfumes","15":"first","16":"instock","17":"shipping-taxable","18":"purchasable","19":"product-type-simple"},"_links":{"self":[{"href":"https:\/\/lecmo.com\/de\/wp-json\/wp\/v2\/product\/85","targetHints":{"allow":["GET"]}}],"collection":[{"href":"https:\/\/lecmo.com\/de\/wp-json\/wp\/v2\/product"}],"about":[{"href":"https:\/\/lecmo.com\/de\/wp-json\/wp\/v2\/types\/product"}],"replies":[{"embeddable":true,"href":"https:\/\/lecmo.com\/de\/wp-json\/wp\/v2\/comments?post=85"}],"version-history":[{"count":0,"href":"https:\/\/lecmo.com\/de\/wp-json\/wp\/v2\/product\/85\/revisions"}],"wp:featuredmedia":[{"embeddable":true,"href":"https:\/\/lecmo.com\/de\/wp-json\/wp\/v2\/media\/1931"}],"wp:attachment":[{"href":"https:\/\/lecmo.com\/de\/wp-json\/wp\/v2\/media?parent=85"}],"wp:term":[{"taxonomy":"product_brand","embeddable":true,"href":"https:\/\/lecmo.com\/de\/wp-json\/wp\/v2\/product_brand?post=85"},{"taxonomy":"product_cat","embeddable":true,"href":"https:\/\/lecmo.com\/de\/wp-json\/wp\/v2\/product_cat?post=85"},{"taxonomy":"product_tag","embeddable":true,"href":"https:\/\/lecmo.com\/de\/wp-json\/wp\/v2\/product_tag?post=85"}],"curies":[{"name":"wp","href":"https:\/\/api.w.org\/{rel}","templated":true}]}}