{"id":841,"date":"2025-08-07T12:07:03","date_gmt":"2025-08-07T12:07:03","guid":{"rendered":"https:\/\/preview.lecmo.shop\/?post_type=product&#038;p=841"},"modified":"2026-02-11T15:23:12","modified_gmt":"2026-02-11T11:23:12","slug":"pistachio-gourmand-perfume","status":"publish","type":"product","link":"https:\/\/lecmo.com\/de\/produkt\/pistachio-gourmand-perfume\/","title":{"rendered":"Pistazien"},"content":{"rendered":"<div data-elementor-type=\"wp-post\" data-elementor-id=\"841\" class=\"elementor elementor-841\">\n\t\t\t\t<div class=\"wd-negative-gap elementor-element elementor-element-59eaed35 e-flex e-con-boxed e-con e-parent\" data-id=\"59eaed35\" data-element_type=\"container\" data-e-type=\"container\">\n\t\t\t\t\t<div class=\"e-con-inner\">\n\t\t\t\t<div class=\"elementor-element elementor-element-6237ac5b color-scheme-inherit text-left elementor-widget elementor-widget-text-editor\" data-id=\"6237ac5b\" data-element_type=\"widget\" data-e-type=\"widget\" data-widget_type=\"text-editor.default\">\n\t\t\t\t\t\t\t\t\t<p><strong>\u00a0PISTAZIE \u2013 Eau de Parfum (Unisex, 100 ml)<\/strong><\/p><p><strong>Riechende Familie:<\/strong> Frischblumig<\/p><p>Ein au\u00dfergew\u00f6hnliches Pistazien-EDP, das mit der heiteren Eleganz von Magnolie und einem Hauch von Bergamotte er\u00f6ffnet. Ein Herz aus Veilchen, Jasmin und Ylang-Ylang entfaltet sich in einer luxuri\u00f6sen Basis aus Amber, Vanille und Sandelholz - geschaffen, um mit jedem Tropfen pure Raffinesse zu vermitteln.<\/p><p>\u2728\u00a0<strong>Jede Schachtel enth\u00e4lt ein Dkhoun-St\u00fcck f\u00fcr eine komplette Duftreise<\/strong><\/p>\t\t\t\t\t\t\t\t<\/div>\n\t\t\t\t\t<\/div>\n\t\t\t\t<\/div>\n\t\t<div class=\"wd-negative-gap elementor-element elementor-element-64a0c4d wd-section-stretch e-flex e-con-boxed e-con e-parent\" data-id=\"64a0c4d\" data-element_type=\"container\" data-e-type=\"container\" data-settings=\"{&quot;background_background&quot;:&quot;classic&quot;}\">\n\t\t\t\t\t<div class=\"e-con-inner\">\n\t\t\t\t<div class=\"elementor-element elementor-element-40e4723 elementor-widget elementor-widget-heading\" data-id=\"40e4723\" data-element_type=\"widget\" data-e-type=\"widget\" data-widget_type=\"heading.default\">\n\t\t\t\t\t<h2 class=\"elementor-heading-title elementor-size-default\">Pistazien<\/h2>\t\t\t\t<\/div>\n\t\t\t\t<div class=\"elementor-element elementor-element-0e82705 elementor-widget__width-initial elementor-widget-mobile__width-inherit text-center color-scheme-inherit elementor-widget elementor-widget-text-editor\" data-id=\"0e82705\" data-element_type=\"widget\" data-e-type=\"widget\" data-widget_type=\"text-editor.default\">\n\t\t\t\t\t\t\t\t\t<p data-start=\"664\" data-end=\"950\">Dieser Duft,<strong>PISTAZIE\u00a0<\/strong>, wird in der f\u00fcr Lecmo typischen Verpackung pr\u00e4sentiert, in der Eleganz auf raffinierte Details trifft.<br data-start=\"784\" data-end=\"787\" \/>Von der Umverpackung bis zum Flaschendesign spiegelt jedes Element die Identit\u00e4t des Unternehmens wider. <strong>PISTAZIE\u00a0<\/strong>, und bietet so vom ersten Moment an ein erstklassiges Erlebnis.<br \/><br \/>Perfekt zum Selbsttragen oder als edle Geschenkidee.<\/p>\t\t\t\t\t\t\t\t<\/div>\n\t\t\t\t<div class=\"elementor-element elementor-element-9efd23a elementor-widget elementor-widget-button\" data-id=\"9efd23a\" data-element_type=\"widget\" data-e-type=\"widget\" data-widget_type=\"button.default\">\n\t\t\t\t\t\t\t\t\t\t<a class=\"elementor-button elementor-button-link elementor-size-sm\" href=\"https:\/\/lecmo.com\/de\/checkout\/?add-to-cart=841&#038;quantity=1\">\n\t\t\t\t\t\t<span class=\"elementor-button-content-wrapper\">\n\t\t\t\t\t\t\t\t\t<span class=\"elementor-button-text\">JETZT KAUFEN<\/span>\n\t\t\t\t\t<\/span>\n\t\t\t\t\t<\/a>\n\t\t\t\t\t\t\t\t<\/div>\n\t\t\t\t\t<\/div>\n\t\t\t\t<\/div>\n\t\t<div class=\"wd-negative-gap elementor-element elementor-element-67a8082 e-flex e-con-boxed e-con e-parent\" data-id=\"67a8082\" data-element_type=\"container\" data-e-type=\"container\">\n\t\t\t\t\t<div class=\"e-con-inner\">\n\t\t<div class=\"elementor-element elementor-element-c35189e e-con-full e-flex e-con e-child\" data-id=\"c35189e\" data-element_type=\"container\" data-e-type=\"container\">\n\t\t\t\t<div class=\"elementor-element elementor-element-60b7758 elementor-widget elementor-widget-heading\" data-id=\"60b7758\" data-element_type=\"widget\" data-e-type=\"widget\" data-widget_type=\"heading.default\">\n\t\t\t\t\t<h3 class=\"elementor-heading-title elementor-size-default\">Warum Pistazien?<\/h3>\t\t\t\t<\/div>\n\t\t\t\t<div class=\"elementor-element elementor-element-d91f78f color-scheme-inherit text-left elementor-widget elementor-widget-text-editor\" data-id=\"d91f78f\" data-element_type=\"widget\" data-e-type=\"widget\" data-widget_type=\"text-editor.default\">\n\t\t\t\t\t\t\t\t\t<ul data-start=\"1211\" data-end=\"1392\"><li data-start=\"1211\" data-end=\"1263\"><p data-start=\"1213\" data-end=\"1263\">\u00a0Gourmetcharakter mit raffinierter Balance<\/p><\/li><li data-start=\"1264\" data-end=\"1307\"><p data-start=\"1266\" data-end=\"1307\">\u00a0Warm und wohltuend, ohne schwer zu wirken<\/p><\/li><li data-start=\"1354\" data-end=\"1392\"><p data-start=\"1356\" data-end=\"1392\">\u00a0Hinterl\u00e4sst eine glatte, s\u00fcchtig machende Spur<\/p><\/li><\/ul><p data-start=\"1394\" data-end=\"1432\"><strong data-start=\"1394\" data-end=\"1432\">PISTAZIE \u2014 Genuss neu definiert.<\/strong><\/p>\t\t\t\t\t\t\t\t<\/div>\n\t\t\t\t<\/div>\n\t\t<div class=\"elementor-element elementor-element-a6176a3 e-con-full e-flex e-con e-child\" data-id=\"a6176a3\" data-element_type=\"container\" data-e-type=\"container\">\n\t\t\t\t<div class=\"elementor-element elementor-element-e231373 elementor-widget elementor-widget-image\" data-id=\"e231373\" data-element_type=\"widget\" data-e-type=\"widget\" data-widget_type=\"image.default\">\n\t\t\t\t\t\t\t\t\t\t\t\t\t\t\t<img loading=\"lazy\" decoding=\"async\" width=\"839\" height=\"898\" src=\"https:\/\/lecmo.com\/wp-content\/uploads\/Screen-Shot-2026-01-13-at-9.33.29-PM.png\" class=\"attachment-large size-large wp-image-4341\" alt=\"pistachio perfume\" srcset=\"https:\/\/lecmo.com\/wp-content\/uploads\/Screen-Shot-2026-01-13-at-9.33.29-PM.png 839w, https:\/\/lecmo.com\/wp-content\/uploads\/Screen-Shot-2026-01-13-at-9.33.29-PM-747x800.png 747w, https:\/\/lecmo.com\/wp-content\/uploads\/Screen-Shot-2026-01-13-at-9.33.29-PM-768x822.png 768w, https:\/\/lecmo.com\/wp-content\/uploads\/Screen-Shot-2026-01-13-at-9.33.29-PM-11x12.png 11w, https:\/\/lecmo.com\/wp-content\/uploads\/Screen-Shot-2026-01-13-at-9.33.29-PM-150x161.png 150w\" sizes=\"auto, (max-width: 839px) 100vw, 839px\" \/>\t\t\t\t\t\t\t\t\t\t\t\t\t\t\t<\/div>\n\t\t\t\t<\/div>\n\t\t\t\t\t<\/div>\n\t\t\t\t<\/div>\n\t\t<div class=\"wd-negative-gap elementor-element elementor-element-b26db3b e-flex e-con-boxed e-con e-parent\" data-id=\"b26db3b\" data-element_type=\"container\" data-e-type=\"container\">\n\t\t\t\t\t<div class=\"e-con-inner\">\n\t\t<div class=\"elementor-element elementor-element-c3401df e-con-full e-flex e-con e-child\" data-id=\"c3401df\" data-element_type=\"container\" data-e-type=\"container\">\n\t\t\t\t<div class=\"elementor-element elementor-element-368cae8 elementor-widget elementor-widget-image\" data-id=\"368cae8\" data-element_type=\"widget\" data-e-type=\"widget\" data-widget_type=\"image.default\">\n\t\t\t\t\t\t\t\t\t\t\t\t\t\t\t<img loading=\"lazy\" decoding=\"async\" width=\"1375\" height=\"764\" src=\"https:\/\/lecmo.com\/wp-content\/uploads\/Screen-Shot-2026-01-13-at-1.45.32-PM.png\" class=\"attachment-large size-large wp-image-4342\" alt=\"pistachio luxury perfume\" srcset=\"https:\/\/lecmo.com\/wp-content\/uploads\/Screen-Shot-2026-01-13-at-1.45.32-PM.png 1375w, https:\/\/lecmo.com\/wp-content\/uploads\/Screen-Shot-2026-01-13-at-1.45.32-PM-800x445.png 800w, https:\/\/lecmo.com\/wp-content\/uploads\/Screen-Shot-2026-01-13-at-1.45.32-PM-768x427.png 768w, https:\/\/lecmo.com\/wp-content\/uploads\/Screen-Shot-2026-01-13-at-1.45.32-PM-18x10.png 18w, https:\/\/lecmo.com\/wp-content\/uploads\/Screen-Shot-2026-01-13-at-1.45.32-PM-150x83.png 150w\" sizes=\"auto, (max-width: 1375px) 100vw, 1375px\" \/>\t\t\t\t\t\t\t\t\t\t\t\t\t\t\t<\/div>\n\t\t\t\t<\/div>\n\t\t<div class=\"elementor-element elementor-element-5825815 e-con-full e-flex e-con e-child\" data-id=\"5825815\" data-element_type=\"container\" data-e-type=\"container\">\n\t\t\t\t<div class=\"elementor-element elementor-element-a0583d9 elementor-widget elementor-widget-heading\" data-id=\"a0583d9\" data-element_type=\"widget\" data-e-type=\"widget\" data-widget_type=\"heading.default\">\n\t\t\t\t\t<h3 class=\"elementor-heading-title elementor-size-default\">Wichtige Hinweise<\/h3>\t\t\t\t<\/div>\n\t\t\t\t<div class=\"elementor-element elementor-element-b3cede9 color-scheme-inherit text-left elementor-widget elementor-widget-text-editor\" data-id=\"b3cede9\" data-element_type=\"widget\" data-e-type=\"widget\" data-widget_type=\"text-editor.default\">\n\t\t\t\t\t\t\t\t\t<ul><li><p><strong>Kopfnoten:<\/strong> Magnolie, Bergamotte, Flieder<\/p><\/li><li><p><strong>Mittlere Noten:<\/strong> Veilchen, Jasmin, Ylang-Ylang<\/p><\/li><li><p><strong>Basisnoten:<\/strong> Bernstein, Vanille, Sandelholz<\/p><\/li><\/ul>\t\t\t\t\t\t\t\t<\/div>\n\t\t\t\t<\/div>\n\t\t\t\t\t<\/div>\n\t\t\t\t<\/div>\n\t\t\t\t<\/div>","protected":false},"excerpt":{"rendered":"<p data-start=\"36\" data-end=\"229\">Pistachio EDP \u2014 Eine Symphonie der Eleganz. Kreiert f\u00fcr all jene, die in jedem Detail Raffinesse suchen.<br \/>\nMehr als nur ein Parf\u00fcm \u2013 es ist ein Ausdruck von Eleganz, Luxus und zeitloser Anziehungskraft.<\/p>\n<pre id=\"tw-target-text\" class=\"tw-data-text tw-text-large tw-ta\" dir=\"ltr\" tabindex=\"-1\" role=\"text\" data-placeholder=\"Translation\" data-ved=\"2ahUKEwjWkYHXptGSAxV66wIHHYKOOhkQ3ewLegQIDBAW\" aria-label=\"Pistazienparf\u00fcm \u2013 Eine Symphonie der Eleganz. Dieser Duft ist f\u00fcr all jene geschaffen, die in jedem Detail Raffinesse suchen.\"><\/pre>","protected":false},"featured_media":1936,"comment_status":"open","ping_status":"closed","template":"","meta":[],"product_brand":[31],"product_cat":[16,123],"product_tag":[119,116,117,120,118],"class_list":{"0":"post-841","1":"product","2":"type-product","3":"status-publish","4":"has-post-thumbnail","6":"product_brand-lecmo","7":"product_cat-single-perfume","8":"product_cat-unisex-fragrances","9":"product_tag-dokhun","10":"product_tag-lecmo-perfume","11":"product_tag-men-perfumes","12":"product_tag-perfume-gifts","13":"product_tag-women-perfumes","15":"first","16":"instock","17":"shipping-taxable","18":"purchasable","19":"product-type-simple"},"_links":{"self":[{"href":"https:\/\/lecmo.com\/de\/wp-json\/wp\/v2\/product\/841","targetHints":{"allow":["GET"]}}],"collection":[{"href":"https:\/\/lecmo.com\/de\/wp-json\/wp\/v2\/product"}],"about":[{"href":"https:\/\/lecmo.com\/de\/wp-json\/wp\/v2\/types\/product"}],"replies":[{"embeddable":true,"href":"https:\/\/lecmo.com\/de\/wp-json\/wp\/v2\/comments?post=841"}],"version-history":[{"count":0,"href":"https:\/\/lecmo.com\/de\/wp-json\/wp\/v2\/product\/841\/revisions"}],"wp:featuredmedia":[{"embeddable":true,"href":"https:\/\/lecmo.com\/de\/wp-json\/wp\/v2\/media\/1936"}],"wp:attachment":[{"href":"https:\/\/lecmo.com\/de\/wp-json\/wp\/v2\/media?parent=841"}],"wp:term":[{"taxonomy":"product_brand","embeddable":true,"href":"https:\/\/lecmo.com\/de\/wp-json\/wp\/v2\/product_brand?post=841"},{"taxonomy":"product_cat","embeddable":true,"href":"https:\/\/lecmo.com\/de\/wp-json\/wp\/v2\/product_cat?post=841"},{"taxonomy":"product_tag","embeddable":true,"href":"https:\/\/lecmo.com\/de\/wp-json\/wp\/v2\/product_tag?post=841"}],"curies":[{"name":"wp","href":"https:\/\/api.w.org\/{rel}","templated":true}]}}