{"id":4600,"date":"2026-02-08T17:01:38","date_gmt":"2026-02-08T13:01:38","guid":{"rendered":"https:\/\/lecmo.com\/?post_type=product&#038;p=4600"},"modified":"2026-03-02T11:55:35","modified_gmt":"2026-03-02T07:55:35","slug":"the-purple","status":"publish","type":"product","link":"https:\/\/lecmo.com\/de\/produkt\/the-purple\/","title":{"rendered":"DIE LILA KOLLEKTION"},"content":{"rendered":"<div data-elementor-type=\"wp-post\" data-elementor-id=\"4600\" class=\"elementor elementor-4600\">\n\t\t\t\t<div class=\"wd-negative-gap elementor-element elementor-element-8def476 e-flex e-con-boxed e-con e-parent\" data-id=\"8def476\" data-element_type=\"container\" data-e-type=\"container\">\n\t\t\t\t\t<div class=\"e-con-inner\">\n\t\t\t\t<div class=\"elementor-element elementor-element-7674211f color-scheme-inherit text-left elementor-widget elementor-widget-text-editor\" data-id=\"7674211f\" data-element_type=\"widget\" data-e-type=\"widget\" data-widget_type=\"text-editor.default\">\n\t\t\t\t\t\t\t\t\t<p data-start=\"231\" data-end=\"492\">Die Purple Collection ist ein raffiniertes Parf\u00fcmset, das als vollst\u00e4ndige olfaktorische Reise konzipiert wurde.<br data-start=\"319\" data-end=\"322\" \/>Es beinhaltet <strong data-start=\"334\" data-end=\"362\">zwei 100 ml Eau de Parfum<\/strong> und <strong data-start=\"367\" data-end=\"391\">drei 25-ml-Parfums<\/strong>, begleitet von <strong data-start=\"408\" data-end=\"448\">vier hochwertige Dkhoun (R\u00e4ucherst\u00e4bchen)<\/strong>, Sorgf\u00e4ltig zusammengestellt, um jeden Moment zu etwas Besonderem zu machen.<\/p><p data-start=\"494\" data-end=\"642\">Eine ausgewogene Unisex-Kollektion, die Eleganz, Tiefe und Vielseitigkeit vereint \u2013 geschaffen f\u00fcr all jene, die Pr\u00e4senz, Details und zeitlose Geschenke sch\u00e4tzen.<\/p>\t\t\t\t\t\t\t\t<\/div>\n\t\t\t\t\t<\/div>\n\t\t\t\t<\/div>\n\t\t<div class=\"wd-negative-gap elementor-element elementor-element-63bc2aa e-flex e-con-boxed e-con e-parent\" data-id=\"63bc2aa\" data-element_type=\"container\" data-e-type=\"container\">\n\t\t\t\t\t<div class=\"e-con-inner\">\n\t\t\t\t<div class=\"elementor-element elementor-element-9c761b4 elementor-widget elementor-widget-spacer\" data-id=\"9c761b4\" data-element_type=\"widget\" data-e-type=\"widget\" data-widget_type=\"spacer.default\">\n\t\t\t\t\t\t\t<div class=\"elementor-spacer\">\n\t\t\t<div class=\"elementor-spacer-inner\"><\/div>\n\t\t<\/div>\n\t\t\t\t\t\t<\/div>\n\t\t\t\t\t<\/div>\n\t\t\t\t<\/div>\n\t\t<div class=\"wd-negative-gap elementor-element elementor-element-2db36b7 e-flex e-con-boxed e-con e-parent\" data-id=\"2db36b7\" data-element_type=\"container\" data-e-type=\"container\">\n\t\t\t\t\t<div class=\"e-con-inner\">\n\t\t<div class=\"elementor-element elementor-element-afa5b77 e-con-full e-flex e-con e-child\" data-id=\"afa5b77\" data-element_type=\"container\" data-e-type=\"container\">\n\t\t\t\t<div class=\"elementor-element elementor-element-34ff6cf elementor-widget elementor-widget-image\" data-id=\"34ff6cf\" data-element_type=\"widget\" data-e-type=\"widget\" data-widget_type=\"image.default\">\n\t\t\t\t\t\t\t\t\t\t\t\t\t\t\t<img loading=\"lazy\" decoding=\"async\" width=\"1248\" height=\"832\" src=\"https:\/\/lecmo.com\/wp-content\/uploads\/WhatsApp-Image-2026-02-15-at-12.03.13-PM-1.jpeg\" class=\"attachment-large size-large wp-image-4745\" alt=\"THE PURPLE\" srcset=\"https:\/\/lecmo.com\/wp-content\/uploads\/WhatsApp-Image-2026-02-15-at-12.03.13-PM-1.jpeg 1248w, https:\/\/lecmo.com\/wp-content\/uploads\/WhatsApp-Image-2026-02-15-at-12.03.13-PM-1-800x533.jpeg 800w, https:\/\/lecmo.com\/wp-content\/uploads\/WhatsApp-Image-2026-02-15-at-12.03.13-PM-1-768x512.jpeg 768w, https:\/\/lecmo.com\/wp-content\/uploads\/WhatsApp-Image-2026-02-15-at-12.03.13-PM-1-18x12.jpeg 18w, https:\/\/lecmo.com\/wp-content\/uploads\/WhatsApp-Image-2026-02-15-at-12.03.13-PM-1-150x100.jpeg 150w\" sizes=\"auto, (max-width: 1248px) 100vw, 1248px\" \/>\t\t\t\t\t\t\t\t\t\t\t\t\t\t\t<\/div>\n\t\t\t\t<\/div>\n\t\t<div class=\"elementor-element elementor-element-8baac81 e-con-full e-flex e-con e-child\" data-id=\"8baac81\" data-element_type=\"container\" data-e-type=\"container\">\n\t\t\t\t<div class=\"elementor-element elementor-element-9d5dbc4 color-scheme-inherit text-left elementor-widget elementor-widget-text-editor\" data-id=\"9d5dbc4\" data-element_type=\"widget\" data-e-type=\"widget\" data-widget_type=\"text-editor.default\">\n\t\t\t\t\t\t\t\t\t<h1 data-start=\"747\" data-end=\"769\">\u00a0WARUM DIE LILA FARBE?<\/h1><p data-start=\"771\" data-end=\"1195\">\u2022 Eine vollst\u00e4ndige Duftreise \u2013 Frisch, Orientalisch, Moschus, Pudrig &amp; Leder in einer Kollektion<br data-start=\"862\" data-end=\"865\" \/>\u2022 Konzipiert sowohl f\u00fcr den pers\u00f6nlichen Luxus als auch als exklusives Geschenk<br data-start=\"979\" data-end=\"982\" \/>\u2022 Unisex-Eleganz \u2013 ausgewogen f\u00fcr Pr\u00e4senz, nicht f\u00fcr L\u00e4rm<br data-start=\"1040\" data-end=\"1043\" \/>\u2022 Pr\u00e4sentiert in einem ikonischen lila Lederetui, das sich so luxuri\u00f6s anf\u00fchlt, wie es aussieht<br data-start=\"1123\" data-end=\"1126\" \/>\u2022 Jede Box verk\u00f6rpert \u201cSmart Luxury\u201d \u2013 raffiniert, modern, unvergesslich<\/p><h4><b>The Purple ist nicht einfach nur eine Kollektion.<br \/><\/b><b>Es handelt sich um ein Statement-Set.<\/b><\/h4>\t\t\t\t\t\t\t\t<\/div>\n\t\t\t\t<\/div>\n\t\t\t\t\t<\/div>\n\t\t\t\t<\/div>\n\t\t<div class=\"wd-negative-gap elementor-element elementor-element-03b5f83 e-flex e-con-boxed e-con e-parent\" data-id=\"03b5f83\" data-element_type=\"container\" data-e-type=\"container\">\n\t\t\t\t\t<div class=\"e-con-inner\">\n\t\t<div class=\"elementor-element elementor-element-d4873cd e-con-full e-flex e-con e-child\" data-id=\"d4873cd\" data-element_type=\"container\" data-e-type=\"container\">\n\t\t\t\t<div class=\"elementor-element elementor-element-1046bc0 color-scheme-inherit text-left elementor-widget elementor-widget-text-editor\" data-id=\"1046bc0\" data-element_type=\"widget\" data-e-type=\"widget\" data-widget_type=\"text-editor.default\">\n\t\t\t\t\t\t\t\t\t<h1 data-start=\"1263\" data-end=\"1298\">WICHTIGSTE HINWEISE (ZUSAMMENFASSUNG DER KOLLEKTION)<\/h1><h3 data-start=\"1300\" data-end=\"1331\">DAS PURPEL <br \/>EDP ( 100 ml)<\/h3><p><strong>Spitze<\/strong> Aldehyde \u2022 Kalabrische Bergamotte \u2022 Limette<br \/><span style=\"color: #010e30; font-family: CenturyGothic; font-size: 10pt; background-color: transparent;\"><strong>Mitte<\/strong>:\u00a0<\/span>\u00c4gyptischer Jasmin \u2022 Rose \u2022 Duftwicke<br \/><span style=\"background-color: transparent; color: #010e30; font-family: CenturyGothic; font-size: 10pt;\"><b>Base<\/b>:\u00a0<\/span><span style=\"font-size: 13px; background-color: transparent;\">Ambrox \u2022 Sandelholz \u2022 Moschus \u2022 Patschuli<\/span><\/p><h3 data-start=\"1452\" data-end=\"1464\"><span style=\"font-family: Alexandria, Arial, Helvetica, sans-serif; font-size: 22px; font-style: normal; font-variant-ligatures: normal; font-variant-caps: normal; font-weight: 400; background-color: transparent;\">DAS PURPEL<br \/><\/span>Orientalisch\u00a0<span style=\"font-family: Alexandria, Arial, Helvetica, sans-serif; font-size: 22px; font-style: normal; font-variant-ligatures: normal; font-variant-caps: normal; font-weight: 400; background-color: transparent;\">( 100 ml)<\/span><\/h3><p data-start=\"1465\" data-end=\"1547\"><strong>Spitze<\/strong> Bulgarische Rose \u2022 Koriander<br data-start=\"1491\" data-end=\"1494\" \/><strong>Mitte<\/strong> Wacholderbeeren \u2022 Zeder<br data-start=\"1517\" data-end=\"1520\" \/><strong>Base<\/strong> : Vetiver \u2022 Moschus \u2022 Adlerholz<\/p><h3 data-start=\"1549\" data-end=\"1557\"><span style=\"background-color: transparent; font-family: Alexandria, Arial, Helvetica, sans-serif; font-size: 22px; font-style: normal; font-variant-ligatures: normal; font-variant-caps: normal; font-weight: 400;\">DAS PURPEL\u00a0<br \/><\/span><span style=\"font-family: Alexandria, Arial, Helvetica, sans-serif; font-size: 18px; font-style: normal; font-weight: 400; background-color: transparent;\">Misk\u00a0<\/span><span style=\"font-family: Alexandria, Arial, Helvetica, sans-serif; font-style: normal; font-variant-ligatures: normal; font-variant-caps: normal; font-weight: 400; background-color: transparent; font-size: 22px;\">( 25 ml)<\/span><\/h3><p data-start=\"1558\" data-end=\"1644\"><strong>Spitze<\/strong> Eichenmoos \u2022 Bergamotte<br data-start=\"1576\" data-end=\"1579\" \/><strong>Mitte<\/strong> Rose \u2022 Amber \u2022 Lily<br data-start=\"1598\" data-end=\"1601\" \/><strong>Base<\/strong> Patchouli \u2022 Zedernholz \u2022 Sandelholz \u2022 Moschus<\/p><h3 data-start=\"1646\" data-end=\"1657\"><span style=\"background-color: transparent; font-family: Alexandria, Arial, Helvetica, sans-serif; font-size: 22px; font-style: normal; font-variant-ligatures: normal; font-variant-caps: normal; font-weight: 400;\">DAS PURPEL<br \/><\/span><span style=\"font-family: Alexandria, Arial, Helvetica, sans-serif; font-size: 18px; font-style: normal; font-weight: 400; background-color: transparent;\">Pulverf\u00f6rmig\u00a0<\/span><span style=\"font-family: Alexandria, Arial, Helvetica, sans-serif; font-style: normal; font-variant-ligatures: normal; font-variant-caps: normal; font-weight: 400; background-color: transparent; font-size: 22px;\">( 25 ml)<\/span><\/h3><p data-start=\"1658\" data-end=\"1790\"><strong>Spitze<\/strong> Bitterorange \u2022 Bergamotte \u2022 Ylang-Ylang \u2022 Jasmin<br data-start=\"1700\" data-end=\"1703\" \/>\u00a0<strong>Mitte<\/strong> Tuberose \u2022 Orangenbl\u00fcte \u2022 Heliotrop<br data-start=\"1741\" data-end=\"1744\" \/>\u00a0<strong>Base<\/strong> Vanille \u2022 Kaschmirholz \u2022 Tonkabohne \u2022 Sandelholz<\/p><h3 style=\"margin-bottom: 20px; font-style: normal; font-variant-ligatures: normal; font-variant-caps: normal; font-weight: 400; font-family: Alexandria, Arial, Helvetica, sans-serif; color: #242424; text-transform: none;\" data-start=\"1452\" data-end=\"1464\"><span style=\"font-style: normal; font-variant-ligatures: normal; font-variant-caps: normal; font-weight: 400; font-family: Alexandria, Arial, Helvetica, sans-serif; font-size: 22px; background-color: transparent;\">DAS PURPEL<br \/><\/span><span style=\"font-family: Alexandria, Arial, Helvetica, sans-serif; font-style: normal; font-weight: 400; background-color: transparent; font-size: 22px;\">Leder\u00a0<\/span><span style=\"font-family: Alexandria, Arial, Helvetica, sans-serif; font-style: normal; font-variant-ligatures: normal; font-variant-caps: normal; font-weight: 400; background-color: transparent; font-size: 22px;\">( 25 ml)<\/span><\/h3><p data-start=\"1804\" data-end=\"1894\"><strong>Spitze<\/strong>\u00a0Leder \u2022 Cypriol \u2022 S\u00fc\u00dfe Noten<br data-start=\"1835\" data-end=\"1838\" \/><b>Mitte<\/b> Wacholderbeeren \u2022 Labdanum<br data-start=\"1864\" data-end=\"1867\" \/><strong>Base<\/strong> Amber \u2022 Tonka \u2022 Patchouli<\/p>\t\t\t\t\t\t\t\t<\/div>\n\t\t\t\t<\/div>\n\t\t<div class=\"elementor-element elementor-element-8f88d8b e-con-full e-flex e-con e-child\" data-id=\"8f88d8b\" data-element_type=\"container\" data-e-type=\"container\">\n\t\t\t\t<div class=\"elementor-element elementor-element-0470f35 elementor-widget elementor-widget-image\" data-id=\"0470f35\" data-element_type=\"widget\" data-e-type=\"widget\" data-widget_type=\"image.default\">\n\t\t\t\t\t\t\t\t\t\t\t\t\t\t\t<img loading=\"lazy\" decoding=\"async\" width=\"1536\" height=\"1024\" src=\"https:\/\/lecmo.com\/wp-content\/uploads\/ChatGPT-Image-Feb-15-2026-at-07_18_58-PM.webp\" class=\"attachment-large size-large wp-image-4752\" alt=\"THE PURPLE key note purple\" srcset=\"https:\/\/lecmo.com\/wp-content\/uploads\/ChatGPT-Image-Feb-15-2026-at-07_18_58-PM.webp 1536w, https:\/\/lecmo.com\/wp-content\/uploads\/ChatGPT-Image-Feb-15-2026-at-07_18_58-PM-800x533.webp 800w, https:\/\/lecmo.com\/wp-content\/uploads\/ChatGPT-Image-Feb-15-2026-at-07_18_58-PM-768x512.webp 768w, https:\/\/lecmo.com\/wp-content\/uploads\/ChatGPT-Image-Feb-15-2026-at-07_18_58-PM-18x12.webp 18w, https:\/\/lecmo.com\/wp-content\/uploads\/ChatGPT-Image-Feb-15-2026-at-07_18_58-PM-150x100.webp 150w\" sizes=\"auto, (max-width: 1536px) 100vw, 1536px\" \/>\t\t\t\t\t\t\t\t\t\t\t\t\t\t\t<\/div>\n\t\t\t\t<\/div>\n\t\t\t\t\t<\/div>\n\t\t\t\t<\/div>\n\t\t\t\t<\/div>","protected":false},"excerpt":{"rendered":"<p data-start=\"115\" data-end=\"190\"><strong data-start=\"115\" data-end=\"190\">THE PURPLE COLLECTION \u2014 Wo Luxusparf\u00fcm zu einem Geschenk wird, das es wert ist, gesehen zu werden.<br \/>\n<\/strong>Im ersten Moment lebendig. Im Herzen unvergesslich.<\/p>","protected":false},"featured_media":4736,"comment_status":"open","ping_status":"closed","template":"","meta":[],"product_brand":[31],"product_cat":[18],"product_tag":[],"class_list":{"0":"post-4600","1":"product","2":"type-product","3":"status-publish","4":"has-post-thumbnail","6":"product_brand-lecmo","7":"product_cat-perfume-gift-sets","9":"first","10":"instock","11":"shipping-taxable","12":"purchasable","13":"product-type-simple"},"_links":{"self":[{"href":"https:\/\/lecmo.com\/de\/wp-json\/wp\/v2\/product\/4600","targetHints":{"allow":["GET"]}}],"collection":[{"href":"https:\/\/lecmo.com\/de\/wp-json\/wp\/v2\/product"}],"about":[{"href":"https:\/\/lecmo.com\/de\/wp-json\/wp\/v2\/types\/product"}],"replies":[{"embeddable":true,"href":"https:\/\/lecmo.com\/de\/wp-json\/wp\/v2\/comments?post=4600"}],"version-history":[{"count":0,"href":"https:\/\/lecmo.com\/de\/wp-json\/wp\/v2\/product\/4600\/revisions"}],"wp:featuredmedia":[{"embeddable":true,"href":"https:\/\/lecmo.com\/de\/wp-json\/wp\/v2\/media\/4736"}],"wp:attachment":[{"href":"https:\/\/lecmo.com\/de\/wp-json\/wp\/v2\/media?parent=4600"}],"wp:term":[{"taxonomy":"product_brand","embeddable":true,"href":"https:\/\/lecmo.com\/de\/wp-json\/wp\/v2\/product_brand?post=4600"},{"taxonomy":"product_cat","embeddable":true,"href":"https:\/\/lecmo.com\/de\/wp-json\/wp\/v2\/product_cat?post=4600"},{"taxonomy":"product_tag","embeddable":true,"href":"https:\/\/lecmo.com\/de\/wp-json\/wp\/v2\/product_tag?post=4600"}],"curies":[{"name":"wp","href":"https:\/\/api.w.org\/{rel}","templated":true}]}}