{"id":3,"date":"2025-07-21T20:31:55","date_gmt":"2025-07-21T20:31:55","guid":{"rendered":"https:\/\/preview.lecmo.shop\/?page_id=3"},"modified":"2025-09-21T01:41:15","modified_gmt":"2025-09-20T21:41:15","slug":"privacy-policy","status":"publish","type":"page","link":"https:\/\/lecmo.com\/de\/privacy-policy\/","title":{"rendered":"Datenschutzbestimmungen"},"content":{"rendered":"<div data-elementor-type=\"wp-page\" data-elementor-id=\"3\" class=\"elementor elementor-3\">\n\t\t\t\t<div class=\"wd-negative-gap elementor-element elementor-element-176bb095 wd-section-stretch e-flex e-con-boxed e-con e-parent\" data-id=\"176bb095\" data-element_type=\"container\" data-e-type=\"container\">\n\t\t\t\t\t<div class=\"e-con-inner\">\n\t\t\t\t<div class=\"elementor-element elementor-element-49433469 color-scheme-inherit text-left elementor-widget elementor-widget-text-editor\" data-id=\"49433469\" data-element_type=\"widget\" data-e-type=\"widget\" data-widget_type=\"text-editor.default\">\n\t\t\t\t\t\t\t\t\t<h2 data-start=\"126\" data-end=\"171\"><strong data-start=\"129\" data-end=\"169\">Datenschutzerkl\u00e4rung - LECMO Perfume Store<\/strong><\/h2><p data-start=\"173\" data-end=\"208\"><strong data-start=\"173\" data-end=\"190\">Zuletzt aktualisiert:<\/strong> 11. August 2025<\/p><p data-start=\"210\" data-end=\"420\">Unter <strong data-start=\"213\" data-end=\"222\">LECMO<\/strong>Wir respektieren die Privatsph\u00e4re unserer Kunden und verpflichten uns, ihre pers\u00f6nlichen Daten zu sch\u00fctzen. In dieser Richtlinie wird erl\u00e4utert, wie wir die Informationen, die Sie bei der Nutzung unserer Website angeben, sammeln, verwenden und sch\u00fctzen.<\/p><hr data-start=\"422\" data-end=\"425\" \/><h3 data-start=\"427\" data-end=\"462\"><strong data-start=\"431\" data-end=\"460\"><br \/>1. Informationen, die wir sammeln<\/strong><\/h3><p data-start=\"463\" data-end=\"547\">Wenn Sie auf unserer Website einkaufen oder sich registrieren, k\u00f6nnen wir die folgenden Informationen erfassen:<\/p><ul data-start=\"548\" data-end=\"782\"><li data-start=\"548\" data-end=\"562\"><p data-start=\"550\" data-end=\"562\">Vollst\u00e4ndiger Name.<\/p><\/li><li data-start=\"563\" data-end=\"581\"><p data-start=\"565\" data-end=\"581\">E-Mail Adresse.<\/p><\/li><li data-start=\"582\" data-end=\"599\"><p data-start=\"584\" data-end=\"599\">Rufnummer.<\/p><\/li><li data-start=\"600\" data-end=\"621\"><p data-start=\"602\" data-end=\"621\">Lieferadresse.<\/p><\/li><li data-start=\"622\" data-end=\"782\"><p data-start=\"624\" data-end=\"782\">Zahlungsdaten (wir speichern keine Kredit-\/Debitkartendaten direkt; alle Transaktionen werden sicher \u00fcber vertrauensw\u00fcrdige Zahlungsdienstleister abgewickelt).<\/p><\/li><\/ul><hr data-start=\"784\" data-end=\"787\" \/><h3 data-start=\"789\" data-end=\"829\"><strong data-start=\"793\" data-end=\"827\"><br \/>2. Wie wir Ihre Informationen verwenden<\/strong><\/h3><p data-start=\"830\" data-end=\"867\">Ihre pers\u00f6nlichen Daten k\u00f6nnen f\u00fcr folgende Zwecke verwendet werden:<\/p><ul data-start=\"868\" data-end=\"1104\"><li data-start=\"868\" data-end=\"910\"><p data-start=\"870\" data-end=\"910\">Bearbeitung und Auslieferung Ihrer Bestellungen.<\/p><\/li><li data-start=\"911\" data-end=\"968\"><p data-start=\"913\" data-end=\"968\">Kommunikation mit Ihnen bez\u00fcglich Bestellungen oder Anfragen.<\/p><\/li><li data-start=\"969\" data-end=\"1049\"><p data-start=\"971\" data-end=\"1049\">Zusendung von Werbeangeboten und Aktualisierungen (wenn Sie zugestimmt haben, diese zu erhalten).<\/p><\/li><li data-start=\"1050\" data-end=\"1104\"><p data-start=\"1052\" data-end=\"1104\">Verbesserung Ihres Einkaufserlebnisses auf unserer Website.<\/p><\/li><\/ul><hr data-start=\"1106\" data-end=\"1109\" \/><h3 data-start=\"1111\" data-end=\"1139\"><strong data-start=\"1115\" data-end=\"1137\"><br \/>3. Datenschutz<\/strong><\/h3><p data-start=\"1140\" data-end=\"1232\">Wir wenden branchen\u00fcbliche Sicherheitsma\u00dfnahmen an, um Ihre personenbezogenen Daten zu sch\u00fctzen, einschlie\u00dflich:<\/p><ul data-start=\"1233\" data-end=\"1332\"><li data-start=\"1233\" data-end=\"1278\"><p data-start=\"1235\" data-end=\"1278\"><strong data-start=\"1235\" data-end=\"1253\">SSL-Verschl\u00fcsselung<\/strong> f\u00fcr die Daten\u00fcbertragung.<\/p><\/li><li data-start=\"1279\" data-end=\"1332\"><p data-start=\"1281\" data-end=\"1332\">Gesicherte Datenbanken zum Schutz vor unbefugtem Zugriff.<\/p><\/li><\/ul><hr data-start=\"1334\" data-end=\"1337\" \/><h3 data-start=\"1339\" data-end=\"1390\"><strong data-start=\"1343\" data-end=\"1388\"><br \/>4. Weitergabe von Informationen an Dritte<\/strong><\/h3><ul data-start=\"1391\" data-end=\"1613\"><li data-start=\"1391\" data-end=\"1494\"><p data-start=\"1393\" data-end=\"1494\">Wir verkaufen, vermieten oder teilen Ihre pers\u00f6nlichen Daten nicht mit Dritten zu Marketingzwecken.<\/p><\/li><li data-start=\"1495\" data-end=\"1613\"><p data-start=\"1497\" data-end=\"1613\">Wir k\u00f6nnen die erforderlichen Daten an Versandunternehmen und Zahlungsdienstleister weitergeben, um Ihre Bestellung auszuf\u00fchren.<\/p><\/li><\/ul><hr data-start=\"1615\" data-end=\"1618\" \/><h3 data-start=\"1620\" data-end=\"1640\"><strong data-start=\"1624\" data-end=\"1638\"><br \/>5. Cookies<\/strong><\/h3><p data-start=\"1641\" data-end=\"1707\">Unsere Website verwendet Cookies, um Ihr Surferlebnis zu verbessern:<\/p><ul data-start=\"1708\" data-end=\"1900\"><li data-start=\"1708\" data-end=\"1741\"><p data-start=\"1710\" data-end=\"1741\">Erinnern Sie sich an Ihre Vorlieben.<\/p><\/li><li data-start=\"1742\" data-end=\"1900\"><p data-start=\"1744\" data-end=\"1900\">Analyse des Website-Verkehrs zur Verbesserung der Leistung.<br data-start=\"1790\" data-end=\"1793\" \/>Sie k\u00f6nnen Cookies \u00fcber die Einstellungen Ihres Browsers deaktivieren; einige Funktionen der Website funktionieren dann jedoch m\u00f6glicherweise nicht richtig.<\/p><\/li><\/ul><hr data-start=\"1902\" data-end=\"1905\" \/><h3 data-start=\"1907\" data-end=\"1931\"><strong data-start=\"1911\" data-end=\"1929\"><br \/>6. Deine Rechte<\/strong><\/h3><ul data-start=\"1932\" data-end=\"2120\"><li data-start=\"1932\" data-end=\"2015\"><p data-start=\"1934\" data-end=\"2015\">Sie haben das Recht, Ihre personenbezogenen Daten jederzeit einzusehen, zu aktualisieren oder zu l\u00f6schen.<\/p><\/li><li data-start=\"2016\" data-end=\"2120\"><p data-start=\"2018\" data-end=\"2120\">Sie k\u00f6nnen sich von Werbe-E-Mails abmelden, indem Sie auf den Link \"Abmelden\" in einer unserer E-Mails klicken.<\/p><\/li><\/ul><hr data-start=\"2122\" data-end=\"2125\" \/><h3 data-start=\"2127\" data-end=\"2170\"><strong data-start=\"2131\" data-end=\"2168\"><br \/>7. \u00c4nderungen an dieser Datenschutzrichtlinie<\/strong><\/h3><p data-start=\"2171\" data-end=\"2289\">Wir k\u00f6nnen diese Richtlinie von Zeit zu Zeit aktualisieren. Alle \u00c4nderungen werden auf dieser Seite mit dem aktualisierten \u00c4nderungsdatum ver\u00f6ffentlicht.<\/p><hr data-start=\"2291\" data-end=\"2294\" \/><h3 data-start=\"2296\" data-end=\"2319\"><strong data-start=\"2300\" data-end=\"2317\"><br \/>8. Kontakt<\/strong><\/h3><p data-start=\"2320\" data-end=\"2455\">Wenn Sie Fragen zu unserer Datenschutzrichtlinie haben, wenden Sie sich bitte an uns:<br data-start=\"2393\" data-end=\"2396\" \/><a href=\"mailto:sales@lecmo.com\">sales@lecmo.com<\/a><br data-start=\"2424\" data-end=\"2427\" \/><a href=\"tel:+971508877701\">+971508877701<\/a><\/p><p><!-- \/wp:paragraph --><\/p>\t\t\t\t\t\t\t\t<\/div>\n\t\t\t\t\t<\/div>\n\t\t\t\t<\/div>\n\t\t\t\t<\/div>","protected":false},"excerpt":{"rendered":"<p>Datenschutzerkl\u00e4rung - LECMO Perfume Store Zuletzt aktualisiert: August 11, 2025 Wir bei LECMO respektieren die Privatsph\u00e4re unserer Kunden und sind<\/p>","protected":false},"author":1,"featured_media":0,"parent":0,"menu_order":0,"comment_status":"closed","ping_status":"open","template":"","meta":{"footnotes":""},"class_list":["post-3","page","type-page","status-publish","hentry"],"_links":{"self":[{"href":"https:\/\/lecmo.com\/de\/wp-json\/wp\/v2\/pages\/3","targetHints":{"allow":["GET"]}}],"collection":[{"href":"https:\/\/lecmo.com\/de\/wp-json\/wp\/v2\/pages"}],"about":[{"href":"https:\/\/lecmo.com\/de\/wp-json\/wp\/v2\/types\/page"}],"author":[{"embeddable":true,"href":"https:\/\/lecmo.com\/de\/wp-json\/wp\/v2\/users\/1"}],"replies":[{"embeddable":true,"href":"https:\/\/lecmo.com\/de\/wp-json\/wp\/v2\/comments?post=3"}],"version-history":[{"count":0,"href":"https:\/\/lecmo.com\/de\/wp-json\/wp\/v2\/pages\/3\/revisions"}],"wp:attachment":[{"href":"https:\/\/lecmo.com\/de\/wp-json\/wp\/v2\/media?parent=3"}],"curies":[{"name":"wp","href":"https:\/\/api.w.org\/{rel}","templated":true}]}}